{"id":16,"date":"2014-05-16T09:33:15","date_gmt":"2014-05-16T08:33:15","guid":{"rendered":"https:\/\/www.standard-industrie.com\/de\/?page_id=16"},"modified":"2025-06-04T20:28:29","modified_gmt":"2025-06-04T19:28:29","slug":"qualitat-umwelt","status":"publish","type":"page","link":"https:\/\/www.standard-industrie.com\/de\/qualitat-umwelt\/","title":{"rendered":"QUALIT\u00c4T \/ UMWELT"},"content":{"rendered":"<p>[vc_row][vc_column][vc_empty_space][\/vc_column][\/vc_row][vc_row][vc_column][vc_column_text el_class=&#8220;gros-titre fort traits-gris-droite-gauche titre-gauche vc_sep_border_width_2 vc_separator wpb_content_element vc_separator_align_left vc_sep_width_100 vc_sep_pos_align_center vc_sep_color_grey vc_separator-has-text&#8220;]<\/p>\n<div class=\"vc_sep_holder vc_sep_holder_l\">\n<p class=\"vc_sep_line\" style=\"border-color: grey;\">\n<\/div>\n<h2>STANDARD INDUSTRIE INTERNATIONAL<\/h2>\n<div class=\"vc_sep_holder vc_sep_holder_r\">\n<p class=\"vc_sep_line\" style=\"border-color: grey;\">\n<\/div>\n<p>[\/vc_column_text][vc_column_text]Einen QSU-Management-Plan zu entwickeln ist eine wichtige Etappe f\u00fcr die Leistungsf\u00e4higkeit\u00a0und Langlebigkeit eines Unternehmens, daher sind wir bei STANDARD INDUSTRIE\u00a0<strong>entschlossen, konkrete Verbesserungsma\u00dfnahmen durchzuf\u00fchren. Diese werden von unserer QSU-Politik bestimmt.<\/strong>[\/vc_column_text][\/vc_column][\/vc_row][vc_row el_class=&#8220;invert-block&#8220;][vc_column width=&#8220;1\/2&#8243; el_class=&#8220;partie-txt&#8220;][vc_column_text el_class=&#8220;gros-titre fort traits-gris-droite-gauche titre-gauche vc_sep_border_width_2 vc_separator wpb_content_element vc_separator_align_left vc_sep_width_100 vc_sep_pos_align_center vc_sep_color_grey vc_separator-has-text&#8220;]<\/p>\n<div class=\"vc_sep_holder vc_sep_holder_l\">\n<p class=\"vc_sep_line\" style=\"border-color: grey;\">\n<\/div>\n<h2>QUALIT\u00c4T<\/h2>\n<div class=\"vc_sep_holder vc_sep_holder_r\">\n<p class=\"vc_sep_line\" style=\"border-color: grey;\">\n<\/div>\n<p>[\/vc_column_text][vc_column_text]Unser Ziel ist die Zufriedenstellung des Kunden, das bedeutet :<\/p>\n<ul>\n<li>direkte Pr\u00e4senz<\/li>\n<li>zerst\u00f6rungsfreie Pr\u00fcfmethoden unserer Produkte in den verschiedenen Produktionsphasen<\/li>\n<li>eine Organisation, die erlaubt reaktiv zu sein<\/li>\n<\/ul>\n<p>[\/vc_column_text][\/vc_column][vc_column css_animation=&#8220;slideInRight&#8220; width=&#8220;1\/2&#8243;][vc_single_image image=&#8220;6051&#8243; img_size=&#8220;full&#8220; alignment=&#8220;center&#8220;][\/vc_column][\/vc_row][vc_row el_class=&#8220;invert-block&#8220;][vc_column css_animation=&#8220;none&#8220; width=&#8220;1\/2&#8243;][vc_column_text el_class=&#8220;gros-titre fort traits-gris-droite-gauche titre-gauche vc_sep_border_width_2 vc_separator wpb_content_element vc_separator_align_left vc_sep_width_100 vc_sep_pos_align_center vc_sep_color_grey vc_separator-has-text&#8220;]<\/p>\n<div class=\"vc_sep_holder vc_sep_holder_l\">\n<p class=\"vc_sep_line\" style=\"border-color: grey;\">\n<\/div>\n<h2>SICHERHEIT<\/h2>\n<div class=\"vc_sep_holder vc_sep_holder_r\">\n<p class=\"vc_sep_line\" style=\"border-color: grey;\">\n<\/div>\n<p>[\/vc_column_text][vc_column_text]Unser Motto hei\u00dft, sichere Arbeitsmethoden, das bedeutet :<\/p>\n<ul>\n<li>die Entwicklung von Arbeitsmitteln, die die Handhabung bei der Produktion<br \/>\noder Wartung vereinfachen (GIRONET, LIFTUBE)<\/li>\n<li>die Ausbildung unserer Mitarbeiter<\/li>\n<li>die Ber\u00fccksichtigung der Weiterentwicklung der Vorschriften<\/li>\n<\/ul>\n<p>[\/vc_column_text][\/vc_column][vc_column width=&#8220;1\/2&#8243; el_class=&#8220;partie-txt&#8220;][vc_column_text el_class=&#8220;gros-titre fort traits-gris-droite-gauche titre-gauche vc_sep_border_width_2 vc_separator wpb_content_element vc_separator_align_left vc_sep_width_100 vc_sep_pos_align_center vc_sep_color_grey vc_separator-has-text&#8220;]<\/p>\n<div class=\"vc_sep_holder vc_sep_holder_l\">\n<p class=\"vc_sep_line\" style=\"border-color: grey;\">\n<\/div>\n<h2>UMWELTSCHUTZ<\/h2>\n<div class=\"vc_sep_holder vc_sep_holder_r\">\n<p class=\"vc_sep_line\" style=\"border-color: grey;\">\n<\/div>\n<p>[\/vc_column_text][vc_column_text]Weil unsere Ressourcen erhalten und die Umweltbelastung minimiert werden m\u00fcssen :<\/p>\n<ul>\n<li>haben wir eine Abfallpolitik eingef\u00fchrt, d.h. wir f\u00f6rdern die interne Wiederverwendung<br \/>\nmit anschlie\u00dfendem Recycling<\/li>\n<li>optimieren wir die Dienstreisen unserer Vertriebsingenieure, um die Emissionen von Treibhausgasen (THG) zu reduzieren<\/li>\n<\/ul>\n<p>[\/vc_column_text][\/vc_column][\/vc_row][vc_row][vc_column][vc_btn title=&#8220;Kontaktieren Sie uns&#8220; style=&#8220;flat&#8220; shape=&#8220;square&#8220; color=&#8220;black&#8220; align=&#8220;center&#8220; link=&#8220;url:%2Fde%2Fkontakt%2F|title:Contact%20Standard%20industrie&#8220;][\/vc_column][\/vc_row][vc_row][vc_column][vc_column_text]Dank der Beteiligung aller unserer Mitarbeiter ist\u00a0<strong>STANDARD INDUSTRIE\u00a0<\/strong><b>seit 1994 mit dem ISO-Zertifikat 9001 und seit 2021 mit dem ISO-Zertifikat 45001 ausgezeichnet.<\/b>[\/vc_column_text][\/vc_column][\/vc_row][vc_row el_class=&#8220;invert-block&#8220;][vc_column css_animation=&#8220;slideInLeft&#8220; width=&#8220;1\/2&#8243;][vc_single_image image=&#8220;6402&#8243; img_size=&#8220;medium&#8220; alignment=&#8220;center&#8220;][\/vc_column][vc_column width=&#8220;1\/2&#8243; el_class=&#8220;partie-txt&#8220;][vc_column_text]<b>ISO 9001 :\u00a0<\/b>internationale Norm f\u00fcr Qualit\u00e4tsmanagement.\u00a0Hauptziel ist die Zufriedenstellung des Kunden und kontinuierliche Verbesserung.<\/p>\n<p><b>ISO 45001 :\u00a0<\/b>internationale Managementnorm f\u00fcr Gesundheit und\u00a0Arbeitssicherheit.\u00a0Ziel ist, ein besseres Risikomanagement zu erreichen, um die Zahl der Unf\u00e4lle zu reduzieren, die Rechtsvorschriften einzuhalten und die Leistungsf\u00e4higkeit\u00a0zu verbessern[\/vc_column_text][\/vc_column][\/vc_row][vc_row][vc_column][vc_column_text]<\/p>\n<h3>Unsere Produkte verf\u00fcgen entsprechend der Produktreihen und des Marktes \u00fcber die jeweiligen Zertifikate :<\/h3>\n<p>[\/vc_column_text][\/vc_column][\/vc_row][vc_row equal_height=&#8220;yes&#8220;][vc_column width=&#8220;1\/3&#8243;][vc_single_image image=&#8220;2328&#8243; img_size=&#8220;full&#8220; alignment=&#8220;center&#8220;][vc_column_text]Dieses Logo weist darauf hin, dass das Material absolut sicher in einer potentiell explosionsgef\u00e4hrdeten Umgebung (bei entz\u00fcndlichen Gasen, D\u00e4mpfen und Luft- oder Staubgemischen) eingesetzt werden kann.<br \/>\nGrundlage der ATEX-Zertifizierung ist die EU-Richtlinie 94\/9\/EG.[\/vc_column_text][\/vc_column][vc_column width=&#8220;1\/3&#8243;][vc_single_image image=&#8220;2330&#8243; img_size=&#8220;full&#8220; alignment=&#8220;center&#8220;][vc_column_text]Die CE-Kennzeichnung bescheinigt, dass das Produkt den haupts\u00e4chlichen Sicherheitsanforderungen der geltende(n) Richtlinie(n)entspricht.<br \/>\nF\u00fcr die CE-Kennzeichnung gilt die Richtlinie 93\/68\/EWG des Rates vom 22. Juli 1993.<br \/>\nF\u00fcr den Vertrieb eines Produktes innerhalb der Europ\u00e4ischen Union ist es Pflicht.[\/vc_column_text][\/vc_column][vc_column width=&#8220;1\/3&#8243;][vc_single_image image=&#8220;2332&#8243; img_size=&#8220;full&#8220; alignment=&#8220;center&#8220;][vc_column_text]Diese Kennzeichnung bescheinigt die Erf\u00fcllung der in der Russischen F\u00f6deration geltenden Sicherheits- und Qualit\u00e4tsanforderungen.<br \/>\nDie Zertifizierung GOST R ist Pflicht f\u00fcr jegliche Art von Ware, die in andere L\u00e4nder importiert oder in Russland hergestellt wird.[\/vc_column_text][\/vc_column][\/vc_row][vc_row equal_height=&#8220;yes&#8220;][vc_column width=&#8220;1\/3&#8243;][vc_single_image image=&#8220;4828&#8243; img_size=&#8220;full&#8220; alignment=&#8220;center&#8220;][vc_column_text]Das CSA-Zertifikat wird durch die kanadische Normungsorganisation erteilt, die bescheinigt, dass ein Produkt, ein Verfahren oder eine Dienstleistung entsprechend der kanadischen oder amerikanischen Normen gepr\u00fcft wurde und die Anforderungen einer geltenden CSA-Norm bzw. irgendeines anderen f\u00fcr die Zertifizierung anerkannten Referenzdokuments erf\u00fcllt.<br \/>\nDieses Logo ist in den Vereinigten Staaten, in Kanada und \u00fcberall in der Welt anerkannt.[\/vc_column_text][\/vc_column][vc_column width=&#8220;1\/3&#8243;][vc_single_image image=&#8220;4829&#8243; alignment=&#8220;center&#8220;][vc_column_text]Das Zertifikat UL wird durch die Underwriters Laboratories erteilt und bescheinigt, dass bestimmte Produkte, Bestandteile, Werkstoffe und Systeme spezifischen Normen entsprechen<br \/>\nDie Buchstaben C und\/oder U k\u00f6nnen in dem Logo enthalten sein; sie bedeuten, dass das Produkt auf dem kanadischen und\/oder amerikanischen Markt verwendet werden kann.[\/vc_column_text][\/vc_column][vc_column width=&#8220;1\/3&#8243;][vc_single_image image=&#8220;4830&#8243; alignment=&#8220;center&#8220;][vc_empty_space height=&#8220;23px&#8220;][vc_column_text]Das Zertifikat ASME wird durch die American Society of Mechanical Engineers erteilt und bescheinigt, dass die Herstellungsverfahren der Produkte die von ihnen festgelegten spezifischen Normen erf\u00fcllen. Diese beziehen sich im Besonderen auf Druckbeh\u00e4lter und -ger\u00e4te. Sie erlauben den Vertrieb in den Vereinigten Staaten[\/vc_column_text][\/vc_column][\/vc_row][vc_row][vc_column][vc_btn title=&#8220;Kontaktieren Sie uns&#8220; style=&#8220;flat&#8220; shape=&#8220;square&#8220; color=&#8220;black&#8220; align=&#8220;center&#8220; link=&#8220;url:%2Fde%2Fkontakt%2F|title:Contact%20Standard%20industrie&#8220;][\/vc_column][\/vc_row]<\/p>\n","protected":false},"excerpt":{"rendered":"<p>[vc_row][vc_column][vc_empty_space][\/vc_column][\/vc_row][vc_row][vc_column][vc_column_text el_class=&#8220;gros-titre fort traits-gris-droite-gauche titre-gauche vc_sep_border_width_2 vc_separator wpb_content_element vc_separator_align_left vc_sep_width_100 vc_sep_pos_align_center vc_sep_color_grey vc_separator-has-text&#8220;] STANDARD INDUSTRIE INTERNATIONAL [\/vc_column_text][vc_column_text]Einen QSU-Management-Plan zu entwickeln ist eine wichtige Etappe f\u00fcr die<span class=\"excerpt-hellip\"> [\u2026]<\/span><\/p>\n","protected":false},"author":1,"featured_media":0,"parent":0,"menu_order":76,"comment_status":"closed","ping_status":"closed","template":"","meta":{"footnotes":""},"class_list":["post-16","page","type-page","status-publish","hentry"],"_links":{"self":[{"href":"https:\/\/www.standard-industrie.com\/de\/wp-json\/wp\/v2\/pages\/16","targetHints":{"allow":["GET"]}}],"collection":[{"href":"https:\/\/www.standard-industrie.com\/de\/wp-json\/wp\/v2\/pages"}],"about":[{"href":"https:\/\/www.standard-industrie.com\/de\/wp-json\/wp\/v2\/types\/page"}],"author":[{"embeddable":true,"href":"https:\/\/www.standard-industrie.com\/de\/wp-json\/wp\/v2\/users\/1"}],"replies":[{"embeddable":true,"href":"https:\/\/www.standard-industrie.com\/de\/wp-json\/wp\/v2\/comments?post=16"}],"version-history":[{"count":0,"href":"https:\/\/www.standard-industrie.com\/de\/wp-json\/wp\/v2\/pages\/16\/revisions"}],"wp:attachment":[{"href":"https:\/\/www.standard-industrie.com\/de\/wp-json\/wp\/v2\/media?parent=16"}],"curies":[{"name":"wp","href":"https:\/\/api.w.org\/{rel}","templated":true}]}}