{"id":18,"date":"2014-05-16T09:33:23","date_gmt":"2014-05-16T08:33:23","guid":{"rendered":"https:\/\/www.standard-industrie.com\/de\/?page_id=18"},"modified":"2023-02-17T16:54:31","modified_gmt":"2023-02-17T15:54:31","slug":"karriere","status":"publish","type":"page","link":"https:\/\/www.standard-industrie.com\/de\/karriere\/","title":{"rendered":"Karriere"},"content":{"rendered":"<p>[vc_row][vc_column][vc_empty_space][\/vc_column][\/vc_row][vc_row][vc_column][vc_column_text el_class=&#8220;gros-titre fort traits-gris-droite-gauche titre-gauche vc_sep_border_width_2 vc_separator wpb_content_element vc_separator_align_left vc_sep_width_100 vc_sep_pos_align_center vc_sep_color_grey vc_separator-has-text&#8220;]<\/p>\n<div class=\"vc_sep_holder vc_sep_holder_l\">\n<p class=\"vc_sep_line\" style=\"border-color: grey;\">\n<\/div>\n<h2><span class=\"ui-provider ua b c d e f g h i j k l m n o p q r s t u v w x y z ab ac ae af ag ah ai aj ak\" dir=\"ltr\">EINSTELLUNGEN<\/span><\/h2>\n<div class=\"vc_sep_holder vc_sep_holder_r\">\n<p class=\"vc_sep_line\" style=\"border-color: grey;\">\n<\/div>\n<p>[\/vc_column_text][vc_column_text]<strong>STANDARD INDUSTRIE International,<\/strong>\u00a0weltweit marktf\u00fchrender Hersteller von sachkundigen L\u00f6sungen f\u00fcr die Sch\u00fcttgutindustrie (Zementwerke, Eisen- und Stahlindustrien, Kraftwerke, Steinbr\u00fcche usw.), die mit Verstopfungs-, Verh\u00e4rtungs-, Reinigungs- oder Handlingsproblemen konfrontiert ist, sucht:[\/vc_column_text][\/vc_column][\/vc_row][vc_row equal_height=&#8220;yes&#8220;][vc_column width=&#8220;1\/2&#8243;][vc_column_text el_class=&#8220;gros-titre fort traits-gris-droite-gauche titre-gauche vc_sep_border_width_2 vc_separator wpb_content_element vc_separator_align_left vc_sep_width_100 vc_sep_pos_align_center vc_sep_color_grey vc_separator-has-text&#8220;]<\/p>\n<div class=\"vc_sep_holder vc_sep_holder_l\">\n<p class=\"vc_sep_line\" style=\"border-color: grey;\">\n<\/div>\n<h2>MEINE BEWERBUNG EINREICHEN<\/h2>\n<div class=\"vc_sep_holder vc_sep_holder_r\">\n<p class=\"vc_sep_line\" style=\"border-color: grey;\">\n<\/div>\n<p>[\/vc_column_text]\n<div class=\"wpcf7 no-js\" id=\"wpcf7-f4845-o1\" lang=\"fr-FR\" dir=\"ltr\" data-wpcf7-id=\"4845\">\n<div class=\"screen-reader-response\"><p role=\"status\" aria-live=\"polite\" aria-atomic=\"true\"><\/p> <ul><\/ul><\/div>\n<form action=\"\/de\/wp-json\/wp\/v2\/pages\/18#wpcf7-f4845-o1\" method=\"post\" class=\"wpcf7-form init\" aria-label=\"Formulaire de contact\" enctype=\"multipart\/form-data\" novalidate=\"novalidate\" data-status=\"init\">\n<fieldset class=\"hidden-fields-container\"><input type=\"hidden\" name=\"_wpcf7\" value=\"4845\" \/><input type=\"hidden\" name=\"_wpcf7_version\" value=\"6.1\" \/><input type=\"hidden\" name=\"_wpcf7_locale\" value=\"fr_FR\" \/><input type=\"hidden\" name=\"_wpcf7_unit_tag\" value=\"wpcf7-f4845-o1\" \/><input type=\"hidden\" name=\"_wpcf7_container_post\" value=\"0\" \/><input type=\"hidden\" name=\"_wpcf7_posted_data_hash\" value=\"\" \/>\n<\/fieldset>\n<div class=\"cinq\">\n\t<p><label> Ihr Name*<br \/>\n<span class=\"wpcf7-form-control-wrap\" data-name=\"your-name\"><input size=\"40\" maxlength=\"400\" class=\"wpcf7-form-control wpcf7-text wpcf7-validates-as-required\" aria-required=\"true\" aria-invalid=\"false\" value=\"\" type=\"text\" name=\"your-name\" \/><\/span> <\/label>\n\t<\/p>\n<\/div>\n<div class=\"cinq\">\n\t<p><label>Ihr Vorname*<br \/>\n<span class=\"wpcf7-form-control-wrap\" data-name=\"text-prenom\"><input size=\"40\" maxlength=\"400\" class=\"wpcf7-form-control wpcf7-text wpcf7-validates-as-required\" aria-required=\"true\" aria-invalid=\"false\" value=\"\" type=\"text\" name=\"text-prenom\" \/><\/span><\/label>\n\t<\/p>\n<\/div>\n<div class=\"cinq\">\n\t<p><label>Ihr Telefon*<br \/>\n<span class=\"wpcf7-form-control-wrap\" data-name=\"tel-662\"><input size=\"40\" maxlength=\"400\" class=\"wpcf7-form-control wpcf7-tel wpcf7-validates-as-required wpcf7-text wpcf7-validates-as-tel\" aria-required=\"true\" aria-invalid=\"false\" value=\"\" type=\"tel\" name=\"tel-662\" \/><\/span><\/label>\n\t<\/p>\n<\/div>\n<div class=\"cinq\">\n\t<p><label>Land<br \/>\n<span class=\"wpcf7-form-control-wrap\" data-name=\"menu-pays\"><select class=\"wpcf7-form-control wpcf7-select\" aria-invalid=\"false\" name=\"menu-pays\"><option value=\"S\u00fcdafrika\">S\u00fcdafrika<\/option><option value=\"Deutschland\">Deutschland<\/option><option value=\"Belgien\">Belgien<\/option><option value=\"Kanada\">Kanada<\/option><option value=\"China\">China<\/option><option value=\"Spanien\">Spanien<\/option><option value=\"USA\">USA<\/option><option value=\"Frankreich\">Frankreich<\/option><option value=\"Italien\">Italien<\/option><option value=\"Mexiko\">Mexiko<\/option><option value=\"Vereinigtes K\u00f6nigreich\">Vereinigtes K\u00f6nigreich<\/option><option value=\"Singapur\">Singapur<\/option><\/select><\/span><\/label>\n\t<\/p>\n<\/div>\n<div class=\"cent\">\n\t<p><label>Ihre E-Mail*<br \/>\n<span class=\"wpcf7-form-control-wrap\" data-name=\"your-email\"><input size=\"40\" maxlength=\"400\" class=\"wpcf7-form-control wpcf7-email wpcf7-validates-as-required wpcf7-text wpcf7-validates-as-email\" aria-required=\"true\" aria-invalid=\"false\" value=\"\" type=\"email\" name=\"your-email\" \/><\/span> <\/label>\n\t<\/p>\n<\/div>\n<div class=\"cent\">\n\t<p><label>Art des Vertrags<br \/>\n<span class=\"wpcf7-form-control-wrap\" data-name=\"radio-110\"><span class=\"wpcf7-form-control wpcf7-radio\"><span class=\"wpcf7-list-item first\"><label><input type=\"radio\" name=\"radio-110\" value=\"Gleichg\u00fcltig\" checked=\"checked\" \/><span class=\"wpcf7-list-item-label\">Gleichg\u00fcltig<\/span><\/label><\/span><span class=\"wpcf7-list-item\"><label><input type=\"radio\" name=\"radio-110\" value=\"befristeter Arbeitsvertrag\" \/><span class=\"wpcf7-list-item-label\">befristeter Arbeitsvertrag<\/span><\/label><\/span><span class=\"wpcf7-list-item\"><label><input type=\"radio\" name=\"radio-110\" value=\"unbefristeter Vertrag\" \/><span class=\"wpcf7-list-item-label\">unbefristeter Vertrag<\/span><\/label><\/span><span class=\"wpcf7-list-item last\"><label><input type=\"radio\" name=\"radio-110\" value=\"Praktikum und Werkstudentent\u00e4tigkeit\" \/><span class=\"wpcf7-list-item-label\">Praktikum und Werkstudentent\u00e4tigkeit<\/span><\/label><\/span><\/span><\/span><\/label>\n\t<\/p>\n<\/div>\n<div class=\"cinq\">\n\t<p><label>Studiengang<br \/>\n<span class=\"wpcf7-form-control-wrap\" data-name=\"menu-filiere\"><select class=\"wpcf7-form-control wpcf7-select\" aria-invalid=\"false\" name=\"menu-filiere\"><option value=\"Einkaufen\">Einkaufen<\/option><option value=\"Produktionsst\u00e4tte\/Baustelle\">Produktionsst\u00e4tte\/Baustelle<\/option><option value=\"Studienb\u00fcro\">Studienb\u00fcro<\/option><option value=\"Kaufm\u00e4nnisch\">Kaufm\u00e4nnisch<\/option><option value=\"Kompatibilit\u00e4t\">Kompatibilit\u00e4t<\/option><option value=\"Verwaltung\">Verwaltung<\/option><option value=\"Informatik\">Informatik<\/option><option value=\"Marketing\/Kommunikation\">Marketing\/Kommunikation<\/option><option value=\"Qualit\u00e4t \/ Sicherheit \/ Umwelt\">Qualit\u00e4t \/ Sicherheit \/ Umwelt<\/option><option value=\"Menschliche Ressourcen\">Menschliche Ressourcen<\/option><option value=\"KUNDENDIENST\">KUNDENDIENST<\/option><\/select><\/span><\/label>\n\t<\/p>\n<\/div>\n<div class=\"cinq\">\n\t<p><label>Gehaltsvorstellungen<br \/>\n<span class=\"wpcf7-form-control-wrap\" data-name=\"text-salaire\"><input size=\"40\" maxlength=\"400\" class=\"wpcf7-form-control wpcf7-text wpcf7-validates-as-required\" aria-required=\"true\" aria-invalid=\"false\" value=\"\" type=\"text\" name=\"text-salaire\" \/><\/span><\/label>\n\t<\/p>\n<\/div>\n<div class=\"cent\">\n\t<p><label> Ihre Nachricht<br \/>\n<span class=\"wpcf7-form-control-wrap\" data-name=\"your-message\"><textarea cols=\"2\" rows=\"10\" maxlength=\"2000\" class=\"wpcf7-form-control wpcf7-textarea\" aria-invalid=\"false\" name=\"your-message\"><\/textarea><\/span> <\/label>\n\t<\/p>\n<\/div>\n<div class=\"cent\">\n\t<p><label>Ihr Lebenslauf<br \/>\n<span class=\"wpcf7-form-control-wrap\" data-name=\"file-CV\"><input size=\"40\" class=\"wpcf7-form-control wpcf7-file wpcf7-validates-as-required\" accept=\".pdf,.jpg,.docx,.png\" aria-required=\"true\" aria-invalid=\"false\" type=\"file\" name=\"file-CV\" \/><\/span><\/label>\n\t<\/p>\n<\/div>\n<div class=\"cent\">\n\t<p><label>Ihr Bewerbungsschreiben<br \/>\n<span class=\"wpcf7-form-control-wrap\" data-name=\"file-LM\"><input size=\"40\" class=\"wpcf7-form-control wpcf7-file wpcf7-validates-as-required\" accept=\".pdf,.jpg,.docx,.png\" aria-required=\"true\" aria-invalid=\"false\" type=\"file\" name=\"file-LM\" \/><\/span><\/label>\n\t<\/p>\n<\/div>\n<div class=\"cent\">\n\t<p><span class=\"wpcf7-form-control-wrap\" data-name=\"your-consent\"><span class=\"wpcf7-form-control wpcf7-acceptance\"><span class=\"wpcf7-list-item\"><label><input type=\"checkbox\" name=\"your-consent\" value=\"1\" aria-invalid=\"false\" \/><span class=\"wpcf7-list-item-label\">Durch die Nutzung dieses Formulars stimme ich der Speicherung und Bearbeitung meiner Daten durch diese Website zu.<\/span><\/label><\/span><\/span><\/span>\n\t<\/p>\n<\/div>\n<div class=\"cent\">\n\t<p><input class=\"wpcf7-form-control wpcf7-submit has-spinner\" type=\"submit\" value=\"Bewerben\" \/>\n\t<\/p>\n<\/div><div class=\"wpcf7-response-output\" aria-hidden=\"true\"><\/div>\n<\/form>\n<\/div>\n[\/vc_column][vc_column width=&#8220;1\/2&#8243; css=&#8220;.vc_custom_1676649252987{background-position: center !important;background-repeat: no-repeat !important;background-size: cover !important;}&#8220;][vc_single_image image=&#8220;6197&#8243; img_size=&#8220;full&#8220; alignment=&#8220;center&#8220;][\/vc_column][\/vc_row]<\/p>\n","protected":false},"excerpt":{"rendered":"<p>[vc_row][vc_column][vc_empty_space][\/vc_column][\/vc_row][vc_row][vc_column][vc_column_text el_class=&#8220;gros-titre fort traits-gris-droite-gauche titre-gauche vc_sep_border_width_2 vc_separator wpb_content_element vc_separator_align_left vc_sep_width_100 vc_sep_pos_align_center vc_sep_color_grey vc_separator-has-text&#8220;] EINSTELLUNGEN [\/vc_column_text][vc_column_text]STANDARD INDUSTRIE International,\u00a0weltweit marktf\u00fchrender Hersteller von sachkundigen L\u00f6sungen f\u00fcr die Sch\u00fcttgutindustrie (Zementwerke,<span class=\"excerpt-hellip\"> [\u2026]<\/span><\/p>\n","protected":false},"author":1,"featured_media":0,"parent":0,"menu_order":56,"comment_status":"open","ping_status":"open","template":"single-standard.php","meta":{"footnotes":""},"class_list":["post-18","page","type-page","status-publish","hentry"],"_links":{"self":[{"href":"https:\/\/www.standard-industrie.com\/de\/wp-json\/wp\/v2\/pages\/18","targetHints":{"allow":["GET"]}}],"collection":[{"href":"https:\/\/www.standard-industrie.com\/de\/wp-json\/wp\/v2\/pages"}],"about":[{"href":"https:\/\/www.standard-industrie.com\/de\/wp-json\/wp\/v2\/types\/page"}],"author":[{"embeddable":true,"href":"https:\/\/www.standard-industrie.com\/de\/wp-json\/wp\/v2\/users\/1"}],"replies":[{"embeddable":true,"href":"https:\/\/www.standard-industrie.com\/de\/wp-json\/wp\/v2\/comments?post=18"}],"version-history":[{"count":0,"href":"https:\/\/www.standard-industrie.com\/de\/wp-json\/wp\/v2\/pages\/18\/revisions"}],"wp:attachment":[{"href":"https:\/\/www.standard-industrie.com\/de\/wp-json\/wp\/v2\/media?parent=18"}],"curies":[{"name":"wp","href":"https:\/\/api.w.org\/{rel}","templated":true}]}}