{"id":206,"date":"2014-05-30T14:27:11","date_gmt":"2014-05-30T13:27:11","guid":{"rendered":"https:\/\/www.standard-industrie.com\/de\/?page_id=206"},"modified":"2025-06-04T20:18:26","modified_gmt":"2025-06-04T19:18:26","slug":"beseitigung-der-anbackungen-und-anhaftungen","status":"publish","type":"page","link":"https:\/\/www.standard-industrie.com\/de\/beseitigung-der-anbackungen-und-anhaftungen\/","title":{"rendered":"BESEITIGUNG DER ANBACKUNGEN UND ANHAFTUNGEN"},"content":{"rendered":"<p>[vc_row][vc_column][vc_empty_space][vc_column_text el_class=&#8220;gros-titre fort trait-rouge traits-gris-droite-gauche titre-centre vc_separator wpb_content_element vc_separator_align_center vc_sep_width_100 vc_sep_border_width_2 vc_sep_pos_align_center vc_separator-has-text&#8220;]<\/p>\n<div class=\"vc_sep_holder vc_sep_holder_l\">\n<p class=\"vc_sep_line\" style=\"border-color: grey;\">\n<\/div>\n<h2>Unsere L\u00f6sungen<\/h2>\n<div class=\"vc_sep_holder vc_sep_holder_r\">\n<p class=\"vc_sep_line\" style=\"border-color: grey;\">\n<\/div>\n<p>[\/vc_column_text][\/vc_column][\/vc_row][vc_row][vc_column width=&#8220;1\/4&#8243;][\/vc_column][vc_column width=&#8220;1\/2&#8243;][vc_column_text]Die Luftkanonen\u00a0<a href=\"\/de\/airchoc-2\/\"><strong>AIRCHOC\u00ae<\/strong><\/a>\u00a0und\u00a0<a href=\"\/de\/macsys-wireless\/\"><strong>MACSYS<\/strong><\/a>\u00a0von Standard Industrie erm\u00f6glichen es, wirkungsvoll Anbackungs- und Anhaftungsprobleme innerhalb Ihrer Lagereinheiten zu l\u00f6sen: Silos, Trichter, Beh\u00e4lter.<\/p>\n<p>Die Anbackungen und Anhaftungen Ihrer Silos und Trichter k\u00f6nnen auf wirkungsvolle Weise gel\u00f6st werden, indem mittels der Luftkanonen\u00a0<a href=\"\/de\/airchoc-2\/\"><strong>AIRCHOC\u00ae<\/strong><\/a>\u00a0und\u00a0<a href=\"\/de\/macsys-wireless\/\"><strong>MACSYS<\/strong><\/a>\u00a0von Standard Industrie Leistung und Innovation kombiniert wird.[\/vc_column_text][vc_btn title=&#8220;Brosch\u00fcre herunterladen&#8220; style=&#8220;custom&#8220; custom_background=&#8220;#c72f37&#8243; custom_text=&#8220;#ffffff&#8220; shape=&#8220;square&#8220; size=&#8220;sm&#8220; align=&#8220;center&#8220; link=&#8220;url:%2Fde%2Fwp-content%2Fuploads%2Fsites%2F10%2F2023%2F02%2FBROCHURE_DECLOGGING_D-22112022.pdf|target:_blank&#8220;][\/vc_column][vc_column width=&#8220;1\/4&#8243;][\/vc_column][\/vc_row][vc_row content_placement=&#8220;bottom&#8220; el_class=&#8220;range-5-block&#8220;][vc_column width=&#8220;1\/4&#8243;][vc_single_image image=&#8220;4561&#8243; img_size=&#8220;medium&#8220; onclick=&#8220;custom_link&#8220; el_class=&#8220;effect-slide-top-img-hover animation-trait-img-hover trait-rouge img-trait-titre&#8220; link=&#8220;\/de\/airchoc-2\/&#8220; title=&#8220;AIRCHOC-WARTUNGSPROGRAMM&#8220;][\/vc_column][vc_column width=&#8220;1\/4&#8243;][vc_single_image image=&#8220;4559&#8243; img_size=&#8220;medium&#8220; onclick=&#8220;custom_link&#8220; el_class=&#8220;effect-slide-top-img-hover animation-trait-img-hover trait-rouge img-trait-titre&#8220; link=&#8220;\/de\/leitduesen\/&#8220; title=&#8220;LEITD\u00dcSEN&#8220;][\/vc_column][vc_column width=&#8220;1\/4&#8243;][vc_single_image image=&#8220;4562&#8243; img_size=&#8220;medium&#8220; onclick=&#8220;custom_link&#8220; el_class=&#8220;effect-slide-top-img-hover animation-trait-img-hover trait-rouge img-trait-titre&#8220; link=&#8220;\/de\/macsys-wireless\/&#8220; title=&#8220;MACSYS WIRELESS&#8220;][\/vc_column][vc_column width=&#8220;1\/4&#8243; el_class=&#8220;block-option&#8220;][vc_column_text el_class=&#8220;txt-option margin-zero&#8220;]Optional :[\/vc_column_text][vc_single_image image=&#8220;4569&#8243; img_size=&#8220;medium&#8220; onclick=&#8220;custom_link&#8220; el_class=&#8220;effect-slide-top-img-hover animation-trait-img-hover trait-rouge img-trait-titre&#8220; link=&#8220;\/de\/airchoc-wartungsprogramm\/&#8220; title=&#8220;AIRCHOC\u00ae Wartungsprogramm&#8220;][\/vc_column][\/vc_row][vc_row content_placement=&#8220;bottom&#8220;][vc_column][vc_empty_space height=&#8220;30px&#8220;][\/vc_column][\/vc_row][vc_row][vc_column css_animation=&#8220;slideInLeft&#8220; width=&#8220;1\/2&#8243;][vc_column_text el_class=&#8220;titre titre-long fort trait-rouge traits-gris-droite-gauche titre-centre vc_separator wpb_content_element vc_separator_align_center vc_sep_width_100 vc_sep_border_width_2 vc_sep_pos_align_center vc_separator-has-text&#8220;]<\/p>\n<div class=\"vc_sep_holder vc_sep_holder_l\">\n<p class=\"vc_sep_line\" style=\"border-color: grey;\">\n<\/div>\n<h2 style=\"text-align: center;\">WIE FUNKTIONIEREN DIE AIRCHOC\u00ae UND MACSYS KANONEN?<\/h2>\n<div class=\"vc_sep_holder vc_sep_holder_r\">\n<p class=\"vc_sep_line\" style=\"border-color: grey;\">\n<\/div>\n<p>[\/vc_column_text][vc_column_text]Die Luftkanone setzt innerhalb Ihrer Lagereinheit ein Luftvolumen unter Druck frei und l\u00f6st Produktanhafungen ab.<\/p>\n<p id=\"tw-target-text\" class=\"tw-data-text tw-ta tw-text-small\" dir=\"ltr\" data-placeholder=\"Traduction\"><span lang=\"de\">Der Tank der Luftkanone ist mit einem Luftkompressor verbunden.\u00a0<a href=\"\/de\/luftkompressor\/\" target=\"_blank\" rel=\"noopener\"><b>Erfahren Sie mehr \u00fcber den Luftkompressor<\/b><\/a><\/span><\/p>\n<p>Damit sind die Probleme von Lagerverlusten und Verringerung der Austragsf\u00f6rdermengen gel\u00f6st.<\/p>\n<p>Die Verwendung einer <a href=\"\/de\/airchoc-2\/\"><strong>AIRCHOC\u00ae<\/strong><\/a>\u00a0und\u00a0<a href=\"\/de\/macsys-wireless\/\"><strong>MACSYS<\/strong><\/a>\u00a0Luftkanone erm\u00f6glicht es Ihnen ebenfalls, Ihre Industrieprozesse zu optimieren. Tats\u00e4chlich kann, wenn die Aufl\u00f6sung der Anbackungen zu sp\u00e4t erfolgt, dies zu Materialverlust (z.B. Verfestigungen), zu Verschmutzung oder G\u00e4rung der Produkte und selbst zu einem vor\u00fcbergehenden Produktionsstillstand f\u00fchren.[\/vc_column_text][vc_btn title=&#8220;Kontaktieren Sie uns&#8220; style=&#8220;custom&#8220; custom_background=&#8220;#c72f37&#8243; custom_text=&#8220;#ffffff&#8220; shape=&#8220;square&#8220; size=&#8220;sm&#8220; align=&#8220;center&#8220; link=&#8220;url:%2Fde%2Fkontakt%2F|target:_blank&#8220;][\/vc_column][vc_column css_animation=&#8220;slideInRight&#8220; width=&#8220;1\/2&#8243;][vc_empty_space height=&#8220;50px&#8220;][vc_column_text el_class=&#8220;titre titre-long fort trait-rouge traits-gris-droite-gauche titre-centre vc_separator wpb_content_element vc_separator_align_center vc_sep_width_100 vc_sep_border_width_2 vc_sep_pos_align_center vc_separator-has-text&#8220;]<\/p>\n<div class=\"vc_sep_holder vc_sep_holder_l\">\n<p class=\"vc_sep_line\" style=\"border-color: grey;\">\n<\/div>\n<h2 style=\"text-align: center;\">AUFTRETENDE ANBACKUNGSARTEN:<\/h2>\n<div class=\"vc_sep_holder vc_sep_holder_r\">\n<p class=\"vc_sep_line\" style=\"border-color: grey;\">\n<\/div>\n<p>[\/vc_column_text][vc_images_carousel images=&#8220;6292&#8243; img_size=&#8220;medium&#8220; mode=&#8220;vertical&#8220; hide_pagination_control=&#8220;yes&#8220; wrap=&#8220;yes&#8220;][\/vc_column][\/vc_row][vc_row][vc_column width=&#8220;1\/4&#8243;][\/vc_column][vc_column width=&#8220;1\/2&#8243;][vc_column_text el_class=&#8220;gros-titre fort trait-rouge traits-gris-droite-gauche titre-centre vc_separator wpb_content_element vc_separator_align_center vc_sep_width_100 vc_sep_border_width_2 vc_sep_pos_align_center vc_separator-has-text&#8220;]<\/p>\n<div class=\"vc_sep_holder vc_sep_holder_l\">\n<p class=\"vc_sep_line\" style=\"border-color: grey;\">\n<\/div>\n<h2 style=\"text-align: center;\">AUFTRETENDE ANHAFTUNGSARTEN<\/h2>\n<div class=\"vc_sep_holder vc_sep_holder_r\">\n<p class=\"vc_sep_line\" style=\"border-color: grey;\">\n<\/div>\n<p>[\/vc_column_text][vc_single_image image=&#8220;6293&#8243; img_size=&#8220;full&#8220; alignment=&#8220;center&#8220;][\/vc_column][vc_column width=&#8220;1\/4&#8243;][\/vc_column][\/vc_row][vc_row][vc_column][vc_empty_space][vc_column_text el_class=&#8220;gros-titre fort trait-rouge traits-gris-droite-gauche titre-centre vc_separator wpb_content_element vc_separator_align_center vc_sep_width_100 vc_sep_border_width_2 vc_sep_pos_align_center vc_separator-has-text&#8220;]<\/p>\n<div class=\"vc_sep_holder vc_sep_holder_l\">\n<p class=\"vc_sep_line\" style=\"border-color: grey;\">\n<\/div>\n<h2 style=\"text-align: center;\">Sicherheit bei der Verwendung von Luftkanonen<\/h2>\n<div class=\"vc_sep_holder vc_sep_holder_r\">\n<p class=\"vc_sep_line\" style=\"border-color: grey;\">\n<\/div>\n<p>[\/vc_column_text][\/vc_column][\/vc_row][vc_row equal_height=&#8220;yes&#8220;][vc_column css_animation=&#8220;fadeInUp&#8220; offset=&#8220;vc_col-lg-6&#8243;][vc_row_inner][vc_column_inner offset=&#8220;vc_hidden-md vc_hidden-sm vc_hidden-xs&#8220;][vc_column_text]<\/p>\n<h3><strong>SICHERHEIT<\/strong><\/h3>\n<p>[\/vc_column_text][vc_column_text]Mit seinem verzinkten Beh\u00e4lter (innen und au\u00dfen) und seinem Kopf aus Gusseisen ist die <a href=\"\/de\/airchoc-2\/\"><strong>AIRCHOC\u00ae<\/strong><\/a>\u00a0und\u00a0<a href=\"\/de\/macsys-wireless\/\"><strong>MACSYS<\/strong><\/a>\u00a0eine zuverl\u00e4ssige, 3 Jahre garantierte L\u00f6sung.<\/p>\n<p>Die, f\u00fcr ATEX- oder Hochtemperatur-Zonen geeigneten Luftkanonen von Standard Industrie k\u00f6nnen an zahlreichen Produkten verwendet werden, wie z.B.:<\/p>\n<ul>\n<li>Kohle, Zement, verschiedene Erze<\/li>\n<li>Gie\u00dfereisand, Quarzsand<\/li>\n<li>Chemikalien<\/li>\n<li>Lebensmittel und Tiernahrung<\/li>\n<li>usw.<\/li>\n<\/ul>\n<p>[\/vc_column_text][vc_btn title=&#8220;Kontaktieren Sie uns&#8220; style=&#8220;custom&#8220; custom_background=&#8220;#c72f37&#8243; custom_text=&#8220;#ffffff&#8220; shape=&#8220;square&#8220; size=&#8220;sm&#8220; align=&#8220;center&#8220; link=&#8220;url:%2Fde%2Fkontakt%2F|target:_blank&#8220;][vc_column_text][\/vc_column_text][\/vc_column_inner][\/vc_row_inner][\/vc_column][vc_column css_animation=&#8220;fadeInUpBig&#8220; offset=&#8220;vc_col-lg-6&#8243;][vc_row_inner][vc_column_inner][vc_column_text]<\/p>\n<h3><strong>DRAHTLOS<\/strong><\/h3>\n<p>Die drahtlose Technologie &#8222;Wireless&#8220; erm\u00f6glicht es Ihnen, Ihre Abschusszyklen fernzusteuern und gleichzeitig ihre Installationskosten zu verringern:<\/p>\n<ul>\n<li>Manuell, anhand einer drahtlosen Fernbedienung<\/li>\n<li>Automatisch: Zyklische Ausl\u00f6sung, gesteuert \u00fcber eine \u00dcberwachungssoftware<\/li>\n<\/ul>\n<p>[\/vc_column_text][vc_btn title=&#8220;Entdecken Sie unsere Wireless-Technologie im Detail&#8220; style=&#8220;custom&#8220; custom_background=&#8220;#c72f37&#8243; custom_text=&#8220;#ffffff&#8220; shape=&#8220;square&#8220; size=&#8220;sm&#8220; link=&#8220;url:%2Fde%2Fwp-content%2Fuploads%2Fsites%2F10%2F2023%2F01%2FFunktionsweise-der-Macsys-und-Airchoc-Wireless-Luftkanonen.pdf|target:_blank&#8220;][vc_column_text]<\/p>\n<h3><strong>WARTUNG<\/strong><\/h3>\n<p>[\/vc_column_text][vc_btn title=&#8220;Finden sie hier die voraussetzungen f\u00fcr eine ordnungsgem\u00e4\u00dfe funktion von airchoc\u00ae&#8220; style=&#8220;custom&#8220; custom_background=&#8220;#c72f37&#8243; custom_text=&#8220;#ffffff&#8220; shape=&#8220;square&#8220; size=&#8220;sm&#8220; link=&#8220;url:%2Fde%2Fwartung-airchoc%2F&#8220;][\/vc_column_inner][\/vc_row_inner][\/vc_column][\/vc_row]<\/p>\n","protected":false},"excerpt":{"rendered":"<p>[vc_row][vc_column][vc_empty_space][vc_column_text el_class=&#8220;gros-titre fort trait-rouge traits-gris-droite-gauche titre-centre vc_separator wpb_content_element vc_separator_align_center vc_sep_width_100 vc_sep_border_width_2 vc_sep_pos_align_center vc_separator-has-text&#8220;] Unsere L\u00f6sungen [\/vc_column_text][\/vc_column][\/vc_row][vc_row][vc_column width=&#8220;1\/4&#8243;][\/vc_column][vc_column width=&#8220;1\/2&#8243;][vc_column_text]Die Luftkanonen\u00a0AIRCHOC\u00ae\u00a0und\u00a0MACSYS\u00a0von Standard Industrie erm\u00f6glichen es, wirkungsvoll Anbackungs- und<span class=\"excerpt-hellip\"> [\u2026]<\/span><\/p>\n","protected":false},"author":1,"featured_media":0,"parent":0,"menu_order":57,"comment_status":"closed","ping_status":"closed","template":"single-airchoc.php","meta":{"footnotes":""},"class_list":["post-206","page","type-page","status-publish","hentry"],"_links":{"self":[{"href":"https:\/\/www.standard-industrie.com\/de\/wp-json\/wp\/v2\/pages\/206","targetHints":{"allow":["GET"]}}],"collection":[{"href":"https:\/\/www.standard-industrie.com\/de\/wp-json\/wp\/v2\/pages"}],"about":[{"href":"https:\/\/www.standard-industrie.com\/de\/wp-json\/wp\/v2\/types\/page"}],"author":[{"embeddable":true,"href":"https:\/\/www.standard-industrie.com\/de\/wp-json\/wp\/v2\/users\/1"}],"replies":[{"embeddable":true,"href":"https:\/\/www.standard-industrie.com\/de\/wp-json\/wp\/v2\/comments?post=206"}],"version-history":[{"count":0,"href":"https:\/\/www.standard-industrie.com\/de\/wp-json\/wp\/v2\/pages\/206\/revisions"}],"wp:attachment":[{"href":"https:\/\/www.standard-industrie.com\/de\/wp-json\/wp\/v2\/media?parent=206"}],"curies":[{"name":"wp","href":"https:\/\/api.w.org\/{rel}","templated":true}]}}