{"id":2499,"date":"2017-04-20T13:15:39","date_gmt":"2017-04-20T12:15:39","guid":{"rendered":"https:\/\/www.standard-industrie.com\/de\/?page_id=2499"},"modified":"2025-06-04T20:14:17","modified_gmt":"2025-06-04T19:14:17","slug":"instandhaltungsmethoden","status":"publish","type":"page","link":"https:\/\/www.standard-industrie.com\/de\/instandhaltungsmethoden\/","title":{"rendered":"INSTANDHALTUNGSMETHODEN"},"content":{"rendered":"<p>[vc_row][vc_column][vc_empty_space][\/vc_column][\/vc_row][vc_row el_class=&#8220;invert-block&#8220;][vc_column width=&#8220;1\/2&#8243; el_class=&#8220;partie-txt&#8220;][vc_column_text el_class=&#8220;gros-titre fort traits-gris-droite-gauche titre-gauche vc_sep_border_width_2 vc_separator wpb_content_element vc_separator_align_left vc_sep_width_100 vc_sep_pos_align_center vc_sep_color_grey vc_separator-has-text&#8220;]<\/p>\n<div class=\"vc_sep_holder vc_sep_holder_l\">\n<p class=\"vc_sep_line\" style=\"border-color: grey;\">\n<\/div>\n<h2>VERSCHIEDENE INSTANDHALTUNGSMETHODEN<\/h2>\n<div class=\"vc_sep_holder vc_sep_holder_r\">\n<p class=\"vc_sep_line\" style=\"border-color: grey;\">\n<\/div>\n<p>[\/vc_column_text][vc_column_text]Wir benutzen t\u00e4glich verschiedene Maschinen und Apparate die uns dazu dienen unseren Alltag zu verbessern und verschiedene Aufgaben in diversen Bereichen zu erledigen, sei es in der Industrie oder im privat Leben.<\/p>\n<p>Beim Kauf dieser Elemente wird eine Garantie des Zulieferers\/Herstellers erstellt und kann bei dem Verk\u00e4ufer oder Vertreiber angefordert werden. Meistens handelt es sich dabei um Fabrikationsprobleme und nicht um den t\u00e4glichen Verschlei\u00df der Maschine, die oft kontrolliert und manchmal auch repariert werden muss. Diese Kontroll- und Reparaturzyklen nennen sich Instandhaltung. Die Grundidee ist es, das Produkt funktionsf\u00e4hig zu halten und den Bed\u00fcrfnissen des Benutzers nachzukommen.[\/vc_column_text][vc_column_text el_class=&#8220;gros-titre fort traits-gris-droite-gauche titre-gauche vc_sep_border_width_2 vc_separator wpb_content_element vc_separator_align_left vc_sep_width_100 vc_sep_pos_align_center vc_sep_color_grey vc_separator-has-text&#8220;]<\/p>\n<div class=\"vc_sep_holder vc_sep_holder_l\">\n<p class=\"vc_sep_line\" style=\"border-color: grey;\">\n<\/div>\n<h3>Es gibt 3 Instandhaltungsmethoden:<\/h3>\n<div class=\"vc_sep_holder vc_sep_holder_r\">\n<p class=\"vc_sep_line\" style=\"border-color: grey;\">\n<\/div>\n<p>[\/vc_column_text][vc_column_text]<\/p>\n<ul>\n<li><a href=\"\/de\/instandhaltungsmethoden\/die-korrektive-instandhaltung\/\">Die korrektive Instandhaltung<\/a><\/li>\n<li><a href=\"\/de\/instandhaltungsmethoden\/die-praeventive-instandhaltung\/\">Die-pr\u00e4eventive-Instandhaltung<\/a><\/li>\n<li><a href=\"\/de\/instandhaltungsmethoden\/die-kurative-instandhaltung\/\">Die kurative Instandhaltung<\/a><\/li>\n<\/ul>\n<p>[\/vc_column_text][\/vc_column][vc_column css_animation=&#8220;slideInRight&#8220; width=&#8220;1\/2&#8243;][vc_single_image image=&#8220;5768&#8243; img_size=&#8220;full&#8220; alignment=&#8220;center&#8220;][\/vc_column][\/vc_row][vc_row][vc_column][vc_btn title=&#8220;Kontaktieren Sie uns&#8220; style=&#8220;flat&#8220; shape=&#8220;square&#8220; color=&#8220;black&#8220; align=&#8220;center&#8220; link=&#8220;url:%2Fde%2FKontakt%2F|title:Contact%20Standard%20industrie&#8220;][\/vc_column][\/vc_row][vc_row el_class=&#8220;invert-block&#8220;][vc_column css_animation=&#8220;zoomInLeft&#8220; width=&#8220;1\/2&#8243;][vc_single_image image=&#8220;5767&#8243; img_size=&#8220;full&#8220; alignment=&#8220;center&#8220;][\/vc_column][vc_column width=&#8220;1\/2&#8243; el_class=&#8220;partie-txt&#8220;][vc_column_text el_class=&#8220;gros-titre fort traits-gris-droite-gauche titre-gauche vc_sep_border_width_2 vc_separator wpb_content_element vc_separator_align_left vc_sep_width_100 vc_sep_pos_align_center vc_sep_color_grey vc_separator-has-text&#8220;]<\/p>\n<div class=\"vc_sep_holder vc_sep_holder_l\">\n<p class=\"vc_sep_line\" style=\"border-color: grey;\">\n<\/div>\n<h2>PROZESSWISSEN \/ AUDIT<\/h2>\n<div class=\"vc_sep_holder vc_sep_holder_r\">\n<p class=\"vc_sep_line\" style=\"border-color: grey;\">\n<\/div>\n<p>[\/vc_column_text][vc_column_text]Ein zuverl\u00e4ssiger Partner, der die Verf\u00fcgbarkeit und Leistung Ihrer Anlagen garantiert.<\/p>\n<p><strong>AUDIT<\/strong><\/p>\n<p>Audits sind sensible, pr\u00e4zise Eingriffe, die \u00fcber den Funktionszustand eines in einem Prozess registrierten Maschinenparks informieren. Ihr Ziel ist es, Anomalien und Fehlfunktionen zu erkennen und geeignete L\u00f6sungen zur Korrektur\/Verbesserung vorzuschlagen.<\/p>\n<p>Wir bieten Ihnen die Kompetenz und Erfahrung unserer mechanischen und verfahrenstechnischen Experten. Unser Angebot <strong>SI SERVICES Audit &#8211; Medium &#8211; Premium<\/strong> umfasst eine Reihe von Dienstleistungen, die die Leistungsf\u00e4higkeit und Langlebigkeit Ihrer Standardindustrieanlagen gew\u00e4hrleisten.<\/p>\n<p><u>Das mechanische Audit umfasst<\/u> :<\/p>\n<ul>\n<li>Der Besuch eines Technikers f\u00fcr einen Tag<\/li>\n<li>Mechanische Inspektion Ihrer Standard Industrie Ausr\u00fcstung<\/li>\n<li>Die Erstellung eines Berichts, in dem die Teile aufgef\u00fchrt sind, die an den Ger\u00e4ten ausgetauscht werden m\u00fcssen, die dies erfordern<\/li>\n<li>Dieses Audit kann in einer funktionierenden Anlage durchgef\u00fchrt werden.<\/li>\n<\/ul>\n<p>&nbsp;<\/p>\n<p><u>Das Audit der Prozesskompetenz umfasst<\/u>\u00a0:<\/p>\n<ul>\n<li>Der Besuch eines Technikers oder Experten f\u00fcr einen Tag<\/li>\n<li>Kontroll- und Prozessgutachten Ihrer gesamten Standard Industrie Ausr\u00fcstung<\/li>\n<li>Die Erstellung eines Berichts und unsere Empfehlungen f\u00fcr Verbesserungen<\/li>\n<li>Dieses Gutachten wird w\u00e4hrend des Produktionsstillstands der Anlage durchgef\u00fchrt.<\/li>\n<\/ul>\n<p>[\/vc_column_text][\/vc_column][\/vc_row][vc_row][vc_column][vc_btn title=&#8220;Kontaktieren Sie uns&#8220; style=&#8220;flat&#8220; shape=&#8220;square&#8220; color=&#8220;black&#8220; align=&#8220;center&#8220; link=&#8220;url:%2Fde%2FKontakt%2F|title:Contact%20Standard%20industrie&#8220;][\/vc_column][\/vc_row][vc_row el_class=&#8220;invert-block&#8220;][vc_column width=&#8220;1\/2&#8243; el_class=&#8220;partie-txt&#8220;][vc_column_text el_class=&#8220;gros-titre fort traits-gris-droite-gauche titre-gauche vc_sep_border_width_2 vc_separator wpb_content_element vc_separator_align_left vc_sep_width_100 vc_sep_pos_align_center vc_sep_color_grey vc_separator-has-text&#8220;]<\/p>\n<div class=\"vc_sep_holder vc_sep_holder_l\">\n<p class=\"vc_sep_line\" style=\"border-color: grey;\">\n<\/div>\n<h2>WARTUNGSDIENSTE<\/h2>\n<div class=\"vc_sep_holder vc_sep_holder_r\">\n<p class=\"vc_sep_line\" style=\"border-color: grey;\">\n<\/div>\n<p>[\/vc_column_text][vc_column_text]Um die Verf\u00fcgbarkeit des Maschinenparks und damit das ordnungsgem\u00e4\u00dfe Funktionieren des Prozesses und die Produktivit\u00e4t in v\u00f6lliger Sicherheit zu gew\u00e4hrleisten, m\u00fcssen regelm\u00e4\u00dfig Wartungseingriffe durchgef\u00fchrt werden. Um eine optimale Zuverl\u00e4ssigkeit Ihrer Anlagen von Standard Industrie zu gew\u00e4hrleisten, f\u00fchren wir f\u00fcr Sie eine vorbeugende Wartung durch.<\/p>\n<ul>\n<li><b>Lieferung von Verschlei\u00dfteilen<\/b><\/li>\n<li><b>Austausch von Teilen vor Ort durch einen Techniker<\/b><\/li>\n<\/ul>\n<p>F\u00fcr die Instandsetzungsarbeiten verpflichtet sich Standard Industrie, die g\u00e4ngigsten Teile auf Lager zu halten und die komplexesten Teile so schnell wie m\u00f6glich zu liefern. F\u00fcr Premium-Vertr\u00e4ge ist ein Konsignationslager verf\u00fcgbar.[\/vc_column_text][\/vc_column][vc_column css_animation=&#8220;slideInRight&#8220; width=&#8220;1\/2&#8243;][vc_single_image image=&#8220;4649&#8243; img_size=&#8220;full&#8220; alignment=&#8220;center&#8220;][\/vc_column][\/vc_row][vc_row][vc_column el_class=&#8220;partie-txt&#8220; offset=&#8220;vc_col-lg-6&#8243;][vc_column_text el_class=&#8220;gros-titre fort traits-gris-droite-gauche titre-gauche vc_sep_border_width_2 vc_separator wpb_content_element vc_separator_align_left vc_sep_width_100 vc_sep_pos_align_center vc_sep_color_grey vc_separator-has-text&#8220;]<\/p>\n<div class=\"vc_sep_holder vc_sep_holder_l\">\n<p class=\"vc_sep_line\" style=\"border-color: grey;\">\n<\/div>\n<h2>TECHNISCHE UNTERST\u00dcTZUNG UND KONTINUIERLICHE VERBESSERUNG<\/h2>\n<div class=\"vc_sep_holder vc_sep_holder_r\">\n<p class=\"vc_sep_line\" style=\"border-color: grey;\">\n<\/div>\n<p>[\/vc_column_text][vc_raw_html]JTNDcCUzRVdlbm4lMjBTaWUlMjBlaW5lbiUyMFZlcnRyYWclMjBoYWJlbiUzQSUyMFdpciUyMHZlcnBmbGljaHRlbiUyMHVucyUyQyUyMGVpbmUlMjB0ZWxlZm9uaXNjaGUlMjBVbnRlcnN0JUMzJUJDdHp1bmclMjBmJUMzJUJDciUyMGFsbGUlMjBJaHJlJTIwQW5mcmFnZW4lMjB6dSUyMGdldyVDMyVBNGhybGVpc3Rlbi4lMEElM0MlMkZwJTNFJTBBJTNDdWwlM0UlMEElM0NsaSUzRVVtJTIwdW5zZXJlJTIwdGVjaG5pc2NoZSUyMEFidGVpbHVuZyUyMHp1JTIwa29udGFrdGllcmVuJTJDJTIwayVDMyVCNm5uZW4lMjBTaWUlMjBkYXMlMjBLb250YWt0Zm9ybXVsYXIlMjB2ZXJ3ZW5kZW4uJTNDJTJGbGklM0UlMEElM0MlMkZ1bCUzRQ==[\/vc_raw_html][\/vc_column][vc_column css_animation=&#8220;none&#8220; offset=&#8220;vc_col-lg-6&#8243;][vc_column_text el_class=&#8220;gros-titre fort traits-gris-droite-gauche titre-gauche vc_sep_border_width_2 vc_separator wpb_content_element vc_separator_align_left vc_sep_width_100 vc_sep_pos_align_center vc_sep_color_grey vc_separator-has-text&#8220;]<\/p>\n<div class=\"vc_sep_holder vc_sep_holder_l\">\n<p class=\"vc_sep_line\" style=\"border-color: grey;\">\n<\/div>\n<h2>UNSERE VERTR\u00c4GE<\/h2>\n<div class=\"vc_sep_holder vc_sep_holder_r\">\n<p class=\"vc_sep_line\" style=\"border-color: grey;\">\n<\/div>\n<p>[\/vc_column_text][vc_tta_tabs active_section=&#8220;1&#8243; el_class=&#8220;contrats&#8220;][vc_tta_section title=&#8220;AUDIT +&#8220; tab_id=&#8220;1670860325937-06597ae2-d1a2&#8243;][vc_row_inner el_class=&#8220;range-contrat&#8220;][vc_column_inner width=&#8220;1\/2&#8243;][vc_column_text]Dauer[\/vc_column_text][\/vc_column_inner][vc_column_inner width=&#8220;1\/2&#8243;][vc_column_text]3 Jahre[\/vc_column_text][\/vc_column_inner][\/vc_row_inner][vc_row_inner el_class=&#8220;range-contrat&#8220;][vc_column_inner width=&#8220;1\/2&#8243;][vc_column_text]Mechanisches Audit[\/vc_column_text][\/vc_column_inner][vc_column_inner width=&#8220;1\/2&#8243;][vc_column_text]2x pro Jahr[\/vc_column_text][\/vc_column_inner][\/vc_row_inner][vc_row_inner el_class=&#8220;range-contrat&#8220;][vc_column_inner width=&#8220;1\/2&#8243;][vc_column_text]Audit der Prozesskenntnisse Kontinuierliche Verbesserung[\/vc_column_text][\/vc_column_inner][vc_column_inner width=&#8220;1\/2&#8243;][vc_column_text]1x pro Jahr[\/vc_column_text][\/vc_column_inner][\/vc_row_inner][vc_row_inner el_class=&#8220;range-contrat&#8220;][vc_column_inner width=&#8220;1\/2&#8243;][vc_column_text]Technische Unterst\u00fctzung<br \/>\nund Verbesserung[\/vc_column_text][\/vc_column_inner][vc_column_inner width=&#8220;1\/2&#8243;][vc_column_text]2x halbtags pro Jahr &#8211;<br \/>\ntechnische Besprechung vor Ort[\/vc_column_text][\/vc_column_inner][\/vc_row_inner][\/vc_tta_section][vc_tta_section title=&#8220;MEDIUM 1&#8243; tab_id=&#8220;1670860855016-19c3c1a4-976d&#8220;][vc_row_inner el_class=&#8220;range-contrat&#8220;][vc_column_inner width=&#8220;1\/2&#8243;][vc_column_text]Dauer[\/vc_column_text][\/vc_column_inner][vc_column_inner width=&#8220;1\/2&#8243;][vc_column_text]3 Jahre[\/vc_column_text][\/vc_column_inner][\/vc_row_inner][vc_row_inner el_class=&#8220;range-contrat&#8220;][vc_column_inner width=&#8220;1\/2&#8243;][vc_column_text]Vorbeugende Wartung[\/vc_column_text][\/vc_column_inner][vc_column_inner width=&#8220;1\/2&#8243;][vc_column_text]4x pro Jahr<br \/>\n<em>Je nach den Besonderheiten der Einrichtung anzupassen<\/em>[\/vc_column_text][\/vc_column_inner][\/vc_row_inner][vc_row_inner el_class=&#8220;range-contrat&#8220;][vc_column_inner width=&#8220;1\/2&#8243;][vc_column_text]Verschlei\u00dfteile (gem\u00e4\u00df definierter Liste &#8211; Stufe I)[\/vc_column_text][\/vc_column_inner][vc_column_inner width=&#8220;1\/2&#8243;][vc_column_text]Zus\u00e4tzliche Rechnungsstellung &#8211; Spezielle Festpreisliste mit 6-monatiger Frist. Direkte Bestellung, um Geld zu sparen (keine Notwendigkeit, einen Kostenvoranschlag einzuholen)[\/vc_column_text][\/vc_column_inner][\/vc_row_inner][vc_row_inner el_class=&#8220;range-contrat&#8220;][vc_column_inner width=&#8220;1\/2&#8243;][vc_column_text]Ersatzteile und Sonstiges (nach definierter Liste &#8211; Stufe II)[\/vc_column_text][\/vc_column_inner][vc_column_inner width=&#8220;1\/2&#8243;][vc_column_text]Zus\u00e4tzliche Fakturierung &#8211; Spezielle Festpreisliste mit 6-monatiger Frist. Direkte Bestellung, um Geld zu sparen (keine Notwendigkeit, innerhalb dieser 6 Monate einen Kostenvoranschlag anzufordern)[\/vc_column_text][\/vc_column_inner][\/vc_row_inner][\/vc_tta_section][vc_tta_section title=&#8220;MEDIUM +&#8220; tab_id=&#8220;1670860924446-311ca341-ac50&#8243;][vc_row_inner el_class=&#8220;range-contrat&#8220;][vc_column_inner width=&#8220;1\/2&#8243;][vc_column_text]Dauer[\/vc_column_text][\/vc_column_inner][vc_column_inner width=&#8220;1\/2&#8243;][vc_column_text]3 Jahre[\/vc_column_text][\/vc_column_inner][\/vc_row_inner][vc_row_inner el_class=&#8220;range-contrat&#8220;][vc_column_inner width=&#8220;1\/2&#8243;][vc_column_text]Vorbeugende und korrigierende Wartung[\/vc_column_text][\/vc_column_inner][vc_column_inner width=&#8220;1\/2&#8243;][vc_column_text]4x pro Jahr<br \/>\n<em>Je nach den Besonderheiten der Einrichtung anzupassen<\/em>[\/vc_column_text][\/vc_column_inner][\/vc_row_inner][vc_row_inner el_class=&#8220;range-contrat&#8220;][vc_column_inner width=&#8220;1\/2&#8243;][vc_column_text]Verschlei\u00dfteile (gem\u00e4\u00df definierter Liste Stufe I)[\/vc_column_text][\/vc_column_inner][vc_column_inner width=&#8220;1\/2&#8243;][vc_column_text]Inklusive[\/vc_column_text][\/vc_column_inner][\/vc_row_inner][vc_row_inner el_class=&#8220;range-contrat&#8220;][vc_column_inner width=&#8220;1\/2&#8243;][vc_column_text]Ersatzteile und Sonstiges<br \/>\n(gem\u00e4\u00df definierter Liste Stufe II)[\/vc_column_text][\/vc_column_inner][vc_column_inner width=&#8220;1\/2&#8243;][vc_column_text]Zus\u00e4tzliche Rechnungsstellung &#8211; Spezielle Festpreisliste mit 6-monatiger Frist. Direkte Bestellung, um Geld zu sparen (keine Notwendigkeit, ein Angebot innerhalb dieser 6 Monate anzufordern)[\/vc_column_text][\/vc_column_inner][\/vc_row_inner][\/vc_tta_section][vc_tta_section title=&#8220;PREMIUM&#8220; tab_id=&#8220;1670860994029-bc1c4d32-4ed2&#8243;][vc_row_inner el_class=&#8220;range-contrat&#8220;][vc_column_inner width=&#8220;1\/2&#8243;][vc_column_text]Dauer[\/vc_column_text][\/vc_column_inner][vc_column_inner width=&#8220;1\/2&#8243;][vc_column_text]3 Jahre[\/vc_column_text][\/vc_column_inner][\/vc_row_inner][vc_row_inner el_class=&#8220;range-contrat&#8220;][vc_column_inner width=&#8220;1\/2&#8243;][vc_column_text]Vorbeugende und korrigierende Wartung[\/vc_column_text][\/vc_column_inner][vc_column_inner width=&#8220;1\/2&#8243;][vc_column_text]4x pro Jahr<br \/>\n<em>Je nach den Besonderheiten der Einrichtung anzupassen<\/em>[\/vc_column_text][\/vc_column_inner][\/vc_row_inner][vc_row_inner el_class=&#8220;range-contrat&#8220;][vc_column_inner width=&#8220;1\/2&#8243;][vc_column_text]Verschlei\u00dfteile<br \/>\n(gem\u00e4\u00df definierter Liste Stufe I)[\/vc_column_text][\/vc_column_inner][vc_column_inner width=&#8220;1\/2&#8243;][vc_column_text]Inklusive[\/vc_column_text][\/vc_column_inner][\/vc_row_inner][vc_row_inner el_class=&#8220;range-contrat&#8220;][vc_column_inner width=&#8220;1\/2&#8243;][vc_column_text]Konsignationslager[\/vc_column_text][\/vc_column_inner][vc_column_inner width=&#8220;1\/2&#8243;][vc_column_text]M\u00f6glich[\/vc_column_text][\/vc_column_inner][\/vc_row_inner][vc_row_inner el_class=&#8220;range-contrat&#8220;][vc_column_inner width=&#8220;1\/2&#8243;][vc_column_text]Umstellung auf AC6[\/vc_column_text][\/vc_column_inner][vc_column_inner width=&#8220;1\/2&#8243;][vc_column_text]Inbegriffen (% zu definieren)[\/vc_column_text][\/vc_column_inner][\/vc_row_inner][\/vc_tta_section][\/vc_tta_tabs][\/vc_column][\/vc_row][vc_row][vc_column][vc_btn title=&#8220;Kontaktieren Sie uns&#8220; style=&#8220;flat&#8220; shape=&#8220;square&#8220; color=&#8220;black&#8220; align=&#8220;center&#8220; link=&#8220;url:%2Fde%2FKontakt%2F|title:Contact%20Standard%20industrie&#8220;][\/vc_column][\/vc_row]<\/p>\n","protected":false},"excerpt":{"rendered":"<p>[vc_row][vc_column][vc_empty_space][\/vc_column][\/vc_row][vc_row el_class=&#8220;invert-block&#8220;][vc_column width=&#8220;1\/2&#8243; el_class=&#8220;partie-txt&#8220;][vc_column_text el_class=&#8220;gros-titre fort traits-gris-droite-gauche titre-gauche vc_sep_border_width_2 vc_separator wpb_content_element vc_separator_align_left vc_sep_width_100 vc_sep_pos_align_center vc_sep_color_grey vc_separator-has-text&#8220;] VERSCHIEDENE INSTANDHALTUNGSMETHODEN [\/vc_column_text][vc_column_text]Wir benutzen t\u00e4glich verschiedene Maschinen und Apparate die<span class=\"excerpt-hellip\"> [\u2026]<\/span><\/p>\n","protected":false},"author":1,"featured_media":0,"parent":0,"menu_order":47,"comment_status":"closed","ping_status":"closed","template":"","meta":{"footnotes":""},"class_list":["post-2499","page","type-page","status-publish","hentry"],"_links":{"self":[{"href":"https:\/\/www.standard-industrie.com\/de\/wp-json\/wp\/v2\/pages\/2499","targetHints":{"allow":["GET"]}}],"collection":[{"href":"https:\/\/www.standard-industrie.com\/de\/wp-json\/wp\/v2\/pages"}],"about":[{"href":"https:\/\/www.standard-industrie.com\/de\/wp-json\/wp\/v2\/types\/page"}],"author":[{"embeddable":true,"href":"https:\/\/www.standard-industrie.com\/de\/wp-json\/wp\/v2\/users\/1"}],"replies":[{"embeddable":true,"href":"https:\/\/www.standard-industrie.com\/de\/wp-json\/wp\/v2\/comments?post=2499"}],"version-history":[{"count":0,"href":"https:\/\/www.standard-industrie.com\/de\/wp-json\/wp\/v2\/pages\/2499\/revisions"}],"wp:attachment":[{"href":"https:\/\/www.standard-industrie.com\/de\/wp-json\/wp\/v2\/media?parent=2499"}],"curies":[{"name":"wp","href":"https:\/\/api.w.org\/{rel}","templated":true}]}}