{"id":2502,"date":"2017-04-20T13:28:25","date_gmt":"2017-04-20T12:28:25","guid":{"rendered":"https:\/\/www.standard-industrie.com\/de\/?page_id=2502"},"modified":"2025-06-04T20:17:35","modified_gmt":"2025-06-04T19:17:35","slug":"die-korrektive-instandhaltung","status":"publish","type":"page","link":"https:\/\/www.standard-industrie.com\/de\/instandhaltungsmethoden\/die-korrektive-instandhaltung\/","title":{"rendered":"DIE KORREKTIVE INSTANDHALTUNG"},"content":{"rendered":"<p>[vc_row][vc_column][vc_empty_space][\/vc_column][\/vc_row][vc_row][vc_column][vc_column_text el_class=&#8220;gros-titre fort traits-gris-droite-gauche titre-gauche vc_sep_border_width_2 vc_separator wpb_content_element vc_separator_align_left vc_sep_width_100 vc_sep_pos_align_center vc_sep_color_grey vc_separator-has-text&#8220;]<\/p>\n<div class=\"vc_sep_holder vc_sep_holder_l\">\n<p class=\"vc_sep_line\" style=\"border-color: grey;\">\n<\/div>\n<h2>STANDARD INDUSTRIE INTERNATIONAL<\/h2>\n<div class=\"vc_sep_holder vc_sep_holder_r\">\n<p class=\"vc_sep_line\" style=\"border-color: grey;\">\n<\/div>\n<p>[\/vc_column_text][vc_column_text]Wenn man \u00fcber korrektive Instandhaltung redet besteht der Hintergrundgedanke, dass die Maschine kaputt oder nicht mehr funktionsf\u00e4hig ist und das Ziel der Operation ist es, den Apparat zu sanieren. Diese Instandhaltung kann mit einer\u00a0<a href=\"\/de\/instandhaltungsmethoden\/die-praeventive-instandhaltung\/\">pr\u00e4ventiven Instandhaltung<\/a>\u00a0verbunden werden. Man kann zwischen 2 Typen korrektiver Instandhaltung unterscheiden:[\/vc_column_text][\/vc_column][\/vc_row][vc_row el_class=&#8220;invert-block&#8220;][vc_column width=&#8220;1\/2&#8243; el_class=&#8220;partie-txt&#8220;][vc_column_text el_class=&#8220;gros-titre fort traits-gris-droite-gauche titre-gauche vc_sep_border_width_2 vc_separator wpb_content_element vc_separator_align_left vc_sep_width_100 vc_sep_pos_align_center vc_sep_color_grey vc_separator-has-text&#8220;]<\/p>\n<div class=\"vc_sep_holder vc_sep_holder_l\">\n<p class=\"vc_sep_line\" style=\"border-color: grey;\">\n<\/div>\n<h2>Die kurative\/korrektive Instandhaltung<\/h2>\n<div class=\"vc_sep_holder vc_sep_holder_r\">\n<p class=\"vc_sep_line\" style=\"border-color: grey;\">\n<\/div>\n<p>[\/vc_column_text][vc_column_text]Letztere besteht aus der kompletten Sanierung der Installation (Maschine) nachdem ein Problem festgestellt wurde, dass keine Auswirkungen auf den Prozess oder die Benutzung der Maschine und des verbundenen Systems hat.<br \/>\nZum Beispiel ein kaputter Scheibenwischermotor wird nicht dazu f\u00fchren, dass das Auto nicht mehr fahren kann. Eine kurative Instandhaltung best\u00fcnde darin, dass man den kaputten Motor durch einen neuen ersetzt, um das Problem definitiv zu beheben.<br \/>\nIn der Industrie kann es sich zum Beispiel um eine Entstaubung handeln dessen Saugleistung wegen Filteranbackungen verringert ist. Dieses Problem beeintr\u00e4chtigt nicht den Prozess sondern f\u00fchrt zu mehr Staubaufkommen und Ablagerungen wegen der geschw\u00e4chten Absaugung. Die korrektive Instandhaltung w\u00fcrde zu einem Tausch der Taschenfilter f\u00fchren um der Maschine seinen normalen Unterdruck wiederzugeben, damit die Aufgabe 100% erf\u00fcllt wird.[\/vc_column_text][\/vc_column][vc_column css_animation=&#8220;slideInRight&#8220; width=&#8220;1\/2&#8243;][vc_single_image image=&#8220;2519&#8243; img_size=&#8220;full&#8220; alignment=&#8220;center&#8220;][\/vc_column][\/vc_row][vc_row el_class=&#8220;invert-block&#8220;][vc_column css_animation=&#8220;none&#8220; width=&#8220;1\/2&#8243;][vc_column_text el_class=&#8220;gros-titre fort traits-gris-droite-gauche titre-gauche vc_sep_border_width_2 vc_separator wpb_content_element vc_separator_align_left vc_sep_width_100 vc_sep_pos_align_center vc_sep_color_grey vc_separator-has-text&#8220;]<\/p>\n<div class=\"vc_sep_holder vc_sep_holder_l\">\n<p class=\"vc_sep_line\" style=\"border-color: grey;\">\n<\/div>\n<h2>Die korrektive\/graduelle Instandhaltung<\/h2>\n<div class=\"vc_sep_holder vc_sep_holder_r\">\n<p class=\"vc_sep_line\" style=\"border-color: grey;\">\n<\/div>\n<p>[\/vc_column_text][vc_column_text]LDie korrektive \/graduelle Instandhaltung wird eingesetzt wenn ein Problem mit starken Auswirkungen identifiziert wurde. Hier ist das Ziel den Fehler\u00a0<b>provisorisch zu reparieren<\/b>\u00a0um eine Benutzung des Materials zu erm\u00f6glichen bevor eine kurative oder pr\u00e4ventive Instandhaltung durchgef\u00fchrt wird.<\/p>\n<p>Ein Gartenschlauch der ein Leck hat und der daher wenig Wasserdurchlauf aufweist wird provisorisch repariert indem Thesafilm auf das Leck geklebt wird, um den Schlauch wieder benutzen zu k\u00f6nnen.<\/p>\n<p>Um das Risiko eines neuen Lecks zu vermeiden wird eine kurative oder pr\u00e4ventive Instandhaltung durchgef\u00fchrt, die darin best\u00fcnde den Schlauch auszutauschen oder seine L\u00e4nge bis zum Leck zu reduzieren, um wieder eine perfekte Dichte zu erhalten.<br \/>\nIn der Industrie, kann ein gerissenes F\u00f6rderband nicht weiter benutzt werden. Die L\u00f6sung w\u00e4re\u00a0<b>provisorisch<\/b>\u00a0Klammern einzusetzen um das Band wieder benutzen zu k\u00f6nnen. In einem zweiten Schritt kann die kurative Instandhaltung das Problem l\u00f6sen, indem das Band ganz ausgetauscht wird oder durch einen Vulkanisationseinsatz wieder zusammengeklebt wird.[\/vc_column_text][vc_btn title=&#8220;Kontaktieren Sie uns&#8220; style=&#8220;flat&#8220; shape=&#8220;square&#8220; color=&#8220;black&#8220; align=&#8220;center&#8220; link=&#8220;url:%2Fde%2FKontakt%2F|title:Contact%20Standard%20industrie&#8220;][\/vc_column][vc_column width=&#8220;1\/2&#8243;][vc_column_text el_class=&#8220;gros-titre fort traits-gris-droite-gauche titre-gauche vc_sep_border_width_2 vc_separator wpb_content_element vc_separator_align_left vc_sep_width_100 vc_sep_pos_align_center vc_sep_color_grey vc_separator-has-text&#8220;]<\/p>\n<div class=\"vc_sep_holder vc_sep_holder_l\">\n<p class=\"vc_sep_line\" style=\"border-color: grey;\">\n<\/div>\n<h2>Zusammenfassung<\/h2>\n<div class=\"vc_sep_holder vc_sep_holder_r\">\n<p class=\"vc_sep_line\" style=\"border-color: grey;\">\n<\/div>\n<p>[\/vc_column_text][vc_column_text]In beiden F\u00e4llen m\u00fcssen wir in einem ersten Schritt\u00a0<b>das Problem identifizieren und lokalisieren<\/b>. In einem zweiten Schritt wird dann\u00a0<b>die L\u00f6sung eingesetzt<\/b>\u00a0um die Benutzung wieder aufzunehmen. Es gibt also zwei Hauptschritte: Die\u00a0<b>Fehleranalyse<\/b>\u00a0: Identifizierung des Fehlers (Ursache, Effekt, L\u00f6sung) und die\u00a0<b>Reparatur<\/b>.[\/vc_column_text][\/vc_column][\/vc_row]<\/p>\n","protected":false},"excerpt":{"rendered":"<p>[vc_row][vc_column][vc_empty_space][\/vc_column][\/vc_row][vc_row][vc_column][vc_column_text el_class=&#8220;gros-titre fort traits-gris-droite-gauche titre-gauche vc_sep_border_width_2 vc_separator wpb_content_element vc_separator_align_left vc_sep_width_100 vc_sep_pos_align_center vc_sep_color_grey vc_separator-has-text&#8220;] STANDARD INDUSTRIE INTERNATIONAL [\/vc_column_text][vc_column_text]Wenn man \u00fcber korrektive Instandhaltung redet besteht der Hintergrundgedanke, dass<span class=\"excerpt-hellip\"> [\u2026]<\/span><\/p>\n","protected":false},"author":1,"featured_media":0,"parent":2499,"menu_order":50,"comment_status":"closed","ping_status":"closed","template":"","meta":{"footnotes":""},"class_list":["post-2502","page","type-page","status-publish","hentry"],"_links":{"self":[{"href":"https:\/\/www.standard-industrie.com\/de\/wp-json\/wp\/v2\/pages\/2502","targetHints":{"allow":["GET"]}}],"collection":[{"href":"https:\/\/www.standard-industrie.com\/de\/wp-json\/wp\/v2\/pages"}],"about":[{"href":"https:\/\/www.standard-industrie.com\/de\/wp-json\/wp\/v2\/types\/page"}],"author":[{"embeddable":true,"href":"https:\/\/www.standard-industrie.com\/de\/wp-json\/wp\/v2\/users\/1"}],"replies":[{"embeddable":true,"href":"https:\/\/www.standard-industrie.com\/de\/wp-json\/wp\/v2\/comments?post=2502"}],"version-history":[{"count":0,"href":"https:\/\/www.standard-industrie.com\/de\/wp-json\/wp\/v2\/pages\/2502\/revisions"}],"up":[{"embeddable":true,"href":"https:\/\/www.standard-industrie.com\/de\/wp-json\/wp\/v2\/pages\/2499"}],"wp:attachment":[{"href":"https:\/\/www.standard-industrie.com\/de\/wp-json\/wp\/v2\/media?parent=2502"}],"curies":[{"name":"wp","href":"https:\/\/api.w.org\/{rel}","templated":true}]}}