{"id":2504,"date":"2017-04-20T13:28:57","date_gmt":"2017-04-20T12:28:57","guid":{"rendered":"https:\/\/www.standard-industrie.com\/de\/?page_id=2504"},"modified":"2025-06-04T20:16:52","modified_gmt":"2025-06-04T19:16:52","slug":"die-praeventive-instandhaltung","status":"publish","type":"page","link":"https:\/\/www.standard-industrie.com\/de\/instandhaltungsmethoden\/die-praeventive-instandhaltung\/","title":{"rendered":"DIE PR\u00c4VENTIVE INSTANDHALTUNG"},"content":{"rendered":"<p>[vc_row][vc_column][vc_empty_space][\/vc_column][\/vc_row][vc_row][vc_column][vc_column_text el_class=&#8220;gros-titre fort traits-gris-droite-gauche titre-gauche vc_sep_border_width_2 vc_separator wpb_content_element vc_separator_align_left vc_sep_width_100 vc_sep_pos_align_center vc_sep_color_grey vc_separator-has-text&#8220;]<\/p>\n<div class=\"vc_sep_holder vc_sep_holder_l\">\n<p class=\"vc_sep_line\" style=\"border-color: grey;\">\n<\/div>\n<h2>STANDARD INDUSTRIE INTERNATIONAL<\/h2>\n<div class=\"vc_sep_holder vc_sep_holder_r\">\n<p class=\"vc_sep_line\" style=\"border-color: grey;\">\n<\/div>\n<p>[\/vc_column_text][vc_column_text]Die pr\u00e4ventive Instandhaltung wird\u00a0<b>vor einer Panne<\/b>\u00a0durchgef\u00fchrt, um den Stillstand einer Maschine zu verhindern. Die\u00a0<b>pr\u00e4ventive Methode<\/b>\u00a0kann jederzeit, ohne genaue Kontrolle der Maschine oder ohne genauen Zeitplan durchgef\u00fchrt werden.<br \/>\nEines der Ziele der pr\u00e4ventiven Instandhaltung ist nat\u00fcrlich die Kostenreduzierung durch die Verringerung des Instandhaltungsbudget, die kostenintensiven Eins\u00e4tze der\u00a0<a href=\"\/de\/instandhaltungsmethoden\/die-korrektive-instandhaltung\/\">korrektiven Instandhaltung<\/a>\u00a0zu vermeiden und auch weniger Arbeitsstunden und Energien einzusetzen (Elektrizit\u00e4t, Diesel, Fett und Schmierstoff, Ersatzteile\u2026) und das Lager bessere zu verwalten.<\/p>\n<p>Andererseits kann eine Anlage die durchgehend instandgehalten wird, die Arbeitsverh\u00e4ltnisse verbessern: Ein undichtes F\u00f6rderband das Staub erzeugt, ein lauter Motor oder eine abgenutzte Kraft\u00fcbertragung wird unangenehmen L\u00e4rm erzeugen. Man kann zwischen 3 verschiedenen Arten der pr\u00e4ventiven Instandhaltung unterscheiden:[\/vc_column_text][\/vc_column][\/vc_row][vc_row el_class=&#8220;invert-block&#8220;][vc_column width=&#8220;1\/2&#8243; el_class=&#8220;partie-txt&#8220;][vc_column_text el_class=&#8220;gros-titre fort traits-gris-droite-gauche titre-gauche vc_sep_border_width_2 vc_separator wpb_content_element vc_separator_align_left vc_sep_width_100 vc_sep_pos_align_center vc_sep_color_grey vc_separator-has-text&#8220;]<\/p>\n<div class=\"vc_sep_holder vc_sep_holder_l\">\n<p class=\"vc_sep_line\" style=\"border-color: grey;\">\n<\/div>\n<h2>Die systematische Instandhaltung<\/h2>\n<div class=\"vc_sep_holder vc_sep_holder_r\">\n<p class=\"vc_sep_line\" style=\"border-color: grey;\">\n<\/div>\n<p>[\/vc_column_text][vc_column_text]Die\u00a0<b>systematische Instandhaltung<\/b>\u00a0wird auf\u00a0<b>Langzeit geplant<\/b>\u00a0in Bezug auf die Benutzung der Maschine oder Bestandteile. Zum Beispiel das Wechseln der Filter in der Klimaanlage eines Autos wird nach einer gewissen Dauer durchgef\u00fchrt, um Verschmutzungen im Auto und Kontamination zu verhindern.<\/p>\n<p>In der Industrie kann es sich um einen Riemen einer Maschine oder eines Staubsaugers handeln : Der elektrische Motor betreibt durch einen Riemen eine Unterdruckpumpe wie einen Roots zum Beispiel. Dieser muss nach einer gewissen Zeit oder einer gewissen Anzahl an Benutzungsstunden ausgetauscht werden.[\/vc_column_text][\/vc_column][vc_column css_animation=&#8220;slideInRight&#8220; width=&#8220;1\/2&#8243;][vc_single_image image=&#8220;2523&#8243; img_size=&#8220;full&#8220; alignment=&#8220;center&#8220;][\/vc_column][\/vc_row][vc_row el_class=&#8220;invert-block&#8220;][vc_column width=&#8220;1\/2&#8243; el_class=&#8220;partie-txt&#8220;][vc_column_text el_class=&#8220;gros-titre fort traits-gris-droite-gauche titre-gauche vc_sep_border_width_2 vc_separator wpb_content_element vc_separator_align_left vc_sep_width_100 vc_sep_pos_align_center vc_sep_color_grey vc_separator-has-text&#8220;]<\/p>\n<div class=\"vc_sep_holder vc_sep_holder_l\">\n<p class=\"vc_sep_line\" style=\"border-color: grey;\">\n<\/div>\n<h2>Die vorgesehene Instandhaltung<\/h2>\n<div class=\"vc_sep_holder vc_sep_holder_r\">\n<p class=\"vc_sep_line\" style=\"border-color: grey;\">\n<\/div>\n<p>[\/vc_column_text][vc_column_text]Bei der vorgesehenen Instandhaltung gibt es eine\u00a0<b>geplante Kontrolle des Materials<\/b>\u00a0durch Analysen und Tests um die\u00a0<b>Festigkeit des Materials<\/b>\u00a0und\u00a0<b>die Instandhaltungszyklen<\/b>\u00a0zu definieren.<\/p>\n<p>Zum Beispiel wird die Qualit\u00e4t des Wassers in einem Schwimmbad durch w\u00f6chentliche oder t\u00e4gliche Analysen definiert bis eine Mindestqualit\u00e4t erreicht wird und das Wasser ausgewechselt werden muss. In der Industrie haben pneumatische Bestandteile wie ein Druckluftgef\u00e4\u00df Zertifikate die seine Benutzungsdauer definieren. Die Beh\u00e4lter m\u00fcssen\u00a0<b>regelm\u00e4\u00dfig kontrolliert<\/b>\u00a0werden um jegliche Undichtheiten oder Sch\u00e4den vor dem Wechsel, der Reparation oder der Erstellung eines neuen Zertifikats ausfindig zu machen.[\/vc_column_text][\/vc_column][vc_column css_animation=&#8220;none&#8220; width=&#8220;1\/2&#8243;][vc_column_text el_class=&#8220;gros-titre fort traits-gris-droite-gauche titre-gauche vc_sep_border_width_2 vc_separator wpb_content_element vc_separator_align_left vc_sep_width_100 vc_sep_pos_align_center vc_sep_color_grey vc_separator-has-text&#8220;]<\/p>\n<div class=\"vc_sep_holder vc_sep_holder_l\">\n<p class=\"vc_sep_line\" style=\"border-color: grey;\">\n<\/div>\n<h2>Die Konditionsinstandhaltung<\/h2>\n<div class=\"vc_sep_holder vc_sep_holder_r\">\n<p class=\"vc_sep_line\" style=\"border-color: grey;\">\n<\/div>\n<p>[\/vc_column_text][vc_column_text]Die\u00a0<b>Konditionsinstandhaltung<\/b>\u00a0ist eine Instandhaltung die w\u00e4hrend\u00a0<b>der Probleme und Sch\u00e4den<\/b>\u00a0die zu einer Anomalie f\u00fchren k\u00f6nnen durchgef\u00fchrt wird. Es handelt sich dabei um eine visuelle ungeplante oder geplante Inspektion.<\/p>\n<p>Als Beispiel wird ein Reifen dessen Verschlei\u00dfanzeige langsam nicht mehr sichtbar ist, nicht weiter benutzt. Man hat visuell festgestellt, dass die Verschlei\u00dfanzeige angegriffen wurde und dass daher die technischen Grenzen des Reifens bald erreicht sind. Man muss ihn daher schnell auswechseln.<\/p>\n<p>Im Industriebereich stellt man visuell fest, dass ein F\u00f6rderband dessen Gurt anf\u00e4ngt Rinnen durch die Steinschl\u00e4ge bei der Aufgabe aufzuweisen oder an manchen Orten abgefr\u00e4st ist bald umgetauscht werden muss, um das Zerrei\u00dfen des Bandes zu vermeiden und eine Besch\u00e4digung der Anlage vorzubeugen.[\/vc_column_text][\/vc_column][\/vc_row][vc_row][vc_column][vc_btn title=&#8220;Kontaktieren Sie uns&#8220; style=&#8220;flat&#8220; shape=&#8220;square&#8220; color=&#8220;black&#8220; align=&#8220;center&#8220; link=&#8220;url:%2Fde%2FKontakt%2F|title:Contact%20Standard%20industrie&#8220;][\/vc_column][\/vc_row]<\/p>\n","protected":false},"excerpt":{"rendered":"<p>[vc_row][vc_column][vc_empty_space][\/vc_column][\/vc_row][vc_row][vc_column][vc_column_text el_class=&#8220;gros-titre fort traits-gris-droite-gauche titre-gauche vc_sep_border_width_2 vc_separator wpb_content_element vc_separator_align_left vc_sep_width_100 vc_sep_pos_align_center vc_sep_color_grey vc_separator-has-text&#8220;] STANDARD INDUSTRIE INTERNATIONAL [\/vc_column_text][vc_column_text]Die pr\u00e4ventive Instandhaltung wird\u00a0vor einer Panne\u00a0durchgef\u00fchrt, um den Stillstand einer<span class=\"excerpt-hellip\"> [\u2026]<\/span><\/p>\n","protected":false},"author":1,"featured_media":0,"parent":2499,"menu_order":49,"comment_status":"closed","ping_status":"closed","template":"","meta":{"footnotes":""},"class_list":["post-2504","page","type-page","status-publish","hentry"],"_links":{"self":[{"href":"https:\/\/www.standard-industrie.com\/de\/wp-json\/wp\/v2\/pages\/2504","targetHints":{"allow":["GET"]}}],"collection":[{"href":"https:\/\/www.standard-industrie.com\/de\/wp-json\/wp\/v2\/pages"}],"about":[{"href":"https:\/\/www.standard-industrie.com\/de\/wp-json\/wp\/v2\/types\/page"}],"author":[{"embeddable":true,"href":"https:\/\/www.standard-industrie.com\/de\/wp-json\/wp\/v2\/users\/1"}],"replies":[{"embeddable":true,"href":"https:\/\/www.standard-industrie.com\/de\/wp-json\/wp\/v2\/comments?post=2504"}],"version-history":[{"count":0,"href":"https:\/\/www.standard-industrie.com\/de\/wp-json\/wp\/v2\/pages\/2504\/revisions"}],"up":[{"embeddable":true,"href":"https:\/\/www.standard-industrie.com\/de\/wp-json\/wp\/v2\/pages\/2499"}],"wp:attachment":[{"href":"https:\/\/www.standard-industrie.com\/de\/wp-json\/wp\/v2\/media?parent=2504"}],"curies":[{"name":"wp","href":"https:\/\/api.w.org\/{rel}","templated":true}]}}