{"id":2506,"date":"2017-04-20T13:29:15","date_gmt":"2017-04-20T12:29:15","guid":{"rendered":"https:\/\/www.standard-industrie.com\/de\/?page_id=2506"},"modified":"2025-06-04T20:15:50","modified_gmt":"2025-06-04T19:15:50","slug":"die-kurative-instandhaltung","status":"publish","type":"page","link":"https:\/\/www.standard-industrie.com\/de\/instandhaltungsmethoden\/die-kurative-instandhaltung\/","title":{"rendered":"DIE KURATIVE INSTANDHALTUNG"},"content":{"rendered":"<p>[vc_row][vc_column][vc_empty_space][\/vc_column][\/vc_row][vc_row el_class=&#8220;invert-block&#8220;][vc_column width=&#8220;1\/2&#8243; el_class=&#8220;partie-txt&#8220;][vc_column_text]Im Gegensatz zur\u00a0<a href=\"\/de\/instandhaltungsmethoden\/die-korrektive-instandhaltung\/\">korrektiven graduellen Instandhaltung<\/a>, die darin besteht provisorisch eine Anlage zu reparieren, wird die kurative Instandhaltung eingesetzt, wenn eine Anlage nicht mehr funktioniert und repariert werden muss. In diesem Fall muss man die Bestandteile teilweise oder ganz auswechseln. Es ist m\u00f6glich, dass die kurative Instandhaltung trotz pr\u00e4ventiver oder korrektiver Instandhaltung eingesetzt wird.<\/p>\n<p>Im Rahmen der\u00a0<b>kurativen Instandhaltung<\/b>\u00a0wird nicht zur Kenntnis genommen ob die kaputten Bestandteile den Prozess st\u00f6ren oder nicht. Es kann sich daher um eine kleine oder um eine gro\u00dfe Reparaturma\u00dfnahme handeln.<br \/>\nBeispielsweise kann eine Waschmaschine deren Resistenzen kaputt sind nicht mehr Kleidung waschen. Man muss eingreifen und die kaputte Resistenz auswechseln um die eigentliche Funktion der Maschine wieder herzustellen. Ein Fahrrad dessen platter Reifen schon einmal mit einem Patsch (korrektive graduelle Instandhaltung) repariert wurde und der wieder platt wird, muss ausgewechselt werden: Das ist eine kurative Instandhaltung.<\/p>\n<p>In der Industrie kann es sich um ein Silo oder einen Bunker handeln der beim Austrag mit einem Absperrschieber ausgestattet ist. Wenn dieser Schieber wegen der Korrosion blockiert ist oder durch einen Schock besch\u00e4digt wurde\u2026 kann das Produkt nicht mehr dosiert werden. Man muss daher den Schieber auswechseln um das richtige.<br \/>\nAustragsverfahren wieder herzustellen. Ein weiteres Beispiel w\u00e4re ein F\u00f6rderband dass schon repariert wurde (mit Klammern oder neuer Vulkanisierung) und dass nochmal, nach einem Bandverlauf auf der L\u00e4nge oder Breite rei\u00dft, weil es schon zu oft repariert wurde oder zu viele Sch\u00e4den erleiden musste um weiter benutzt werden zu k\u00f6nnen.<\/p>\n<p>Die kurative Instandhaltung kann daher mit einer\u00a0<b>Reparatur der defekten oder besch\u00e4digten Anlage<\/b>\u00a0verglichen werden. Bei Besch\u00e4digungen k\u00f6nnen auch andere Instandhaltungstypen schon fr\u00fcher eingesetzt werden: korrektive oder\u00a0<a href=\"\/de\/instandhaltungsmethoden\/die-praeventive-instandhaltung\/\">pr\u00e4ventive Instandhaltung<\/a>. Sie ist oft mit dem\u00a0<b>Lebensende der Maschine<\/b>\u00a0oder seiner Bestandteile verbunden.[\/vc_column_text][vc_btn title=&#8220;Kontaktieren Sie uns&#8220; style=&#8220;flat&#8220; shape=&#8220;square&#8220; color=&#8220;black&#8220; align=&#8220;center&#8220; link=&#8220;url:%2Fde%2FKontakt%2F|title:Contact%20Standard%20industrie&#8220;][\/vc_column][vc_column css_animation=&#8220;slideInRight&#8220; width=&#8220;1\/2&#8243;][vc_single_image image=&#8220;2525&#8243; img_size=&#8220;full&#8220; alignment=&#8220;center&#8220;][\/vc_column][\/vc_row][vc_row disable_element=&#8220;yes&#8220; el_class=&#8220;invert-block&#8220;][vc_column css_animation=&#8220;none&#8220;][vc_column_text el_class=&#8220;gros-titre fort traits-gris-droite-gauche titre-gauche vc_sep_border_width_2 vc_separator wpb_content_element vc_separator_align_left vc_sep_width_100 vc_sep_pos_align_center vc_sep_color_grey vc_separator-has-text&#8220;]<\/p>\n<div class=\"vc_sep_holder vc_sep_holder_l\">\n<p class=\"vc_sep_line\" style=\"border-color: grey;\">\n<\/div>\n<h2>La maintenance curative dans l&#8217;industrie<\/h2>\n<div class=\"vc_sep_holder vc_sep_holder_r\">\n<p class=\"vc_sep_line\" style=\"border-color: grey;\">\n<\/div>\n<p>[\/vc_column_text][vc_column_text]Dans l\u2019industrie il peut s\u2019agir d\u2019un silo ou d\u2019une tr\u00e9mie \u00e9quip\u00e9e d\u2019une vanne guillotine pour l\u2019extraction. Si cette vanne est bloqu\u00e9e \u00e0 cause de la corrosion, d\u00e9form\u00e9e suite \u00e0 un choc\u2026 ne permet plus de doser la sortie du produit. Il faudra donc la changer afin de r\u00e9tablir l\u2019extraction du silo pour l\u2019alimentation du process.<br \/>\nNous pouvons encore prendre comme autre cas un convoyeur \u00e0 bande dont la bande a d\u00e9j\u00e0 \u00e9t\u00e9 r\u00e9par\u00e9 (\u00e9ventuellement r\u00e9-agraf\u00e9e ou re-vulcanis\u00e9e) qui se d\u00e9chire \u00e0 nouveau dans la largeur ou dans la longueur suite \u00e0 un d\u00e9port de bande par exemple devra \u00eatre remplac\u00e9e car cette derni\u00e8re aura \u00e9t\u00e9 trop r\u00e9par\u00e9e ou aura subie trop de d\u00e9g\u00e2ts pour continuer \u00e0 \u00eatre utilis\u00e9e.<\/p>\n<p>La\u00a0maintenance curative\u00a0peut donc \u00eatre assimil\u00e9e \u00e0 de la\u00a0r\u00e9paration de mat\u00e9riel d\u00e9fectueux\u00a0ou endommag\u00e9. Cette derni\u00e8re ayant pu \u00eatre associ\u00e9e \u00e0 d\u2019autres\u00a0maintenances\u00a0:\u00a0<a href=\"https:\/\/www.standard-industrie.com\/de\/maintenance\/la-maintenance-preventive\/\">maintenance pr\u00e9ventive<\/a>\u00a0ou\u00a0corrective. Elle est g\u00e9n\u00e9ralement li\u00e9e \u00e0 la\u00a0fin de vie d\u2019une machine\u00a0ou d\u2019un composant de celle-ci.[\/vc_column_text][\/vc_column][\/vc_row]<\/p>\n","protected":false},"excerpt":{"rendered":"<p>[vc_row][vc_column][vc_empty_space][\/vc_column][\/vc_row][vc_row el_class=&#8220;invert-block&#8220;][vc_column width=&#8220;1\/2&#8243; el_class=&#8220;partie-txt&#8220;][vc_column_text]Im Gegensatz zur\u00a0korrektiven graduellen Instandhaltung, die darin besteht provisorisch eine Anlage zu reparieren, wird die kurative Instandhaltung eingesetzt, wenn eine Anlage nicht mehr<span class=\"excerpt-hellip\"> [\u2026]<\/span><\/p>\n","protected":false},"author":1,"featured_media":0,"parent":2499,"menu_order":48,"comment_status":"closed","ping_status":"closed","template":"","meta":{"footnotes":""},"class_list":["post-2506","page","type-page","status-publish","hentry"],"_links":{"self":[{"href":"https:\/\/www.standard-industrie.com\/de\/wp-json\/wp\/v2\/pages\/2506","targetHints":{"allow":["GET"]}}],"collection":[{"href":"https:\/\/www.standard-industrie.com\/de\/wp-json\/wp\/v2\/pages"}],"about":[{"href":"https:\/\/www.standard-industrie.com\/de\/wp-json\/wp\/v2\/types\/page"}],"author":[{"embeddable":true,"href":"https:\/\/www.standard-industrie.com\/de\/wp-json\/wp\/v2\/users\/1"}],"replies":[{"embeddable":true,"href":"https:\/\/www.standard-industrie.com\/de\/wp-json\/wp\/v2\/comments?post=2506"}],"version-history":[{"count":0,"href":"https:\/\/www.standard-industrie.com\/de\/wp-json\/wp\/v2\/pages\/2506\/revisions"}],"up":[{"embeddable":true,"href":"https:\/\/www.standard-industrie.com\/de\/wp-json\/wp\/v2\/pages\/2499"}],"wp:attachment":[{"href":"https:\/\/www.standard-industrie.com\/de\/wp-json\/wp\/v2\/media?parent=2506"}],"curies":[{"name":"wp","href":"https:\/\/api.w.org\/{rel}","templated":true}]}}