{"id":2886,"date":"2018-04-05T10:15:55","date_gmt":"2018-04-05T09:15:55","guid":{"rendered":"https:\/\/www.standard-industrie.com\/de\/?page_id=2886"},"modified":"2025-06-04T20:12:44","modified_gmt":"2025-06-04T19:12:44","slug":"industrieller-reinigung","status":"publish","type":"page","link":"https:\/\/www.standard-industrie.com\/de\/industrieller-reinigung\/","title":{"rendered":"INDUSTRIELLER REINIGUNG"},"content":{"rendered":"<p>[vc_row][vc_column css=&#8220;.vc_custom_1668767480700{margin-top: 10px !important;}&#8220;][vc_column_text el_class=&#8220;btn-retour txt-rouge&#8220;]<\/p>\n<div class=\"vc_sep_holder vc_sep_holder_l\">\n<p class=\"vc_sep_line\" style=\"border-color: grey;\"><a href=\"\/industrielle-absaugung\/\">&lt; Industrielle Absaugung<br \/>\n<\/a><\/p>\n<\/div>\n<p>[\/vc_column_text][\/vc_column][\/vc_row][vc_row][vc_column][vc_empty_space][vc_column_text el_class=&#8220;gros-titre fort trait-rouge traits-gris-droite-gauche titre-centre vc_separator wpb_content_element vc_separator_align_center vc_sep_width_100 vc_sep_border_width_2 vc_sep_pos_align_center vc_separator-has-text&#8220;]<\/p>\n<div class=\"vc_sep_holder vc_sep_holder_l\">\n<p class=\"vc_sep_line\" style=\"border-color: grey;\">\n<\/div>\n<h2 style=\"text-align: center;\">WAS VERSTEHT MAN UNTER INDUSTRIELLER REINIGUNG?<\/h2>\n<div class=\"vc_sep_holder vc_sep_holder_r\">\n<p class=\"vc_sep_line\" style=\"border-color: grey;\">\n<\/div>\n<p>[\/vc_column_text][\/vc_column][\/vc_row][vc_row el_class=&#8220;invert-block&#8220;][vc_column width=&#8220;1\/2&#8243;][vc_column_text]Um genauer auf diese Branche eingehen zu k\u00f6nnen, m\u00fcssen die verschiedenen Reinigungsfirmen unterschieden werden. Bestimmte Reinigungsfirmen sind auf die Reinigung von R\u00e4umen spezialisiert oder deren Instandhaltung im Rahmen von Desinfizierung oder Dekontaminierung zum Beispiel: es handelt sich dabei um Reinigungsfirmen oder -dienste. Andere sind auf die Reinigung von Beh\u00e4ltern oder Teppichen spezialisiert. Diese sind eher im sogenannten Terti\u00e4rsektor angesiedelt. Sie besch\u00e4ftigen Reinigungsangestellte, deren Aufgabe es ist, R\u00e4ume sauber zu halten. Obwohl man sie mit der industriellen Reinigung gleichsetzen w\u00fcrde, sind sie von der eigentlichen industriellen Reinigung weit entfernt.<\/p>\n<p>Die industrielle Reinigung geht n\u00e4mlich viel st\u00e4rker in Richtung\u00a0<a href=\"\/de\/unsere-tatigkeitsbereiche\/\" target=\"_blank\" rel=\"noopener\"><b>Reinigung von Industriegel\u00e4nden<\/b><\/a>, wie z. B. in der Lebensmittelindustrie und anderen industrienahen Branchen. Sie k\u00f6nnen sich zum Beispiel auf die Reinigung nach Systemausf\u00e4llen spezialisieren und verwenden professionelle Reinigungsger\u00e4te, wie z. B. Dampfreiniger, Ger\u00e4te zur Beseitigung von Anbackungen, falls die betroffene Fabrik \u00fcber Silos verf\u00fcgt. Manchmal wird\u00a0<a href=\"\/de\/beseitigung-der-anbackungen-und-anhaftungen\/\" target=\"_blank\" rel=\"noopener\"><b>Druckluft ben\u00f6tigt um die Ger\u00e4te zur Beseitigung der Anbackungen<\/b><\/a>\u00a0oder Abtragung anzutreiben. Andere verschreiben sich der Branche der reinen industriellen Reinigung, welche die Industrien f\u00fcr die t\u00e4gliche Reinigung ben\u00f6tigen.[\/vc_column_text][\/vc_column][vc_column width=&#8220;1\/2&#8243;][vc_single_image image=&#8220;5101&#8243; img_size=&#8220;full&#8220; alignment=&#8220;center&#8220;][\/vc_column][\/vc_row][vc_row][vc_column][vc_empty_space][vc_column_text el_class=&#8220;gros-titre fort trait-rouge traits-gris-droite-gauche titre-centre vc_separator wpb_content_element vc_separator_align_center vc_sep_width_100 vc_sep_border_width_2 vc_sep_pos_align_center vc_separator-has-text&#8220;]<\/p>\n<div class=\"vc_sep_holder vc_sep_holder_l\">\n<p class=\"vc_sep_line\" style=\"border-color: grey;\">\n<\/div>\n<h2 style=\"text-align: center;\">WELCHE MASCHINE F\u00dcR DIE INDUSTRIELLE REINIGUNG?<\/h2>\n<div class=\"vc_sep_holder vc_sep_holder_r\">\n<p class=\"vc_sep_line\" style=\"border-color: grey;\">\n<\/div>\n<p>[\/vc_column_text][\/vc_column][\/vc_row][vc_row el_class=&#8220;invert-block&#8220;][vc_column width=&#8220;1\/4&#8243;][\/vc_column][vc_column width=&#8220;1\/2&#8243;][vc_column_text]Um ihren Kunden gerecht zu werden, m\u00fcssen sich diese Akteure der Industriereinigung in bestimmten F\u00e4llen mit Sauganlagen ausstatten, von der kleinen mobilen Absaugeinheit bis zum\u00a0<a href=\"\/de\/cam\/\" target=\"_blank\" rel=\"noopener\"><b>Absaug-LKW<\/b><\/a>.<\/p>\n<p>Die Produktpalette dieser Absaugausr\u00fcstung ist sehr umfassend und bestimmte Unternehmen haben sich auf diesen Bereich spezialisiert. Der Markt f\u00fcr industrielle Reinigung ist wachsend und strikt. Des Weiteren muss die Reinigungstechnik heutzutage den steigenden Anforderungen der Betriebe in Sachen Reinigungsergebnis gerecht werden. F\u00fcr eine schnellere und gr\u00fcndlichere Reinigung bieten\u00a0<a href=\"\/de\/industrielle-absaugung\/\" target=\"_blank\" rel=\"noopener\"><b>unsere Absauganlagen<\/b><\/a>\u00a0spezifische L\u00f6sungen, die s\u00e4mtlichen Anforderungen der Industriereinigung gerecht werden. Je gr\u00f6\u00dfer eine Fabrik ist, desto gr\u00f6\u00dfer ist ihr Bedarf an industrieller Reinigung, woraus sich der Anspruch der zu erwarteten Leistung ergibt. Zu diesem Zweck statten sich Betriebe entweder direkt mit einem Saug-LKW aus, den sie den Mitarbeitern zur Verf\u00fcgung stellen, oder sie erwarten die Ausstattung mit einem Saug-LKW von ihrer Reinigungsfirma.[\/vc_column_text][\/vc_column][vc_column width=&#8220;1\/4&#8243;][\/vc_column][\/vc_row][vc_row][vc_column css=&#8220;.vc_custom_1668767480700{margin-top: 10px !important;}&#8220;][vc_column_text el_class=&#8220;btn-retour txt-rouge&#8220;]<\/p>\n<div class=\"vc_sep_holder vc_sep_holder_l\">\n<p class=\"vc_sep_line\" style=\"border-color: grey;\"><a href=\"\/industrielle-absaugung\/\">&lt; Industrielle Absaugung<br \/>\n<\/a><\/p>\n<\/div>\n<p>[\/vc_column_text][\/vc_column][\/vc_row]<\/p>\n","protected":false},"excerpt":{"rendered":"<p>[vc_row][vc_column css=&#8220;.vc_custom_1668767480700{margin-top: 10px !important;}&#8220;][vc_column_text el_class=&#8220;btn-retour txt-rouge&#8220;] &lt; Industrielle Absaugung [\/vc_column_text][\/vc_column][\/vc_row][vc_row][vc_column][vc_empty_space][vc_column_text el_class=&#8220;gros-titre fort trait-rouge traits-gris-droite-gauche titre-centre vc_separator wpb_content_element vc_separator_align_center vc_sep_width_100 vc_sep_border_width_2 vc_sep_pos_align_center vc_separator-has-text&#8220;] WAS VERSTEHT MAN UNTER<span class=\"excerpt-hellip\"> [\u2026]<\/span><\/p>\n","protected":false},"author":1,"featured_media":0,"parent":0,"menu_order":44,"comment_status":"closed","ping_status":"closed","template":"single-nettoyage-industriel-aspiration.php","meta":{"footnotes":""},"class_list":["post-2886","page","type-page","status-publish","hentry"],"_links":{"self":[{"href":"https:\/\/www.standard-industrie.com\/de\/wp-json\/wp\/v2\/pages\/2886","targetHints":{"allow":["GET"]}}],"collection":[{"href":"https:\/\/www.standard-industrie.com\/de\/wp-json\/wp\/v2\/pages"}],"about":[{"href":"https:\/\/www.standard-industrie.com\/de\/wp-json\/wp\/v2\/types\/page"}],"author":[{"embeddable":true,"href":"https:\/\/www.standard-industrie.com\/de\/wp-json\/wp\/v2\/users\/1"}],"replies":[{"embeddable":true,"href":"https:\/\/www.standard-industrie.com\/de\/wp-json\/wp\/v2\/comments?post=2886"}],"version-history":[{"count":0,"href":"https:\/\/www.standard-industrie.com\/de\/wp-json\/wp\/v2\/pages\/2886\/revisions"}],"wp:attachment":[{"href":"https:\/\/www.standard-industrie.com\/de\/wp-json\/wp\/v2\/media?parent=2886"}],"curies":[{"name":"wp","href":"https:\/\/api.w.org\/{rel}","templated":true}]}}