{"id":2904,"date":"2018-04-05T13:10:00","date_gmt":"2018-04-05T12:10:00","guid":{"rendered":"https:\/\/www.standard-industrie.com\/de\/?page_id=2904"},"modified":"2025-06-04T20:13:58","modified_gmt":"2025-06-04T19:13:58","slug":"luftkompressor","status":"publish","type":"page","link":"https:\/\/www.standard-industrie.com\/de\/luftkompressor\/","title":{"rendered":"luftkompressor"},"content":{"rendered":"<p>[vc_row][vc_column css=&#8220;.vc_custom_1668767480700{margin-top: 10px !important;}&#8220;][vc_column_text el_class=&#8220;btn-retour txt-rouge&#8220;]<\/p>\n<div class=\"vc_sep_holder vc_sep_holder_l\">\n<p class=\"vc_sep_line\" style=\"border-color: grey;\"><a href=\"https:\/\/www.standard-industrie.com\/de\/beseitigung-der-anbackungen-und-anhaftungen\/\">&lt; Beseitigung der Anbackungen und Anhaftungen<\/a><\/p>\n<\/div>\n<p>[\/vc_column_text][\/vc_column][\/vc_row][vc_row][vc_column][vc_empty_space][vc_column_text el_class=&#8220;gros-titre fort trait-rouge traits-gris-droite-gauche titre-centre vc_separator wpb_content_element vc_separator_align_center vc_sep_width_100 vc_sep_border_width_2 vc_sep_pos_align_center vc_separator-has-text&#8220;]<\/p>\n<div class=\"vc_sep_holder vc_sep_holder_l\">\n<p class=\"vc_sep_line\" style=\"border-color: grey;\">\n<\/div>\n<h2 style=\"text-align: center;\">Funktionsweise, nutzen und anwendungsm\u00f6glichkeiten ?<\/h2>\n<div class=\"vc_sep_holder vc_sep_holder_r\">\n<p class=\"vc_sep_line\" style=\"border-color: grey;\">\n<\/div>\n<p>[\/vc_column_text][\/vc_column][\/vc_row][vc_row el_class=&#8220;invert-block&#8220;][vc_column width=&#8220;1\/2&#8243;][vc_column_text]Die Auswahl eines Luftkompressors richtet sich nach :<\/p>\n<ul>\n<li>Verwendung der Druckluft, aber auch nach seinem Funktionsprinzip<\/li>\n<li>Nach seiner Funktionsweise: Motorisierung, Leistung, Fassungsverm\u00f6gen, usw.<\/li>\n<\/ul>\n<p><strong><em>Man unterscheidet Kompressoren nach zwei Mechanismen: Schraubenkompressoren und Kolbenkompressoren. Diese Einteilung gibt es sowohl bei professionellen Kompressoren als auch bei solchen f\u00fcr den Privatgebrauch.<\/em><\/strong>[\/vc_column_text][\/vc_column][vc_column width=&#8220;1\/2&#8243;][vc_single_image image=&#8220;5096&#8243; img_size=&#8220;medium&#8220; alignment=&#8220;center&#8220;][vc_empty_space][\/vc_column][\/vc_row][vc_row][vc_column css_animation=&#8220;slideInLeft&#8220; width=&#8220;1\/2&#8243;][vc_column_text el_class=&#8220;titre titre-long fort trait-rouge traits-gris-droite-gauche titre-centre vc_separator wpb_content_element vc_separator_align_center vc_sep_width_100 vc_sep_border_width_2 vc_sep_pos_align_center vc_separator-has-text&#8220;]<\/p>\n<div class=\"vc_sep_holder vc_sep_holder_l\">\n<p class=\"vc_sep_line\" style=\"border-color: grey;\">\n<\/div>\n<h2 style=\"text-align: center;\">DER SCHRAUBENKOMPRESSOR: HANDELS\u00dcBLICHER ABER TEURER<\/h2>\n<div class=\"vc_sep_holder vc_sep_holder_r\">\n<p class=\"vc_sep_line\" style=\"border-color: grey;\">\n<\/div>\n<p>[\/vc_column_text][vc_column_text]Der Schraubenkompressor ist das von der Allgemeinheit am h\u00e4ufigsten verwendete Kompressorsystem. Die Luftverdichtung erfolgt durch Rotation der beiden Rotoren einer Schraube. Auf der einen Seite saugt der Kompressor Luft durch die Schraubenrotation ein, auf der anderen Seite wird die Luft unter Druck herausbef\u00f6rdert. Durch ihre geringe Gr\u00f6\u00dfe sind die Schraubenkompressoren einfacher zu handhaben, was insbesondere f\u00fcr tragbare oder kabellose Kompressoren gilt (Beispiel: Autoreifen aufpumpen). Sie geh\u00f6ren auch zu den teuersten auf dem Markt. Der hohe Preis kann einen K\u00e4ufer dazu veranlassen einen gebrauchten Kompressor zu einem niedrigeren Preis zu kaufen.[\/vc_column_text][\/vc_column][vc_column css_animation=&#8220;slideInRight&#8220; width=&#8220;1\/2&#8243;][vc_empty_space height=&#8220;50px&#8220;][vc_column_text el_class=&#8220;titre titre-long fort trait-rouge traits-gris-droite-gauche titre-centre vc_separator wpb_content_element vc_separator_align_center vc_sep_width_100 vc_sep_border_width_2 vc_sep_pos_align_center vc_separator-has-text&#8220;]<\/p>\n<div class=\"vc_sep_holder vc_sep_holder_l\">\n<p class=\"vc_sep_line\" style=\"border-color: grey;\">\n<\/div>\n<h2 style=\"text-align: center;\">KOLBENKOMPRESSOR: VOR ALLEM IN DER INDUSTRIE, INSBESONDERE F\u00dcR GASE<\/h2>\n<div class=\"vc_sep_holder vc_sep_holder_r\">\n<p class=\"vc_sep_line\" style=\"border-color: grey;\">\n<\/div>\n<p>[\/vc_column_text][vc_column_text]Von einem Motor angetrieben, vollf\u00fchren die Kolben eine Vor-und-zur\u00fcck-Bewegung durch Zylinder hindurch, welche mit Absperrventilen versehen sind. Durch diese Bewegung wird die Luft komprimiert. Kolbenkompressoren werden haupts\u00e4chlich in der Industrie verwendet und k\u00f6nnen Gase dauerhaft komprimieren. (ABAC Kompressoren zum Beispiel).<\/p>\n<p>Die Versorgungsart des Motors beeinflusst die Funktionsweise und die Verwendungsm\u00f6glichkeit von Kompressoren. Es werden zwei Motorarten unterschieden: elektrisch oder thermisch.[\/vc_column_text][\/vc_column][\/vc_row][vc_row][vc_column css_animation=&#8220;slideInLeft&#8220; width=&#8220;1\/2&#8243;][vc_column_text el_class=&#8220;titre titre-long fort trait-rouge traits-gris-droite-gauche titre-centre vc_separator wpb_content_element vc_separator_align_center vc_sep_width_100 vc_sep_border_width_2 vc_sep_pos_align_center vc_separator-has-text&#8220;]<\/p>\n<div class=\"vc_sep_holder vc_sep_holder_l\">\n<p class=\"vc_sep_line\" style=\"border-color: grey;\">\n<\/div>\n<h2 style=\"text-align: center;\">ELEKTROKOMPRESSOR: DER EINFACHSTE<\/h2>\n<div class=\"vc_sep_holder vc_sep_holder_r\">\n<p class=\"vc_sep_line\" style=\"border-color: grey;\">\n<\/div>\n<p>[\/vc_column_text][vc_column_text]Das g\u00fcnstigste Modell, welches sich am einfachsten handhaben l\u00e4sst, ist der Elektrokompressor. Allerdings kann er nicht auf Baustellen eingesetzt werden. Er muss n\u00e4mlich durchgehend an ein Stromnetz angeschlossen sein.<\/p>\n<p>Der Elektrokompressor kann zum Beispiel f\u00fcr folgende Arbeiten eingesetzt werden:<\/p>\n<ul>\n<li>Sandstrahlen: Sandstrahlpistole<\/li>\n<li>Malerarbeiten: Airbrush und Farbspritzpistole<\/li>\n<li>Aufpumpen: Luftd\u00fcse \u00fcber einen Schnellverbinder<\/li>\n<\/ul>\n<p>[\/vc_column_text][\/vc_column][vc_column css_animation=&#8220;slideInRight&#8220; width=&#8220;1\/2&#8243;][vc_empty_space height=&#8220;50px&#8220;][vc_column_text el_class=&#8220;titre titre-long fort trait-rouge traits-gris-droite-gauche titre-centre vc_separator wpb_content_element vc_separator_align_center vc_sep_width_100 vc_sep_border_width_2 vc_sep_pos_align_center vc_separator-has-text&#8220;]<\/p>\n<div class=\"vc_sep_holder vc_sep_holder_l\">\n<p class=\"vc_sep_line\" style=\"border-color: grey;\">\n<\/div>\n<h2 style=\"text-align: center;\">THERMOKOMPRESSOR: DAS MODELL F\u00dcR PROFIS<\/h2>\n<div class=\"vc_sep_holder vc_sep_holder_r\">\n<p class=\"vc_sep_line\" style=\"border-color: grey;\">\n<\/div>\n<p>[\/vc_column_text][vc_column_text]Der Thermokompressor ist vor allem f\u00fcr den professionellen Gebrauch bestimmt. Er wird mit Kraftstoff angetrieben: Benzin oder Diesel. Er ist demnach kostenintensiver als ein Elektrokompressor. Daf\u00fcr ist er weitaus leistungsst\u00e4rker. Da er f\u00fcr den Betrieb keinen Stromanschluss ben\u00f6tigt, ist er mobiler einsetzbar.[\/vc_column_text][\/vc_column][\/vc_row][vc_row][vc_column css_animation=&#8220;slideInLeft&#8220; width=&#8220;1\/2&#8243;][vc_column_text el_class=&#8220;titre titre-long fort trait-rouge traits-gris-droite-gauche titre-centre vc_separator wpb_content_element vc_separator_align_center vc_sep_width_100 vc_sep_border_width_2 vc_sep_pos_align_center vc_separator-has-text&#8220;]<\/p>\n<div class=\"vc_sep_holder vc_sep_holder_l\">\n<p class=\"vc_sep_line\" style=\"border-color: grey;\">\n<\/div>\n<h2 style=\"text-align: center;\">SPEZIELLE KOMPRESSOREN: FL\u00dcSTER- UND \u00d6LFREIE KOMPRESSOREN<\/h2>\n<div class=\"vc_sep_holder vc_sep_holder_r\">\n<p class=\"vc_sep_line\" style=\"border-color: grey;\">\n<\/div>\n<p>[\/vc_column_text][vc_column_text]Kompressoren haben auch verschiedene Nachteile. Daher wurden bestimmte Kompressoren entwickelt, um die Anwendung der Ger\u00e4te besser und bequemer zu machen.<\/p>\n<ul>\n<li>Fl\u00fcsterkompressor: st\u00f6rt die Nachbarn nicht und schont das Ohr des Nutzers.<\/li>\n<li>\u00d6lfreier Kompressor: reduziert \u00d6lverschwendung und Nutzungskosten<\/li>\n<\/ul>\n<p>[\/vc_column_text][\/vc_column][vc_column css_animation=&#8220;slideInRight&#8220; width=&#8220;1\/2&#8243;][vc_empty_space height=&#8220;50px&#8220;][vc_column_text el_class=&#8220;titre titre-long fort trait-rouge traits-gris-droite-gauche titre-centre vc_separator wpb_content_element vc_separator_align_center vc_sep_width_100 vc_sep_border_width_2 vc_sep_pos_align_center vc_separator-has-text&#8220;]<\/p>\n<div class=\"vc_sep_holder vc_sep_holder_l\">\n<p class=\"vc_sep_line\" style=\"border-color: grey;\">\n<\/div>\n<h2 style=\"text-align: center;\">SICHERHEITSSYSTEME<\/h2>\n<div class=\"vc_sep_holder vc_sep_holder_r\">\n<p class=\"vc_sep_line\" style=\"border-color: grey;\">\n<\/div>\n<p>[\/vc_column_text][vc_column_text]Ein Druckluftbeh\u00e4lter kann zu einem gef\u00e4hrlichen Gegenstand werden, weil er unter hohem Druck steht. Gl\u00fccklicherweise sorgen mehrere Systeme f\u00fcr eine optimale Sicherheit: Manometer, welches \u00fcber ein T-St\u00fcck mit einem Sicherheitsventil verbunden ist, Ablassventil, usw.[\/vc_column_text][\/vc_column][\/vc_row][vc_row][vc_column][vc_empty_space][vc_column_text el_class=&#8220;gros-titre fort trait-rouge traits-gris-droite-gauche titre-centre vc_separator wpb_content_element vc_separator_align_center vc_sep_width_100 vc_sep_border_width_2 vc_sep_pos_align_center vc_separator-has-text&#8220;]<\/p>\n<div class=\"vc_sep_holder vc_sep_holder_l\">\n<p class=\"vc_sep_line\" style=\"border-color: grey;\">\n<\/div>\n<h2 style=\"text-align: center;\">Anwendung der kompressoren von standard industrie ?<\/h2>\n<div class=\"vc_sep_holder vc_sep_holder_r\">\n<p class=\"vc_sep_line\" style=\"border-color: grey;\">\n<\/div>\n<p>[\/vc_column_text][\/vc_column][\/vc_row][vc_row el_class=&#8220;invert-block&#8220;][vc_column width=&#8220;1\/2&#8243;][vc_column_text]F\u00fcr Standard Industrie International sind Kompressoren ein wichtiger Bestandteil f\u00fcr Reinigungsverfahren und die Beseitigung von Ablagerungen in Silos, Trichtern, Filtern, usw. Druckluft wird n\u00e4mlich wie folgt verwendet:<\/p>\n<ul>\n<li>in den Beh\u00e4ltern der AIRCHOC\u00ae Luftkanonen unserer Airchoc-Reihe<\/li>\n<li>f\u00fcr unsere Maschinen f\u00fcr die Reinigung von Silos und Trichtern<strong>\u00a0<a href=\"https:\/\/www.standard-industrie.com\/de\/gironet\/\" target=\"_blank\" rel=\"noopener\">Gironet<\/a><\/strong>, und unsere Bohrmaschinen<strong>\u00a0<a href=\"https:\/\/www.standard-industrie.com\/de\/powernet\/\" target=\"_blank\" rel=\"noopener\">Powernet<\/a><\/strong><\/li>\n<li>ebenfalls in unseren\u00a0<strong><a href=\"https:\/\/www.standard-industrie.com\/de\/industrielle-absaugung\/\" target=\"_blank\" rel=\"noopener\">Absauganlagen (Reinigung von Filtern)<\/a>.<\/strong><\/li>\n<\/ul>\n<p>In der Regel ist bei unseren Kunden bereits ein Kompressor f\u00fcr die gesamte Werkshalle vorhanden. Aber es besteht auch die M\u00f6glichkeit die erforderliche Leistung f\u00fcr neue Installationen zu ermitteln und neue Druckluftnetze einzurichten um beispielsweise den Druckluftbedarf unserer Luftkanonen zu decken.<\/p>\n<p>Der Anschluss zwischen Kompressor und Beh\u00e4lter erfolgt \u00fcber eine starre Rohrleitung aus Stahl oder Edelstahl, deren Durchmesser je nach gew\u00fcnschter Leistung variieren k\u00f6nnen.<\/p>\n<p><em><b>Hier folgt ein Beispiel f\u00fcr eine Kompressorinstallation :<\/b><\/em>[\/vc_column_text][\/vc_column][vc_column width=&#8220;1\/2&#8243;][vc_single_image image=&#8220;6281&#8243; img_size=&#8220;full&#8220; alignment=&#8220;center&#8220;][vc_empty_space][\/vc_column][\/vc_row][vc_row][vc_column][vc_column_text el_class=&#8220;btn-retour txt-rouge&#8220;]<\/p>\n<div class=\"vc_sep_holder vc_sep_holder_l\">\n<p class=\"vc_sep_line\" style=\"border-color: grey;\"><a href=\"https:\/\/www.standard-industrie.com\/de\/beseitigung-der-anbackungen-und-anhaftungen\/\">&lt; Beseitigung der Anbackungen und Anhaftungen<\/a><\/p>\n<\/div>\n<p>[\/vc_column_text][\/vc_column][\/vc_row]<\/p>\n","protected":false},"excerpt":{"rendered":"<p>[vc_row][vc_column css=&#8220;.vc_custom_1668767480700{margin-top: 10px !important;}&#8220;][vc_column_text el_class=&#8220;btn-retour txt-rouge&#8220;] &lt; Beseitigung der Anbackungen und Anhaftungen [\/vc_column_text][\/vc_column][\/vc_row][vc_row][vc_column][vc_empty_space][vc_column_text el_class=&#8220;gros-titre fort trait-rouge traits-gris-droite-gauche titre-centre vc_separator wpb_content_element vc_separator_align_center vc_sep_width_100 vc_sep_border_width_2 vc_sep_pos_align_center vc_separator-has-text&#8220;] Funktionsweise,<span class=\"excerpt-hellip\"> [\u2026]<\/span><\/p>\n","protected":false},"author":1,"featured_media":0,"parent":0,"menu_order":46,"comment_status":"closed","ping_status":"closed","template":"single-airchoc.php","meta":{"footnotes":""},"class_list":["post-2904","page","type-page","status-publish","hentry"],"_links":{"self":[{"href":"https:\/\/www.standard-industrie.com\/de\/wp-json\/wp\/v2\/pages\/2904","targetHints":{"allow":["GET"]}}],"collection":[{"href":"https:\/\/www.standard-industrie.com\/de\/wp-json\/wp\/v2\/pages"}],"about":[{"href":"https:\/\/www.standard-industrie.com\/de\/wp-json\/wp\/v2\/types\/page"}],"author":[{"embeddable":true,"href":"https:\/\/www.standard-industrie.com\/de\/wp-json\/wp\/v2\/users\/1"}],"replies":[{"embeddable":true,"href":"https:\/\/www.standard-industrie.com\/de\/wp-json\/wp\/v2\/comments?post=2904"}],"version-history":[{"count":0,"href":"https:\/\/www.standard-industrie.com\/de\/wp-json\/wp\/v2\/pages\/2904\/revisions"}],"wp:attachment":[{"href":"https:\/\/www.standard-industrie.com\/de\/wp-json\/wp\/v2\/media?parent=2904"}],"curies":[{"name":"wp","href":"https:\/\/api.w.org\/{rel}","templated":true}]}}