{"id":2930,"date":"2018-04-05T14:17:23","date_gmt":"2018-04-05T13:17:23","guid":{"rendered":"https:\/\/www.standard-industrie.com\/de\/?page_id=2930"},"modified":"2025-06-04T20:12:10","modified_gmt":"2025-06-04T19:12:10","slug":"wartung-airchoc","status":"publish","type":"page","link":"https:\/\/www.standard-industrie.com\/de\/wartung-airchoc\/","title":{"rendered":"WARTUNG DER BEH\u00c4LTER UNSERER AIRCHOC\u00ae LUFTKANONE"},"content":{"rendered":"<p>[vc_row][vc_column css=&#8220;.vc_custom_1668767480700{margin-top: 10px !important;}&#8220;][vc_column_text el_class=&#8220;btn-retour txt-rouge&#8220;]<\/p>\n<div class=\"vc_sep_holder vc_sep_holder_l\">\n<p class=\"vc_sep_line\" style=\"border-color: grey;\"><a href=\"\/de\/beseitigung-der-anbackungen-und-anhaftungen\/\">&lt; Beseitigung von Verstopfungen und Konkretionen<\/a><\/p>\n<\/div>\n<p>[\/vc_column_text][\/vc_column][\/vc_row][vc_row][vc_column][vc_empty_space][vc_column_text el_class=&#8220;gros-titre fort trait-rouge traits-gris-droite-gauche titre-centre vc_separator wpb_content_element vc_separator_align_center vc_sep_width_100 vc_sep_border_width_2 vc_sep_pos_align_center vc_separator-has-text&#8220;]<\/p>\n<div class=\"vc_sep_holder vc_sep_holder_l\">\n<p class=\"vc_sep_line\" style=\"border-color: grey;\">\n<\/div>\n<h2 style=\"text-align: center;\">Auf einen <a href=\"\/de\/airchoc-2\/\">AIRCHOC\u00ae<\/a> einwirken:<\/h2>\n<div class=\"vc_sep_holder vc_sep_holder_r\">\n<p class=\"vc_sep_line\" style=\"border-color: grey;\">\n<\/div>\n<p>[\/vc_column_text][\/vc_column][\/vc_row][vc_row el_class=&#8220;invert-block&#8220;][vc_column width=&#8220;1\/2&#8243;][vc_column_text]<\/p>\n<ul>\n<li>Luftventil der entsprechenden Gruppe und eventuell weiterer Gruppen im Arbeitsbereich schlie\u00dfen<\/li>\n<li>Individuelle Stromversorgung der Airchoc\u00ae Luftkanone trennen (Absperr-\/Isolierventil)<\/li>\n<li>In den manuellen Modus umschalten und den Schuss der Luftkanone \u00fcberpr\u00fcfen (wenn m\u00f6glich Anzeige beachten)<\/li>\n<li>Ablassventil des Beh\u00e4lters \u00f6ffnen um das Kondenswasser zu entfernen, welches sich aufgrund des Temperaturabfalls und der Druckzunahme gebildet hat<\/li>\n<li>Diesen Vorgang vor jedem Abbau am gesamten Bestand an Airchoc\u00ae Luftkanone des Bereiches wiederholen<\/li>\n<li><\/li>\n<\/ul>\n<h2><b>Voraussetzungen f\u00fcr eine ordnungsgem\u00e4\u00dfe Funktion eines AIRCHOC\u00ae Luftsto\u00df:<\/b><\/h2>\n<ul>\n<li>Gen\u00fcgend Luftdruck<\/li>\n<li>Saubere Luft<\/li>\n<li>Einlass- und Ablassventil<\/li>\n<li>Kette zur Aufh\u00e4ngung<\/li>\n<li>Elektrizit\u00e4t, Spannung<\/li>\n<\/ul>\n<h3><b>Voraussetzungen f\u00fcr\u00a0<a href=\"\/de\/beseitigung-der-anbackungen-und-anhaftungen\/\" target=\"_blank\" rel=\"noopener\">eine gute Beseitigung von Anbackungen<\/a><\/b><\/h3>\n<ul>\n<li>Kompressor mit gen\u00fcgend Luftdruck (Schrauben- oder Kolbenkompressor)<\/li>\n<li><a href=\"\/de\/leitduesen\/\" target=\"_blank\" rel=\"noopener\">Installation von Ableitern<\/a><\/li>\n<li>Steuerung\/Abschussfrequenz<\/li>\n<\/ul>\n<p>[\/vc_column_text][\/vc_column][vc_column width=&#8220;1\/2&#8243;][vc_single_image image=&#8220;5089&#8243; img_size=&#8220;full&#8220; alignment=&#8220;center&#8220;][vc_empty_space][\/vc_column][\/vc_row][vc_row][vc_column][vc_column_text el_class=&#8220;btn-retour txt-rouge&#8220;]<a href=\"\/de\/beseitigung-der-anbackungen-und-anhaftungen\/\">&lt; Beseitigung von Verstopfungen und Konkretionen<\/a>[\/vc_column_text][\/vc_column][\/vc_row]<\/p>\n","protected":false},"excerpt":{"rendered":"<p>[vc_row][vc_column css=&#8220;.vc_custom_1668767480700{margin-top: 10px !important;}&#8220;][vc_column_text el_class=&#8220;btn-retour txt-rouge&#8220;] &lt; Beseitigung von Verstopfungen und Konkretionen [\/vc_column_text][\/vc_column][\/vc_row][vc_row][vc_column][vc_empty_space][vc_column_text el_class=&#8220;gros-titre fort trait-rouge traits-gris-droite-gauche titre-centre vc_separator wpb_content_element vc_separator_align_center vc_sep_width_100 vc_sep_border_width_2 vc_sep_pos_align_center vc_separator-has-text&#8220;] Auf<span class=\"excerpt-hellip\"> [\u2026]<\/span><\/p>\n","protected":false},"author":1,"featured_media":0,"parent":0,"menu_order":43,"comment_status":"closed","ping_status":"closed","template":"single-airchoc.php","meta":{"footnotes":""},"class_list":["post-2930","page","type-page","status-publish","hentry"],"_links":{"self":[{"href":"https:\/\/www.standard-industrie.com\/de\/wp-json\/wp\/v2\/pages\/2930","targetHints":{"allow":["GET"]}}],"collection":[{"href":"https:\/\/www.standard-industrie.com\/de\/wp-json\/wp\/v2\/pages"}],"about":[{"href":"https:\/\/www.standard-industrie.com\/de\/wp-json\/wp\/v2\/types\/page"}],"author":[{"embeddable":true,"href":"https:\/\/www.standard-industrie.com\/de\/wp-json\/wp\/v2\/users\/1"}],"replies":[{"embeddable":true,"href":"https:\/\/www.standard-industrie.com\/de\/wp-json\/wp\/v2\/comments?post=2930"}],"version-history":[{"count":0,"href":"https:\/\/www.standard-industrie.com\/de\/wp-json\/wp\/v2\/pages\/2930\/revisions"}],"wp:attachment":[{"href":"https:\/\/www.standard-industrie.com\/de\/wp-json\/wp\/v2\/media?parent=2930"}],"curies":[{"name":"wp","href":"https:\/\/api.w.org\/{rel}","templated":true}]}}