{"id":2957,"date":"2018-04-06T10:04:55","date_gmt":"2018-04-06T09:04:55","guid":{"rendered":"https:\/\/www.standard-industrie.com\/de\/?page_id=2957"},"modified":"2025-06-04T20:11:47","modified_gmt":"2025-06-04T19:11:47","slug":"unsere-installationen","status":"publish","type":"page","link":"https:\/\/www.standard-industrie.com\/de\/unsere-installationen\/","title":{"rendered":"UNSERE INSTALLATIONEN"},"content":{"rendered":"<p>[vc_row][vc_column][vc_empty_space][\/vc_column][\/vc_row][vc_row][vc_column][vc_column_text el_class=&#8220;gros-titre fort traits-gris-droite-gauche titre-gauche vc_sep_border_width_2 vc_separator wpb_content_element vc_separator_align_left vc_sep_width_100 vc_sep_pos_align_center vc_sep_color_grey vc_separator-has-text&#8220;]<\/p>\n<div class=\"vc_sep_holder vc_sep_holder_l\">\n<p class=\"vc_sep_line\" style=\"border-color: grey;\">\n<\/div>\n<h2>STANDARD INDUSTRIE INTERNATIONAL<\/h2>\n<div class=\"vc_sep_holder vc_sep_holder_r\">\n<p class=\"vc_sep_line\" style=\"border-color: grey;\">\n<\/div>\n<p>[\/vc_column_text][\/vc_column][\/vc_row][vc_row][vc_column width=&#8220;1\/4&#8243;][\/vc_column][vc_column width=&#8220;1\/2&#8243;][vc_column_text]Standard Industrie International entwirft Ger\u00e4te, welche die Lagerung, Austragung, F\u00f6rderung und Reinigung von Pulvern und Sch\u00fcttg\u00fctern unterst\u00fctzen und vereinfachen. Unser Unternehmen bietet Ihnen folgende Anlagen :[\/vc_column_text][\/vc_column][vc_column width=&#8220;1\/4&#8243;][\/vc_column][\/vc_row][vc_row el_class=&#8220;invert-block&#8220;][vc_column width=&#8220;1\/2&#8243; el_class=&#8220;partie-txt&#8220;][vc_column_text el_class=&#8220;gros-titre fort traits-gris-droite-gauche titre-gauche vc_sep_border_width_2 vc_separator wpb_content_element vc_separator_align_left vc_sep_width_100 vc_sep_pos_align_center vc_sep_color_grey vc_separator-has-text&#8220;]<\/p>\n<div class=\"vc_sep_holder vc_sep_holder_l\">\n<p class=\"vc_sep_line\" style=\"border-color: grey;\">\n<\/div>\n<h2>1- Installation von Luftkanonen an Silos und Trichtern<\/h2>\n<div class=\"vc_sep_holder vc_sep_holder_r\">\n<p class=\"vc_sep_line\" style=\"border-color: grey;\">\n<\/div>\n<p>[\/vc_column_text][vc_column_text]Unser Unternehmen positioniert sich als Marktf\u00fchrer in der Beseitigung von Anbackungen, insbesondere an Silos und Trichtern, und dies in erster Linie dank unseres Erfolgsmodells,\u00a0<b><a href=\"\/de\/airchoc-2\/\" target=\"_blank\" rel=\"noopener\">der AIRCHOC\u00ae Luftkanone<\/a><\/b>, welche vor knapp 40 Jahren zum Patent angemeldet wurde. Im Bestreben nach Innovation, entwarf das Unternehmen anschlie\u00dfend den\u00a0<b><a href=\"\/de\/macsys-wireless\/\" target=\"_blank\" rel=\"noopener\">MACSYS\u00ae, eine Luftkanone mit Multi-K\u00f6pfen<\/a><\/b>, der perfekt f\u00fcr Problemstellen und schwer erreichbare Bereiche geeignet ist. Um den Bed\u00fcrfnissen seiner Kunden bestm\u00f6glich gerecht zu werden, hat das Unternehmen eine kabelfreie Version entwickelt (Wireless). In Kombination mit AIRCHOC\u00ae und MACSYS\u00ae wird bei dieser innovativen Technologie, wie deren Name schon sagt, auf die Installation von Kabelkan\u00e4len verzichtet. \u00dcber einen Anschlusskasten und eine Fernbedienung k\u00f6nnen bis zu 128 Luftkanonen aus sicherer Entfernung gesteuert werden.<\/p>\n<p>Derzeit bietet unser multinationales Unternehmen die gr\u00f6\u00dfte Produktpalette an Luftkanonen auf dem Markt.<\/p>\n<p>Das Funktionsprinzip dieser L\u00f6sungen ist einfach: eine komprimierte Luftmenge, die zwischen 1 und 400 Litern variiert, wird explosionsartig freigesetzt. Die erzielte Wirkung ist wegen der abrupten Freisetzung der Druckluft einer Deflagration gleichzusetzen. Die auf das Sch\u00fcttgut einwirkende Druckwelle erm\u00f6glicht das Abflie\u00dfen des Materials.<\/p>\n<p><b>Die Anwendungsbereiche sind vielf\u00e4ltig. AIRCHOC ist die L\u00f6sung f\u00fcr folgende Probleme:<\/b><\/p>\n<ul>\n<li>Anbackungen an Trichtern in Steinbr\u00fcchen<\/li>\n<li>Br\u00fccken- und Kaminbildung bei Staubbeh\u00e4ltern in Abfallbehandlungsanlagen der Eisenindustrie<\/li>\n<li>Br\u00fccken- und Kaminbildung bei Schieferbeh\u00e4ltern in Ziegelwerken<\/li>\n<li>Verstopfungen von Zyklonen der L\u00fcftungskan\u00e4le in Metallrecycling-Anlagen<\/li>\n<li>Reinigung von Silos mit W\u00e4getechnik in Glaswerken<\/li>\n<li>Anhaftungen am Ofeneingang in Zementwerken<\/li>\n<li>Blockierungen aufgrund von Staubablagerungen in Zementwerken<\/li>\n<li>Anbackungen an Lagersilos f\u00fcr Erze in Bergwerken<\/li>\n<li>Materialfluss nach Verbrennung in Kalk\u00f6fen<\/li>\n<li>Feuchtigkeitsempfindliche Anbackungen von Sand in Gie\u00dfereien<\/li>\n<li>Reinigung Zufuhrschacht des Biomassekessels<\/li>\n<li>Ascheanh\u00e4ufung im Verbrennungskessel an den Konvektionsfl\u00e4chen und W\u00e4rmetauschern (AIRCHOC ersetzt das Ru\u00dfgebl\u00e4se)<\/li>\n<\/ul>\n<p>Die AIRCHOC\u00ae Luftkanone genie\u00dft ein internationales Renommee und hat sich in den vergangenen vierzig Jahren auf dem Markt der Sch\u00fcttgutindustrie bew\u00e4hrt.[\/vc_column_text][\/vc_column][vc_column css_animation=&#8220;slideInRight&#8220; width=&#8220;1\/2&#8243;][vc_single_image image=&#8220;5717&#8243; img_size=&#8220;full&#8220; alignment=&#8220;center&#8220;][vc_single_image image=&#8220;4247&#8243; img_size=&#8220;full&#8220; alignment=&#8220;center&#8220;][\/vc_column][\/vc_row][vc_row][vc_column width=&#8220;1\/2&#8243;][vc_btn title=&#8220;FALLSTUDIEN&#8220; style=&#8220;flat&#8220; shape=&#8220;square&#8220; color=&#8220;black&#8220; align=&#8220;center&#8220; link=&#8220;url:https%3A%2F%2Fwww.standard-industrie.com%2Fde%2Ffallstudien%2F|title:Contact%20Standard%20industrie&#8220;][\/vc_column][vc_column width=&#8220;1\/2&#8243;][vc_btn title=&#8220;Kontaktieren Sie uns&#8220; style=&#8220;flat&#8220; shape=&#8220;square&#8220; color=&#8220;black&#8220; align=&#8220;center&#8220; link=&#8220;url:%2Fde%2FKontakt%2F|title:Contact%20Standard%20industrie&#8220;][\/vc_column][\/vc_row][vc_row el_class=&#8220;invert-block&#8220;][vc_column css_animation=&#8220;slideInLeft&#8220; width=&#8220;1\/2&#8243;][vc_single_image image=&#8220;4649&#8243; img_size=&#8220;full&#8220; alignment=&#8220;center&#8220;][\/vc_column][vc_column width=&#8220;1\/2&#8243; el_class=&#8220;partie-txt&#8220;][vc_column_text el_class=&#8220;gros-titre fort traits-gris-droite-gauche titre-gauche vc_sep_border_width_2 vc_separator wpb_content_element vc_separator_align_left vc_sep_width_100 vc_sep_pos_align_center vc_sep_color_grey vc_separator-has-text&#8220;]<\/p>\n<div class=\"vc_sep_holder vc_sep_holder_l\">\n<p class=\"vc_sep_line\" style=\"border-color: grey;\">\n<\/div>\n<h2>2- Installation von Schutzsystemen f\u00fcr Transportb\u00e4nder<\/h2>\n<div class=\"vc_sep_holder vc_sep_holder_r\">\n<p class=\"vc_sep_line\" style=\"border-color: grey;\">\n<\/div>\n<p>[\/vc_column_text][vc_column_text]Au\u00dferdem hat Standard Industrie International\u00a0<b><a href=\"\/de\/liftube\/\" target=\"_blank\" rel=\"noopener\">LIFTUBE\u00ae entwickelt: eine effiziente L\u00f6sung f\u00fcr Transportb\u00e4nder<\/a><\/b>, welche es erm\u00f6glicht deren Abdichtung und Sicherheit zu optimieren. Durch dieses System werden Staubemission, Materialverlust und Wartungsaufwand stark reduziert und die Sicherheit der Mitarbeiter gew\u00e4hrleistet. LIFTUBE\u00ae ist in den Versionen Standard und \u00dcberbreite verf\u00fcgbar und kann mit speziellem Zubeh\u00f6r ausgestattet werden, welches f\u00fcr Lebensmittel, hohe Temperaturen, ATEX Zone 21 oder leicht entflammbare Umgebungen geeignet ist.<\/p>\n<p><b>Diese L\u00f6sung ist f\u00fcr die F\u00f6rderung von Schuttg\u00fctern in verschiedenen T\u00e4tigkeitsbereichen geeignet:<\/b><\/p>\n<ul>\n<li>F\u00f6rderband f\u00fcr Kalkstein im Steinbruch<\/li>\n<li>F\u00f6rderband f\u00fcr Kohle im Heizkraftwerk<\/li>\n<li>F\u00f6rderband f\u00fcr L\u00f6schkalk im Kalkwerk<\/li>\n<li>F\u00f6rderband f\u00fcr Zementklinker und Gips im Zementwerk<\/li>\n<li>F\u00f6rderband f\u00fcr Metallschrott im Recyclingbetrieb<\/li>\n<li>F\u00f6rderband f\u00fcr Karbonat in der Chemieindustrie<\/li>\n<li>F\u00f6rderband f\u00fcr Bruchglas im Glaswerk<\/li>\n<li>Transport von Alternativbrennstoffen<\/li>\n<li>Transport von Sand<\/li>\n<\/ul>\n<p>[\/vc_column_text][vc_btn title=&#8220;FALLSTUDIEN&#8220; style=&#8220;flat&#8220; shape=&#8220;square&#8220; color=&#8220;black&#8220; align=&#8220;center&#8220; link=&#8220;url:https%3A%2F%2Fwww.standard-industrie.com%2Fde%2Ffallstudien%2F|title:Contact%20Standard%20industrie&#8220;][\/vc_column][\/vc_row][vc_row el_class=&#8220;invert-block&#8220;][vc_column width=&#8220;1\/2&#8243; el_class=&#8220;partie-txt&#8220;][vc_column_text el_class=&#8220;gros-titre fort traits-gris-droite-gauche titre-gauche vc_sep_border_width_2 vc_separator wpb_content_element vc_separator_align_left vc_sep_width_100 vc_sep_pos_align_center vc_sep_color_grey vc_separator-has-text&#8220;]<\/p>\n<div class=\"vc_sep_holder vc_sep_holder_l\">\n<p class=\"vc_sep_line\" style=\"border-color: grey;\">\n<\/div>\n<h2>3- Installation von industriellen Absaugsystemen<\/h2>\n<div class=\"vc_sep_holder vc_sep_holder_r\">\n<p class=\"vc_sep_line\" style=\"border-color: grey;\">\n<\/div>\n<p>[\/vc_column_text][vc_column_text]Standard Industrie International ist auch Entwickler und Hersteller von Anlagen zur<b>\u00a0<a href=\"\/de\/industrielle-absaugung\/\" target=\"_blank\" rel=\"noopener\">industriellen Reinigung durch Absaugung<\/a><\/b>. Unser Know How und Fachwissen zu industriellen Verfahren, erg\u00e4nzt durch eine individuelle Bestandsaufnahme, erm\u00f6glicht es uns, die besten technischen und wirtschaftlichen L\u00f6sungen f\u00fcr die verschiedensten Einsatzbereiche zu liefern und dabei gleichzeitig den Mitarbeitern ein sicheres Arbeitsumfeld zu gew\u00e4hrleisten.<\/p>\n<p>Standard Industrie International hat die passende L\u00f6sung: ob mobile Absauganlagen oder Absaug-LKW, Elektro- oder Dieselantrieb, von 5 bis 300CV und einer Saugleistung von bis zu 7500m<sup>3<\/sup>\/h\u00a0<b>f\u00fcr jeden Reinigungsbedarf ist etwas dabei:<\/b><\/p>\n<ul>\n<li>Reinigung von Produktionsanlagen f\u00fcr D\u00fcngemittel durch mobile Absauganlage<\/li>\n<li>Absaugung von Kalk im Steinbruch mit Absaug-LKW<\/li>\n<li>Absaugung von fliegender Asche in Verbrennungsanlagen<\/li>\n<li>Absaugung und R\u00fcckf\u00fchrung von Zement und Klinker in Zementwerken<\/li>\n<li>Absaugung von Holzpellets mit einer GAD (mobile Absauganlage) in W\u00e4rmekraftwerken.<\/li>\n<li>Absaugung von Sand mit einer PAD (Industrie-Absauganlage) in Glaswerken<\/li>\n<li>Reinigung von Mahlwerken, Silos und F\u00f6rderb\u00e4ndern in Zementwerken<\/li>\n<li>Reinigung und Wiederverwertung von Zement mit einer mobilen Absaugzentrale<\/li>\n<\/ul>\n<p>[\/vc_column_text][vc_btn title=&#8220;FALLSTUDIEN&#8220; style=&#8220;flat&#8220; shape=&#8220;square&#8220; color=&#8220;black&#8220; align=&#8220;center&#8220; link=&#8220;url:https%3A%2F%2Fwww.standard-industrie.com%2Fde%2Ffallstudien%2F|title:Contact%20Standard%20industrie&#8220;][\/vc_column][vc_column css_animation=&#8220;slideInRight&#8220; width=&#8220;1\/2&#8243;][vc_single_image image=&#8220;5714&#8243; img_size=&#8220;full&#8220; alignment=&#8220;center&#8220;][\/vc_column][\/vc_row][vc_row el_class=&#8220;invert-block&#8220;][vc_column css_animation=&#8220;slideInLeft&#8220; width=&#8220;1\/2&#8243;][vc_single_image image=&#8220;4094&#8243; img_size=&#8220;full&#8220; alignment=&#8220;center&#8220;][\/vc_column][vc_column width=&#8220;1\/2&#8243; el_class=&#8220;partie-txt&#8220;][vc_column_text el_class=&#8220;gros-titre fort traits-gris-droite-gauche titre-gauche vc_sep_border_width_2 vc_separator wpb_content_element vc_separator_align_left vc_sep_width_100 vc_sep_pos_align_center vc_sep_color_grey vc_separator-has-text&#8220;]<\/p>\n<div class=\"vc_sep_holder vc_sep_holder_l\">\n<p class=\"vc_sep_line\" style=\"border-color: grey;\">\n<\/div>\n<h2>4- Reinigungsservice f\u00fcr Speichereinheiten<\/h2>\n<div class=\"vc_sep_holder vc_sep_holder_r\">\n<p class=\"vc_sep_line\" style=\"border-color: grey;\">\n<\/div>\n<p>[\/vc_column_text][vc_column_text]Schlie\u00dflich bietet Standard Industrie International einen\u00a0<a href=\"\/de\/trichter-und-siloreinigung-als-dienstleistung\/\" target=\"_blank\" rel=\"noopener\"><b>Reinigungsservice f\u00fcr die Beseitigung von Anbackungen<\/b><\/a>\u00a0in Speichereinheiten mithilfe von\u00a0<b><a href=\"\/de\/powernet\/\" target=\"_blank\" rel=\"noopener\">POWERNET<\/a><\/b>\u00a0und<b>\u00a0<a href=\"\/de\/gironet\/\" target=\"_blank\" rel=\"noopener\">GIRONET<\/a><\/b>\u00ae. Diese beiden L\u00f6sungen sind in den Ausf\u00fchrungen pneumatisch oder hydraulisch verf\u00fcgbar. Sie k\u00f6nnen f\u00fcr alle Arten von Anbackungen, Schuttg\u00fctern und Lagereinheiten wirksam angewendet werden, ohne die Produktion einstellen zu m\u00fcssen. Diese Reinigung ist \u00e4u\u00dferst sicher, da ein Personaleinsatz im Inneren der Silos und Trichter w\u00e4hrend des Reinigungsvorgangs nicht notwendig ist. Des Weiteren wird dank der Verwendung von Druckluft und einem Motorgeh\u00e4use aus Aluminium die Gefahr einer Deflagration vermieden. Auf diese Weise kann der Kunde seine tats\u00e4chliche Lagerkapazit\u00e4t wieder vollst\u00e4ndig herstellen und seinen Mitarbeitern gleichzeitig optimale Sicherheit gew\u00e4hrleisten.<\/p>\n<p>Hier einige Einsatzbeispiele:<\/p>\n<ul>\n<li>Reinigung eines Reaktors in einer Verbrennungsanlage<\/li>\n<li>Reinigung von Natriumkarbonat-Silos in Glaswerken<\/li>\n<li>Beseitigung von Materialkrusten an den W\u00e4nden eines Gips-Lagersilos<\/li>\n<li>Reinigung von Getreidemehlsilos<\/li>\n<li>Reinigung von Kohlebunkern in der Eisenindustrie<\/li>\n<\/ul>\n<p><b><a href=\"\/de\/unsere-geschichte\/\" target=\"_blank\" rel=\"noopener\">Standard Industrie International<\/a><\/b>\u00a0ist daher ein marktf\u00fchrender Anbieter in der Sch\u00fcttgutindustrie auf internationaler Ebene. Folglich agiert unser Unternehmen mit franz\u00f6sischen Wurzeln in den verschiedensten Branchen, wie z. B. in Zementwerken, W\u00e4rmekraftwerken, in der Eisenindustrie, in Bergwerken, Steinbr\u00fcchen, usw. um diesen alle erforderlichen L\u00f6sungen f\u00fcr Sch\u00fcttguthandling, Wiederherstellung der Produktionsleistung, Arbeitsumgebung oder Sicherheit zu liefern.[\/vc_column_text][\/vc_column][\/vc_row][vc_row][vc_column width=&#8220;1\/2&#8243;][vc_btn title=&#8220;Kontaktieren Sie uns&#8220; style=&#8220;flat&#8220; shape=&#8220;square&#8220; color=&#8220;black&#8220; align=&#8220;center&#8220; link=&#8220;url:%2Fde%2FKontakt%2F|title:Contact%20Standard%20industrie&#8220;][\/vc_column][vc_column width=&#8220;1\/2&#8243;][vc_btn title=&#8220;FALLSTUDIEN&#8220; style=&#8220;flat&#8220; shape=&#8220;square&#8220; color=&#8220;black&#8220; align=&#8220;center&#8220; link=&#8220;url:https%3A%2F%2Fwww.standard-industrie.com%2Fde%2Ffallstudien%2F|title:Contact%20Standard%20industrie&#8220;][\/vc_column][\/vc_row]<\/p>\n","protected":false},"excerpt":{"rendered":"<p>[vc_row][vc_column][vc_empty_space][\/vc_column][\/vc_row][vc_row][vc_column][vc_column_text el_class=&#8220;gros-titre fort traits-gris-droite-gauche titre-gauche vc_sep_border_width_2 vc_separator wpb_content_element vc_separator_align_left vc_sep_width_100 vc_sep_pos_align_center vc_sep_color_grey vc_separator-has-text&#8220;] STANDARD INDUSTRIE INTERNATIONAL [\/vc_column_text][\/vc_column][\/vc_row][vc_row][vc_column width=&#8220;1\/4&#8243;][\/vc_column][vc_column width=&#8220;1\/2&#8243;][vc_column_text]Standard Industrie International entwirft Ger\u00e4te, welche die Lagerung,<span class=\"excerpt-hellip\"> [\u2026]<\/span><\/p>\n","protected":false},"author":1,"featured_media":0,"parent":0,"menu_order":42,"comment_status":"closed","ping_status":"closed","template":"","meta":{"footnotes":""},"class_list":["post-2957","page","type-page","status-publish","hentry"],"_links":{"self":[{"href":"https:\/\/www.standard-industrie.com\/de\/wp-json\/wp\/v2\/pages\/2957","targetHints":{"allow":["GET"]}}],"collection":[{"href":"https:\/\/www.standard-industrie.com\/de\/wp-json\/wp\/v2\/pages"}],"about":[{"href":"https:\/\/www.standard-industrie.com\/de\/wp-json\/wp\/v2\/types\/page"}],"author":[{"embeddable":true,"href":"https:\/\/www.standard-industrie.com\/de\/wp-json\/wp\/v2\/users\/1"}],"replies":[{"embeddable":true,"href":"https:\/\/www.standard-industrie.com\/de\/wp-json\/wp\/v2\/comments?post=2957"}],"version-history":[{"count":0,"href":"https:\/\/www.standard-industrie.com\/de\/wp-json\/wp\/v2\/pages\/2957\/revisions"}],"wp:attachment":[{"href":"https:\/\/www.standard-industrie.com\/de\/wp-json\/wp\/v2\/media?parent=2957"}],"curies":[{"name":"wp","href":"https:\/\/api.w.org\/{rel}","templated":true}]}}