{"id":3024,"date":"2018-05-23T15:43:59","date_gmt":"2018-05-23T14:43:59","guid":{"rendered":"https:\/\/www.standard-industrie.com\/de\/?page_id=3024"},"modified":"2023-02-20T15:40:49","modified_gmt":"2023-02-20T14:40:49","slug":"datenschutzrichtlinie","status":"publish","type":"page","link":"https:\/\/www.standard-industrie.com\/de\/datenschutzrichtlinie\/","title":{"rendered":"Datenschutzrichtlinie"},"content":{"rendered":"<p>[vc_row][vc_column][vc_empty_space][vc_column_text]<\/p>\n<h1>Verwaltung von Cookies &#8211; Datenschutzrichtlinie<\/h1>\n<p>Wir nehmen Ihre Privatsph\u00e4re sehr ernst!<\/p>\n<p>Vielen Dank, dass Sie unsere Webseiten und Dienstleistungen nutzen. Wie Sie glauben auch wir, dass pers\u00f6nliche Integrit\u00e4t wichtig ist, und nehmen Ihre Privatsph\u00e4re sehr ernst. Diese Datenschutzrichtlinie ist f\u00fcr jede nat\u00fcrliche Person relevant, die ihre pers\u00f6nlichen Daten direkt oder indirekt mit Standard Industrie teilt, indem sie unsere Websites besucht oder unsere Dienstleistungen nutzt.<\/p>\n<p>Standard Industrie ist ein in Frankreich ans\u00e4ssiges Unternehmen und als solches halten wir uns an die franz\u00f6sische Gesetzgebung zum Schutz personenbezogener Daten (1998: 204), die die europ\u00e4ische Datenschutzrichtlinie 95\/46\/EC umsetzt.<\/p>\n<p>Unser Hauptsitz befindet sich in 139 -141 rue du Luxembourg<br \/>\nCS 50207<br \/>\n59054 ROUBAIX Cedex 1<br \/>\nFRANKREICH.<\/p>\n<p>Bitte z\u00f6gern Sie nicht, uns Ihre Fragen oder Bedenken zum Datenschutz mitzuteilen, und zwar unter folgender Adresse: info@www.standard-industrie.com.<\/p>\n<p>In dieser Datenschutzrichtlinie erl\u00e4utern wir, welche Arten von personenbezogenen Daten zu welchen Zwecken verarbeitet werden k\u00f6nnen. Wir erl\u00e4utern auch, welche Wahlm\u00f6glichkeiten Sie in Bezug auf unsere Verarbeitung haben und wie Sie mehr \u00fcber unsere Verarbeitung und Ihre Rechte erfahren k\u00f6nnen.<\/p>\n<h2>GELTUNGSBEREICH DER DATENSCHUTZRICHTLINIE<\/h2>\n<p>Bitte beachten Sie, dass diese Datenschutzrichtlinie die Verarbeitung personenbezogener Daten betrifft, f\u00fcr die Standard Industrie der Verantwortliche f\u00fcr die Verarbeitung ist, d. h. in F\u00e4llen, in denen Standard Industrie \u00fcber den Zweck und die Mittel der Verarbeitung entschieden hat.<\/p>\n<p>Zur Klarstellung: Diese Datenschutzrichtlinie bezieht sich nicht auf die Verarbeitung personenbezogener Daten durch Standard Industrie als Auftragsverarbeiter, die sich aus Ihrer Nutzung unserer Dienste ergibt.<\/p>\n<p>Weitere Informationen dar\u00fcber, wie unsere Dienstleistungen, verwendet werden k\u00f6nnen, um Ihre Verarbeitung personenbezogener Daten zu erleichtern, und \u00fcber die Verantwortlichkeiten und Verpflichtungen von Standard Industrie in Bezug auf diese, entnehmen Sie bitte den anwendbaren Bedingungen.<\/p>\n<h2>VERARBEITETE PERSONENBEZOGENE DATEN<\/h2>\n<p>Personenbezogene Daten bezeichnen Daten, die Sie als nat\u00fcrliche Person identifizieren. Wir k\u00f6nnen die folgenden Arten von personenbezogenen Daten \u00fcber Sie verarbeiten:<\/p>\n<p>Ihre Kontaktdaten einschlie\u00dflich Ihres Namens, der E-Mail-Adresse und der Telefonnummer.<\/p>\n<p>Benutzerinformationen, z. B. wenn Sie sich bei unserem Dienst anmelden oder unsere Websites besuchen. Diese Informationen k\u00f6nnen IP-Nummer, Ger\u00e4tetyp und Browser, Zeitzone, geografischer Standort sowie Ihre Interessen und Vorlieben umfassen Informationen dar\u00fcber, wie Sie mit unseren Diensten interagieren, z. B. \u00fcber die verwendeten Funktionen und angeklickten Schaltfl\u00e4chen.<\/p>\n<p>Andere Informationen, die wir \u00fcber Ihre Kontakte erhalten.<\/p>\n<h2>ZWECKE DER VERARBEITUNG<\/h2>\n<p>Wir verarbeiten Ihre personenbezogenen Daten f\u00fcr die folgenden Zwecke:<\/p>\n<p>Erbringung unserer Dienstleistungen gem\u00e4\u00df den geltenden Bedingungen.<\/p>\n<p>Verwaltung der Gesch\u00e4ftsbeziehung mit Ihnen und dem von Ihnen vertretenen Kunden von Standard Industrie.<\/p>\n<p>Um unsere Dienstleistungen weiterzuentwickeln und zu verbessern.<\/p>\n<p>Um aktuellen oder potenziellen Kunden von Standard Industrie Informationen und Angebote \u00fcber unsere Dienstleistungen durch ausgew\u00e4hlte Drittparteien zur Verf\u00fcgung zu stellen. Zur Vermeidung von Unklarheiten wird jegliches Marketingmaterial, das unter Verwendung Ihrer personenbezogenen Daten verteilt wird, an Sie als Vertreter eines aktuellen oder potenziellen Kunden von Standard Industrie und nicht an Sie als Privatperson gesendet.<\/p>\n<h2>TEILUNG MIT DRITTEN UND \u00dcBERTRAGUNG IN DRITTL\u00c4NDER<\/h2>\n<p>Wir k\u00f6nnen personenbezogene Daten zu den oben erl\u00e4uterten Zwecken an Dritte weitergeben. Um Zweifel auszuschlie\u00dfen, werden wir personenbezogene Daten nicht in der Weise an Dritte weitergeben, dass diese Dritten personenbezogene Daten f\u00fcr Direktmarketingzwecke in Bezug auf Sie als Privatperson verwenden, sondern nur in Bezug auf Sie als Vertreter eines aktuellen oder potenziellen Kunden von Standard Industrie.<\/p>\n<p>Wir k\u00f6nnen personenbezogene Daten in ein Land au\u00dferhalb des EWR \u00fcbertragen, aber dann m\u00fcssen wir zun\u00e4chst Ihre Zustimmung einholen oder durch andere Vorkehrungen sicherstellen, dass die \u00dcbertragung rechtm\u00e4\u00dfig und sicher ist.<\/p>\n<p>Wie oben erl\u00e4utert, denken Sie bitte daran, dass sich diese Datenschutzrichtlinie nicht auf eine Datenverarbeitung bezieht, f\u00fcr die Sie infolge der Nutzung unserer Dienste verantwortlich sein k\u00f6nnten. Sie oder die Partei, die Sie vertreten, sind stets f\u00fcr die Verarbeitung Ihrer personenbezogenen Daten in \u00dcbereinstimmung mit dem geltenden Recht verantwortlich.<\/p>\n<p>Es ist unsere Pflicht, genaue, relevante und notwendige pers\u00f6nliche Elemente zu verarbeiten und dabei unsere legitimen Zwecke zu ber\u00fccksichtigen. Es ist Ihr Recht, uns zu kontrollieren.<\/p>\n<p>Wenn Sie die personenbezogenen Daten, die wir \u00fcber Sie verarbeiten, aktualisieren m\u00f6chten, kontaktieren Sie uns bitte unter info@www.standard-industrie.com. Um einen kostenlosen Auszug der personenbezogenen Daten, die wir \u00fcber Sie verarbeiten, zu erhalten, senden Sie uns bitte einen unterschriebenen Brief an die Adresse von Standard Industrie.<\/p>\n<h3>Umgang mit Cookies<\/h3>\n<p>Wir verwenden Cookies aus verschiedenen Gr\u00fcnden. Sie k\u00f6nnen Ihre Wahl jederzeit r\u00fcckg\u00e4ngig machen, indem Sie auf das Symbol in der rechten unteren Ecke der Seiten klicken.<\/p>\n<p>Cookies, die f\u00fcr das reibungslose Funktionieren der Website erforderlich sind.<\/p>\n<p>Diese Cookies dienen haupts\u00e4chlich dazu, Spam zu erkennen und die Sicherheit der Website zu verbessern, deren Daten in Frankreich gespeichert werden. Sie sind f\u00fcr das Funktionieren der Website zwingend erforderlich und enthalten keine verwertbaren personenbezogenen Daten.<\/p>\n<h3>Cookies zur Messung des Datenverkehrs<\/h3>\n<p>Es werden zwei Arten von Cookies verwendet, eine Art f\u00fcr anonymisiertes Tracking (in Frankreich gespeicherte Daten \u00fcber das Tool Matomo) und die andere Art f\u00fcr Tracking \u00fcber das Tool Google Analytics (in den USA gespeicherte Daten), das je nach Ihrer Wahl aktiviert oder deaktiviert werden kann.<\/p>\n<h3>Cookies f\u00fcr Einstellungen<\/h3>\n<p>Diese Cookies werden verwendet, um Ihnen Inhalte zu pr\u00e4sentieren, die f\u00fcr Ihre Surfgewohnheiten relevant sind.Diese Cookies werden insbesondere von Youtube (in den USA gespeicherte Daten) f\u00fcr die Verfolgung der aufgerufenen Videos verwendet.<\/p>\n<p><iframe loading=\"lazy\" style=\"border: 0; height: 200px; width: 100%;\" src=\"https:\/\/analytics.d2bconsulting.fr\/index.php?module=CoreAdminHome&amp;action=optOut&amp;language=fr&amp;backgroundColor=ffffff&amp;fontColor=&amp;fontSize=15px&amp;fontFamily='Open Sans', sans-serif\" width=\"300\" height=\"150\"><\/iframe><\/p>\n<h2>Bestimmungen der DSGVO<\/h2>\n<p>Das Unternehmen Standard Industrie ist der Verantwortliche f\u00fcr die Verarbeitung der auf der Website www.standard-industrie.com gesammelten Daten.<\/p>\n<p>Der Nutzer wird insbesondere dar\u00fcber informiert, dass gem\u00e4\u00df Artikel 32 des ge\u00e4nderten Gesetzes \u00fcber Informatik und Freiheiten vom 6. Januar 1978 die Informationen, die er \u00fcber die Formulare auf der Website von Standard Industrie \u00fcbermittelt, f\u00fcr die Beantwortung seiner Anfrage erforderlich sind und f\u00fcr die Abteilungen bestimmt sind, die f\u00fcr die Beantwortung seiner Anfrage zust\u00e4ndig sind, um diese Anfrage weiterzuverfolgen.<\/p>\n<p>Gem\u00e4\u00df den Bestimmungen der Artikel 39 und 40 des Gesetzes &#8222;Informatique et Libert\u00e9s&#8220; vom 6. Januar 1978 in der 2004 ge\u00e4nderten Fassung hat der Nutzer ein Recht auf Zugang, Berichtigung, Aktualisierung und L\u00f6schung der ihn betreffenden Informationen, das er aus\u00fcben kann, indem er sich an Standard Industrie &#8211; 139 -141 rue du Luxembourg<\/p>\n<p>CS 50207 &#8211; 59054 ROUBAIX Cedex 1 &#8211; FRANKREICH, wobei im Betreff des Schreibens &#8222;Recht der Personen&#8220; anzugeben und eine Kopie seines Identit\u00e4tsnachweises beizuf\u00fcgen ist.<\/p>\n<p>Sie haben auch das Recht, Richtlinien \u00fcber den Verbleib Ihrer Daten nach Ihrem Tod zu erlassen.<\/p>\n<p>Gem\u00e4\u00df den Bestimmungen von Artikel 38 des Gesetzes &#8222;Informatique et Libert\u00e9s&#8220; vom 6. Januar 1978 in der Fassung von 2004 kann der Nutzer aus legitimen Gr\u00fcnden auch die Verarbeitung seiner Daten ablehnen und ohne Grund und ohne Kosten die Verwendung seiner Daten zu Zwecken der kommerziellen Werbung ablehnen.<\/p>\n<p>Der Nutzer wird dar\u00fcber informiert, dass bei seinen Besuchen auf der Website www.standard-industrie.com automatisch ein Cookie auf seiner Navigationssoftware installiert werden kann.<\/p>\n<p>Die auf dieser Website gesammelten Informationen werden f\u00fcr einen Zeitraum von drei Jahren gespeichert.<\/p>\n<p>Ein Cookie ist ein Datenblock, der keine Identifizierung der Nutzer erm\u00f6glicht, sondern dazu dient, Informationen \u00fcber die Navigation des Nutzers auf der Website zu speichern. Durch die Einstellung der Navigationssoftware kann \u00fcber das Vorhandensein von Cookies informiert und diese eventuell auf die unter folgender Adresse beschriebene Weise abgelehnt werden: www.cnil.fr.<\/p>\n<p>Der Nutzer verf\u00fcgt \u00fcber ein Recht auf Zugang, Widerruf und \u00c4nderung der \u00fcber Cookies mitgeteilten personenbezogenen Daten unter den oben genannten Bedingungen.<\/p>\n<p>Der Nutzer der Website von Standard Industrie ist verpflichtet, die Bestimmungen des ge\u00e4nderten Gesetzes \u00fcber Informatik und Freiheiten vom 6. Januar 1978 einzuhalten, dessen Verletzung strafrechtlich geahndet werden kann. Insbesondere muss er in Bezug auf die namentlichen Informationen, auf die er zugreift, jede Sammlung, jede zweckentfremdete Nutzung und generell jede Handlung unterlassen, die das Privatleben oder den Ruf von Personen beeintr\u00e4chtigen k\u00f6nnte.[\/vc_column_text][\/vc_column][\/vc_row]<\/p>\n","protected":false},"excerpt":{"rendered":"<p>[vc_row][vc_column][vc_empty_space][vc_column_text] Verwaltung von Cookies &#8211; Datenschutzrichtlinie Wir nehmen Ihre Privatsph\u00e4re sehr ernst! Vielen Dank, dass Sie unsere Webseiten und Dienstleistungen nutzen. Wie Sie glauben auch wir,<span class=\"excerpt-hellip\"> [\u2026]<\/span><\/p>\n","protected":false},"author":1,"featured_media":0,"parent":0,"menu_order":52,"comment_status":"closed","ping_status":"closed","template":"","meta":{"footnotes":""},"class_list":["post-3024","page","type-page","status-publish","hentry"],"_links":{"self":[{"href":"https:\/\/www.standard-industrie.com\/de\/wp-json\/wp\/v2\/pages\/3024","targetHints":{"allow":["GET"]}}],"collection":[{"href":"https:\/\/www.standard-industrie.com\/de\/wp-json\/wp\/v2\/pages"}],"about":[{"href":"https:\/\/www.standard-industrie.com\/de\/wp-json\/wp\/v2\/types\/page"}],"author":[{"embeddable":true,"href":"https:\/\/www.standard-industrie.com\/de\/wp-json\/wp\/v2\/users\/1"}],"replies":[{"embeddable":true,"href":"https:\/\/www.standard-industrie.com\/de\/wp-json\/wp\/v2\/comments?post=3024"}],"version-history":[{"count":0,"href":"https:\/\/www.standard-industrie.com\/de\/wp-json\/wp\/v2\/pages\/3024\/revisions"}],"wp:attachment":[{"href":"https:\/\/www.standard-industrie.com\/de\/wp-json\/wp\/v2\/media?parent=3024"}],"curies":[{"name":"wp","href":"https:\/\/api.w.org\/{rel}","templated":true}]}}