{"id":3121,"date":"2018-09-17T10:16:36","date_gmt":"2018-09-17T09:16:36","guid":{"rendered":"http:\/\/www.standard-industrie.rct.fractory.io\/?page_id=3121"},"modified":"2025-06-04T20:13:17","modified_gmt":"2025-06-04T19:13:17","slug":"hohenarbeiten","status":"publish","type":"page","link":"https:\/\/www.standard-industrie.com\/de\/hohenarbeiten\/","title":{"rendered":"H\u00d6HENARBEITEN"},"content":{"rendered":"<p>[vc_row][vc_column][vc_empty_space][\/vc_column][\/vc_row][vc_row][vc_column][vc_column_text el_class=&#8220;btn-retour txt-rouge&#8220;]<a href=\"\/de\/trichter-und-siloreinigung-als-dienstleistung\">&lt; Trichter- und siloreinigung als dienstleistung<\/a>[\/vc_column_text][\/vc_column][\/vc_row][vc_row][vc_column width=&#8220;1\/2&#8243;][vc_column_text]Sei es in der Industrie, bei Maurerarbeiten oder beim Ingenieurbau, die Entwicklung von immer komplexer und h\u00f6her werdenden Bauwerken erschwert die Instandhaltung oder Reinigung dieser Konstruktionen. Diese von Menschen geschaffenen Konstruktionen bringen neue au\u00dfergew\u00f6hnliche Anforderungen mit sich, wie seilgest\u00fctzte Arbeitsverfahren, Ger\u00fcstbau oder die\u00a0<a href=\"https:\/\/www.standard-industrie.com\/de\/trichter-und-siloreinigung-als-dienstleistung\/\" target=\"_blank\" rel=\"noopener\"><b>Reinigung von Silos oder Industrieschornsteinen<\/b><\/a>. Daraus sind Ausbildungen zum Industriekletterer entstanden, IRATA oder CQP (Qualifikationszeugnis f\u00fcr Berufskletterer) mit dem Ziel w\u00e4hrend dieser H\u00f6henarbeiten Sicherheit und Professionalit\u00e4t zu gew\u00e4hrleisten.<\/p>\n<p>Machen wir einen Streifzug durch diese Problematik, welche heutzutage den Einsatz dieser Bergsteiger der modernen Zeit erfordert.[\/vc_column_text][\/vc_column][vc_column width=&#8220;1\/2&#8243;][vc_single_image image=&#8220;5699&#8243; img_size=&#8220;full&#8220; alignment=&#8220;center&#8220;][\/vc_column][\/vc_row][vc_row content_placement=&#8220;bottom&#8220;][vc_column][vc_empty_space height=&#8220;30px&#8220;][\/vc_column][\/vc_row][vc_row][vc_column css_animation=&#8220;slideInLeft&#8220; width=&#8220;1\/2&#8243;][vc_column_text el_class=&#8220;titre titre-long fort trait-bleu traits-gris-droite-gauche titre-centre vc_separator wpb_content_element vc_separator_align_center vc_sep_width_100 vc_sep_border_width_2 vc_sep_pos_align_center vc_separator-has-text&#8220;]<\/p>\n<div class=\"vc_sep_holder vc_sep_holder_l\">\n<p class=\"vc_sep_line\" style=\"border-color: grey;\">\n<\/div>\n<h2 style=\"text-align: center;\">HOCHBAU<\/h2>\n<div class=\"vc_sep_holder vc_sep_holder_r\">\n<p class=\"vc_sep_line\" style=\"border-color: grey;\">\n<\/div>\n<p>[\/vc_column_text][vc_column_text]Das Klettern an Felsen oder in den Bergen kann manchmal einfacher sein als sich an glatten, senkrechten Oberfl\u00e4chen, wie Geb\u00e4uden oder Wolkenkratzern nach oben zu bewegen. Die in dieser Umgebung betreiben Industriekletterer somit einen wirklich professionellen Bergsport im Dienst der Bautechnik.<br \/>\nH\u00f6henarbeiten im Bereich des Hochbaus dienten urspr\u00fcnglich der Felsensicherung (Sprengarbeiten, Ankerbefestigung, Anbringung von Stahlnetzen), mit dem Ziel Verwitterung zu verhindern, oder der Bolzenanbringung an Felsw\u00e4nden f\u00fcr den Bau von Bergstra\u00dfen, um Naturgefahren wie Bergrutschen, Bodenabsenkungen und sonstigen Erdrutschen vorzubeugen\u2026Der Bedarf an H\u00f6henarbeiten ist jedoch mit den immer mehr werdenden von Menschen geschaffenen Konstruktionen angestiegen. Die Installation von Dachrinnen, Fassaden, Scheiben an Geb\u00e4uden oder die Verlegung von Systemen zur Taubenabwehr geh\u00f6ren ebenso zu den schwer zug\u00e4nglichen Arbeiten, f\u00fcr welche heutzutage H\u00e4ngeb\u00fchnen, Bauger\u00fcste oder Industriekletterer ben\u00f6tigt werden. Dachdeckungs- und Verzinkungsarbeiten oder die Verlegung von Lichtsch\u00e4chten sind Beispiele daf\u00fcr, dass solche Arbeiten wirklich nur von ausgebildeten H\u00f6henarbeitern ausgef\u00fchrt werden sollten, welche Zulassungen und Zeugnisse f\u00fcr hohe und freih\u00e4ngende Arbeiten besitzen.[\/vc_column_text][\/vc_column][vc_column css_animation=&#8220;slideInRight&#8220; width=&#8220;1\/2&#8243;][vc_empty_space height=&#8220;50px&#8220;][vc_column_text el_class=&#8220;titre titre-long fort trait-bleu traits-gris-droite-gauche titre-centre vc_separator wpb_content_element vc_separator_align_center vc_sep_width_100 vc_sep_border_width_2 vc_sep_pos_align_center vc_separator-has-text&#8220;]<\/p>\n<div class=\"vc_sep_holder vc_sep_holder_l\">\n<p class=\"vc_sep_line\" style=\"border-color: grey;\">\n<\/div>\n<h2 style=\"text-align: center;\">INDUSTRIE<\/h2>\n<div class=\"vc_sep_holder vc_sep_holder_r\">\n<p class=\"vc_sep_line\" style=\"border-color: grey;\">\n<\/div>\n<p>[\/vc_column_text][vc_column_text]In der Industrie kann die Reinigung von Fabrikhallen, genauer gesagt jegliche Arbeitseins\u00e4tze in Silos und Trichtern, gigantische Ausma\u00dfe annehmen. Anbackungen k\u00f6nnen zahlreiche Probleme mit sich bringen, denn im g\u00fcnstigsten Fall verringern sie die Lagerkapazit\u00e4t dieser Konstruktionen, aber im schlimmsten Fall behindern sie den Materialfluss und bringen so den Produktionsvorgang ins Stocken (Zementstopfen, Br\u00fcckenbildung durch Holzpartikel, Kaminbildung von Soda\u2026).<\/p>\n<p>Industriekletterer werden daher gerufen um\u00a0<a href=\"https:\/\/www.standard-industrie.com\/de\/unsere-losungen\/beseitigung-der-anbackungen-und-anhaftungen\/\" target=\"_blank\" rel=\"noopener\"><b>die Reinigung zur Beseitigung von Anbackungen<\/b><\/a>\u00a0an solchen Konstruktionen vorzunehmen, was zu komplizierten Eins\u00e4tzen f\u00fchrt, da in diesen engen oder abgeschlossenen Umgebungen stets die Gefahr besteht, giftige Stoffe einzuatmen, sich in explosionsgef\u00e4hrdete Bereiche (ATEX) zu begeben oder in einem Materialrutsch zu versinken. Tragische Unf\u00e4lle, die mit diesem Ph\u00e4nomen in Verbindung stehen, zeugen von der Gefahr, in welche sich Menschen begeben, die Eins\u00e4tze in diesen Konstruktionen ausf\u00fchren.<\/p>\n<p>F\u00fcr die Beseitigung von Verkrustungen in Silos und Trichtern bietet Standard Industrie International L\u00f6sungen wie\u00a0<a href=\"\/de\/gironet\/\" target=\"_blank\" rel=\"noopener\"><strong>Gironet<\/strong><\/a>\u00a0und\u00a0<a href=\"\/de\/powernet\/\" target=\"_blank\" rel=\"noopener\"><strong>Powernet<\/strong><\/a>. Sie eliminieren jegliche Risiken f\u00fcr den Bediener, da ein Personaleinsatz im Innern der zu reinigenden Konstruktionen nicht notwendig ist. F\u00fcr absolute Sicherheit und eine 100 prozentige Wiederherstellung der tats\u00e4chlichen Lagerkapazit\u00e4t.\u00a0 Zur Wiedergewinnung des abgetragenen Materials \u00fcbernimmt Standard Industrie International auch\u00a0<a href=\"\/de\/industrielle-absaugung\/\" target=\"_blank\" rel=\"noopener\"><b>die Reinigung durch Absaugung<\/b><\/a>. Dadurch kann das Material in den Produktionsprozess zur\u00fcckgef\u00fchrt oder entsorgt werden.[\/vc_column_text][\/vc_column][\/vc_row][vc_row][vc_column][vc_column_text el_class=&#8220;btn-retour txt-rouge&#8220;]<a href=\"\/de\/trichter-und-siloreinigung-als-dienstleistung\">&lt; Trichter- und siloreinigung als dienstleistung<\/a>[\/vc_column_text][\/vc_column][\/vc_row]<\/p>\n","protected":false},"excerpt":{"rendered":"<p>[vc_row][vc_column][vc_empty_space][\/vc_column][\/vc_row][vc_row][vc_column][vc_column_text el_class=&#8220;btn-retour txt-rouge&#8220;]&lt; Trichter- und siloreinigung als dienstleistung[\/vc_column_text][\/vc_column][\/vc_row][vc_row][vc_column width=&#8220;1\/2&#8243;][vc_column_text]Sei es in der Industrie, bei Maurerarbeiten oder beim Ingenieurbau, die Entwicklung von immer komplexer und h\u00f6her werdenden<span class=\"excerpt-hellip\"> [\u2026]<\/span><\/p>\n","protected":false},"author":1,"featured_media":0,"parent":0,"menu_order":45,"comment_status":"closed","ping_status":"closed","template":"single-prestations-nettoyage-silos-tremies-light.php","meta":{"footnotes":""},"class_list":["post-3121","page","type-page","status-publish","hentry"],"_links":{"self":[{"href":"https:\/\/www.standard-industrie.com\/de\/wp-json\/wp\/v2\/pages\/3121","targetHints":{"allow":["GET"]}}],"collection":[{"href":"https:\/\/www.standard-industrie.com\/de\/wp-json\/wp\/v2\/pages"}],"about":[{"href":"https:\/\/www.standard-industrie.com\/de\/wp-json\/wp\/v2\/types\/page"}],"author":[{"embeddable":true,"href":"https:\/\/www.standard-industrie.com\/de\/wp-json\/wp\/v2\/users\/1"}],"replies":[{"embeddable":true,"href":"https:\/\/www.standard-industrie.com\/de\/wp-json\/wp\/v2\/comments?post=3121"}],"version-history":[{"count":0,"href":"https:\/\/www.standard-industrie.com\/de\/wp-json\/wp\/v2\/pages\/3121\/revisions"}],"wp:attachment":[{"href":"https:\/\/www.standard-industrie.com\/de\/wp-json\/wp\/v2\/media?parent=3121"}],"curies":[{"name":"wp","href":"https:\/\/api.w.org\/{rel}","templated":true}]}}