{"id":3201,"date":"2019-03-20T15:31:36","date_gmt":"2019-03-20T14:31:36","guid":{"rendered":"https:\/\/www.standard-industrie.com\/de\/?page_id=3201"},"modified":"2025-06-04T20:09:06","modified_gmt":"2025-06-04T19:09:06","slug":"transport-durchsieben-von-schuttgutern","status":"publish","type":"page","link":"https:\/\/www.standard-industrie.com\/de\/transport-durchsieben-von-schuttgutern\/","title":{"rendered":"TRANSPORT DURCHSIEBEN VON SCH\u00dcTTG\u00dcTERN"},"content":{"rendered":"<p>[vc_row][vc_column][vc_empty_space][vc_column_text el_class=&#8220;gros-titre fort trait-bleu traits-gris-droite-gauche titre-centre vc_separator wpb_content_element vc_separator_align_center vc_sep_width_100 vc_sep_border_width_2 vc_sep_pos_align_center vc_separator-has-text&#8220;]<\/p>\n<div class=\"vc_sep_holder vc_sep_holder_l\">\n<p class=\"vc_sep_line\" style=\"border-color: grey;\">\n<\/div>\n<h2>UNSERE L\u00d6SUNGEN<\/h2>\n<div class=\"vc_sep_holder vc_sep_holder_r\">\n<p class=\"vc_sep_line\" style=\"border-color: grey;\">\n<\/div>\n<p>[\/vc_column_text][\/vc_column][\/vc_row][vc_row][vc_column width=&#8220;1\/2&#8243;][vc_column_text]<\/p>\n<h3>1- GUMMISCHLEUSEN : WEITERTRANSPORT PULVERIGEN PRODUKTEN OHNE ENERGIEVERBRAUCH<\/h3>\n<p>[\/vc_column_text][vc_column_text]Abdichtung durch Unterdruck in der F\u00f6rderanlage Anwendung.<br \/>\nErsetzt vorteilhaft :<\/p>\n<ul>\n<li>Drehklappenschleusen<\/li>\n<li>Zellenradschleusen<\/li>\n<li>Doppelpendelklappen<\/li>\n<\/ul>\n<p><b>Inovatives konzept, einfacher, nicht motorisierter und umweltfreundlicher Prozess<\/b><\/p>\n<ul>\n<li>Keine Energie<\/li>\n<li>Keine Wartung<\/li>\n<li>Leise<\/li>\n<li>Schneller Einbau<\/li>\n<li>Geringe Investition<\/li>\n<li>ZERTIFIZIERUNG ATEX ZONE 20<\/li>\n<\/ul>\n<p>[\/vc_column_text][vc_btn title=&#8220;Kontaktieren sie uns&#8220; style=&#8220;custom&#8220; custom_background=&#8220;#3e5d9e&#8220; custom_text=&#8220;#ffffff&#8220; shape=&#8220;square&#8220; size=&#8220;sm&#8220; align=&#8220;center&#8220; link=&#8220;url:%2Fde%2Fkontakt|title:Contact%20Standard%20industrie&#8220;][\/vc_column][vc_column width=&#8220;1\/2&#8243;][vc_single_image image=&#8220;5081&#8243; img_size=&#8220;full&#8220; alignment=&#8220;center&#8220;][\/vc_column][\/vc_row][vc_row][vc_column width=&#8220;1\/2&#8243;][vc_single_image image=&#8220;5080&#8243; img_size=&#8220;full&#8220; alignment=&#8220;center&#8220;][\/vc_column][vc_column width=&#8220;1\/2&#8243;][vc_column_text]<\/p>\n<h3>2- SOLIGOM\u00ae, GUMMIBECHER &#8222;WAETUNGSFREI&#8220; F\u00dcR TRANSPORT VON PULVERIGEN PRODUKTEN ODER TRANSPORT VON ABRASSIVEN PRODUKTEN<\/h3>\n<p>[\/vc_column_text][vc_column_text]Gummibecher f\u00fcr Elevatoren.<br \/>\nVerschlei\u00dffestigkeit, Leichtigkeit, Korrosionsbest\u00e4ndigkeit und Antistatisch.<\/p>\n<p><b>Erh\u00f6hen Sie die Lebensdaver ihrer Gummibecher :<\/b><\/p>\n<ul>\n<li>Verschlei\u00dffest<\/li>\n<li>Nicht haftend<\/li>\n<li>Antistatisch<\/li>\n<li>Leight und stark<\/li>\n<li>Korrosionsschutz<\/li>\n<li>Unzerbrechlich (biegsam)<\/li>\n<li>Nahrungsmittelecht<\/li>\n<\/ul>\n<p>[\/vc_column_text][vc_btn title=&#8220;Kontaktieren sie uns&#8220; style=&#8220;custom&#8220; custom_background=&#8220;#3e5d9e&#8220; custom_text=&#8220;#ffffff&#8220; shape=&#8220;square&#8220; size=&#8220;sm&#8220; align=&#8220;center&#8220; link=&#8220;url:%2Fde%2Fkontakt|title:Contact%20Standard%20industrie&#8220;][\/vc_column][\/vc_row][vc_row][vc_column width=&#8220;1\/2&#8243;][vc_column_text]<\/p>\n<h3>3- GUMMIB\u00c4LLEN<\/h3>\n<p>[\/vc_column_text][vc_column_text]Gummikugeln f\u00fcr die Reinigung der Siebanlagen am unteren Ausgang der Silos oder Trichter, um einen regelm\u00e4\u00dfigen Fluss des Materials zu gew\u00e4hrleisten.[\/vc_column_text][vc_btn title=&#8220;Kontaktieren sie uns&#8220; style=&#8220;custom&#8220; custom_background=&#8220;#3e5d9e&#8220; custom_text=&#8220;#ffffff&#8220; shape=&#8220;square&#8220; size=&#8220;sm&#8220; align=&#8220;center&#8220; link=&#8220;url:%2Fde%2Fkontakt|title:Contact%20Standard%20industrie&#8220;][\/vc_column][vc_column width=&#8220;1\/2&#8243;][vc_single_image image=&#8220;5079&#8243; img_size=&#8220;full&#8220; alignment=&#8220;center&#8220;][\/vc_column][\/vc_row]<\/p>\n","protected":false},"excerpt":{"rendered":"<p>[vc_row][vc_column][vc_empty_space][vc_column_text el_class=&#8220;gros-titre fort trait-bleu traits-gris-droite-gauche titre-centre vc_separator wpb_content_element vc_separator_align_center vc_sep_width_100 vc_sep_border_width_2 vc_sep_pos_align_center vc_separator-has-text&#8220;] UNSERE L\u00d6SUNGEN [\/vc_column_text][\/vc_column][\/vc_row][vc_row][vc_column width=&#8220;1\/2&#8243;][vc_column_text] 1- GUMMISCHLEUSEN : WEITERTRANSPORT PULVERIGEN PRODUKTEN OHNE ENERGIEVERBRAUCH [\/vc_column_text][vc_column_text]Abdichtung<span class=\"excerpt-hellip\"> [\u2026]<\/span><\/p>\n","protected":false},"author":1,"featured_media":0,"parent":0,"menu_order":41,"comment_status":"closed","ping_status":"closed","template":"single-transport-criblage-ecoulement.php","meta":{"footnotes":""},"class_list":["post-3201","page","type-page","status-publish","hentry"],"_links":{"self":[{"href":"https:\/\/www.standard-industrie.com\/de\/wp-json\/wp\/v2\/pages\/3201","targetHints":{"allow":["GET"]}}],"collection":[{"href":"https:\/\/www.standard-industrie.com\/de\/wp-json\/wp\/v2\/pages"}],"about":[{"href":"https:\/\/www.standard-industrie.com\/de\/wp-json\/wp\/v2\/types\/page"}],"author":[{"embeddable":true,"href":"https:\/\/www.standard-industrie.com\/de\/wp-json\/wp\/v2\/users\/1"}],"replies":[{"embeddable":true,"href":"https:\/\/www.standard-industrie.com\/de\/wp-json\/wp\/v2\/comments?post=3201"}],"version-history":[{"count":0,"href":"https:\/\/www.standard-industrie.com\/de\/wp-json\/wp\/v2\/pages\/3201\/revisions"}],"wp:attachment":[{"href":"https:\/\/www.standard-industrie.com\/de\/wp-json\/wp\/v2\/media?parent=3201"}],"curies":[{"name":"wp","href":"https:\/\/api.w.org\/{rel}","templated":true}]}}