{"id":3377,"date":"2020-07-24T09:41:42","date_gmt":"2020-07-24T08:41:42","guid":{"rendered":"https:\/\/www.standard-industrie.com\/de\/?page_id=3377"},"modified":"2020-07-24T09:42:14","modified_gmt":"2020-07-24T08:42:14","slug":"liftube-remerciement-contact","status":"publish","type":"page","link":"https:\/\/www.standard-industrie.com\/de\/liftube-remerciement-contact\/","title":{"rendered":"LIFTUBE &#8211; Merci pour votre contact"},"content":{"rendered":"<p>Merci pour votre prise de contact.<\/p>\n<p>Votre demande d&#8217;information pour LIFTUBE a bien \u00e9t\u00e9 prise en compte.<\/p>\n<p>Nous vous recontactons dans les plus brefs d\u00e9lais. <a href=\"https:\/\/www.standard-industrie.com\/de\/\">Retour \u00e0 l&#8217;accueil<\/a><\/p>\n","protected":false},"excerpt":{"rendered":"<p>Merci pour votre prise de contact. Votre demande d&#8217;information pour LIFTUBE a bien \u00e9t\u00e9 prise en compte. Nous vous recontactons dans les plus brefs d\u00e9lais. Retour<span class=\"excerpt-hellip\"> [\u2026]<\/span><\/p>\n","protected":false},"author":4,"featured_media":0,"parent":0,"menu_order":40,"comment_status":"closed","ping_status":"closed","template":"","meta":{"footnotes":""},"class_list":["post-3377","page","type-page","status-publish","hentry"],"_links":{"self":[{"href":"https:\/\/www.standard-industrie.com\/de\/wp-json\/wp\/v2\/pages\/3377","targetHints":{"allow":["GET"]}}],"collection":[{"href":"https:\/\/www.standard-industrie.com\/de\/wp-json\/wp\/v2\/pages"}],"about":[{"href":"https:\/\/www.standard-industrie.com\/de\/wp-json\/wp\/v2\/types\/page"}],"author":[{"embeddable":true,"href":"https:\/\/www.standard-industrie.com\/de\/wp-json\/wp\/v2\/users\/4"}],"replies":[{"embeddable":true,"href":"https:\/\/www.standard-industrie.com\/de\/wp-json\/wp\/v2\/comments?post=3377"}],"version-history":[{"count":0,"href":"https:\/\/www.standard-industrie.com\/de\/wp-json\/wp\/v2\/pages\/3377\/revisions"}],"wp:attachment":[{"href":"https:\/\/www.standard-industrie.com\/de\/wp-json\/wp\/v2\/media?parent=3377"}],"curies":[{"name":"wp","href":"https:\/\/api.w.org\/{rel}","templated":true}]}}