{"id":3496,"date":"2021-10-22T11:01:19","date_gmt":"2021-10-22T10:01:19","guid":{"rendered":"https:\/\/www.standard-industrie.com\/de\/?page_id=3496"},"modified":"2024-04-15T13:23:08","modified_gmt":"2024-04-15T12:23:08","slug":"zementwerk","status":"publish","type":"page","link":"https:\/\/www.standard-industrie.com\/de\/zementwerk\/","title":{"rendered":"Zementwerk"},"content":{"rendered":"<p>[vc_row][vc_column][vc_empty_space][vc_column_text el_class=&#8220;gros-titre fort trait-bleu traits-gris-droite-gauche titre-centre vc_separator wpb_content_element vc_separator_align_center vc_sep_width_100 vc_sep_border_width_2 vc_sep_pos_align_center vc_separator-has-text&#8220;]<\/p>\n<div class=\"vc_sep_holder vc_sep_holder_l\">\n<p class=\"vc_sep_line\" style=\"border-color: grey;\">\n<\/div>\n<h2 style=\"text-align: center;\">Beseitigung von Verstopfungen und Anbackungen in Speichereinheiten und Gasleitungen, die im Prozess vorhanden sind. Verringern Sie Materialflussprobleme vor und nach der Verbrennung<\/h2>\n<div class=\"vc_sep_holder vc_sep_holder_r\">\n<p class=\"vc_sep_line\" style=\"border-color: grey;\">\n<\/div>\n<p>[\/vc_column_text][\/vc_column][\/vc_row][vc_row el_class=&#8220;invert-block&#8220;][vc_column width=&#8220;1\/2&#8243;][vc_column_text]Anbackungen von Sand, Kalk, Zement, Asche, Roh Mehl, Klinker[\/vc_column_text][vc_column_text]<\/p>\n<ul>\n<li>Reinigung bei Ofenstillstand<\/li>\n<li>Reinigung des Einf\u00fclltrichterschachtes<\/li>\n<li>Reinigung von Ofeneinl\u00e4ufen und Bypass, Terti\u00e4rschacht<\/li>\n<li>Reinigung eines Kalkofenschachts \u2013 Gew\u00f6lbe<\/li>\n<li>Reinigung von Gaskan\u00e4len<\/li>\n<li>Reinigung der Rauchkammer<\/li>\n<li><a href=\"https:\/\/www.standard-industrie.com\/de\/fallstudie\/marktfuehrender-der-zementindustrie\/\" target=\"_blank\" rel=\"noopener\">Reinigung des Vorw\u00e4rmturms<\/a><\/li>\n<li>Reinigung von Zyklon<\/li>\n<li>Reinigung des Brechers<\/li>\n<li>Reinigung von Staubfilter, Katalysator, SCR<\/li>\n<li>Reinigung der Rutsche<\/li>\n<li>R<a href=\"https:\/\/www.standard-industrie.com\/de\/fallstudie\/zementwerk-in-der-tuerkei\/\" target=\"_blank\" rel=\"noopener\">einigung der Mehlrutsche<\/a><\/li>\n<li>Reinigung von Sandlagersilos, Zementsilos, Rohmehlsilos<\/li>\n<\/ul>\n<p>[\/vc_column_text][vc_column_text]Reinigungsl\u00f6sung mit <a href=\"https:\/\/www.standard-industrie.com\/de\/luftkanonen-airchoc\/\" target=\"_blank\" rel=\"noopener\">AIRCHOC Luftkanonenreinigungssystem<\/a>, pneumatischer Reiniger[\/vc_column_text][\/vc_column][vc_column css_animation=&#8220;slideInRight&#8220; width=&#8220;1\/2&#8243;][vc_single_image image=&#8220;4506&#8243; img_size=&#8220;full&#8220; alignment=&#8220;center&#8220;][\/vc_column][\/vc_row][vc_row][vc_column][vc_btn title=&#8220;Kontaktieren Sie uns&#8220; style=&#8220;flat&#8220; shape=&#8220;square&#8220; color=&#8220;black&#8220; align=&#8220;center&#8220; link=&#8220;url:https%3A%2F%2Fwww.standard-industrie.com%2Fde%2FKontakt%2F|title:Kontakt&#8220;][\/vc_column][\/vc_row][vc_row][vc_column][vc_empty_space][vc_column_text el_class=&#8220;gros-titre fort trait-bleu traits-gris-droite-gauche titre-centre vc_separator wpb_content_element vc_separator_align_center vc_sep_width_100 vc_sep_border_width_2 vc_sep_pos_align_center vc_separator-has-text&#8220;]<\/p>\n<div class=\"vc_sep_holder vc_sep_holder_l\">\n<p class=\"vc_sep_line\" style=\"border-color: grey;\">\n<\/div>\n<h2 style=\"text-align: center;\">Staubreduzierung und Materialr\u00fcckgewinnung an verschiedenen Stellen im Werk, f\u00fcr jede Stufe der Zementherstellung<\/h2>\n<div class=\"vc_sep_holder vc_sep_holder_r\">\n<p class=\"vc_sep_line\" style=\"border-color: grey;\">\n<\/div>\n<p>[\/vc_column_text][\/vc_column][\/vc_row][vc_row el_class=&#8220;invert-block&#8220;][vc_column css_animation=&#8220;slideInLeft&#8220; width=&#8220;1\/2&#8243;][vc_single_image image=&#8220;4507&#8243; img_size=&#8220;full&#8220; alignment=&#8220;center&#8220;][\/vc_column][vc_column width=&#8220;1\/2&#8243;][vc_column_text]Absaugen von Zement, Klinker, Kalk, Asche, Kohle, Eisenerz, Ton, alternativen Brennstoffen<\/p>\n<p><a href=\"https:\/\/www.standard-industrie.com\/de\/fallstudie\/vakuumreinigung-von-klinker-in-einem-zementwerk\/\" target=\"_blank\" rel=\"noopener\">einen Kundenfall ansehen<\/a>[\/vc_column_text][vc_column_text]<\/p>\n<ul>\n<li>Reinigung des Rohmateriallagers<\/li>\n<li>Reinigung des Schleifbereichs<\/li>\n<li>Reinigung des Verpackungs- und Abf\u00fcllbereichs<\/li>\n<li>Reinigung von Zementm\u00fchlen<\/li>\n<li>Reinigung von Ofengew\u00f6lben<\/li>\n<li>Reinigung von ATEX-Bereichen<\/li>\n<\/ul>\n<p>[\/vc_column_text][vc_column_text]Reinigungsl\u00f6sung mit zentralem Industriesaugsystem[\/vc_column_text][\/vc_column][\/vc_row][vc_row][vc_column][vc_empty_space][vc_column_text el_class=&#8220;gros-titre fort trait-bleu traits-gris-droite-gauche titre-centre vc_separator wpb_content_element vc_separator_align_center vc_sep_width_100 vc_sep_border_width_2 vc_sep_pos_align_center vc_separator-has-text&#8220;]<\/p>\n<div class=\"vc_sep_holder vc_sep_holder_l\">\n<p class=\"vc_sep_line\" style=\"border-color: grey;\">\n<\/div>\n<h2 style=\"text-align: center;\">Beseitigung des \u00dcberlaufs von F\u00f6rderb\u00e4ndern, Transportb\u00e4nder<\/h2>\n<div class=\"vc_sep_holder vc_sep_holder_r\">\n<p class=\"vc_sep_line\" style=\"border-color: grey;\">\n<\/div>\n<p>[\/vc_column_text][\/vc_column][\/vc_row][vc_row el_class=&#8220;invert-block&#8220;][vc_column width=&#8220;1\/2&#8243;][vc_column_text]<\/p>\n<ul>\n<li>Einhausung des F\u00f6rderbandes, Abdichtung des Bandes<\/li>\n<li><a href=\"https:\/\/www.standard-industrie.com\/de\/fallstudie\/weniger-materialverlust-durch-liftube-foerderer-in-einer-zementwerk\/\" target=\"_blank\" rel=\"noopener\">Beseitigung von Staubemissionen, Abdichtung<\/a><\/li>\n<\/ul>\n<p>[\/vc_column_text][vc_column_text]L\u00f6sung f\u00fcr die Einschlie\u00dfung und Versiegelung des F\u00f6rderbandes: Dank der Einschlie\u00dfung des F\u00f6rderbandes durch die LIFTUBE\u00ae-Vorrichtung zirkuliert das Produkt wie in einer hermetischen H\u00fclle, wodurch der Materialfluss nach au\u00dfen und der Materialverlust des F\u00f6rderbandes reduziert werden.[\/vc_column_text][\/vc_column][vc_column css_animation=&#8220;slideInRight&#8220; width=&#8220;1\/2&#8243;][vc_single_image image=&#8220;4508&#8243; img_size=&#8220;full&#8220; alignment=&#8220;center&#8220;][\/vc_column][\/vc_row][vc_row][vc_column][vc_btn title=&#8220;Kontaktieren Sie uns&#8220; style=&#8220;flat&#8220; shape=&#8220;square&#8220; color=&#8220;black&#8220; align=&#8220;center&#8220; link=&#8220;url:https%3A%2F%2Fwww.standard-industrie.com%2Fde%2FKontakt%2F|title:Kontakt&#8220;][\/vc_column][\/vc_row]<\/p>\n","protected":false},"excerpt":{"rendered":"<p>[vc_row][vc_column][vc_empty_space][vc_column_text el_class=&#8220;gros-titre fort trait-bleu traits-gris-droite-gauche titre-centre vc_separator wpb_content_element vc_separator_align_center vc_sep_width_100 vc_sep_border_width_2 vc_sep_pos_align_center vc_separator-has-text&#8220;] Beseitigung von Verstopfungen und Anbackungen in Speichereinheiten und Gasleitungen, die im Prozess vorhanden<span class=\"excerpt-hellip\"> [\u2026]<\/span><\/p>\n","protected":false},"author":1,"featured_media":0,"parent":0,"menu_order":35,"comment_status":"closed","ping_status":"closed","template":"","meta":{"footnotes":""},"class_list":["post-3496","page","type-page","status-publish","hentry"],"_links":{"self":[{"href":"https:\/\/www.standard-industrie.com\/de\/wp-json\/wp\/v2\/pages\/3496","targetHints":{"allow":["GET"]}}],"collection":[{"href":"https:\/\/www.standard-industrie.com\/de\/wp-json\/wp\/v2\/pages"}],"about":[{"href":"https:\/\/www.standard-industrie.com\/de\/wp-json\/wp\/v2\/types\/page"}],"author":[{"embeddable":true,"href":"https:\/\/www.standard-industrie.com\/de\/wp-json\/wp\/v2\/users\/1"}],"replies":[{"embeddable":true,"href":"https:\/\/www.standard-industrie.com\/de\/wp-json\/wp\/v2\/comments?post=3496"}],"version-history":[{"count":0,"href":"https:\/\/www.standard-industrie.com\/de\/wp-json\/wp\/v2\/pages\/3496\/revisions"}],"wp:attachment":[{"href":"https:\/\/www.standard-industrie.com\/de\/wp-json\/wp\/v2\/media?parent=3496"}],"curies":[{"name":"wp","href":"https:\/\/api.w.org\/{rel}","templated":true}]}}