{"id":3525,"date":"2021-10-22T14:54:01","date_gmt":"2021-10-22T13:54:01","guid":{"rendered":"https:\/\/www.standard-industrie.com\/de\/?page_id=3525"},"modified":"2025-06-04T20:08:37","modified_gmt":"2025-06-04T19:08:37","slug":"bergbau-steinbruche","status":"publish","type":"page","link":"https:\/\/www.standard-industrie.com\/de\/bergbau-steinbruche\/","title":{"rendered":"bergbau-steinbruche"},"content":{"rendered":"<p>[vc_row][vc_column][vc_empty_space][vc_column_text el_class=&#8220;gros-titre fort trait-bleu traits-gris-droite-gauche titre-centre vc_separator wpb_content_element vc_separator_align_center vc_sep_width_100 vc_sep_border_width_2 vc_sep_pos_align_center vc_separator-has-text&#8220;]<\/p>\n<div class=\"vc_sep_holder vc_sep_holder_l\">\n<p class=\"vc_sep_line\" style=\"border-color: grey;\">\n<\/div>\n<h2 style=\"text-align: center;\">Beseitigung von Materialablagerungen, Verstopfungen und Anbackungen in den Lagereinheiten und Materialf\u00f6rderrinnen<\/h2>\n<div class=\"vc_sep_holder vc_sep_holder_r\">\n<p class=\"vc_sep_line\" style=\"border-color: grey;\">\n<\/div>\n<p>[\/vc_column_text][\/vc_column][\/vc_row][vc_row el_class=&#8220;invert-block&#8220;][vc_column width=&#8220;1\/2&#8243;][vc_row_inner][vc_column_inner width=&#8220;1\/2&#8243;][vc_column_text]<\/p>\n<ul>\n<li>Anbackungen von Sand,<\/li>\n<li>Zuschlagstoffen,<\/li>\n<li>Dolomit,<\/li>\n<li>Mergel,<\/li>\n<li>Ton,<\/li>\n<li>Eisenerz,<\/li>\n<li>Zink,<\/li>\n<li>Kieselerde,<\/li>\n<li>Chrom,<\/li>\n<\/ul>\n<p>[\/vc_column_text][\/vc_column_inner][vc_column_inner width=&#8220;1\/2&#8243;][vc_column_text]<\/p>\n<ul>\n<li>Schiefer,<\/li>\n<li>Asche,<\/li>\n<li>Kalk,<\/li>\n<li>Phosphat,<\/li>\n<li>Kaolin,<\/li>\n<li>Kupfer,<\/li>\n<li>Bauxit,<\/li>\n<li>Kohle.<\/li>\n<\/ul>\n<p>[\/vc_column_text][\/vc_column_inner][\/vc_row_inner][vc_column_text]<\/p>\n<ul>\n<li>Reinigung des Brecheraufgabetrichters<\/li>\n<li>Reinigung des Einf\u00fclltrichters<\/li>\n<li>Reinigung des Tunnels<\/li>\n<li>Reinigung von Kalzinier \u00d6fen<\/li>\n<li>Reinigung der K\u00fchlerkan\u00e4le<\/li>\n<li>Reinigung von Sch\u00e4chten<\/li>\n<li>Beseitigung von Gew\u00f6lben in Trichtern, Engpassbeseitigung in Trichtern<\/li>\n<li>Reinigung von Flachbodensilos<\/li>\n<li>Reinigung von Porphyr-Silos<\/li>\n<\/ul>\n<p>[\/vc_column_text][\/vc_column][vc_column css_animation=&#8220;slideInRight&#8220; width=&#8220;1\/2&#8243;][vc_single_image image=&#8220;4470&#8243; img_size=&#8220;full&#8220; alignment=&#8220;center&#8220;][\/vc_column][\/vc_row][vc_row][vc_column][vc_btn title=&#8220;Kontaktieren Sie uns&#8220; style=&#8220;flat&#8220; shape=&#8220;square&#8220; color=&#8220;black&#8220; align=&#8220;center&#8220; link=&#8220;url:https%3A%2F%2Fwww.standard-industrie.com%2Fde%2FKontakt%2F|title:Kontakt&#8220;][\/vc_column][\/vc_row][vc_row][vc_column][vc_empty_space][vc_column_text el_class=&#8220;gros-titre fort trait-bleu traits-gris-droite-gauche titre-centre vc_separator wpb_content_element vc_separator_align_center vc_sep_width_100 vc_sep_border_width_2 vc_sep_pos_align_center vc_separator-has-text&#8220;]<\/p>\n<div class=\"vc_sep_holder vc_sep_holder_l\">\n<p class=\"vc_sep_line\" style=\"border-color: grey;\">\n<\/div>\n<h2 style=\"text-align: center;\">Staubreduzierung und R\u00fcckgewinnung von Material an verschiedenen Stellen in der Anlage<\/h2>\n<div class=\"vc_sep_holder vc_sep_holder_r\">\n<p class=\"vc_sep_line\" style=\"border-color: grey;\">\n<\/div>\n<p>[\/vc_column_text][\/vc_column][\/vc_row][vc_row el_class=&#8220;invert-block&#8220;][vc_column css_animation=&#8220;slideInLeft&#8220; width=&#8220;1\/4&#8243;][vc_single_image image=&#8220;4473&#8243; img_size=&#8220;full&#8220; alignment=&#8220;center&#8220;][\/vc_column][vc_column width=&#8220;1\/2&#8243;][vc_column_text]Absaugen von Flugasche, Feinstaub, Absaugen von CMR-St\u00e4uben (krebserzeugende, erbgutver\u00e4ndernde und fortpflanzungsgef\u00e4hrdende St\u00e4ube)<\/p>\n<p>Reinigung des Rohmateriallagers<br \/>\nReinigung des Absaugbereichs<br \/>\nReinigung unter dem F\u00f6rderband<br \/>\nReinigung des Zerkleinerungsbereichs<br \/>\nReinigung im Bereich der Elevatoren<br \/>\nReinigungsl\u00f6sung mit industriellem Absaugsystem[\/vc_column_text][\/vc_column][vc_column css_animation=&#8220;slideInRight&#8220; width=&#8220;1\/4&#8243;][vc_single_image image=&#8220;4472&#8243; img_size=&#8220;full&#8220; alignment=&#8220;center&#8220;][\/vc_column][\/vc_row][vc_row][vc_column][vc_empty_space][vc_column_text el_class=&#8220;gros-titre fort trait-bleu traits-gris-droite-gauche titre-centre vc_separator wpb_content_element vc_separator_align_center vc_sep_width_100 vc_sep_border_width_2 vc_sep_pos_align_center vc_separator-has-text&#8220;]<\/p>\n<div class=\"vc_sep_holder vc_sep_holder_l\">\n<p class=\"vc_sep_line\" style=\"border-color: grey;\">\n<\/div>\n<h2 style=\"text-align: center;\">Beseitigung von \u00dcberl\u00e4ufen bei F\u00f6rderb\u00e4ndern<\/h2>\n<div class=\"vc_sep_holder vc_sep_holder_r\">\n<p class=\"vc_sep_line\" style=\"border-color: grey;\">\n<\/div>\n<p>[\/vc_column_text][\/vc_column][\/vc_row][vc_row el_class=&#8220;invert-block&#8220;][vc_column width=&#8220;1\/2&#8243;][vc_column_text]<\/p>\n<ul>\n<li>Einhausung des Transportbandes zu den Brechern<\/li>\n<li><a href=\"https:\/\/www.standard-industrie.com\/de\/fallstudie\/reduzierung-von-materialverlusten-im-steinbruch\/\" target=\"_blank\" rel=\"noopener\">Beseitigung von Staubemissionen<\/a><\/li>\n<\/ul>\n<p>[\/vc_column_text][\/vc_column][vc_column css_animation=&#8220;slideInRight&#8220; width=&#8220;1\/2&#8243;][vc_single_image image=&#8220;4471&#8243; img_size=&#8220;full&#8220; alignment=&#8220;center&#8220;][\/vc_column][\/vc_row][vc_row][vc_column][vc_btn title=&#8220;Kontaktieren Sie uns&#8220; style=&#8220;flat&#8220; shape=&#8220;square&#8220; color=&#8220;black&#8220; align=&#8220;center&#8220; link=&#8220;url:https%3A%2F%2Fwww.standard-industrie.com%2Fde%2FKontakt%2F|title:Kontakt&#8220;][\/vc_column][\/vc_row]<\/p>\n","protected":false},"excerpt":{"rendered":"<p>[vc_row][vc_column][vc_empty_space][vc_column_text el_class=&#8220;gros-titre fort trait-bleu traits-gris-droite-gauche titre-centre vc_separator wpb_content_element vc_separator_align_center vc_sep_width_100 vc_sep_border_width_2 vc_sep_pos_align_center vc_separator-has-text&#8220;] Beseitigung von Materialablagerungen, Verstopfungen und Anbackungen in den Lagereinheiten und Materialf\u00f6rderrinnen [\/vc_column_text][\/vc_column][\/vc_row][vc_row el_class=&#8220;invert-block&#8220;][vc_column<span class=\"excerpt-hellip\"> [\u2026]<\/span><\/p>\n","protected":false},"author":1,"featured_media":0,"parent":0,"menu_order":37,"comment_status":"closed","ping_status":"closed","template":"","meta":{"footnotes":""},"class_list":["post-3525","page","type-page","status-publish","hentry"],"_links":{"self":[{"href":"https:\/\/www.standard-industrie.com\/de\/wp-json\/wp\/v2\/pages\/3525","targetHints":{"allow":["GET"]}}],"collection":[{"href":"https:\/\/www.standard-industrie.com\/de\/wp-json\/wp\/v2\/pages"}],"about":[{"href":"https:\/\/www.standard-industrie.com\/de\/wp-json\/wp\/v2\/types\/page"}],"author":[{"embeddable":true,"href":"https:\/\/www.standard-industrie.com\/de\/wp-json\/wp\/v2\/users\/1"}],"replies":[{"embeddable":true,"href":"https:\/\/www.standard-industrie.com\/de\/wp-json\/wp\/v2\/comments?post=3525"}],"version-history":[{"count":0,"href":"https:\/\/www.standard-industrie.com\/de\/wp-json\/wp\/v2\/pages\/3525\/revisions"}],"wp:attachment":[{"href":"https:\/\/www.standard-industrie.com\/de\/wp-json\/wp\/v2\/media?parent=3525"}],"curies":[{"name":"wp","href":"https:\/\/api.w.org\/{rel}","templated":true}]}}