{"id":3533,"date":"2021-10-22T15:30:05","date_gmt":"2021-10-22T14:30:05","guid":{"rendered":"https:\/\/www.standard-industrie.com\/de\/?page_id=3533"},"modified":"2025-06-04T20:07:26","modified_gmt":"2025-06-04T19:07:26","slug":"loesung-zur-beseitigung-von-verstopfungen-fuer-abfallbehandlungsanlagen","status":"publish","type":"page","link":"https:\/\/www.standard-industrie.com\/de\/loesung-zur-beseitigung-von-verstopfungen-fuer-abfallbehandlungsanlagen\/","title":{"rendered":"Abfallverarbeitung"},"content":{"rendered":"<p>[vc_row][vc_column][vc_empty_space][vc_column_text el_class=&#8220;gros-titre fort trait-bleu traits-gris-droite-gauche titre-centre vc_separator wpb_content_element vc_separator_align_center vc_sep_width_100 vc_sep_border_width_2 vc_sep_pos_align_center vc_separator-has-text&#8220;]<\/p>\n<div class=\"vc_sep_holder vc_sep_holder_l\">\n<p class=\"vc_sep_line\" style=\"border-color: grey;\">\n<\/div>\n<h2 style=\"text-align: center;\">Reinigungsl\u00f6sung f\u00fcr<br \/>\nAbfallbehandlungsanlagen<\/h2>\n<div class=\"vc_sep_holder vc_sep_holder_r\">\n<p class=\"vc_sep_line\" style=\"border-color: grey;\">\n<\/div>\n<p>[\/vc_column_text][\/vc_column][\/vc_row][vc_row el_class=&#8220;invert-block&#8220;][vc_column width=&#8220;1\/2&#8243;][vc_column_text]Reinigungsl\u00f6sung f\u00fcrAbfallbehandlungsanlagen<\/p>\n<p>Unsere industriellen Reinigungsl\u00f6sungen f\u00fcr Abfallbehandlungsanlagen erm\u00f6glichen die Beseitigung von Verstopfungen und Anbackungen in den Lagereinheiten<\/p>\n<p>Unsere Dienstleistungen erm\u00f6glichen die Entfernung von Staub oder anderen Materialien aus dem Recyclingprozess.<\/p>\n<p>Hier sind einige Beispiele f\u00fcr unsere Reinigungsl\u00f6sungen:[\/vc_column_text][vc_column_text]<\/p>\n<ul>\n<li>Reinigung des Staubtrichters in einer Stahlabfallbehandlungsanlage<\/li>\n<li>Reinigung der Vorverbrennungskammer: Bei der kontinuierlichen Verbrennung von Hausm\u00fcll kommt es in der Vorbrennkammer zu Materialanbackungen, insbesondere bei der Passage von staubbeladenen Gasen. Diese Anbackungen f\u00fchren, wenn sie nicht t\u00e4glich gereinigt werden, zu einer Verringerung der Gasstr\u00f6mungsgeschwindigkeit und zu einem Verlust des Vakuums.<\/li>\n<li>Der Einbau von Luftkanonen erm\u00f6glicht den kontinuierlichen Betrieb von Haushaltsverbrennungsanlagen ohne vorzeitige Unterbrechungen und garantiert eine regelm\u00e4\u00dfige, ohne menschliches Zutun durchgef\u00fchrte Reinigung.<\/li>\n<li><a href=\"https:\/\/www.standard-industrie.com\/de\/fallstudie\/luftkanonen-auf-trichtern-in-muellverbrennungsanlagen\/\" target=\"_blank\" rel=\"noopener\">Reinigung von Asche aus der Verbrennung von Sonderabf\u00e4llen<\/a>: Industrie\u00f6le, L\u00f6sungsmittel, gef\u00e4hrliche Abf\u00e4lle usw&#8230;<\/li>\n<\/ul>\n<p>[\/vc_column_text][\/vc_column][vc_column css_animation=&#8220;slideInRight&#8220; width=&#8220;1\/2&#8243;][vc_single_image image=&#8220;5800&#8243; img_size=&#8220;full&#8220; alignment=&#8220;center&#8220;][\/vc_column][\/vc_row][vc_row][vc_column][vc_btn title=&#8220;Kontaktieren Sie uns&#8220; style=&#8220;flat&#8220; shape=&#8220;square&#8220; color=&#8220;black&#8220; align=&#8220;center&#8220; link=&#8220;url:%2Fde%2Fkontakt%2F|title:Contact%20Standard%20industrie&#8220;][\/vc_column][\/vc_row][vc_row][vc_column][vc_empty_space][vc_column_text el_class=&#8220;gros-titre fort trait-bleu traits-gris-droite-gauche titre-centre vc_separator wpb_content_element vc_separator_align_center vc_sep_width_100 vc_sep_border_width_2 vc_sep_pos_align_center vc_separator-has-text&#8220;]<\/p>\n<div class=\"vc_sep_holder vc_sep_holder_l\">\n<p class=\"vc_sep_line\" style=\"border-color: grey;\">\n<\/div>\n<h2 style=\"text-align: center;\">Industrielle Absaugung zur Staubreduzierung und Materialr\u00fcckgewinnung<\/h2>\n<div class=\"vc_sep_holder vc_sep_holder_r\">\n<p class=\"vc_sep_line\" style=\"border-color: grey;\">\n<\/div>\n<p>[\/vc_column_text][\/vc_column][\/vc_row][vc_row el_class=&#8220;invert-block&#8220;][vc_column css_animation=&#8220;slideInLeft&#8220; width=&#8220;1\/2&#8243;][vc_single_image image=&#8220;5804&#8243; img_size=&#8220;full&#8220; alignment=&#8220;center&#8220;][\/vc_column][vc_column width=&#8220;1\/2&#8243;][vc_column_text]Wir bieten <b>Absaugl\u00f6sungen f\u00fcr Asche<\/b>, <b>Kohle<\/b>, <b>Abfallstaub<\/b>, alternative Brennstoffe und Holzpellets.<\/p>\n<p>Einige Beispiele f\u00fcr unsere industriellen Absaugl\u00f6sungen:[\/vc_column_text][vc_column_text]<\/p>\n<ul>\n<li>Absaugung von Abfallstaub<\/li>\n<li>Zentralisierte Absaugung von Feinstaub<\/li>\n<li>Absaugung entlang von F\u00f6rderb\u00e4ndern<\/li>\n<\/ul>\n<p>[\/vc_column_text][\/vc_column][\/vc_row][vc_row][vc_column][vc_empty_space][vc_column_text el_class=&#8220;gros-titre fort trait-bleu traits-gris-droite-gauche titre-centre vc_separator wpb_content_element vc_separator_align_center vc_sep_width_100 vc_sep_border_width_2 vc_sep_pos_align_center vc_separator-has-text&#8220;]<\/p>\n<div class=\"vc_sep_holder vc_sep_holder_l\">\n<p class=\"vc_sep_line\" style=\"border-color: grey;\">\n<\/div>\n<h2 style=\"text-align: center;\">Abdichtung von F\u00f6rderb\u00e4ndern f\u00fcr<br \/>\nAbfallbehandlungsanlagen<\/h2>\n<div class=\"vc_sep_holder vc_sep_holder_r\">\n<p class=\"vc_sep_line\" style=\"border-color: grey;\">\n<\/div>\n<p>[\/vc_column_text][\/vc_column][\/vc_row][vc_row el_class=&#8220;invert-block&#8220;][vc_column width=&#8220;1\/2&#8243;][vc_column_text]Standard Industrie bietet L\u00f6sungen zur Beseitigung von <a href=\"\/de\/optimierung-der-transportbaender\/\">\u00dcberl\u00e4ufen an dem F\u00f6rderband<\/a>[\/vc_column_text][vc_column_text]<\/p>\n<ul>\n<li><b>Abdichtung von Kraftstofftransportb\u00e4ndern<\/b><\/li>\n<li>Eliminierung von Ger\u00fcchen und Staubemissionen<\/li>\n<li>ATEX-Zone<\/li>\n<li><b>Transport von Holzsp\u00e4nen, S\u00e4gemehl<\/b><\/li>\n<\/ul>\n<p>[\/vc_column_text][\/vc_column][vc_column css_animation=&#8220;slideInRight&#8220; width=&#8220;1\/2&#8243;][vc_single_image image=&#8220;4523&#8243; img_size=&#8220;full&#8220; alignment=&#8220;center&#8220;][\/vc_column][\/vc_row][vc_row][vc_column][vc_btn title=&#8220;Kontaktieren Sie uns&#8220; style=&#8220;flat&#8220; shape=&#8220;square&#8220; color=&#8220;black&#8220; align=&#8220;center&#8220; link=&#8220;url:%2Fde%2Fkontakt%2F|title:Contact%20Standard%20industrie&#8220;][\/vc_column][\/vc_row]<\/p>\n","protected":false},"excerpt":{"rendered":"<p>[vc_row][vc_column][vc_empty_space][vc_column_text el_class=&#8220;gros-titre fort trait-bleu traits-gris-droite-gauche titre-centre vc_separator wpb_content_element vc_separator_align_center vc_sep_width_100 vc_sep_border_width_2 vc_sep_pos_align_center vc_separator-has-text&#8220;] Reinigungsl\u00f6sung f\u00fcr Abfallbehandlungsanlagen [\/vc_column_text][\/vc_column][\/vc_row][vc_row el_class=&#8220;invert-block&#8220;][vc_column width=&#8220;1\/2&#8243;][vc_column_text]Reinigungsl\u00f6sung f\u00fcrAbfallbehandlungsanlagen Unsere industriellen Reinigungsl\u00f6sungen f\u00fcr Abfallbehandlungsanlagen erm\u00f6glichen<span class=\"excerpt-hellip\"> [\u2026]<\/span><\/p>\n","protected":false},"author":1,"featured_media":0,"parent":0,"menu_order":34,"comment_status":"closed","ping_status":"closed","template":"","meta":{"footnotes":""},"class_list":["post-3533","page","type-page","status-publish","hentry"],"_links":{"self":[{"href":"https:\/\/www.standard-industrie.com\/de\/wp-json\/wp\/v2\/pages\/3533","targetHints":{"allow":["GET"]}}],"collection":[{"href":"https:\/\/www.standard-industrie.com\/de\/wp-json\/wp\/v2\/pages"}],"about":[{"href":"https:\/\/www.standard-industrie.com\/de\/wp-json\/wp\/v2\/types\/page"}],"author":[{"embeddable":true,"href":"https:\/\/www.standard-industrie.com\/de\/wp-json\/wp\/v2\/users\/1"}],"replies":[{"embeddable":true,"href":"https:\/\/www.standard-industrie.com\/de\/wp-json\/wp\/v2\/comments?post=3533"}],"version-history":[{"count":0,"href":"https:\/\/www.standard-industrie.com\/de\/wp-json\/wp\/v2\/pages\/3533\/revisions"}],"wp:attachment":[{"href":"https:\/\/www.standard-industrie.com\/de\/wp-json\/wp\/v2\/media?parent=3533"}],"curies":[{"name":"wp","href":"https:\/\/api.w.org\/{rel}","templated":true}]}}