{"id":3899,"date":"2022-05-30T09:00:20","date_gmt":"2022-05-30T08:00:20","guid":{"rendered":"https:\/\/www.standard-industrie.com\/de\/?page_id=3899"},"modified":"2025-06-04T20:06:15","modified_gmt":"2025-06-04T19:06:15","slug":"lebensmittelindustrie","status":"publish","type":"page","link":"https:\/\/www.standard-industrie.com\/de\/lebensmittelindustrie\/","title":{"rendered":"LEBENSMITTELINDUSTRIE"},"content":{"rendered":"<p>[vc_row][vc_column][vc_empty_space][vc_column_text el_class=&#8220;gros-titre fort trait-bleu traits-gris-droite-gauche titre-centre vc_separator wpb_content_element vc_separator_align_center vc_sep_width_100 vc_sep_border_width_2 vc_sep_pos_align_center vc_separator-has-text&#8220;]<\/p>\n<div class=\"vc_sep_holder vc_sep_holder_l\">\n<p class=\"vc_sep_line\" style=\"border-color: grey;\">\n<\/div>\n<h2 style=\"text-align: center;\">Reinigungsl\u00f6sung f\u00fcr die Lebensmittelindustrie<\/h2>\n<div class=\"vc_sep_holder vc_sep_holder_r\">\n<p class=\"vc_sep_line\" style=\"border-color: grey;\">\n<\/div>\n<p>[\/vc_column_text][\/vc_column][\/vc_row][vc_row el_class=&#8220;invert-block&#8220;][vc_column width=&#8220;1\/2&#8243;][vc_column_text]Unsere\u00a0<b>Reinigungsl\u00f6sungen<\/b>\u00a0zur\u00a0<b>Verfl\u00fcssigung der Futter- und Lebensmittelproduktion<\/b>\u00a0<a href=\"\/de\/beseitigung-der-anbackungen-und-anhaftungen\/\" rel=\"noopener\"><u>entfernen Materialablagerungen<\/u><\/a>, Verstopfungen und Konkremente in den Lagereinheiten und Materialf\u00f6rderrinnen. Je nach Feuchtigkeitsgehalt im Silo kann es zu Anhaftungen von Zucker, Sojabohnen, Kleie und Mehl kommen.<\/p>\n<p>Hier sind einige Beispiele f\u00fcr unsere\u00a0<b>L\u00f6sungen f\u00fcr die industrielle Reinigung<\/b>\u00a0:<\/p>\n<ul>\n<li>Reinigung des Trichters zur Lagerung von Rohstoffen<\/li>\n<li>Reinigung von Getreidesilo, Sojasilo, Kleie-Silo<\/li>\n<li>Vermeidung von Kleie Anbackungen durch Anbringen von Luftkanonen an der Lagereinheit<\/li>\n<li>Beseitigung von Materialstau an der Austragung des Entladers<\/li>\n<li>Reinigung der Trichter zur Lagerung von Viehfutter<\/li>\n<li><a href=\"https:\/\/www.standard-industrie.com\/de\/fallstudie\/eine-zuckerfabrik-in-frankreich\/\" target=\"_blank\" rel=\"noopener\">Reinigung mit Ger\u00e4ten nach ATEX-Norm 21, insbesondere um den Abfluss von Kristallzucker zu erleichtern<\/a><\/li>\n<\/ul>\n<p>In der Lebensmittelindustrie sind die R\u00fccknahmesysteme unter den Silos in der Regel F\u00f6rderschnecken, Vibrationsrohre oder pneumatische F\u00f6rderung. Durch den Einsatz von Luftkanonen wird eine gleichm\u00e4\u00dfige Versorgung der R\u00fccknahmeeinrichtungen gew\u00e4hrleistet, die oftmals auch Regel- und Dosierelemente sind.<\/p>\n<p>&nbsp;<\/p>\n<p>Die Silos k\u00f6nnen auf W\u00e4gungen stehen. Die Auswirkungen der von den Luftkanonen erzeugten Sto\u00dfwelle haben keinen Einfluss auf die Genauigkeit des Wiegens.[\/vc_column_text][\/vc_column][vc_column css_animation=&#8220;none&#8220; width=&#8220;1\/2&#8243;][vc_single_image image=&#8220;4535&#8243; img_size=&#8220;full&#8220; alignment=&#8220;center&#8220; css_animation=&#8220;fadeInRight&#8220;][vc_single_image image=&#8220;4533&#8243; img_size=&#8220;full&#8220; alignment=&#8220;center&#8220; css_animation=&#8220;fadeInRightBig&#8220;][\/vc_column][\/vc_row][vc_row][vc_column][vc_btn title=&#8220;Kontaktieren Sie uns&#8220; style=&#8220;flat&#8220; shape=&#8220;square&#8220; color=&#8220;black&#8220; align=&#8220;center&#8220; link=&#8220;url:https%3A%2F%2Fwww.standard-industrie.com%2Fde%2FKontakt%2F|title:Kontakt&#8220;][\/vc_column][\/vc_row][vc_row][vc_column][vc_empty_space][vc_column_text el_class=&#8220;gros-titre fort trait-bleu traits-gris-droite-gauche titre-centre vc_separator wpb_content_element vc_separator_align_center vc_sep_width_100 vc_sep_border_width_2 vc_sep_pos_align_center vc_separator-has-text&#8220;]<\/p>\n<div class=\"vc_sep_holder vc_sep_holder_l\">\n<p class=\"vc_sep_line\" style=\"border-color: grey;\">\n<\/div>\n<h2 style=\"text-align: center;\">Absaugl\u00f6sung f\u00fcr Lebensmittelfabriken<\/h2>\n<div class=\"vc_sep_holder vc_sep_holder_r\">\n<p class=\"vc_sep_line\" style=\"border-color: grey;\">\n<\/div>\n<p>[\/vc_column_text][\/vc_column][\/vc_row][vc_row el_class=&#8220;invert-block&#8220;][vc_column css_animation=&#8220;slideInLeft&#8220; width=&#8220;1\/4&#8243;][vc_single_image image=&#8220;4531&#8243; img_size=&#8220;full&#8220; alignment=&#8220;center&#8220;][\/vc_column][vc_column width=&#8220;1\/2&#8243;][vc_column_text]Die Lebensmittelproduktion unterliegt gesundheitlichen Anforderungen und der\u00a0<b>ATEX-Norm<\/b>, die von netzbetriebenen\u00a0<b>Saugmaschinen<\/b>\u00a0erf\u00fcllt werden k\u00f6nnen.<\/p>\n<p>Einige Beispiele f\u00fcr unsere\u00a0<b>L\u00f6sungen zur Absaugung von Industriestaub<\/b>\u00a0:<\/p>\n<ul>\n<li>Reinigung der Lagerbereiche durch zentrale Staubsauganlagen<\/li>\n<li>Industrielle Absaugung des Verpackungsbereichs<\/li>\n<li><a href=\"https:\/\/www.standard-industrie.com\/de\/fallstudie\/landwirtschaftsgenossenschaft-in-frankreich\/\" target=\"_blank\" rel=\"noopener\">Absaugen von feinen K\u00f6rnern oder Granulaten<\/a><\/li>\n<li>Reinigung durch Absaugen von Staub aus dem Prozess der Lebensmittelherstellung<\/li>\n<\/ul>\n<p>Die Reinigung dieser Bereiche wird mit einem zentralen\u00a0<a href=\"\/de\/industrielle-absaugung\/\" target=\"_blank\" rel=\"noopener\"><b><u>industriellen Staubsaugersystem durchgef\u00fchrt<\/u><\/b><\/a>.[\/vc_column_text][\/vc_column][vc_column css_animation=&#8220;slideInRight&#8220; width=&#8220;1\/4&#8243;][vc_single_image image=&#8220;4534&#8243; img_size=&#8220;full&#8220; alignment=&#8220;center&#8220;][\/vc_column][\/vc_row][vc_row][vc_column][vc_empty_space][vc_column_text el_class=&#8220;gros-titre fort trait-bleu traits-gris-droite-gauche titre-centre vc_separator wpb_content_element vc_separator_align_center vc_sep_width_100 vc_sep_border_width_2 vc_sep_pos_align_center vc_separator-has-text&#8220;]<\/p>\n<div class=\"vc_sep_holder vc_sep_holder_l\">\n<p class=\"vc_sep_line\" style=\"border-color: grey;\">\n<\/div>\n<h2 style=\"text-align: center;\">Abdichtung von F\u00f6rderb\u00e4ndern f\u00fcr die Lebensmittelindustrie<\/h2>\n<div class=\"vc_sep_holder vc_sep_holder_r\">\n<p class=\"vc_sep_line\" style=\"border-color: grey;\">\n<\/div>\n<p>[\/vc_column_text][\/vc_column][\/vc_row][vc_row el_class=&#8220;invert-block&#8220;][vc_column width=&#8220;1\/2&#8243;][vc_column_text]Standard industrie bietet L\u00f6sungen zur Beseitigung von\u00a0<b>\u00dcberl\u00e4ufen des F\u00f6rderbandes und Transportbandes<\/b>.<\/p>\n<p>Dank der Einschlie\u00dfung des Bandes, die das Design des LIFTUBE\u00ae bietet, l\u00e4uft das Produkt wie in einer dichten H\u00fclle, die es erm\u00f6glicht, den Materialflug nach au\u00dfen sowie den Materialverlust au\u00dferhalb des Bandes zu reduzieren. Da die Haube klippbar ist, rastet sie perfekt in den oberen Nuten der Kantenhalter ein und sorgt so f\u00fcr eine perfekte Abdichtung des Systems. Diese Wasserdichtigkeit wird auch durch die schaumstoffkaschierten B\u00fcgel erreicht, die an beiden Enden angebracht sind und das Band umschlie\u00dfen.<\/p>\n<p>Diese Vorteile k\u00f6nnen f\u00fcr die Gesundheit von Bedeutung sein, wenn das transportierte Produkt vor der Au\u00dfenwelt gesch\u00fctzt werden muss.[\/vc_column_text][\/vc_column][vc_column css_animation=&#8220;slideInRight&#8220; width=&#8220;1\/2&#8243;][vc_single_image image=&#8220;4532&#8243; img_size=&#8220;full&#8220; alignment=&#8220;center&#8220;][\/vc_column][\/vc_row][vc_row][vc_column][vc_btn title=&#8220;Kontaktieren Sie uns&#8220; style=&#8220;flat&#8220; shape=&#8220;square&#8220; color=&#8220;black&#8220; align=&#8220;center&#8220; link=&#8220;url:https%3A%2F%2Fwww.standard-industrie.com%2Fde%2FKontakt%2F|title:Kontakt&#8220;][\/vc_column][\/vc_row]<\/p>\n","protected":false},"excerpt":{"rendered":"<p>[vc_row][vc_column][vc_empty_space][vc_column_text el_class=&#8220;gros-titre fort trait-bleu traits-gris-droite-gauche titre-centre vc_separator wpb_content_element vc_separator_align_center vc_sep_width_100 vc_sep_border_width_2 vc_sep_pos_align_center vc_separator-has-text&#8220;] Reinigungsl\u00f6sung f\u00fcr die Lebensmittelindustrie [\/vc_column_text][\/vc_column][\/vc_row][vc_row el_class=&#8220;invert-block&#8220;][vc_column width=&#8220;1\/2&#8243;][vc_column_text]Unsere\u00a0Reinigungsl\u00f6sungen\u00a0zur\u00a0Verfl\u00fcssigung der Futter- und Lebensmittelproduktion\u00a0entfernen Materialablagerungen, Verstopfungen<span class=\"excerpt-hellip\"> [\u2026]<\/span><\/p>\n","protected":false},"author":1,"featured_media":0,"parent":0,"menu_order":33,"comment_status":"closed","ping_status":"closed","template":"","meta":{"footnotes":""},"class_list":["post-3899","page","type-page","status-publish","hentry"],"_links":{"self":[{"href":"https:\/\/www.standard-industrie.com\/de\/wp-json\/wp\/v2\/pages\/3899","targetHints":{"allow":["GET"]}}],"collection":[{"href":"https:\/\/www.standard-industrie.com\/de\/wp-json\/wp\/v2\/pages"}],"about":[{"href":"https:\/\/www.standard-industrie.com\/de\/wp-json\/wp\/v2\/types\/page"}],"author":[{"embeddable":true,"href":"https:\/\/www.standard-industrie.com\/de\/wp-json\/wp\/v2\/users\/1"}],"replies":[{"embeddable":true,"href":"https:\/\/www.standard-industrie.com\/de\/wp-json\/wp\/v2\/comments?post=3899"}],"version-history":[{"count":0,"href":"https:\/\/www.standard-industrie.com\/de\/wp-json\/wp\/v2\/pages\/3899\/revisions"}],"wp:attachment":[{"href":"https:\/\/www.standard-industrie.com\/de\/wp-json\/wp\/v2\/media?parent=3899"}],"curies":[{"name":"wp","href":"https:\/\/api.w.org\/{rel}","templated":true}]}}