{"id":3934,"date":"2022-05-30T13:06:37","date_gmt":"2022-05-30T12:06:37","guid":{"rendered":"https:\/\/www.standard-industrie.com\/de\/?page_id=3934"},"modified":"2025-06-04T20:05:16","modified_gmt":"2025-06-04T19:05:16","slug":"stahlindustrie","status":"publish","type":"page","link":"https:\/\/www.standard-industrie.com\/de\/stahlindustrie\/","title":{"rendered":"STAHLINDUSTRIE"},"content":{"rendered":"<p>[vc_row][vc_column][vc_empty_space][vc_column_text el_class=&#8220;gros-titre fort trait-bleu traits-gris-droite-gauche titre-centre vc_separator wpb_content_element vc_separator_align_center vc_sep_width_100 vc_sep_border_width_2 vc_sep_pos_align_center vc_separator-has-text&#8220;]<\/p>\n<div class=\"vc_sep_holder vc_sep_holder_l\">\n<p class=\"vc_sep_line\" style=\"border-color: grey;\">\n<\/div>\n<h2 style=\"text-align: center;\">Reinigungsl\u00f6sung f\u00fcr die Stahlindustrie<\/h2>\n<div class=\"vc_sep_holder vc_sep_holder_r\">\n<p class=\"vc_sep_line\" style=\"border-color: grey;\">\n<\/div>\n<p>[\/vc_column_text][\/vc_column][\/vc_row][vc_row el_class=&#8220;invert-block&#8220;][vc_column width=&#8220;1\/2&#8243;][vc_column_text]Unsere\u00a0<b>Reinigungsl\u00f6sungen f\u00fcr die Stahlindustrie<\/b>\u00a0<a href=\"\/de\/beseitigung-der-anbackungen-und-anhaftungen\/\" rel=\"noopener\"><u>entfernen Materialablagerungen<\/u><\/a>, Verstopfungen und Konkremente in Lagereinheiten und in Bereichen, in denen Gas und Staub verarbeitet werden.<\/p>\n<p>Hier einige Beispiele f\u00fcr unsere\u00a0<b>L\u00f6sungen f\u00fcr die industrielle Reinigung<\/b>\u00a0:<\/p>\n<ul>\n<li>Reinigung der Trichter f\u00fcr Eisenerz und Kohle<\/li>\n<li>Reinigung von Kohlet\u00fcrmen<\/li>\n<li><a href=\"https:\/\/www.standard-industrie.com\/de\/fallstudie\/reinigung-des-inneren-eines-trichters\/\" target=\"_blank\" rel=\"noopener\">Reinigung von Trichtern unter Filtern<\/a> oder Elektrofiltern<\/li>\n<li>Reinigung des W\u00e4rmetauschers, des Gask\u00fchlturms (Quench)<\/li>\n<li>Reinigung der Silos mit Staub aus dem Stahlwerk<\/li>\n<\/ul>\n<p>In der Lebensmittelindustrie sind die R\u00fccknahmesysteme unter den Silos in der Regel F\u00f6rderschnecken, Vibrationsrohre oder pneumatische F\u00f6rderung. Durch den Einsatz von Luftkanonen wird eine gleichm\u00e4\u00dfige Versorgung der R\u00fccknahmeeinrichtungen gew\u00e4hrleistet, die oftmals auch Regel- und Dosierelemente sind.[\/vc_column_text][\/vc_column][vc_column css_animation=&#8220;slideInRight&#8220; width=&#8220;1\/2&#8243;][vc_single_image image=&#8220;4543&#8243; img_size=&#8220;full&#8220; alignment=&#8220;center&#8220;][\/vc_column][\/vc_row][vc_row][vc_column][vc_btn title=&#8220;Kontaktieren Sie uns&#8220; style=&#8220;flat&#8220; shape=&#8220;square&#8220; color=&#8220;black&#8220; align=&#8220;center&#8220; link=&#8220;url:https%3A%2F%2Fwww.standard-industrie.com%2Fde%2FKontakt%2F|title:Kontakt&#8220;][\/vc_column][\/vc_row][vc_row][vc_column][vc_empty_space][vc_column_text el_class=&#8220;gros-titre fort trait-bleu traits-gris-droite-gauche titre-centre vc_separator wpb_content_element vc_separator_align_center vc_sep_width_100 vc_sep_border_width_2 vc_sep_pos_align_center vc_separator-has-text&#8220;]<\/p>\n<div class=\"vc_sep_holder vc_sep_holder_l\">\n<p class=\"vc_sep_line\" style=\"border-color: grey;\">\n<\/div>\n<h2 style=\"text-align: center;\">Absaugl\u00f6sung f\u00fcr Stahlwerke<\/h2>\n<div class=\"vc_sep_holder vc_sep_holder_r\">\n<p class=\"vc_sep_line\" style=\"border-color: grey;\">\n<\/div>\n<p>[\/vc_column_text][\/vc_column][\/vc_row][vc_row el_class=&#8220;invert-block&#8220;][vc_column css_animation=&#8220;slideInLeft&#8220; width=&#8220;1\/2&#8243;][vc_single_image image=&#8220;4542&#8243; img_size=&#8220;full&#8220; alignment=&#8220;center&#8220;][\/vc_column][vc_column width=&#8220;1\/2&#8243;][vc_column_text]Unsere\u00a0<b>Staubsaugerl\u00f6sungen f\u00fcr die Stahlindustrie<\/b>\u00a0entfernen Staub von Kohle, Eisenerz, Koks, Dolomit, Castine und Agglomeraten.<\/p>\n<p>Einige Beispiele f\u00fcr unsere\u00a0<b>L\u00f6sungen zur Absaugung von Industriestaub<\/b>\u00a0:<\/p>\n<ul>\n<li>Absaugen entlang des F\u00f6rderbandes am Hafen (Hafenanlage)<\/li>\n<li>Reinigung des Bereichs der Ladungsvorbereitung: Arbeitsboden, F\u00f6rderband, Brecher, Elevatorfuss<\/li>\n<li>Reinigung der KOKEREI: Arbeitsboden, F\u00f6rderband, Turm<\/li>\n<li>Reinigung des Bereichs Hochofen<\/li>\n<li>Stahlwerksreinigung: Gie\u00dfereiboden, Filter oder Elektrofilter<\/li>\n<\/ul>\n<p>Die Reinigung dieser Bereiche wird mit einem zentralen\u00a0<a href=\"\/de\/industrielle-absaugung\/\" rel=\"noopener\"><b>industriellen Staubsaugersystem durchgef\u00fchrt<\/b><\/a>.[\/vc_column_text][\/vc_column][\/vc_row][vc_row][vc_column][vc_empty_space][vc_column_text el_class=&#8220;gros-titre fort trait-bleu traits-gris-droite-gauche titre-centre vc_separator wpb_content_element vc_separator_align_center vc_sep_width_100 vc_sep_border_width_2 vc_sep_pos_align_center vc_separator-has-text&#8220;]<\/p>\n<div class=\"vc_sep_holder vc_sep_holder_l\">\n<p class=\"vc_sep_line\" style=\"border-color: grey;\">\n<\/div>\n<h2 style=\"text-align: center;\">Abdichtung von F\u00f6rderb\u00e4ndern f\u00fcr die Stahlindustrie<\/h2>\n<div class=\"vc_sep_holder vc_sep_holder_r\">\n<p class=\"vc_sep_line\" style=\"border-color: grey;\">\n<\/div>\n<p>[\/vc_column_text][\/vc_column][\/vc_row][vc_row el_class=&#8220;invert-block&#8220;][vc_column width=&#8220;1\/2&#8243;][vc_column_text]Standard industrie bietet L\u00f6sungen zur Beseitigung von\u00a0<b>\u00dcberl\u00e4ufen des F\u00f6rderbands<\/b>, das Erz, Castine, Koks, Kohle und Agglomerate transportiert.<\/p>\n<ul>\n<li>Abdichtung der F\u00f6rderb\u00e4nder<\/li>\n<li>Beseitigung von Ger\u00fcchen und Staubemissionen<\/li>\n<li>ATEX-Bereich<\/li>\n<\/ul>\n<p>[\/vc_column_text][\/vc_column][vc_column css_animation=&#8220;slideInRight&#8220; width=&#8220;1\/2&#8243;][vc_single_image image=&#8220;4544&#8243; img_size=&#8220;full&#8220; alignment=&#8220;center&#8220;][\/vc_column][\/vc_row][vc_row][vc_column][vc_btn title=&#8220;Kontaktieren Sie uns&#8220; style=&#8220;flat&#8220; shape=&#8220;square&#8220; color=&#8220;black&#8220; align=&#8220;center&#8220; link=&#8220;url:https%3A%2F%2Fwww.standard-industrie.com%2Fde%2FKontakt%2F|title:Kontakt&#8220;][\/vc_column][\/vc_row]<\/p>\n","protected":false},"excerpt":{"rendered":"<p>[vc_row][vc_column][vc_empty_space][vc_column_text el_class=&#8220;gros-titre fort trait-bleu traits-gris-droite-gauche titre-centre vc_separator wpb_content_element vc_separator_align_center vc_sep_width_100 vc_sep_border_width_2 vc_sep_pos_align_center vc_separator-has-text&#8220;] Reinigungsl\u00f6sung f\u00fcr die Stahlindustrie [\/vc_column_text][\/vc_column][\/vc_row][vc_row el_class=&#8220;invert-block&#8220;][vc_column width=&#8220;1\/2&#8243;][vc_column_text]Unsere\u00a0Reinigungsl\u00f6sungen f\u00fcr die Stahlindustrie\u00a0entfernen Materialablagerungen, Verstopfungen und<span class=\"excerpt-hellip\"> [\u2026]<\/span><\/p>\n","protected":false},"author":1,"featured_media":0,"parent":0,"menu_order":31,"comment_status":"closed","ping_status":"closed","template":"","meta":{"footnotes":""},"class_list":["post-3934","page","type-page","status-publish","hentry"],"_links":{"self":[{"href":"https:\/\/www.standard-industrie.com\/de\/wp-json\/wp\/v2\/pages\/3934","targetHints":{"allow":["GET"]}}],"collection":[{"href":"https:\/\/www.standard-industrie.com\/de\/wp-json\/wp\/v2\/pages"}],"about":[{"href":"https:\/\/www.standard-industrie.com\/de\/wp-json\/wp\/v2\/types\/page"}],"author":[{"embeddable":true,"href":"https:\/\/www.standard-industrie.com\/de\/wp-json\/wp\/v2\/users\/1"}],"replies":[{"embeddable":true,"href":"https:\/\/www.standard-industrie.com\/de\/wp-json\/wp\/v2\/comments?post=3934"}],"version-history":[{"count":0,"href":"https:\/\/www.standard-industrie.com\/de\/wp-json\/wp\/v2\/pages\/3934\/revisions"}],"wp:attachment":[{"href":"https:\/\/www.standard-industrie.com\/de\/wp-json\/wp\/v2\/media?parent=3934"}],"curies":[{"name":"wp","href":"https:\/\/api.w.org\/{rel}","templated":true}]}}