{"id":3999,"date":"2022-08-30T09:36:56","date_gmt":"2022-08-30T08:36:56","guid":{"rendered":"https:\/\/www.standard-industrie.com\/de\/?page_id=3999"},"modified":"2025-06-04T19:58:51","modified_gmt":"2025-06-04T18:58:51","slug":"accueil-standard-industrie","status":"publish","type":"page","link":"https:\/\/www.standard-industrie.com\/de\/","title":{"rendered":"Startseite Standard Industrie"},"content":{"rendered":"<p>[vc_row][vc_column][vc_empty_space][vc_column_text el_class=&#8220;gros-titre fort traits-gris-droite-gauche titre-centre vc_separator wpb_content_element vc_separator_align_center vc_sep_width_100 vc_sep_border_width_2 vc_sep_pos_align_center vc_separator-has-text&#8220;]<\/p>\n<div class=\"vc_sep_holder vc_sep_holder_l\">\n<p class=\"vc_sep_line\" style=\"border-color: grey;\">\n<\/div>\n<h2>Unsere L\u00f6sungen<\/h2>\n<div class=\"vc_sep_holder vc_sep_holder_r\">\n<p class=\"vc_sep_line\" style=\"border-color: grey;\">\n<\/div>\n<p>[\/vc_column_text][vc_row_inner][vc_column_inner width=&#8220;1\/2&#8243;][vc_column_text]Standard industrie bietet vielf\u00e4ltige L\u00f6sungen zur Unterst\u00fctzung der Industrie von Sch\u00fcttgut bis hin zum internationalen Handel und f\u00fcr alle Arten von Branchen.[\/vc_column_text][\/vc_column_inner][vc_column_inner width=&#8220;1\/2&#8243;][\/vc_column_inner][\/vc_row_inner][vc_row_inner el_class=&#8220;range-5-block&#8220;][vc_column_inner width=&#8220;1\/5&#8243; offset=&#8220;vc_col-xs-6&#8243;][vc_single_image image=&#8220;4336&#8243; img_size=&#8220;full&#8220; onclick=&#8220;custom_link&#8220; el_class=&#8220;effect-slide-top-img-hover animation-trait-img-hover trait-rouge img-trait-titre&#8220; link=&#8220;\/de\/beseitigung-der-anbackungen-und-anhaftungen\/&#8220; title=&#8220;BESEITIGUNG DER ANBACKUNGEN UND ANHAFTUNGEN&#8220;][\/vc_column_inner][vc_column_inner width=&#8220;1\/5&#8243; offset=&#8220;vc_col-xs-6&#8243;][vc_single_image image=&#8220;4129&#8243; img_size=&#8220;full&#8220; onclick=&#8220;custom_link&#8220; el_class=&#8220;effect-slide-top-img-hover animation-trait-img-hover trait-jaune img-trait-titre&#8220; link=&#8220;\/de\/industrielle-absaugung\/&#8220; title=&#8220;INDUSTRIELLE ABSAUGUNG&#8220;][\/vc_column_inner][vc_column_inner width=&#8220;1\/5&#8243; offset=&#8220;vc_col-xs-6&#8243;][vc_single_image image=&#8220;4130&#8243; img_size=&#8220;full&#8220; onclick=&#8220;custom_link&#8220; el_class=&#8220;effect-slide-top-img-hover animation-trait-img-hover trait-vert img-trait-titre&#8220; link=&#8220;\/de\/optimierung-der-transportbaender\/&#8220; title=&#8220;OPTIMIERUNG DER TRANSPORTB\u00c4NDER&#8220;][\/vc_column_inner][vc_column_inner width=&#8220;1\/5&#8243; offset=&#8220;vc_col-xs-6&#8243;][vc_single_image image=&#8220;4131&#8243; img_size=&#8220;full&#8220; onclick=&#8220;custom_link&#8220; el_class=&#8220;effect-slide-top-img-hover animation-trait-img-hover trait-bleu img-trait-titre&#8220; link=&#8220;\/de\/trichter-und-siloreinigung-als-dienstleistung\/&#8220; title=&#8220;TRICHTER UND SILOREINIGUNG ALS DIENSTLEISTUNG&#8220;][\/vc_column_inner][vc_column_inner width=&#8220;1\/5&#8243; offset=&#8220;vc_col-xs-6&#8243;][vc_single_image image=&#8220;4132&#8243; img_size=&#8220;full&#8220; onclick=&#8220;custom_link&#8220; el_class=&#8220;effect-slide-top-img-hover animation-trait-img-hover trait-violet img-trait-titre&#8220; link=&#8220;\/de\/transport-durchsieben-von-schuttgutern\/&#8220; title=&#8220;TRANSPORT DURCHSIEBEN VON SCH\u00dcTTG\u00dcTERN&#8220;][\/vc_column_inner][\/vc_row_inner][\/vc_column][\/vc_row][vc_row][vc_column][vc_empty_space][vc_column_text el_class=&#8220;gros-titre fort traits-gris-droite-gauche titre-centre vc_separator wpb_content_element vc_separator_align_center vc_sep_width_100 vc_sep_border_width_2 vc_sep_pos_align_center vc_separator-has-text&#8220;]<\/p>\n<div class=\"vc_sep_holder vc_sep_holder_l\">\n<p class=\"vc_sep_line\" style=\"border-color: grey;\">\n<\/div>\n<h2>Unsere Branchen<\/h2>\n<div class=\"vc_sep_holder vc_sep_holder_r\">\n<p class=\"vc_sep_line\" style=\"border-color: grey;\">\n<\/div>\n<p>[\/vc_column_text][vc_row_inner][vc_column_inner width=&#8220;1\/2&#8243;][vc_column_text]Wir sind in verschiedenen Branchen wie der Zementindustrie, der Glasindustrie, dem Bergbau und den Steinbr\u00fcchen und vielen anderen t\u00e4tig, um unsere Reinigungsl\u00f6sungen f\u00fcr die Sch\u00fcttgutindustrie anzubieten.[\/vc_column_text][\/vc_column_inner][vc_column_inner width=&#8220;1\/2&#8243;][\/vc_column_inner][\/vc_row_inner][vc_tta_tour active_section=&#8220;1&#8243; el_class=&#8220;range-secteurs&#8220;][vc_tta_section title=&#8220;Zementwerk&#8220; tab_id=&#8220;1663676834756-aab29fd0-e048&#8243;][vc_row_inner el_class=&#8220;txt-btn-page-secteurs&#8220;][vc_column_inner width=&#8220;1\/2&#8243; css=&#8220;.vc_custom_1676646976694{padding-top: 30px !important;padding-right: 30px !important;padding-bottom: 30px !important;padding-left: 30px !important;background-color: rgba(255,255,255,0.8) !important;*background-color: rgb(255,255,255) !important;}&#8220;][vc_column_text]Unsere Reinigungsl\u00f6sungen f\u00fcr Zementwerke und Zementfabriken entfernen Verstopfungen von Sand und Anbackungen in den Lagereinheiten und Gasleitungen des Prozesses.[\/vc_column_text][vc_btn title=&#8220;mehr erfahren&#8220; shape=&#8220;square&#8220; color=&#8220;warning&#8220; link=&#8220;url:https%3A%2F%2Fwww.standard-industrie.com%2Fde%2Fzementwerk%2F|title:Zementwerk&#8220;][\/vc_column_inner][vc_column_inner width=&#8220;1\/2&#8243;][\/vc_column_inner][\/vc_row_inner][vc_single_image image=&#8220;4444&#8243; img_size=&#8220;full&#8220; alignment=&#8220;center&#8220;][\/vc_tta_section][vc_tta_section title=&#8220;Glasindustrie \/ Glasverarbeitende Industrie&#8220; tab_id=&#8220;1663678802508-3dd6017c-2a4f&#8220;][vc_row_inner el_class=&#8220;txt-btn-page-secteurs&#8220;][vc_column_inner width=&#8220;1\/2&#8243; css=&#8220;.vc_custom_1676646981779{padding-top: 30px !important;padding-right: 30px !important;padding-bottom: 30px !important;padding-left: 30px !important;background-color: rgba(255,255,255,0.8) !important;*background-color: rgb(255,255,255) !important;}&#8220;][vc_column_text]Unsere L\u00f6sungen f\u00fcr Druckluftkanonen entfernen <a href=\"https:\/\/www.standard-industrie.com\/de\/elimination-colmatages-concretions\/\">Verstopfungen<\/a> und Anbackungen in Lagerh\u00e4usern sowie bei der Beschickung und Vorbereitung von Chargen f\u00fcr die Glasindustrie.[\/vc_column_text][vc_btn title=&#8220;mehr erfahren&#8220; shape=&#8220;square&#8220; color=&#8220;warning&#8220; link=&#8220;url:https%3A%2F%2Fwww.standard-industrie.com%2Fde%2Fglasindustrie-glasverarbeitende-industrie%2F&#8220;][\/vc_column_inner][vc_column_inner width=&#8220;1\/2&#8243;][\/vc_column_inner][\/vc_row_inner][vc_single_image image=&#8220;4441&#8243; img_size=&#8220;full&#8220; alignment=&#8220;center&#8220;][\/vc_tta_section][vc_tta_section title=&#8220;Bergbau \/ Steinbr\u00fcche&#8220; tab_id=&#8220;1663679084549-396f71bf-654f&#8220;][vc_row_inner el_class=&#8220;txt-btn-page-secteurs&#8220;][vc_column_inner width=&#8220;1\/2&#8243; css=&#8220;.vc_custom_1676646987343{padding-top: 30px !important;padding-right: 30px !important;padding-bottom: 30px !important;padding-left: 30px !important;background-color: rgba(255,255,255,0.8) !important;*background-color: rgb(255,255,255) !important;}&#8220;][vc_column_text]Unsere Reinigungsl\u00f6sungen mit Druckluftkanonen entfernen Materialablagerungen, Verstopfungen und Anbackungen, wie z. B. Verstopfungen von Sand, Granulat oder Ton.[\/vc_column_text][vc_btn title=&#8220;mehr erfahren&#8220; shape=&#8220;square&#8220; color=&#8220;warning&#8220; link=&#8220;url:https%3A%2F%2Fwww.standard-industrie.com%2Fde%2Fbergbau-steinbruche%2F&#8220;][\/vc_column_inner][vc_column_inner width=&#8220;1\/2&#8243;][\/vc_column_inner][\/vc_row_inner][vc_single_image image=&#8220;4445&#8243; img_size=&#8220;full&#8220; alignment=&#8220;center&#8220;][\/vc_tta_section][vc_tta_section title=&#8220;Behandlung von Abfall&#8220; tab_id=&#8220;1663679126140-a1414a3c-0f2b&#8220;][vc_row_inner el_class=&#8220;txt-btn-page-secteurs&#8220;][vc_column_inner width=&#8220;1\/2&#8243; css=&#8220;.vc_custom_1676564629634{padding-top: 30px !important;padding-right: 30px !important;padding-bottom: 30px !important;padding-left: 30px !important;background-color: rgba(255,255,255,0.8) !important;*background-color: rgb(255,255,255) !important;}&#8220;][vc_column_text]Unsere industriellen Reinigungsl\u00f6sungen f\u00fcr Abfallbehandlungsanlagen erm\u00f6glichen die Beseitigung von Verstopfungen\u00a0und\u00a0Anbackungen\u00a0in Lagereinheiten.[\/vc_column_text][vc_btn title=&#8220;mehr erfahren&#8220; shape=&#8220;square&#8220; color=&#8220;warning&#8220; link=&#8220;url:https%3A%2F%2Fwww.standard-industrie.com\/de%2Fsolution-aspiration-industrielle-traitement-dechets-biomasse%2F&#8220;][\/vc_column_inner][vc_column_inner width=&#8220;1\/2&#8243;][\/vc_column_inner][\/vc_row_inner][vc_single_image image=&#8220;4448&#8243; img_size=&#8220;full&#8220; alignment=&#8220;center&#8220;][\/vc_tta_section][vc_tta_section title=&#8220;Energieerzeugung \/ Abfallbehandlung \/<br \/>\nVerbrennungsanlagen \/ (Hausm\u00fcll \/ Biomasse)&#8220; tab_id=&#8220;1663679159217-2320528c-519b&#8220;][vc_row_inner el_class=&#8220;txt-btn-page-secteurs&#8220;][vc_column_inner width=&#8220;1\/2&#8243; css=&#8220;.vc_custom_1676647016945{padding-top: 30px !important;padding-right: 30px !important;padding-bottom: 30px !important;padding-left: 30px !important;background-color: rgba(255,255,255,0.8) !important;*background-color: rgb(255,255,255) !important;}&#8220;][vc_column_text]Unsere Leistungen erm\u00f6glichen die <a href=\"https:\/\/www.standard-industrie.com\/de\/beseitigung-der-anbackungen-und-anhaftungen\/\">Reinigung von Asche<\/a>, Kalk, Gips, Refiom oder pflanzlichen Stoffen, die zur Beschickung von Biomassekesseln verwendet werden.[\/vc_column_text][vc_btn title=&#8220;mehr erfahren&#8220; shape=&#8220;square&#8220; color=&#8220;warning&#8220; link=&#8220;url:https%3A%2F%2Fwww.standard-industrie.com%2Fde%2Fenergieerzeugung%2F&#8220;][\/vc_column_inner][vc_column_inner width=&#8220;1\/2&#8243;][\/vc_column_inner][\/vc_row_inner][vc_single_image image=&#8220;4446&#8243; img_size=&#8220;full&#8220; alignment=&#8220;center&#8220;][\/vc_tta_section][vc_tta_section title=&#8220;Lebensmittelindustrie&#8220; tab_id=&#8220;1663679205414-cd0cd74c-3ee9&#8243;][vc_row_inner el_class=&#8220;txt-btn-page-secteurs&#8220;][vc_column_inner width=&#8220;1\/2&#8243; css=&#8220;.vc_custom_1676647022815{padding-top: 30px !important;padding-right: 30px !important;padding-bottom: 30px !important;padding-left: 30px !important;background-color: rgba(255,255,255,0.8) !important;*background-color: rgb(255,255,255) !important;}&#8220;][vc_column_text]Unsere L\u00f6sungen zur Verfl\u00fcssigung der Futtermittel- und Lebensmittelproduktion <a href=\"https:\/\/www.standard-industrie.com\/de\/elimination-colmatages-et-concretions\/\">entfernen Ablagerungen<\/a> von Materialien wie Zucker, Soja oder Mehl.[\/vc_column_text][vc_btn title=&#8220;mehr erfahren&#8220; shape=&#8220;square&#8220; color=&#8220;warning&#8220; link=&#8220;url:https%3A%2F%2Fwww.standard-industrie.com%2Fde%2Flebensmittelindustrie%2F&#8220;][\/vc_column_inner][vc_column_inner width=&#8220;1\/2&#8243;][\/vc_column_inner][\/vc_row_inner][vc_single_image image=&#8220;4442&#8243; img_size=&#8220;full&#8220; alignment=&#8220;center&#8220;][\/vc_tta_section][vc_tta_section title=&#8220;Stahlindustrie&#8220; tab_id=&#8220;1663679274544-30d45493-5251&#8243;][vc_row_inner el_class=&#8220;txt-btn-page-secteurs&#8220;][vc_column_inner width=&#8220;1\/2&#8243; css=&#8220;.vc_custom_1676647028832{padding-top: 30px !important;padding-right: 30px !important;padding-bottom: 30px !important;padding-left: 30px !important;background-color: rgba(255,255,255,0.8) !important;*background-color: rgb(255,255,255) !important;}&#8220;][vc_column_text]Unsere Reinigungsl\u00f6sungen f\u00fcr die Stahlindustrie entfernen <a href=\"https:\/\/www.standard-industrie.com\/de\/elimination-des-colmatages-concretions\/\">Materialablagerungen<\/a>, Verstopfungen und Anbackungen in Lagereinheiten und in Bereichen, in denen Gas und Staub verarbeitet werden.[\/vc_column_text][vc_btn title=&#8220;mehr erfahren&#8220; shape=&#8220;square&#8220; color=&#8220;warning&#8220; link=&#8220;url:https%3A%2F%2Fwww.standard-industrie.com%2Fde%2Fsolution-aspiration-decolmatage-siderurgie%2F|title:Solution%20d%E2%80%99aspiration%20et%20d%C3%A9colmatage%20pour%20la%20sid%C3%A9rurgie&#8220;][\/vc_column_inner][vc_column_inner width=&#8220;1\/2&#8243;][\/vc_column_inner][\/vc_row_inner][vc_single_image image=&#8220;4447&#8243; img_size=&#8220;full&#8220; alignment=&#8220;center&#8220;][\/vc_tta_section][vc_tta_section title=&#8220;Gips&#8220; tab_id=&#8220;1675950350651-55edb2d4-958e&#8220;][vc_row_inner el_class=&#8220;txt-btn-page-secteurs&#8220;][vc_column_inner width=&#8220;1\/2&#8243; css=&#8220;.vc_custom_1676647033880{padding-top: 30px !important;padding-right: 30px !important;padding-bottom: 30px !important;padding-left: 30px !important;background-color: rgba(255,255,255,0.8) !important;*background-color: rgb(255,255,255) !important;}&#8220;][vc_column_text]Unsere Kunden, die Gips herstellen, nutzen unsere Dienste, um Gipskrusten in ihrem Silo zu entfernen oder ihre Produktionsst\u00e4tte zu saugen.[\/vc_column_text][vc_btn title=&#8220;mehr erfahren&#8220; shape=&#8220;square&#8220; color=&#8220;warning&#8220; link=&#8220;url:%2Fde%2Fentfernen-von-verstopfungen-oder-gipskrusten-reinigen-von-silos-und-trichtern%2F&#8220;][\/vc_column_inner][vc_column_inner width=&#8220;1\/2&#8243;][\/vc_column_inner][\/vc_row_inner][vc_single_image image=&#8220;6144&#8243; img_size=&#8220;full&#8220; alignment=&#8220;center&#8220;][\/vc_tta_section][vc_tta_section title=&#8220;Holz&#8220; tab_id=&#8220;1684154386674-b95ab083-3f0e&#8220;][vc_row_inner el_class=&#8220;txt-btn-page-secteurs&#8220;][vc_column_inner width=&#8220;1\/2&#8243; css=&#8220;.vc_custom_1676647033880{padding-top: 30px !important;padding-right: 30px !important;padding-bottom: 30px !important;padding-left: 30px !important;background-color: rgba(255,255,255,0.8) !important;*background-color: rgb(255,255,255) !important;}&#8220;][vc_column_text]Entdecken Sie unsere Wartungsl\u00f6sungen f\u00fcr die Holz-, Papier- und Kartonindustrie[\/vc_column_text][vc_btn title=&#8220;mehr erfahren&#8220; shape=&#8220;square&#8220; color=&#8220;warning&#8220; link=&#8220;url:https%3A%2F%2Fwww.standard-industrie.com%2Fde%2Floesung-zum-absaugen-und-entfernen-von-holzresten%2F|title:L%C3%B6sung%20zum%20Absaugen%20und%20Entfernen%20von%20Holzresten&#8220;][\/vc_column_inner][vc_column_inner width=&#8220;1\/2&#8243;][\/vc_column_inner][\/vc_row_inner][vc_single_image image=&#8220;6311&#8243; img_size=&#8220;full&#8220; alignment=&#8220;center&#8220;][\/vc_tta_section][vc_tta_section title=&#8220;Papier Karton&#8220; tab_id=&#8220;1707235180660-a69aae51-be7c&#8220;][vc_row_inner el_class=&#8220;txt-btn-page-secteurs&#8220;][vc_column_inner width=&#8220;1\/2&#8243; css=&#8220;.vc_custom_1676647033880{padding-top: 30px !important;padding-right: 30px !important;padding-bottom: 30px !important;padding-left: 30px !important;background-color: rgba(255,255,255,0.8) !important;*background-color: rgb(255,255,255) !important;}&#8220;][vc_column_text]Bei der Herstellung von Papier und Karton kommt es zu Ablagerungen von Zellulosestaub. Dies erfordert eine regelm\u00e4\u00dfige Reinigung, die sich erheblich auf die Betriebskosten auswirkt.[\/vc_column_text][vc_btn title=&#8220;mehr erfahren&#8220; shape=&#8220;square&#8220; color=&#8220;warning&#8220; link=&#8220;url:%2Fde%2Freinigungs-und-entstaubungsloesungen-fuer-die-papier-und-kartonindustrie%2F|title:L%C3%B6sung%20zum%20Absaugen%20und%20Entfernen%20von%20Holzresten&#8220;][\/vc_column_inner][vc_column_inner width=&#8220;1\/2&#8243;][\/vc_column_inner][\/vc_row_inner][vc_single_image image=&#8220;6367&#8243; img_size=&#8220;full&#8220; alignment=&#8220;center&#8220;][\/vc_tta_section][\/vc_tta_tour][\/vc_column][\/vc_row][vc_row full_width=&#8220;stretch_row&#8220; parallax=&#8220;content-moving&#8220; parallax_image=&#8220;5866&#8243; css=&#8220;.vc_custom_1673002501873{background-color: #a6ddf4 !important;}&#8220; el_class=&#8220;txt-blanc&#8220;][vc_column][vc_empty_space][vc_column_text el_class=&#8220;gros-titre fort trait-blanc traits-gris-droite-gauche titre-centre vc_separator wpb_content_element vc_separator_align_center vc_sep_width_100 vc_sep_border_width_2 vc_sep_pos_align_center vc_separator-has-text&#8220;]<\/p>\n<div class=\"vc_sep_holder vc_sep_holder_l\">\n<p class=\"vc_sep_line\" style=\"border-color: grey;\">\n<\/div>\n<h2 class=\"txt-blanc\">News<\/h2>\n<div class=\"vc_sep_holder vc_sep_holder_r\">\n<p class=\"vc_sep_line\" style=\"border-color: grey;\">\n<\/div>\n<p>[\/vc_column_text][vc_basic_grid post_type=&#8220;post&#8220; max_items=&#8220;3&#8243; item=&#8220;4424&#8243; grid_id=&#8220;vc_gid:1728049747730-8c63bd70-c11e-0&#8243; el_class=&#8220;actu&#8220;][\/vc_column][\/vc_row][vc_row][vc_column][vc_empty_space][vc_column_text el_class=&#8220;gros-titre fort traits-gris-droite-gauche titre-centre vc_separator wpb_content_element vc_separator_align_center vc_sep_width_100 vc_sep_border_width_2 vc_sep_pos_align_center vc_separator-has-text&#8220;]<\/p>\n<div class=\"vc_sep_holder vc_sep_holder_l\">\n<p class=\"vc_sep_line\" style=\"border-color: grey;\">\n<\/div>\n<h2 class=\"\">Standard Industrie<\/h2>\n<div class=\"vc_sep_holder vc_sep_holder_r\">\n<p class=\"vc_sep_line\" style=\"border-color: grey;\">\n<\/div>\n<p>[\/vc_column_text][vc_tta_tabs active_section=&#8220;1&#8243; el_class=&#8220;range-standard-industrie&#8220;][vc_tta_section title=&#8220;Unsere Geschichte&#8220; tab_id=&#8220;1663681684697-08ed2588-35cc&#8220;][vc_row_inner][vc_column_inner width=&#8220;1\/2&#8243;][vc_column_text]Standard industrie wurde 1977 von Herv\u00e9 Simo\u00ebns gegr\u00fcndet. Mit der Entwicklung der Airchoc-Luftkanone wurde ein Mechanismus entwickelt, mit dem das Material in den Lagereinheiten abtransportiert werden konnte. In der Folgezeit expandierte Standard industrie in Europa und auf internationaler Ebene.[\/vc_column_text][vc_btn title=&#8220;mehr erfahren&#8220; shape=&#8220;square&#8220; color=&#8220;warning&#8220; link=&#8220;url:https%3A%2F%2Fwww.standard-industrie.com%2Fde%2Funsere-geschichte%2F&#8220;][\/vc_column_inner][vc_column_inner width=&#8220;1\/2&#8243;][vc_single_image image=&#8220;4068&#8243; img_size=&#8220;full&#8220;][\/vc_column_inner][\/vc_row_inner][\/vc_tta_section][vc_tta_section title=&#8220;Unser Team&#8220; tab_id=&#8220;1663681850419-d8a8e18d-2833&#8243;][vc_row_inner][vc_column_inner width=&#8220;1\/2&#8243;][vc_column_text]Standard industrie International ist ein motiviertes und dynamisches Team, das Ihnen Know-how und Erfahrung zur Verf\u00fcgung stellt, um Ihnen L\u00f6sungen anzubieten, die auf Ihre Probleme und Einschr\u00e4nkungen zugeschnitten sind. Unser technisches Team, das auf industrielle Prozesse spezialisiert ist, ist weltweit t\u00e4tig und ber\u00e4t Sie gerne bei der Installation und Inbetriebnahme Ihrer Anlagen.[\/vc_column_text][vc_btn title=&#8220;mehr erfahren&#8220; shape=&#8220;square&#8220; color=&#8220;warning&#8220; link=&#8220;url:https%3A%2F%2Fwww.standard-industrie.com\/de%2Fqui-sommes-nous%2Fnotre-equipe%2F&#8220;][\/vc_column_inner][vc_column_inner width=&#8220;1\/2&#8243;][vc_single_image image=&#8220;4072&#8243; img_size=&#8220;full&#8220;][\/vc_column_inner][\/vc_row_inner][\/vc_tta_section][vc_tta_section title=&#8220;Unsere Kunden&#8220; tab_id=&#8220;1663681919907-ff3a65cd-cfcf&#8220;][vc_row_inner][vc_column_inner width=&#8220;1\/2&#8243;][vc_column_text]Unsere L\u00f6sungen richten sich an alle Industrieunternehmen in \u00fcber 90 L\u00e4ndern, die pulverf\u00f6rmige Produkte lagern und mit ihnen arbeiten&#8230; in \u00fcber 60 Branchen.[\/vc_column_text][vc_btn title=&#8220;mehr erfahren&#8220; shape=&#8220;square&#8220; color=&#8220;warning&#8220; link=&#8220;url:https%3A%2F%2Fwww.standard-industrie.com\/de%2Fqui-sommes-nous%2Fnos-clients%2F&#8220;][\/vc_column_inner][vc_column_inner width=&#8220;1\/2&#8243;][vc_single_image image=&#8220;4064&#8243; img_size=&#8220;full&#8220;][\/vc_column_inner][\/vc_row_inner][\/vc_tta_section][\/vc_tta_tabs][\/vc_column][\/vc_row]<\/p>\n","protected":false},"excerpt":{"rendered":"<p>[vc_row][vc_column][vc_empty_space][vc_column_text el_class=&#8220;gros-titre fort traits-gris-droite-gauche titre-centre vc_separator wpb_content_element vc_separator_align_center vc_sep_width_100 vc_sep_border_width_2 vc_sep_pos_align_center vc_separator-has-text&#8220;] Unsere L\u00f6sungen [\/vc_column_text][vc_row_inner][vc_column_inner width=&#8220;1\/2&#8243;][vc_column_text]Standard industrie bietet vielf\u00e4ltige L\u00f6sungen zur Unterst\u00fctzung der Industrie von Sch\u00fcttgut<span class=\"excerpt-hellip\"> [\u2026]<\/span><\/p>\n","protected":false},"author":1,"featured_media":0,"parent":0,"menu_order":2,"comment_status":"closed","ping_status":"closed","template":"","meta":{"footnotes":""},"class_list":["post-3999","page","type-page","status-publish","hentry"],"_links":{"self":[{"href":"https:\/\/www.standard-industrie.com\/de\/wp-json\/wp\/v2\/pages\/3999","targetHints":{"allow":["GET"]}}],"collection":[{"href":"https:\/\/www.standard-industrie.com\/de\/wp-json\/wp\/v2\/pages"}],"about":[{"href":"https:\/\/www.standard-industrie.com\/de\/wp-json\/wp\/v2\/types\/page"}],"author":[{"embeddable":true,"href":"https:\/\/www.standard-industrie.com\/de\/wp-json\/wp\/v2\/users\/1"}],"replies":[{"embeddable":true,"href":"https:\/\/www.standard-industrie.com\/de\/wp-json\/wp\/v2\/comments?post=3999"}],"version-history":[{"count":0,"href":"https:\/\/www.standard-industrie.com\/de\/wp-json\/wp\/v2\/pages\/3999\/revisions"}],"wp:attachment":[{"href":"https:\/\/www.standard-industrie.com\/de\/wp-json\/wp\/v2\/media?parent=3999"}],"curies":[{"name":"wp","href":"https:\/\/api.w.org\/{rel}","templated":true}]}}