{"id":4690,"date":"2022-11-17T17:05:49","date_gmt":"2022-11-17T16:05:49","guid":{"rendered":"https:\/\/www.standard-industrie.com\/de\/?page_id=4690"},"modified":"2023-09-28T13:03:11","modified_gmt":"2023-09-28T12:03:11","slug":"luftkanonen-airchoc","status":"publish","type":"page","link":"https:\/\/www.standard-industrie.com\/de\/luftkanonen-airchoc\/","title":{"rendered":"AIRCHOC\u00ae"},"content":{"rendered":"<p>[vc_row][vc_column css=&#8220;.vc_custom_1668767480700{margin-top: 10px !important;}&#8220;][vc_column_text el_class=&#8220;btn-retour txt-rouge&#8220;]<\/p>\n<div class=\"vc_sep_holder vc_sep_holder_l\">\n<p class=\"vc_sep_line\" style=\"border-color: grey;\"><a href=\"https:\/\/www.standard-industrie.com\/de\/beseitigung-der-anbackungen-und-anhaftungen\/\">&lt; Beseitigung der Anbackungen und Anhaftungen<\/a><\/p>\n<\/div>\n<p>[\/vc_column_text][\/vc_column][\/vc_row][vc_row][vc_column][vc_empty_space][vc_column_text el_class=&#8220;gros-titre fort trait-rouge traits-gris-droite-gauche titre-centre vc_separator wpb_content_element vc_separator_align_center vc_sep_width_100 vc_sep_border_width_2 vc_sep_pos_align_center vc_separator-has-text&#8220;]<\/p>\n<div class=\"vc_sep_holder vc_sep_holder_l\">\n<p class=\"vc_sep_line\" style=\"border-color: grey;\">\n<\/div>\n<h2 style=\"text-align: center;\">DIE L\u00d6SUNG F\u00dcR ANBACKUNGEN UND ANHAFTUNGSPROBLEME<\/h2>\n<div class=\"vc_sep_holder vc_sep_holder_r\">\n<p class=\"vc_sep_line\" style=\"border-color: grey;\">\n<\/div>\n<p>[\/vc_column_text][\/vc_column][\/vc_row][vc_row el_class=&#8220;invert-block&#8220;][vc_column width=&#8220;1\/2&#8243;][vc_column_text]<\/p>\n<ul>\n<li>Die\u00a0AIRCHOC\u00ae\u00a0wirkt vorbeugend und direkt auf das Produkt ein<\/li>\n<li>Eine\u00a0komprimierte Luftmenge zwischen 4\u00a0&amp; 400 L\u00a0wird sofort durch eine\u00a0entsprechende Ausgangs\u00f6ffnung freigesetzt<\/li>\n<li>Die erzielte Wirkung entspricht einer Deflagration<\/li>\n<\/ul>\n<p>=&gt;\u00a0ANBACKUNGEN &amp; ANHAFTUNGEN WERDEN BESEITIGT<\/p>\n<p>DIE UMFANGREICHSTE REIHE AUF DEM MARKT<\/p>\n<ul>\n<li>Beh\u00e4lter zwischen\u00a04\u00a0und 400 L<\/li>\n<li>Nenndurchmesser des Ausgangs zwischen 50 und 200 mm<\/li>\n<li>Geeignet f\u00fcr Hochtemperatur<\/li>\n<li>Option verf\u00fcgbar: ATEX-Zone 20<\/li>\n<li>Zus\u00e4tzliche Optionen: Automatische Guillotine, Steuer- und \u00dcberwachungsbox.<\/li>\n<\/ul>\n<ul>\n<li>Mehr als\u00a050.000 AIRCHOC\u00ae\u00a0installationen\u00a0in \u00fcber\u00a090 L\u00e4ndern<\/li>\n<\/ul>\n<p>&gt; Unsere gesamte Luftkanonen-Reihe wurde Wireless entwickelt.<\/p>\n<p>&gt;\u00a0Jegliche drahtgebundene AIRCHOC\u00ae-Installationen kann auf Wireless umger\u00fcstet werden.[\/vc_column_text][vc_btn title=&#8220;BROSCH\u00dcRE&#8220; style=&#8220;custom&#8220; custom_background=&#8220;#c93742&#8243; custom_text=&#8220;#ffffff&#8220; shape=&#8220;square&#8220; align=&#8220;left&#8220; i_icon_fontawesome=&#8220;fas fa-file-pdf&#8220; add_icon=&#8220;true&#8220; link=&#8220;url:%2Fde%2Fwp-content%2Fuploads%2Fsites%2F10%2F2023%2F02%2FBROCHURE_DECLOGGING_D-22112022.pdf|target:_blank&#8220; el_class=&#8220;btn-vert btn-animation&#8220;][\/vc_column][vc_column width=&#8220;1\/2&#8243;][vc_column_text]<style id=\"wp_carousel_dynamic_css4703\">#sp-wp-carousel-free-id-4703 .wpcp-swiper-dots {margin: 40px 0px 0px 0px;}.wpcp-wrapper-4703 .swiper-wrapper .swiper-slide-kenburn, .wpcp-wrapper-4703 .swiper-wrapper, .wpcp-wrapper-4703 .wpcpro-row{align-items: center;}#sp-wp-carousel-free-id-4703 .wpcp-single-item {box-shadow: 0px 0px 0px 0px #dddddd;transition: all .3s;margin: 0px;}#sp-wp-carousel-free-id-4703.swiper-flip .wpcp-single-item{margin: 0!important;}#sp-wp-carousel-free-id-4703 .wpcp-single-item:hover {box-shadow: 0px 0px 0px 0px #dddddd;}#sp-wp-carousel-free-id-4703.sp-wpcp-4703 .wpcp-single-item {border: 0px none #dddddd;}#sp-wp-carousel-free-id-4703.sp-wpcp-4703 .swiper-button-prev,#sp-wp-carousel-free-id-4703.sp-wpcp-4703 .swiper-button-next,#sp-wp-carousel-free-id-4703.sp-wpcp-4703 .swiper-button-prev:hover,#sp-wp-carousel-free-id-4703.sp-wpcp-4703 .swiper-button-next:hover {background: none;border: none;font-size: 30px;}#sp-wp-carousel-free-id-4703.sp-wpcp-4703 .swiper-button-prev i,#sp-wp-carousel-free-id-4703.sp-wpcp-4703 .swiper-button-next i {color: #aaa;}#sp-wp-carousel-free-id-4703.sp-wpcp-4703 .swiper-button-prev i:hover,#sp-wp-carousel-free-id-4703.sp-wpcp-4703 .swiper-button-next i:hover {color: #c72f37;}#sp-wp-carousel-free-id-4703.sp-wpcp-4703 .wpcp-swiper-dots .swiper-pagination-bullet {background-color: #cccccc;}#sp-wp-carousel-free-id-4703.sp-wpcp-4703 .wpcp-swiper-dots .swiper-pagination-bullet.swiper-pagination-bullet-active {background-color: #c72f37;} #sp-wp-carousel-free-id-4703.sp-wpcp-4703.wpcp-image-carousel .wpcp-single-item:hover img, #sp-wp-carousel-free-id-4703.sp-wpcp-4703.wpcp-post-carousel .wpcp-single-item:hover img, #sp-wp-carousel-free-id-4703.sp-wpcp-4703.wpcp-product-carousel .wpcp-single-item:hover img{-webkit-transform: scale(1.2);-moz-transform: scale(1.2);transform: scale(1.2);}@media screen and (max-width: 479px) {#sp-wp-carousel-free-id-4703.nav-vertical-center {padding: 0;margin:0;}#sp-wp-carousel-free-id-4703.nav-vertical-center .wpcp-next-button,#sp-wp-carousel-free-id-4703.nav-vertical-center .wpcp-prev-button {display: none;}}#sp-wp-carousel-free-id-4703 .wpcpro-row>[class*=\"wpcpro-col-\"] { padding: 0 10px; padding-bottom: 20px;} #sp-wp-carousel-free-id-4703 .swiper-slide .single-item-fade:not(:last-child) { margin-right: 20px;}@media (min-width: 480px) { .wpcpro-row .wpcpro-col-sm-1 { flex: 0 0 100%; max-width: 100%; } .wpcpro-row .wpcpro-col-sm-2 { flex: 0 0 50%; max-width: 50%; } .wpcpro-row .wpcpro-col-sm-2-5 { flex: 0 0 75%; max-width: 75%; } .wpcpro-row .wpcpro-col-sm-3 { flex: 0 0 33.333%; max-width: 33.333%; } .wpcpro-row .wpcpro-col-sm-4 { flex: 0 0 25%; max-width: 25%; } .wpcpro-row .wpcpro-col-sm-5 { flex: 0 0 20%; max-width: 20%; } .wpcpro-row .wpcpro-col-sm-6 { flex: 0 0 16.66666666666667%; max-width: 16.66666666666667%; } .wpcpro-row .wpcpro-col-sm-7 { flex: 0 0 14.28571428%; max-width: 14.28571428%; } .wpcpro-row .wpcpro-col-sm-8 { flex: 0 0 12.5%; max-width: 12.5%; } } @media (max-width: 480px) { .wpcpro-row .wpcpro-col-xs-1 { flex: 0 0 100%; max-width: 100%; } .wpcpro-row .wpcpro-col-xs-2 { flex: 0 0 50%; max-width: 50%; } .wpcpro-row .wpcpro-col-xs-3 { flex: 0 0 33.222%; max-width: 33.222%; } .wpcpro-row .wpcpro-col-xs-4 { flex: 0 0 25%; max-width: 25%; } .wpcpro-row .wpcpro-col-xs-5 { flex: 0 0 20%; max-width: 20%; } .wpcpro-row .wpcpro-col-xs-6 { flex: 0 0 16.6667%; max-width: 16.6667%; } .wpcpro-row .wpcpro-col-xs-7 { flex: 0 0 14.28571428%; max-width: 14.28571428%; } .wpcpro-row .wpcpro-col-xs-8 { flex: 0 0 12.5%; max-width: 12.5%; } } @media (min-width: 736px) { .wpcpro-row .wpcpro-col-md-1 { flex: 0 0 100%; max-width: 100%; } .wpcpro-row .wpcpro-col-md-2 { flex: 0 0 50%; max-width: 50%; } .wpcpro-row .wpcpro-col-md-2-5 { flex: 0 0 75%; max-width: 75%; } .wpcpro-row .wpcpro-col-md-3 { flex: 0 0 33.333%; max-width: 33.333%; } .wpcpro-row .wpcpro-col-md-4 { flex: 0 0 25%; max-width: 25%; } .wpcpro-row .wpcpro-col-md-5 { flex: 0 0 20%; max-width: 20%; } .wpcpro-row .wpcpro-col-md-6 { flex: 0 0 16.66666666666667%; max-width: 16.66666666666667%; } .wpcpro-row .wpcpro-col-md-7 { flex: 0 0 14.28571428%; max-width: 14.28571428%; } .wpcpro-row .wpcpro-col-md-8 { flex: 0 0 12.5%; max-width: 12.5%; } } @media (min-width: 980px) { .wpcpro-row .wpcpro-col-lg-1 { flex: 0 0 100%; max-width: 100%; } .wpcpro-row .wpcpro-col-lg-2 { flex: 0 0 50%; max-width: 50%; } .wpcpro-row .wpcpro-col-lg-3 { flex: 0 0 33.222%; max-width: 33.222%; } .wpcpro-row .wpcpro-col-lg-4 { flex: 0 0 25%; max-width: 25%; } .wpcpro-row .wpcpro-col-lg-5 { flex: 0 0 20%; max-width: 20%; } .wpcpro-row .wpcpro-col-lg-6 { flex: 0 0 16.6667%; max-width: 16.6667%; } .wpcpro-row .wpcpro-col-lg-7 { flex: 0 0 14.28571428%; max-width: 14.28571428%; } .wpcpro-row .wpcpro-col-lg-8 { flex: 0 0 12.5%; max-width: 12.5%; } } @media (min-width: 1200px) { .wpcpro-row .wpcpro-col-xl-1 { flex: 0 0 100%; max-width: 100%; } .wpcpro-row .wpcpro-col-xl-2 { flex: 0 0 50%; max-width: 50%; } .wpcpro-row .wpcpro-col-xl-3 { flex: 0 0 33.22222222%; max-width: 33.22222222%; } .wpcpro-row .wpcpro-col-xl-4 { flex: 0 0 25%; max-width: 25%; } .wpcpro-row .wpcpro-col-xl-5 { flex: 0 0 20%; max-width: 20%; } .wpcpro-row .wpcpro-col-xl-6 { flex: 0 0 16.66667%; max-width: 16.66667%; } .wpcpro-row .wpcpro-col-xl-7 { flex: 0 0 14.28571428%; max-width: 14.28571428%; } .wpcpro-row .wpcpro-col-xl-8 { flex: 0 0 12.5%; max-width: 12.5%; } }<\/style><div class=\"wpcp-carousel-wrapper wpcp-wrapper-4703\">\n\t<div id=\"wpcp-preloader-4703\" class=\"wpcp-carousel-preloader\"><img decoding=\"async\" src=\"https:\/\/www.standard-industrie.com\/de\/wp-content\/plugins\/wp-carousel-free\/public\/css\/spinner.svg\" alt=\"Preloader Image\" \/><\/div>\t<div class=\"wpcp-carousel-content-wrapper\">\n\t<div id=\"sp-wp-carousel-free-id-4703\" class=\"wpcp-carousel-section sp-wpcp-4703  nav-vertical-center wpcp-image-carousel wpcp-preloader wpcp-standard\" data-swiper='{ &quot;accessibility&quot;:true, &quot;spaceBetween&quot;:20, &quot;arrows&quot;:true, &quot;freeMode&quot;: false, &quot;autoplay&quot;:true, &quot;effect&quot;: &quot;&quot;, &quot;centerMode&quot;: false, &quot;autoplaySpeed&quot;:3000, &quot;dots&quot;:true, &quot;infinite&quot;:true, &quot;speed&quot;:600, &quot;pauseOnHover&quot;:true,\n\t\t\t&quot;slidesToShow&quot;:{&quot;lg_desktop&quot;:1, &quot;desktop&quot;: 1, &quot;laptop&quot;: 1, &quot;tablet&quot;: 1, &quot;mobile&quot;: 1}, &quot;responsive&quot;:{&quot;desktop&quot;:1200, &quot;laptop&quot;: 980, &quot;tablet&quot;: 736, &quot;mobile&quot;: 480}, &quot;rtl&quot;:false, &quot;lazyLoad&quot;: &quot;false&quot;, &quot;swipe&quot;: true, &quot;draggable&quot;: true, &quot;swipeToSlide&quot;:false }' dir=\"ltr\">\n\t\t<div class=\"swiper-wrapper\">\n\t\t<div class=\"swiper-slide\">\n\t<div class=\"wpcp-single-item\">\n\t\t\t<div class=\"wpcp-slide-image\">\n\t\t<img loading=\"lazy\" decoding=\"async\" class=\"skip-lazy\" src=\"https:\/\/www.standard-industrie.com\/de\/wp-content\/uploads\/sites\/10\/2023\/05\/AIRCHOC-6-sur-silo-de-fabrication.jpg\" alt=\"AIRCHOC 6 sur silo de fabrication\" width=\"600\" height=\"800\">\t<\/div>\n\t\t<\/div>\n<\/div>\n\t<div class=\"swiper-slide\">\n\t<div class=\"wpcp-single-item\">\n\t\t\t<div class=\"wpcp-slide-image\">\n\t\t<img loading=\"lazy\" decoding=\"async\" class=\"skip-lazy\" src=\"https:\/\/www.standard-industrie.com\/de\/wp-content\/uploads\/sites\/10\/2022\/11\/losung-gegen-ascheverstopfung.jpg\" alt=\"\" width=\"800\" height=\"800\">\t<\/div>\n\t\t<\/div>\n<\/div>\n\t<div class=\"swiper-slide\">\n\t<div class=\"wpcp-single-item\">\n\t\t\t<div class=\"wpcp-slide-image\">\n\t\t<img loading=\"lazy\" decoding=\"async\" class=\"skip-lazy\" src=\"https:\/\/www.standard-industrie.com\/de\/wp-content\/uploads\/sites\/10\/2022\/11\/06_Marktfuehrender_der_Zementindustrie\" alt=\"06_AirchocWireless_Industrie_Ciment\" width=\"794\" height=\"678\">\t<\/div>\n\t\t<\/div>\n<\/div>\n\t<div class=\"swiper-slide\">\n\t<div class=\"wpcp-single-item\">\n\t\t\t<div class=\"wpcp-slide-image\">\n\t\t<img loading=\"lazy\" decoding=\"async\" class=\"skip-lazy\" src=\"https:\/\/www.standard-industrie.com\/de\/wp-content\/uploads\/sites\/10\/2022\/11\/pneumatische-luftkanone.png\" alt=\"\" width=\"800\" height=\"800\">\t<\/div>\n\t\t<\/div>\n<\/div>\n\t<div class=\"swiper-slide\">\n\t<div class=\"wpcp-single-item\">\n\t\t\t<div class=\"wpcp-slide-image\">\n\t\t<img loading=\"lazy\" decoding=\"async\" class=\"skip-lazy\" src=\"https:\/\/www.standard-industrie.com\/de\/wp-content\/uploads\/sites\/10\/2022\/11\/haftungs-und-klebeprobleme.jpg\" alt=\"\" width=\"800\" height=\"800\">\t<\/div>\n\t\t<\/div>\n<\/div>\n\t<div class=\"swiper-slide\">\n\t<div class=\"wpcp-single-item\">\n\t\t\t<div class=\"wpcp-slide-image\">\n\t\t<img loading=\"lazy\" decoding=\"async\" class=\"skip-lazy\" src=\"https:\/\/www.standard-industrie.com\/de\/wp-content\/uploads\/sites\/10\/2023\/11\/1.jpg\" alt=\"AC5 install\u00e9 sur un \u00e9conomiseur vertical \u00e0 l'UTVE L'Unit\u00e9 de Traitement et de Valorisation Energ\u00e9tique (usine d'incin\u00e9ration) \u00e0 Lyon\" width=\"800\" height=\"450\">\t<\/div>\n\t\t<\/div>\n<\/div>\n\t\t\t<\/div>\n\t\t\t\t\t<div class=\"wpcp-swiper-dots swiper-pagination\"><\/div>\n\t\t\t\t<!-- If we need navigation buttons -->\n\t\t\t\t\t<div class=\"wpcp-prev-button swiper-button-prev\"><i class=\"fa fa-angle-left\"><\/i><\/div>\n\t\t\t<div class=\"wpcp-next-button swiper-button-next\"><i class=\"fa fa-angle-right\"><\/i><\/div>\n\t\t\t<\/div>\n\t<\/div>\n<\/div>\n[\/vc_column_text][vc_empty_space][\/vc_column][\/vc_row][vc_row el_class=&#8220;invert-block&#8220;][vc_column width=&#8220;1\/4&#8243;][\/vc_column][vc_column width=&#8220;1\/2&#8243;][vc_raw_html]JTNDZGl2JTIwY2xhc3MlM0QlMjJ5b3V0dWJlX3BsYXllciUyMiUyMHZpZGVvSUQlM0QlMjI0dExuRFRiYW5zTSUyMiUyMHdpZHRoJTNEJTIyNjAwJTIyJTIwaGVpZ2h0JTNEJTIyNDAwJTIyJTIwdGhlbWUlM0QlMjJsaWdodCUyMiUyMHJlbCUzRCUyMjAlMjIlMjBjb250cm9scyUzRCUyMjAlMjIlMjBzaG93aW5mbyUzRCUyMjAlMjIlMjBhdXRvcGxheSUzRCUyMjElMjIlMjBtdXRlJTNEJTIyMSUyMiUyMCUyMGxvb3AlM0QlMjIxJTIyJTIwbG9hZGluZyUzRCUyMjElMjIlM0UlM0MlMkZkaXYlM0U=[\/vc_raw_html][\/vc_column][vc_column width=&#8220;1\/4&#8243;][\/vc_column][\/vc_row][vc_row][vc_column][vc_tta_tabs style=&#8220;flat&#8220; shape=&#8220;square&#8220; color=&#8220;white&#8220; active_section=&#8220;1&#8243; el_class=&#8220;encart-plus-infos infos-rouge&#8220;][vc_tta_section title=&#8220;VORTEILE&#8220; tab_id=&#8220;1663937971177-be64cebd-0221&#8243;][vc_row_inner][vc_column_inner width=&#8220;1\/2&#8243;][vc_column_text]<\/p>\n<ul>\n<li>SCHLAGKRAFT :\u00a0Aerodynamik des Kopfs \/ Verh\u00e4ltnis zwischen Beh\u00e4ltervolumen &amp; Ausgangs-DN des Kopfs.<\/li>\n<li>POSITIVE SICHERHEIT :\u00a0Keine Absch\u00fcsse des AIRCHOC\u00ae bei Druckabfall<\/li>\n<li>EINSPARUNGEN :\u00a0Reduzierung des Luftverbrauchs \/ 1 einzige Druckluftspeisung\/ Wireless System<\/li>\n<li>QUALIT\u00c4T :\u00a0Beh\u00e4lter innen &amp; au\u00dfen feuerverzinkt \/ Kopf aus Gusseisen \/ Lebensdauer mehr als 30 Jahre<\/li>\n<li>WARTUNG :\u00a0Direkter Zugang zum Mechanismus<\/li>\n<li>ZUVERL\u00c4SSIGKEIT :\u00a0Beschleunigter, gesch\u00fctzter Auslass \/ selbstzentrierender Kolben<\/li>\n<li>GER\u00c4USCHARM :\u00a0Reduzierte L\u00e4rmbel\u00e4stigung<\/li>\n<\/ul>\n<p>[\/vc_column_text][\/vc_column_inner][vc_column_inner width=&#8220;1\/2&#8243;][vc_single_image image=&#8220;6334&#8243; img_size=&#8220;full&#8220; alignment=&#8220;center&#8220;][\/vc_column_inner][\/vc_row_inner][\/vc_tta_section][vc_tta_section title=&#8220;ZUGEH\u00d6RIGE SERVICELEISTUNGEN&#8220; tab_id=&#8220;1663938142981-6b5d81f0-143c&#8220;][vc_row_inner][vc_column_inner width=&#8220;1\/2&#8243;][vc_column_text]<\/p>\n<ul>\n<li>Technische Kontrollen und Beratung\u00a0(Dimensionierung und Einbau)<\/li>\n<li>Lieferung des Einbauplans<\/li>\n<li>M\u00f6glichkeit der Montage, \u00dcberwachung und Inbetriebnahme durch unsere Techniker<\/li>\n<li>Garantie bis zu 3 Jahre<\/li>\n<li>Interne &amp; externe Ausbildung<\/li>\n<li><a href=\"https:\/\/www.standard-industrie.com\/de\/instandhaltungsmethoden\/\" target=\"_blank\" rel=\"noopener\">Kundendienst &amp; Wartungsvertrag<\/a><\/li>\n<li>Regelm\u00e4\u00dfige Kontrollen<\/li>\n<\/ul>\n<p>[\/vc_column_text][\/vc_column_inner][vc_column_inner width=&#8220;1\/2&#8243;][vc_single_image image=&#8220;4710&#8243; img_size=&#8220;full&#8220; alignment=&#8220;center&#8220;][\/vc_column_inner][\/vc_row_inner][\/vc_tta_section][vc_tta_section title=&#8220;OPTIONEN \/ ZUBEH\u00d6R&#8220; tab_id=&#8220;1663938171381-dcb55700-be8e&#8220;][vc_row_inner][vc_column_inner width=&#8220;1\/6&#8243; offset=&#8220;vc_hidden-md vc_hidden-sm vc_hidden-xs&#8220;][\/vc_column_inner][vc_column_inner offset=&#8220;vc_col-lg-8&#8243;][vc_column_text]<\/p>\n<ul>\n<li><a href=\"https:\/\/www.standard-industrie.com\/de\/leitduesen\/\" target=\"_blank\" rel=\"noopener\">LEITD\u00dcSEN<\/a>\u00a0:\u00a0Leitet den Luftstrom zu den sensiblen Anbackungspunkten \u2013 Version hitzebest\u00e4ndiger Edelstahl oder Stahl.<\/li>\n<li>AUTOMATISCHE &amp; ZYKLISCHE STEUERSYSTEME\u00a0:\u00a0L\u00f6st automatisch AIRCHOC<sup>\u00ae<\/sup>\u00a0Sch\u00fcsse aus (Steuerung von bis zu 128 AIRCHOC<sup>\u00ae<\/sup>)<\/li>\n<li><a href=\"https:\/\/www.standard-industrie.com\/de\/leitduesen\/\" target=\"_blank\" rel=\"noopener\">ISOLATOR\u00a0<\/a>:\u00a0Sichert die Wartungsarbeiten ab: Hochtemperatur, aggressives Produkt, Risiken des Materialr\u00fccklaufs<\/li>\n<li>SICHERHEITSVORRICHTUNGEN\u00a0:\u00a0Garantieren den Betrieb und die Wartung der AIRCHOC<sup>\u00ae<\/sup>\u00a0vollkommen sicher (Manometer, Sicherheitsventil, Absperrschieber usw.\u2026)<\/li>\n<li>WARTUNGSSET :\u00a0Reduziert die Eingriffszeit &amp; erleichtert die Lagerverwaltung<\/li>\n<li>KOLBEN SCHR\u00c4GE EDELSTAHL\u00a0:\u00a0Erh\u00f6ht die Lebensdauer und ist widerstandsf\u00e4hig gegen aggressive Atmosph\u00e4ren (Chemie, M\u00fcllverbrennung, Zementwerk)<\/li>\n<li>NACHBARSTEUERUNGSVORRICHTUNG\u00a0:\u00a0L\u00f6st auf Distanz die Absch\u00fcsse des AIRCHOC<sup>\u00ae<\/sup>\u00a0(aus zentralisierte Elektroventile, auf Mann H\u00f6he positioniert)<\/li>\n<li>LUFTDRUCKVERTEILER\u00a0:\u00a0Aktiviert pneumatisch die Absch\u00fcsse des AIRCHOC<sup>\u00ae<\/sup>.<\/li>\n<\/ul>\n<p>[\/vc_column_text][\/vc_column_inner][vc_column_inner width=&#8220;1\/6&#8243; offset=&#8220;vc_hidden-md vc_hidden-sm vc_hidden-xs&#8220;][\/vc_column_inner][\/vc_row_inner][\/vc_tta_section][\/vc_tta_tabs][\/vc_column][\/vc_row][vc_row][vc_column][vc_column_text el_class=&#8220;gros-titre fort trait-rouge traits-gris-droite-gauche titre-gauche vc_sep_border_width_2 vc_separator wpb_content_element vc_separator_align_left vc_sep_width_100 vc_sep_pos_align_center vc_sep_color_grey vc_separator-has-text&#8220;]<\/p>\n<div class=\"vc_sep_holder vc_sep_holder_l\">\n<p class=\"vc_sep_line\" style=\"border-color: grey;\">\n<\/div>\n<h2>FALLSTUDIEN<\/h2>\n<div class=\"vc_sep_holder vc_sep_holder_r\">\n<p class=\"vc_sep_line\" style=\"border-color: grey;\">\n<\/div>\n<p>[\/vc_column_text][vc_basic_grid post_type=&#8220;fallstudie&#8220; max_items=&#8220;10&#8243; show_filter=&#8220;yes&#8220; filter_default_title=&#8220;Alle&#8220; item=&#8220;4303&#8243; grid_id=&#8220;vc_gid:1695902522985-d821f206-ff87-7&#8243; taxonomies=&#8220;121&#8243; filter_source=&#8220;secteur&#8220;][\/vc_column][\/vc_row][vc_row][vc_column][vc_column_text el_class=&#8220;btn-retour txt-rouge&#8220;]<\/p>\n<div class=\"vc_sep_holder vc_sep_holder_l\">\n<p class=\"vc_sep_line\" style=\"border-color: grey;\"><a href=\"https:\/\/www.standard-industrie.com\/de\/beseitigung-der-anbackungen-und-anhaftungen\/\">&lt; Beseitigung der Anbackungen und Anhaftungen<\/a><\/p>\n<\/div>\n<p>[\/vc_column_text][\/vc_column][\/vc_row]<\/p>\n","protected":false},"excerpt":{"rendered":"<p>[vc_row][vc_column css=&#8220;.vc_custom_1668767480700{margin-top: 10px !important;}&#8220;][vc_column_text el_class=&#8220;btn-retour txt-rouge&#8220;] &lt; Beseitigung der Anbackungen und Anhaftungen [\/vc_column_text][\/vc_column][\/vc_row][vc_row][vc_column][vc_empty_space][vc_column_text el_class=&#8220;gros-titre fort trait-rouge traits-gris-droite-gauche titre-centre vc_separator wpb_content_element vc_separator_align_center vc_sep_width_100 vc_sep_border_width_2 vc_sep_pos_align_center vc_separator-has-text&#8220;] DIE<span class=\"excerpt-hellip\"> [\u2026]<\/span><\/p>\n","protected":false},"author":1,"featured_media":0,"parent":0,"menu_order":8,"comment_status":"closed","ping_status":"closed","template":"single-airchoc-light.php","meta":{"footnotes":""},"class_list":["post-4690","page","type-page","status-publish","hentry"],"_links":{"self":[{"href":"https:\/\/www.standard-industrie.com\/de\/wp-json\/wp\/v2\/pages\/4690","targetHints":{"allow":["GET"]}}],"collection":[{"href":"https:\/\/www.standard-industrie.com\/de\/wp-json\/wp\/v2\/pages"}],"about":[{"href":"https:\/\/www.standard-industrie.com\/de\/wp-json\/wp\/v2\/types\/page"}],"author":[{"embeddable":true,"href":"https:\/\/www.standard-industrie.com\/de\/wp-json\/wp\/v2\/users\/1"}],"replies":[{"embeddable":true,"href":"https:\/\/www.standard-industrie.com\/de\/wp-json\/wp\/v2\/comments?post=4690"}],"version-history":[{"count":0,"href":"https:\/\/www.standard-industrie.com\/de\/wp-json\/wp\/v2\/pages\/4690\/revisions"}],"wp:attachment":[{"href":"https:\/\/www.standard-industrie.com\/de\/wp-json\/wp\/v2\/media?parent=4690"}],"curies":[{"name":"wp","href":"https:\/\/api.w.org\/{rel}","templated":true}]}}