{"id":4790,"date":"2022-11-18T17:02:41","date_gmt":"2022-11-18T16:02:41","guid":{"rendered":"https:\/\/www.standard-industrie.com\/de\/?page_id=4790"},"modified":"2023-02-17T16:28:13","modified_gmt":"2023-02-17T15:28:13","slug":"airchoc-wartungsprogramm","status":"publish","type":"page","link":"https:\/\/www.standard-industrie.com\/de\/airchoc-wartungsprogramm\/","title":{"rendered":"AIRCHOC-wartungsprogramm"},"content":{"rendered":"<p>[vc_row][vc_column css=&#8220;.vc_custom_1668767480700{margin-top: 10px !important;}&#8220;][vc_column_text el_class=&#8220;btn-retour txt-rouge&#8220;]<\/p>\n<div class=\"vc_sep_holder vc_sep_holder_l\">\n<p class=\"vc_sep_line\" style=\"border-color: grey;\"><a href=\"https:\/\/www.standard-industrie.com\/de\/beseitigung-der-anbackungen-und-anhaftungen\/\">&lt; Beseitigung der Anbackungen und Anhaftungen<\/a><\/p>\n<\/div>\n<p>[\/vc_column_text][\/vc_column][\/vc_row][vc_row][vc_column][vc_empty_space][vc_column_text el_class=&#8220;gros-titre fort trait-rouge traits-gris-droite-gauche titre-centre vc_separator wpb_content_element vc_separator_align_center vc_sep_width_100 vc_sep_border_width_2 vc_sep_pos_align_center vc_separator-has-text&#8220;]<\/p>\n<div class=\"vc_sep_holder vc_sep_holder_l\">\n<p class=\"vc_sep_line\" style=\"border-color: grey;\">\n<\/div>\n<h2 style=\"text-align: center;\">DIE WIRTSCHAFTLICHSTE L\u00d6SUNG UND EINE GESCH\u00dcTZTE UMWELT<\/h2>\n<div class=\"vc_sep_holder vc_sep_holder_r\">\n<p class=\"vc_sep_line\" style=\"border-color: grey;\">\n<\/div>\n<p>[\/vc_column_text][\/vc_column][\/vc_row][vc_row el_class=&#8220;invert-block&#8220;][vc_column width=&#8220;1\/2&#8243;][vc_column_text]=&gt; Um das Risiko von Produktionsausf\u00e4llen oder \u00fcberh\u00f6hten Wartezeiten f\u00fcr die Bediener zu vermeiden, hat STANDARD INDUSTRIE ein Wartungssystem entwickelt:<\/p>\n<ul>\n<li>1\u00a0\u2013 Ein Koffer mit einem kompletten Airchoc\u00ae-Mechanismus wird vom Airchoc\u00ae-Anwender auf Lager gehalten.<\/li>\n<li>2\u00a0\u2013 Sobald eine Wartung erforderlich ist, wird der verwendete Mechanismus einfach durch den im Koffer enthaltenen Mechanismus ersetzt.<\/li>\n<li>3\u00a0\u2013 Der gebrauchte Mechanismus wird dann einfach wieder in das Koffer integriert und an Standard Industrie zur Reinigung und Reparatur durch unsere spezialisierten Techniker geschickt.<\/li>\n<li>4\u00a0\u2013 Der Koffer wird schlie\u00dflich an den Benutzer zur Verwendung bei der n\u00e4chsten Wartung zur\u00fcckgeschickt.<\/li>\n<\/ul>\n<p>[\/vc_column_text][vc_btn title=&#8220;BROSCH\u00dcRE&#8220; style=&#8220;custom&#8220; custom_background=&#8220;#c93742&#8243; custom_text=&#8220;#ffffff&#8220; shape=&#8220;square&#8220; align=&#8220;left&#8220; i_icon_fontawesome=&#8220;fas fa-file-pdf&#8220; add_icon=&#8220;true&#8220; link=&#8220;url:%2Fde%2Fwp-content%2Fuploads%2Fsites%2F10%2F2023%2F01%2FBROCHURE_DECLOGGING_D-MKT3.pdf|target:_blank&#8220; el_class=&#8220;btn-vert btn-animation&#8220;][vc_btn title=&#8220;Testen Sie unser Wartungsprogramm&#8220; style=&#8220;custom&#8220; custom_background=&#8220;#c93742&#8243; custom_text=&#8220;#ffffff&#8220; shape=&#8220;square&#8220; align=&#8220;left&#8220; i_icon_fontawesome=&#8220;fas fa-file-pdf&#8220; add_icon=&#8220;true&#8220; link=&#8220;url:%2Fde%2Fkontakt%2F&#8220; el_class=&#8220;btn-vert btn-animation&#8220;][\/vc_column][vc_column width=&#8220;1\/2&#8243;][vc_row_inner][vc_column_inner width=&#8220;1\/2&#8243;][vc_single_image image=&#8220;4793&#8243; img_size=&#8220;full&#8220; alignment=&#8220;center&#8220;][\/vc_column_inner][vc_column_inner width=&#8220;1\/2&#8243;][vc_single_image image=&#8220;4792&#8243; img_size=&#8220;full&#8220; alignment=&#8220;center&#8220;][\/vc_column_inner][\/vc_row_inner][vc_empty_space][\/vc_column][\/vc_row][vc_row][vc_column width=&#8220;1\/4&#8243;][\/vc_column][vc_column width=&#8220;1\/2&#8243;][vc_raw_html]JTNDZGl2JTIwY2xhc3MlM0QlMjJ5b3V0dWJlX3BsYXllciUyMiUyMHZpZGVvSUQlM0QlMjI0QkVsenktNUJhayUyMiUyMHdpZHRoJTNEJTIyNjAwJTIyJTIwaGVpZ2h0JTNEJTIyNDAwJTIyJTIwdGhlbWUlM0QlMjJsaWdodCUyMiUyMHJlbCUzRCUyMjAlMjIlMjBjb250cm9scyUzRCUyMjAlMjIlMjBzaG93aW5mbyUzRCUyMjAlMjIlMjBhdXRvcGxheSUzRCUyMjElMjIlMjBtdXRlJTNEJTIyMSUyMiUyMCUyMGxvb3AlM0QlMjIxJTIyJTIwbG9hZGluZyUzRCUyMjElMjIlM0UlM0MlMkZkaXYlM0U=[\/vc_raw_html][\/vc_column][vc_column width=&#8220;1\/4&#8243;][\/vc_column][\/vc_row][vc_row disable_element=&#8220;yes&#8220;][vc_column][vc_tta_tabs style=&#8220;flat&#8220; shape=&#8220;square&#8220; color=&#8220;white&#8220; active_section=&#8220;1&#8243; el_class=&#8220;encart-plus-infos infos-rouge&#8220;][vc_tta_section title=&#8220;Avantages&#8220; tab_id=&#8220;1663937971177-be64cebd-0221&#8243;][vc_row_inner][vc_column_inner width=&#8220;1\/2&#8243;][vc_column_text]<\/p>\n<ul>\n<li>VITESSE D\u2019INTERVENTION : Pas besoin d\u2019attendre un technicien. Ce qui signifie, plus de ralentissement de la production d\u00fb \u00e0 un dysfonctionnement des canons \u00e0 air comprim\u00e9.<\/li>\n<li>RENTABILITE<\/li>\n<li>FACILITE : 10 minutes pour remplacer le m\u00e9canisme bloqu\u00e9<\/li>\n<\/ul>\n<p>[\/vc_column_text][\/vc_column_inner][vc_column_inner width=&#8220;1\/2&#8243;][vc_single_image image=&#8220;4793&#8243; img_size=&#8220;full&#8220; alignment=&#8220;center&#8220;][\/vc_column_inner][\/vc_row_inner][\/vc_tta_section][vc_tta_section title=&#8220;Services associ\u00e9s&#8220; tab_id=&#8220;1663938142981-6b5d81f0-143c&#8220;][vc_row_inner][vc_column_inner width=&#8220;1\/2&#8243;][vc_column_text]<\/p>\n<ul>\n<li>Visites et recommandations techniques (dimensionnement et positionnement)<\/li>\n<li>Fourniture du plan d\u2019installation<\/li>\n<li>Nous proposons l\u2019installation compl\u00e8te de nos \u00e9quipements si n\u00e9cessaire<\/li>\n<li>Jusqu\u2019\u00e0 3 ans de garantie<\/li>\n<li>Formation interne et externe<\/li>\n<li>Contrat de service apr\u00e8s-vente et de maintenance<\/li>\n<li>Conformit\u00e9 aux normes<\/li>\n<\/ul>\n<p>[\/vc_column_text][\/vc_column_inner][vc_column_inner width=&#8220;1\/2&#8243;][vc_single_image image=&#8220;4792&#8243; img_size=&#8220;full&#8220; alignment=&#8220;center&#8220;][\/vc_column_inner][\/vc_row_inner][\/vc_tta_section][vc_tta_section title=&#8220;Options \/ Accessoires&#8220; tab_id=&#8220;1663938171381-dcb55700-be8e&#8220;][vc_row_inner][vc_column_inner width=&#8220;1\/6&#8243; offset=&#8220;vc_hidden-md vc_hidden-sm vc_hidden-xs&#8220;][\/vc_column_inner][vc_column_inner offset=&#8220;vc_col-lg-8&#8243;][vc_column_text]<\/p>\n<ul>\n<li>D\u00c9FLECTEURS : Orientent le flux d\u2019air vers les points sensibles de colmatage \u2013 Version acier ou inox r\u00e9fractaire<\/li>\n<li>DISPOSITIFS DE COMMANDE AUTOMATIQUE &amp; CYCLIQUE : D\u00e9clenchent automatiquement les tirs d\u2019AIRCHOC\u00ae (Pilotage jusqu\u2019\u00e0 128 AIRCHOC\u00ae)<\/li>\n<li>ISOLATEUR : S\u00e9curise les op\u00e9rations de maintenance : haute temp\u00e9rature, produit agressif, risques de retour de mati\u00e8re<\/li>\n<li>DISPOSITIFS DE SECURIT\u00c9 : Garantissent l\u2019exploitation et la maintenance des AIRCHOC\u00ae en toute s\u00e9curit\u00e9 (Manom\u00e8tre, soupape de s\u00e9curit\u00e9, vanne d\u2019isolement\u2026)<\/li>\n<li>KIT DE MAINTENANCE : R\u00e9duit le temps d\u2019intervention &amp; simplifie la gestion du stock<\/li>\n<li>PISTON CHANFREIN INOX : Augmente la dur\u00e9e de vie et r\u00e9siste aux atmosph\u00e8res agressives (chimie, incin\u00e9ration, cimenterie)<\/li>\n<li>RAMPE DE COMMANDE D\u00c9PORT\u00c9E : D\u00e9clenche \u00e0 distance les tirs d\u2019AIRCHOC\u00ae (\u00c9lectrovannes centralis\u00e9es et positionn\u00e9es \u00e0 hauteur d\u2019homme)<\/li>\n<li>DISTRIBUTEUR PNEUMATIQUE : Active pneumatiquement les tirs d\u2019AIRCHOC\u00ae.<\/li>\n<\/ul>\n<p>[\/vc_column_text][\/vc_column_inner][vc_column_inner width=&#8220;1\/6&#8243; offset=&#8220;vc_hidden-md vc_hidden-sm vc_hidden-xs&#8220;][\/vc_column_inner][\/vc_row_inner][\/vc_tta_section][\/vc_tta_tabs][\/vc_column][\/vc_row][vc_row disable_element=&#8220;yes&#8220;][vc_column][vc_column_text el_class=&#8220;gros-titre fort trait-rouge traits-gris-droite-gauche titre-gauche vc_sep_border_width_2 vc_separator wpb_content_element vc_separator_align_left vc_sep_width_100 vc_sep_pos_align_center vc_sep_color_grey vc_separator-has-text&#8220;]<\/p>\n<div class=\"vc_sep_holder vc_sep_holder_l\">\n<p class=\"vc_sep_line\" style=\"border-color: grey;\">\n<\/div>\n<h2>Cas d&#8217;utilisation de la maintenance de Standard Industrie International<\/h2>\n<div class=\"vc_sep_holder vc_sep_holder_r\">\n<p class=\"vc_sep_line\" style=\"border-color: grey;\">\n<\/div>\n<p>[\/vc_column_text][vc_basic_grid post_type=&#8220;cas-client&#8220; max_items=&#8220;10&#8243; show_filter=&#8220;yes&#8220; item=&#8220;4303&#8243; grid_id=&#8220;vc_gid:1676647680124-ac831dab-6cf2-6&#8243; taxonomies=&#8220;124&#8243; filter_source=&#8220;secteur&#8220;][\/vc_column][\/vc_row][vc_row][vc_column][vc_column_text el_class=&#8220;btn-retour txt-rouge&#8220;]<\/p>\n<div class=\"vc_sep_holder vc_sep_holder_l\">\n<p class=\"vc_sep_line\" style=\"border-color: grey;\"><a href=\"https:\/\/www.standard-industrie.com\/de\/beseitigung-der-anbackungen-und-anhaftungen\/\">&lt; Beseitigung der Anbackungen und Anhaftungen<\/a><\/p>\n<\/div>\n<p>[\/vc_column_text][\/vc_column][\/vc_row]<\/p>\n","protected":false},"excerpt":{"rendered":"<p>[vc_row][vc_column css=&#8220;.vc_custom_1668767480700{margin-top: 10px !important;}&#8220;][vc_column_text el_class=&#8220;btn-retour txt-rouge&#8220;] &lt; Beseitigung der Anbackungen und Anhaftungen [\/vc_column_text][\/vc_column][\/vc_row][vc_row][vc_column][vc_empty_space][vc_column_text el_class=&#8220;gros-titre fort trait-rouge traits-gris-droite-gauche titre-centre vc_separator wpb_content_element vc_separator_align_center vc_sep_width_100 vc_sep_border_width_2 vc_sep_pos_align_center vc_separator-has-text&#8220;] DIE<span class=\"excerpt-hellip\"> [\u2026]<\/span><\/p>\n","protected":false},"author":1,"featured_media":0,"parent":0,"menu_order":5,"comment_status":"closed","ping_status":"closed","template":"single-airchoc-light.php","meta":{"footnotes":""},"class_list":["post-4790","page","type-page","status-publish","hentry"],"_links":{"self":[{"href":"https:\/\/www.standard-industrie.com\/de\/wp-json\/wp\/v2\/pages\/4790","targetHints":{"allow":["GET"]}}],"collection":[{"href":"https:\/\/www.standard-industrie.com\/de\/wp-json\/wp\/v2\/pages"}],"about":[{"href":"https:\/\/www.standard-industrie.com\/de\/wp-json\/wp\/v2\/types\/page"}],"author":[{"embeddable":true,"href":"https:\/\/www.standard-industrie.com\/de\/wp-json\/wp\/v2\/users\/1"}],"replies":[{"embeddable":true,"href":"https:\/\/www.standard-industrie.com\/de\/wp-json\/wp\/v2\/comments?post=4790"}],"version-history":[{"count":0,"href":"https:\/\/www.standard-industrie.com\/de\/wp-json\/wp\/v2\/pages\/4790\/revisions"}],"wp:attachment":[{"href":"https:\/\/www.standard-industrie.com\/de\/wp-json\/wp\/v2\/media?parent=4790"}],"curies":[{"name":"wp","href":"https:\/\/api.w.org\/{rel}","templated":true}]}}