{"id":4879,"date":"2022-11-21T14:56:34","date_gmt":"2022-11-21T13:56:34","guid":{"rendered":"https:\/\/www.standard-industrie.com\/de\/?page_id=4879"},"modified":"2023-09-28T13:03:41","modified_gmt":"2023-09-28T12:03:41","slug":"valnet","status":"publish","type":"page","link":"https:\/\/www.standard-industrie.com\/de\/valnet\/","title":{"rendered":"VALNET"},"content":{"rendered":"<p>[vc_row][vc_column css=&#8220;.vc_custom_1668767480700{margin-top: 10px !important;}&#8220;][vc_column_text el_class=&#8220;btn-retour txt-rouge&#8220;]<a href=\"https:\/\/www.standard-industrie.com\/industrielle-absaugung\/\">&lt; Industrielle Absaugung<\/a><\/p>\n<div class=\"vc_sep_holder vc_sep_holder_l\">\n<p class=\"vc_sep_line\" style=\"border-color: grey;\">\n<\/div>\n<p>[\/vc_column_text][\/vc_column][\/vc_row][vc_row][vc_column][vc_empty_space][vc_column_text el_class=&#8220;gros-titre fort trait-rouge traits-gris-droite-gauche titre-centre vc_separator wpb_content_element vc_separator_align_center vc_sep_width_100 vc_sep_border_width_2 vc_sep_pos_align_center vc_separator-has-text&#8220;]<\/p>\n<div class=\"vc_sep_holder vc_sep_holder_l\">\n<p class=\"vc_sep_line\" style=\"border-color: grey;\">\n<\/div>\n<h2 style=\"text-align: center;\">ABSAUGFAHRZEUG &#8211; F\u00dcHRERSCHEIN F\u00dcR LEICHTFAHRZEUGE<\/h2>\n<div class=\"vc_sep_holder vc_sep_holder_r\">\n<p class=\"vc_sep_line\" style=\"border-color: grey;\">\n<\/div>\n<p>[\/vc_column_text][\/vc_column][\/vc_row][vc_row el_class=&#8220;invert-block&#8220;][vc_column width=&#8220;1\/2&#8243;][vc_column_text]Das\u00a0Absaugfahrzeug\u00a0VALNET\u00a0ist sehr kompakt und erm\u00f6glicht eine einfache Zug\u00e4nglichkeit und eine schnelle Einsatzf\u00e4higkeit in den Bereichen die gereinigt werden m\u00fcssen.<\/p>\n<ul>\n<li>Anwendung :\u00a0Reinigung\u00a0&amp;\u00a0Absaugung<\/li>\n<li>Motorisierung :\u00a0Diesel<\/li>\n<li>Sammeln :\u00a0Silo<\/li>\n<li>Bediener : Bis zu\u00a04<\/li>\n<li>Leistung (Produktdichte 1) : Bis zu\u00a019 Tonnen \/ Stunde<\/li>\n<li>Luftdurchsatz : Bis zu\u00a02000 m\u00b3\/Stunde<\/li>\n<li>Hydrostatischer Druck : Bis zu\u00a05000 mmWS<\/li>\n<li>Sammelkapazit\u00e4t : Bis zu\u00a00,6 m\u00b3<\/li>\n<li>Korngr\u00f6sse : Bis zu\u00a040 mm<\/li>\n<\/ul>\n<p>[\/vc_column_text][vc_btn title=&#8220;BROSCH\u00dcRE&#8220; style=&#8220;flat&#8220; shape=&#8220;square&#8220; align=&#8220;left&#8220; i_icon_fontawesome=&#8220;fas fa-file-pdf&#8220; add_icon=&#8220;true&#8220; link=&#8220;url:%2Fde%2Fwp-content%2Fuploads%2Fsites%2F10%2F2023%2F01%2FBROCHURE_VACUUM_D-MKT4.pdf|target:_blank&#8220; el_class=&#8220;btn-vert btn-animation&#8220;][vc_btn title=&#8220;ENTDECKEN SIE UNSERE GEBRAUCHTEN ABSAUGANLAGEN&#8220; style=&#8220;flat&#8220; shape=&#8220;square&#8220; align=&#8220;left&#8220; i_icon_fontawesome=&#8220;fas fa-file-pdf&#8220; add_icon=&#8220;true&#8220; link=&#8220;url:https%3A%2F%2Fwww.standard-industrie.com%2Fde%2Funsere-gebrauchten-absauganlagen%2F|title:Machines%20d%E2%80%99aspiration%20d%E2%80%99occasion&#8220; el_class=&#8220;btn-vert btn-animation&#8220;][\/vc_column][vc_column width=&#8220;1\/2&#8243;][vc_column_text]<style id=\"wp_carousel_dynamic_css4881\">#sp-wp-carousel-free-id-4881 .wpcp-swiper-dots {margin: 40px 0px 0px 0px;}.wpcp-wrapper-4881 .swiper-wrapper .swiper-slide-kenburn, .wpcp-wrapper-4881 .swiper-wrapper, .wpcp-wrapper-4881 .wpcpro-row{align-items: center;}#sp-wp-carousel-free-id-4881 .wpcp-single-item {box-shadow: 0px 0px 0px 0px #dddddd;transition: all .3s;margin: 0px;}#sp-wp-carousel-free-id-4881.swiper-flip .wpcp-single-item{margin: 0!important;}#sp-wp-carousel-free-id-4881 .wpcp-single-item:hover {box-shadow: 0px 0px 0px 0px #dddddd;}#sp-wp-carousel-free-id-4881.sp-wpcp-4881 .wpcp-single-item {border: 0px ridge #dddddd;}#sp-wp-carousel-free-id-4881.sp-wpcp-4881 .swiper-button-prev,#sp-wp-carousel-free-id-4881.sp-wpcp-4881 .swiper-button-next,#sp-wp-carousel-free-id-4881.sp-wpcp-4881 .swiper-button-prev:hover,#sp-wp-carousel-free-id-4881.sp-wpcp-4881 .swiper-button-next:hover {background: none;border: none;font-size: 30px;}#sp-wp-carousel-free-id-4881.sp-wpcp-4881 .swiper-button-prev i,#sp-wp-carousel-free-id-4881.sp-wpcp-4881 .swiper-button-next i {color: #aaa;}#sp-wp-carousel-free-id-4881.sp-wpcp-4881 .swiper-button-prev i:hover,#sp-wp-carousel-free-id-4881.sp-wpcp-4881 .swiper-button-next i:hover {color: #ffc20a;}#sp-wp-carousel-free-id-4881.sp-wpcp-4881 .wpcp-swiper-dots .swiper-pagination-bullet {background-color: #cccccc;}#sp-wp-carousel-free-id-4881.sp-wpcp-4881 .wpcp-swiper-dots .swiper-pagination-bullet.swiper-pagination-bullet-active {background-color: #ffc20a;} #sp-wp-carousel-free-id-4881.sp-wpcp-4881.wpcp-image-carousel .wpcp-single-item:hover img, #sp-wp-carousel-free-id-4881.sp-wpcp-4881.wpcp-post-carousel .wpcp-single-item:hover img, #sp-wp-carousel-free-id-4881.sp-wpcp-4881.wpcp-product-carousel .wpcp-single-item:hover img{-webkit-transform: scale(1.2);-moz-transform: scale(1.2);transform: scale(1.2);}@media screen and (max-width: 479px) {#sp-wp-carousel-free-id-4881.nav-vertical-center {padding: 0;margin:0;}#sp-wp-carousel-free-id-4881.nav-vertical-center .wpcp-next-button,#sp-wp-carousel-free-id-4881.nav-vertical-center .wpcp-prev-button {display: none;}}#sp-wp-carousel-free-id-4881 .wpcpro-row>[class*=\"wpcpro-col-\"] { padding: 0 10px; padding-bottom: 20px;} #sp-wp-carousel-free-id-4881 .swiper-slide .single-item-fade:not(:last-child) { margin-right: 20px;}@media (min-width: 480px) { .wpcpro-row .wpcpro-col-sm-1 { flex: 0 0 100%; max-width: 100%; } .wpcpro-row .wpcpro-col-sm-2 { flex: 0 0 50%; max-width: 50%; } .wpcpro-row .wpcpro-col-sm-2-5 { flex: 0 0 75%; max-width: 75%; } .wpcpro-row .wpcpro-col-sm-3 { flex: 0 0 33.333%; max-width: 33.333%; } .wpcpro-row .wpcpro-col-sm-4 { flex: 0 0 25%; max-width: 25%; } .wpcpro-row .wpcpro-col-sm-5 { flex: 0 0 20%; max-width: 20%; } .wpcpro-row .wpcpro-col-sm-6 { flex: 0 0 16.66666666666667%; max-width: 16.66666666666667%; } .wpcpro-row .wpcpro-col-sm-7 { flex: 0 0 14.28571428%; max-width: 14.28571428%; } .wpcpro-row .wpcpro-col-sm-8 { flex: 0 0 12.5%; max-width: 12.5%; } } @media (max-width: 480px) { .wpcpro-row .wpcpro-col-xs-1 { flex: 0 0 100%; max-width: 100%; } .wpcpro-row .wpcpro-col-xs-2 { flex: 0 0 50%; max-width: 50%; } .wpcpro-row .wpcpro-col-xs-3 { flex: 0 0 33.222%; max-width: 33.222%; } .wpcpro-row .wpcpro-col-xs-4 { flex: 0 0 25%; max-width: 25%; } .wpcpro-row .wpcpro-col-xs-5 { flex: 0 0 20%; max-width: 20%; } .wpcpro-row .wpcpro-col-xs-6 { flex: 0 0 16.6667%; max-width: 16.6667%; } .wpcpro-row .wpcpro-col-xs-7 { flex: 0 0 14.28571428%; max-width: 14.28571428%; } .wpcpro-row .wpcpro-col-xs-8 { flex: 0 0 12.5%; max-width: 12.5%; } } @media (min-width: 736px) { .wpcpro-row .wpcpro-col-md-1 { flex: 0 0 100%; max-width: 100%; } .wpcpro-row .wpcpro-col-md-2 { flex: 0 0 50%; max-width: 50%; } .wpcpro-row .wpcpro-col-md-2-5 { flex: 0 0 75%; max-width: 75%; } .wpcpro-row .wpcpro-col-md-3 { flex: 0 0 33.333%; max-width: 33.333%; } .wpcpro-row .wpcpro-col-md-4 { flex: 0 0 25%; max-width: 25%; } .wpcpro-row .wpcpro-col-md-5 { flex: 0 0 20%; max-width: 20%; } .wpcpro-row .wpcpro-col-md-6 { flex: 0 0 16.66666666666667%; max-width: 16.66666666666667%; } .wpcpro-row .wpcpro-col-md-7 { flex: 0 0 14.28571428%; max-width: 14.28571428%; } .wpcpro-row .wpcpro-col-md-8 { flex: 0 0 12.5%; max-width: 12.5%; } } @media (min-width: 980px) { .wpcpro-row .wpcpro-col-lg-1 { flex: 0 0 100%; max-width: 100%; } .wpcpro-row .wpcpro-col-lg-2 { flex: 0 0 50%; max-width: 50%; } .wpcpro-row .wpcpro-col-lg-3 { flex: 0 0 33.222%; max-width: 33.222%; } .wpcpro-row .wpcpro-col-lg-4 { flex: 0 0 25%; max-width: 25%; } .wpcpro-row .wpcpro-col-lg-5 { flex: 0 0 20%; max-width: 20%; } .wpcpro-row .wpcpro-col-lg-6 { flex: 0 0 16.6667%; max-width: 16.6667%; } .wpcpro-row .wpcpro-col-lg-7 { flex: 0 0 14.28571428%; max-width: 14.28571428%; } .wpcpro-row .wpcpro-col-lg-8 { flex: 0 0 12.5%; max-width: 12.5%; } } @media (min-width: 1200px) { .wpcpro-row .wpcpro-col-xl-1 { flex: 0 0 100%; max-width: 100%; } .wpcpro-row .wpcpro-col-xl-2 { flex: 0 0 50%; max-width: 50%; } .wpcpro-row .wpcpro-col-xl-3 { flex: 0 0 33.22222222%; max-width: 33.22222222%; } .wpcpro-row .wpcpro-col-xl-4 { flex: 0 0 25%; max-width: 25%; } .wpcpro-row .wpcpro-col-xl-5 { flex: 0 0 20%; max-width: 20%; } .wpcpro-row .wpcpro-col-xl-6 { flex: 0 0 16.66667%; max-width: 16.66667%; } .wpcpro-row .wpcpro-col-xl-7 { flex: 0 0 14.28571428%; max-width: 14.28571428%; } .wpcpro-row .wpcpro-col-xl-8 { flex: 0 0 12.5%; max-width: 12.5%; } }<\/style><div class=\"wpcp-carousel-wrapper wpcp-wrapper-4881\">\n\t<div id=\"wpcp-preloader-4881\" class=\"wpcp-carousel-preloader\"><img decoding=\"async\" src=\"https:\/\/www.standard-industrie.com\/de\/wp-content\/plugins\/wp-carousel-free\/public\/css\/spinner.svg\" alt=\"Preloader Image\" \/><\/div>\t<div class=\"wpcp-carousel-content-wrapper\">\n\t<div id=\"sp-wp-carousel-free-id-4881\" class=\"wpcp-carousel-section sp-wpcp-4881  nav-vertical-center wpcp-image-carousel wpcp-preloader wpcp-standard\" data-swiper='{ &quot;accessibility&quot;:true, &quot;spaceBetween&quot;:20, &quot;arrows&quot;:true, &quot;freeMode&quot;: false, &quot;autoplay&quot;:true, &quot;effect&quot;: &quot;&quot;, &quot;centerMode&quot;: false, &quot;autoplaySpeed&quot;:3000, &quot;dots&quot;:true, &quot;infinite&quot;:true, &quot;speed&quot;:600, &quot;pauseOnHover&quot;:true,\n\t\t\t&quot;slidesToShow&quot;:{&quot;lg_desktop&quot;:1, &quot;desktop&quot;: 1, &quot;laptop&quot;: 1, &quot;tablet&quot;: 1, &quot;mobile&quot;: 1}, &quot;responsive&quot;:{&quot;desktop&quot;:1200, &quot;laptop&quot;: 980, &quot;tablet&quot;: 736, &quot;mobile&quot;: 480}, &quot;rtl&quot;:false, &quot;lazyLoad&quot;: &quot;false&quot;, &quot;swipe&quot;: true, &quot;draggable&quot;: true, &quot;swipeToSlide&quot;:false }' dir=\"ltr\">\n\t\t<div class=\"swiper-wrapper\">\n\t\t<div class=\"swiper-slide\">\n\t<div class=\"wpcp-single-item\">\n\t\t\t<div class=\"wpcp-slide-image\">\n\t\t<img loading=\"lazy\" decoding=\"async\" class=\"skip-lazy\" src=\"https:\/\/www.standard-industrie.com\/de\/wp-content\/uploads\/sites\/10\/2022\/12\/reinigung-von-industriesilos.png\" alt=\"\" width=\"800\" height=\"674\">\t<\/div>\n\t\t<\/div>\n<\/div>\n\t<div class=\"swiper-slide\">\n\t<div class=\"wpcp-single-item\">\n\t\t\t<div class=\"wpcp-slide-image\">\n\t\t<img loading=\"lazy\" decoding=\"async\" class=\"skip-lazy\" src=\"https:\/\/www.standard-industrie.com\/de\/wp-content\/uploads\/sites\/10\/2022\/11\/staubsaugerreinigung-gebaude.jpg\" alt=\"\" width=\"794\" height=\"678\">\t<\/div>\n\t\t<\/div>\n<\/div>\n\t<div class=\"swiper-slide\">\n\t<div class=\"wpcp-single-item\">\n\t\t\t<div class=\"wpcp-slide-image\">\n\t\t<img loading=\"lazy\" decoding=\"async\" class=\"skip-lazy\" src=\"https:\/\/www.standard-industrie.com\/de\/wp-content\/uploads\/sites\/10\/2022\/11\/reinigung-durch-saugen-industrieller-silos.jpg\" alt=\"\" width=\"794\" height=\"678\">\t<\/div>\n\t\t<\/div>\n<\/div>\n\t<div class=\"swiper-slide\">\n\t<div class=\"wpcp-single-item\">\n\t\t\t<div class=\"wpcp-slide-image\">\n\t\t<img loading=\"lazy\" decoding=\"async\" class=\"skip-lazy\" src=\"https:\/\/www.standard-industrie.com\/de\/wp-content\/uploads\/sites\/10\/2022\/11\/saugreinigung-trichter.jpg\" alt=\"\" width=\"800\" height=\"800\">\t<\/div>\n\t\t<\/div>\n<\/div>\n\t<div class=\"swiper-slide\">\n\t<div class=\"wpcp-single-item\">\n\t\t\t<div class=\"wpcp-slide-image\">\n\t\t<img loading=\"lazy\" decoding=\"async\" class=\"skip-lazy\" src=\"https:\/\/www.standard-industrie.com\/de\/wp-content\/uploads\/sites\/10\/2022\/11\/reinigung-zementsilo.jpg\" alt=\"\" width=\"800\" height=\"800\">\t<\/div>\n\t\t<\/div>\n<\/div>\n\t\t\t<\/div>\n\t\t\t\t\t<div class=\"wpcp-swiper-dots swiper-pagination\"><\/div>\n\t\t\t\t<!-- If we need navigation buttons -->\n\t\t\t\t\t<div class=\"wpcp-prev-button swiper-button-prev\"><i class=\"fa fa-angle-left\"><\/i><\/div>\n\t\t\t<div class=\"wpcp-next-button swiper-button-next\"><i class=\"fa fa-angle-right\"><\/i><\/div>\n\t\t\t<\/div>\n\t<\/div>\n<\/div>\n[\/vc_column_text][vc_empty_space][\/vc_column][\/vc_row][vc_row el_class=&#8220;invert-block&#8220;][vc_column width=&#8220;1\/4&#8243;][\/vc_column][vc_column width=&#8220;1\/2&#8243;][vc_raw_html]JTNDZGl2JTIwY2xhc3MlM0QlMjJ5b3V0dWJlX3BsYXllciUyMiUyMHZpZGVvSUQlM0QlMjJyMXBSaXJnM0E4RSUyMiUyMHdpZHRoJTNEJTIyNjAwJTIyJTIwaGVpZ2h0JTNEJTIyNDAwJTIyJTIwdGhlbWUlM0QlMjJsaWdodCUyMiUyMHJlbCUzRCUyMjAlMjIlMjBjb250cm9scyUzRCUyMjAlMjIlMjBzaG93aW5mbyUzRCUyMjAlMjIlMjBhdXRvcGxheSUzRCUyMjElMjIlMjBtdXRlJTNEJTIyMSUyMiUyMCUyMGxvb3AlM0QlMjIxJTIyJTIwbG9hZGluZyUzRCUyMjElMjIlM0UlM0MlMkZkaXYlM0U=[\/vc_raw_html][\/vc_column][vc_column width=&#8220;1\/4&#8243;][\/vc_column][\/vc_row][vc_row][vc_column][vc_tta_tabs style=&#8220;flat&#8220; shape=&#8220;square&#8220; color=&#8220;white&#8220; active_section=&#8220;1&#8243; el_class=&#8220;encart-plus-infos infos-rouge&#8220;][vc_tta_section title=&#8220;VORTEILE&#8220; tab_id=&#8220;1663937971177-be64cebd-0221&#8243;][vc_row_inner][vc_column_inner width=&#8220;1\/2&#8243;][vc_column_text]<\/p>\n<ul>\n<li>EINSPARUNG &amp; BENUTZERFREUNDLICH :\u00a0F\u00fchrerschein f\u00fcr Leichtfahrzeuge<\/li>\n<li>UNABH\u00c4NGIG :\u00a0Diesel-Motorisierung<\/li>\n<li>SCHNELLE :\u00a0\u00a0Inbetriebnahme<\/li>\n<li>COMPACT :\u00a0Ausr\u00fcstung mit geringem Platzbedarf f\u00fcr einen einfachen Zugang zu den zu reinigenden Zonen<\/li>\n<li>ANPASSUNGSF\u00c4HIG :\u00a0Erm\u00f6glicht den Zugang zu schwierigen Stellen mit einer schnellen Aktionsgeschwindigkeit + Entleerung vor Ort in Big-Bag \u00a0\/F\u00e4sser \/ Kipper<\/li>\n<li>LENKBAR :\u00a0Fahrzeug mit geringen Abmessungen, weniger als 3,5 Tonnen + Ansaugung in eingezogener oder ausgefahrener Position<\/li>\n<li>SICHERHEIT :\u00a0Seine einfache und robuste Technologie erm\u00f6glicht die Arbeit im Bereich Schwerindustrie mit maximaler Sicherheit und Produktivit\u00e4t<\/li>\n<\/ul>\n<p>[\/vc_column_text][\/vc_column_inner][vc_column_inner width=&#8220;1\/2&#8243;][vc_single_image image=&#8220;4887&#8243; img_size=&#8220;full&#8220; alignment=&#8220;center&#8220;][\/vc_column_inner][\/vc_row_inner][\/vc_tta_section][vc_tta_section title=&#8220;ZUGEH\u00d6RIGE SERVICELEISTUNGEN&#8220; tab_id=&#8220;1663938142981-6b5d81f0-143c&#8220;][vc_row_inner][vc_column_inner width=&#8220;1\/2&#8243;][vc_column_text]<\/p>\n<ul>\n<li>Kontrollen &amp; Beratungen<\/li>\n<li>Test \/ Vorf\u00fchrung vor Ort<\/li>\n<li>Garantie 1 Jahr<\/li>\n<li>M\u00f6glichkeit der Montage, \u00dcberwachung und Inbetriebnahme durch unsere Techniker<\/li>\n<li>2 kostenlose Kontrollen eines Kundendienst-Technikers im Rahmen der Garantie.<\/li>\n<li>Vermietung &amp; Leasing<\/li>\n<li>Garantieerweiterung<\/li>\n<li>Pr\u00fcfungsvertrag<\/li>\n<li>Wartungsvertrag<\/li>\n<li>Erfassung, Studie des Netzes, Realisierung<\/li>\n<li>Interne &amp; externe Ausbildung (Ausbildungsinstitut STANDARD INDUSTRIE : IFSI \u2013 NR. 31 59 05660 59)<\/li>\n<\/ul>\n<p>[\/vc_column_text][\/vc_column_inner][vc_column_inner width=&#8220;1\/2&#8243;][vc_single_image image=&#8220;4885&#8243; img_size=&#8220;full&#8220; alignment=&#8220;center&#8220;][\/vc_column_inner][\/vc_row_inner][\/vc_tta_section][vc_tta_section title=&#8220;OPTIONEN \/ ZUBEH\u00d6R&#8220; tab_id=&#8220;1663938171381-dcb55700-be8e&#8220;][vc_row_inner][vc_column_inner width=&#8220;1\/6&#8243; offset=&#8220;vc_hidden-md vc_hidden-sm vc_hidden-xs&#8220;][\/vc_column_inner][vc_column_inner offset=&#8220;vc_col-lg-8&#8243;][vc_column_text]OPTIONEN\u00a0:<\/p>\n<ul>\n<li>Explosionsschutzvorrichtung :\u00a0\u00d6ffnungen oder Flammenschutz<\/li>\n<li>Filtertaschen\u00a0wasser- &amp; \u00f6labweisend<\/li>\n<\/ul>\n<p>ZUBEH\u00d6R\u00a0:<\/p>\n<ul>\n<li>Schl\u00e4uche:\u00a0DN 120 bis 50, Gummi \/ Polyurethan \/ PVC<\/li>\n<li>Sensoren :\u00a0DN 120 bis 50, Stah l\/ Edelstahl \/ Alu \/ PVC<\/li>\n<li>Handrohre, Verbindungen\u2026<\/li>\n<\/ul>\n<p><a title=\"NACHFRAGE NACH INFORMATIONEN\" href=\"\/de\/kontakt\/\" target=\"_blank\" rel=\"noopener\">F\u00fcr weitere Informationen bitte r\u00fcckfragen<\/a>[\/vc_column_text][\/vc_column_inner][vc_column_inner width=&#8220;1\/6&#8243; offset=&#8220;vc_hidden-md vc_hidden-sm vc_hidden-xs&#8220;][\/vc_column_inner][\/vc_row_inner][\/vc_tta_section][\/vc_tta_tabs][\/vc_column][\/vc_row][vc_row][vc_column][vc_column_text el_class=&#8220;gros-titre fort trait-rouge traits-gris-droite-gauche titre-gauche vc_sep_border_width_2 vc_separator wpb_content_element vc_separator_align_left vc_sep_width_100 vc_sep_pos_align_center vc_sep_color_grey vc_separator-has-text&#8220;]<\/p>\n<div class=\"vc_sep_holder vc_sep_holder_l\">\n<p class=\"vc_sep_line\" style=\"border-color: grey;\">\n<\/div>\n<h2>FALLSTUDIEN<\/h2>\n<div class=\"vc_sep_holder vc_sep_holder_r\">\n<p class=\"vc_sep_line\" style=\"border-color: grey;\">\n<\/div>\n<p>[\/vc_column_text][vc_basic_grid post_type=&#8220;fallstudie&#8220; max_items=&#8220;10&#8243; show_filter=&#8220;yes&#8220; filter_default_title=&#8220;Alle&#8220; item=&#8220;4303&#8243; grid_id=&#8220;vc_gid:1695902555742-366b61cd-f801-6&#8243; taxonomies=&#8220;126&#8243; filter_source=&#8220;secteur&#8220;][\/vc_column][\/vc_row][vc_row][vc_column css=&#8220;.vc_custom_1668767480700{margin-top: 10px !important;}&#8220;][vc_column_text el_class=&#8220;btn-retour txt-rouge&#8220;]<a href=\"https:\/\/www.standard-industrie.com\/industrielle-absaugung\/\">&lt; Industrielle Absaugung<\/a><\/p>\n<div class=\"vc_sep_holder vc_sep_holder_l\">\n<p class=\"vc_sep_line\" style=\"border-color: grey;\">\n<\/div>\n<p>[\/vc_column_text][\/vc_column][\/vc_row]<\/p>\n","protected":false},"excerpt":{"rendered":"<p>[vc_row][vc_column css=&#8220;.vc_custom_1668767480700{margin-top: 10px !important;}&#8220;][vc_column_text el_class=&#8220;btn-retour txt-rouge&#8220;]&lt; Industrielle Absaugung [\/vc_column_text][\/vc_column][\/vc_row][vc_row][vc_column][vc_empty_space][vc_column_text el_class=&#8220;gros-titre fort trait-rouge traits-gris-droite-gauche titre-centre vc_separator wpb_content_element vc_separator_align_center vc_sep_width_100 vc_sep_border_width_2 vc_sep_pos_align_center vc_separator-has-text&#8220;] ABSAUGFAHRZEUG &#8211; F\u00dcHRERSCHEIN F\u00dcR LEICHTFAHRZEUGE<span class=\"excerpt-hellip\"> [\u2026]<\/span><\/p>\n","protected":false},"author":1,"featured_media":0,"parent":0,"menu_order":16,"comment_status":"closed","ping_status":"closed","template":"single-nettoyage-industriel-aspiration-light.php","meta":{"footnotes":""},"class_list":["post-4879","page","type-page","status-publish","hentry"],"_links":{"self":[{"href":"https:\/\/www.standard-industrie.com\/de\/wp-json\/wp\/v2\/pages\/4879","targetHints":{"allow":["GET"]}}],"collection":[{"href":"https:\/\/www.standard-industrie.com\/de\/wp-json\/wp\/v2\/pages"}],"about":[{"href":"https:\/\/www.standard-industrie.com\/de\/wp-json\/wp\/v2\/types\/page"}],"author":[{"embeddable":true,"href":"https:\/\/www.standard-industrie.com\/de\/wp-json\/wp\/v2\/users\/1"}],"replies":[{"embeddable":true,"href":"https:\/\/www.standard-industrie.com\/de\/wp-json\/wp\/v2\/comments?post=4879"}],"version-history":[{"count":0,"href":"https:\/\/www.standard-industrie.com\/de\/wp-json\/wp\/v2\/pages\/4879\/revisions"}],"wp:attachment":[{"href":"https:\/\/www.standard-industrie.com\/de\/wp-json\/wp\/v2\/media?parent=4879"}],"curies":[{"name":"wp","href":"https:\/\/api.w.org\/{rel}","templated":true}]}}