{"id":5063,"date":"2022-12-06T14:37:04","date_gmt":"2022-12-06T13:37:04","guid":{"rendered":"https:\/\/www.standard-industrie.com\/de\/?page_id=5063"},"modified":"2025-06-04T20:03:29","modified_gmt":"2025-06-04T19:03:29","slug":"powernet","status":"publish","type":"page","link":"https:\/\/www.standard-industrie.com\/de\/powernet\/","title":{"rendered":"POWERNET"},"content":{"rendered":"<p>[vc_row][vc_column css=&#8220;.vc_custom_1668767480700{margin-top: 10px !important;}&#8220;][vc_column_text el_class=&#8220;btn-retour txt-rouge&#8220;]<\/p>\n<div class=\"vc_sep_holder vc_sep_holder_l\">\n<p class=\"vc_sep_line\" style=\"border-color: grey;\"><a href=\"\/de\/trichter-und-siloreinigung-als-dienstleistung\">&lt; Trichter- und Siloreinigung als Dienstleistung<\/a><\/p>\n<\/div>\n<p>[\/vc_column_text][\/vc_column][\/vc_row][vc_row][vc_column][vc_empty_space][vc_column_text el_class=&#8220;gros-titre fort trait-rouge traits-gris-droite-gauche titre-centre vc_separator wpb_content_element vc_separator_align_center vc_sep_width_100 vc_sep_border_width_2 vc_sep_pos_align_center vc_separator-has-text&#8220;]<\/p>\n<div class=\"vc_sep_holder vc_sep_holder_l\">\n<p class=\"vc_sep_line\" style=\"border-color: grey;\">\n<\/div>\n<h2 style=\"text-align: center;\">DIE L\u00d6SUNG F\u00dcR ANBACKUNGSPROBLEME DER ART BR\u00dcCKENBILDUNG<\/h2>\n<div class=\"vc_sep_holder vc_sep_holder_r\">\n<p class=\"vc_sep_line\" style=\"border-color: grey;\">\n<\/div>\n<p>[\/vc_column_text][\/vc_column][\/vc_row][vc_row el_class=&#8220;invert-block&#8220;][vc_column width=&#8220;1\/2&#8243;][vc_column_text]<\/p>\n<ul>\n<li>Durchmesser der Bohrung der Lagereinheiten von oben oder\u00a0unten:\u00a0von\u00a065\u00a0bis\u00a0300 mm<\/li>\n<\/ul>\n<ul>\n<li>Eingriffstiefe:\u00a0\u00a0bis zu\u00a045 m<\/li>\n<li>Fernbedienung\u00a0von einem Mannloch aus<\/li>\n<li>Alle Arten von Lagereinheiten<\/li>\n<li>Alle Materialarten<\/li>\n<li>Wird dem\u00a0<a href=\"\/de\/gironet\/\">GIRONET<\/a>\u00a0vorlaufend eingesetzt<\/li>\n<li>2 Versione :\n<ul>\n<li>Pneumatisch\u00a0:\u00a0f\u00fcr\u00a0kr\u00fcmelige Produkte\u00a0\u00a0(Kohle,\u00a0Kleie, Zucker,\u00a0Asche usw.)<\/li>\n<li>Hydraulisch\u00a0:\u00a0f\u00fcr\u00a0harte Produkte\u00a0(Milchprodukte, Zement,\u00a0Sulfatkarbonat usw.)<\/li>\n<\/ul>\n<\/li>\n<\/ul>\n<p>[\/vc_column_text][vc_btn title=&#8220;BROSCH\u00dcRE&#8220; style=&#8220;custom&#8220; custom_background=&#8220;#3e5d9e&#8220; custom_text=&#8220;#ffffff&#8220; shape=&#8220;square&#8220; align=&#8220;left&#8220; i_icon_fontawesome=&#8220;fas fa-file-pdf&#8220; add_icon=&#8220;true&#8220; link=&#8220;url:%2Fde%2Fwp-content%2Fuploads%2Fsites%2F10%2F2023%2F01%2FBROCHURE_CLEANING_SERVICES_D-MKT2a.pdf|target:_blank&#8220; el_class=&#8220;btn-vert btn-animation&#8220;][\/vc_column][vc_column width=&#8220;1\/2&#8243;][vc_single_image image=&#8220;5066&#8243; img_size=&#8220;full&#8220; alignment=&#8220;center&#8220;][vc_empty_space][\/vc_column][\/vc_row][vc_row el_class=&#8220;invert-block&#8220;][vc_column width=&#8220;1\/6&#8243;][\/vc_column][vc_column width=&#8220;2\/3&#8243;][vc_raw_html]JTNDZGl2JTIwc3R5bGUlM0QlMjJ0ZXh0LWFsaWduJTNBJTIwY2VudGVyJTNCJTIyJTIwY2xhc3MlM0QlMjJ5b3V0dWJlX3BsYXllciUyMiUyMHZpZGVvSUQlM0QlMjItUlFfbzhLdTJCYyUyMiUyMHdpZHRoJTNEJTIyNjAwJTIyJTIwaGVpZ2h0JTNEJTIyNDAwJTIyJTIwdGhlbWUlM0QlMjJsaWdodCUyMiUyMHJlbCUzRCUyMjAlMjIlMjBjb250cm9scyUzRCUyMjAlMjIlMjBzaG93aW5mbyUzRCUyMjAlMjIlMjBhdXRvcGxheSUzRCUyMjElMjIlMjBtdXRlJTNEJTIyMSUyMiUyMCUyMGxvb3AlM0QlMjIxJTIyJTIwbG9hZGluZyUzRCUyMjElMjIlM0UlM0MlMkZkaXYlM0U=[\/vc_raw_html][\/vc_column][vc_column width=&#8220;1\/6&#8243;][\/vc_column][\/vc_row][vc_row][vc_column][vc_tta_tabs style=&#8220;flat&#8220; shape=&#8220;square&#8220; color=&#8220;white&#8220; active_section=&#8220;1&#8243; el_class=&#8220;encart-plus-infos infos-rouge&#8220;][vc_tta_section title=&#8220;VORTEILE&#8220; tab_id=&#8220;1663937971177-be64cebd-0221&#8243;][vc_row_inner][vc_column_inner width=&#8220;1\/2&#8243;][vc_column_text]<\/p>\n<ul>\n<li>TOTALE SICHERHEIT :\u00a0Keine menschliche Pr\u00e4senz innerhalb der Silos &amp; Trichter \/ Einhaltung der Sicherheitsnormen durch unsere Teams<\/li>\n<li>EINSPARUNGEN :\u00a0Einsatz ohne Produktionsunterbrechung \/ 100% der Lagerkapazit\u00e4t wird wieder erlangt \/ Kein Materialverlust<\/li>\n<li>LEISTUNG :\u00a0Einsatz f\u00fcr alle Materialarten \/ schneller &amp; effizienter Einsatz<\/li>\n<li>UMWELT :\u00a0Bohrung weder mit Wasser noch Zusatzmittel (keine Verschmutzung des Produkts)<\/li>\n<\/ul>\n<p>[\/vc_column_text][\/vc_column_inner][vc_column_inner width=&#8220;1\/2&#8243;][vc_single_image image=&#8220;5065&#8243; img_size=&#8220;full&#8220; alignment=&#8220;center&#8220;][\/vc_column_inner][\/vc_row_inner][\/vc_tta_section][vc_tta_section title=&#8220;ZUGEH\u00d6RIGE SERVICELEISTUNGEN&#8220; tab_id=&#8220;1663938142981-6b5d81f0-143c&#8220;][vc_row_inner][vc_column_inner width=&#8220;1\/2&#8243;][vc_column_text]<\/p>\n<ul>\n<li>Kontrollen &amp; Beratungen<\/li>\n<li>Montage &amp; Reinigung durch unsere Techniker<\/li>\n<li>Reaktivit\u00e4t des Einsatzes<\/li>\n<li>Einsatz durch Fachteams<\/li>\n<li>Endreinigung mit der <a href=\"https:\/\/www.standard-industrie.com\/de\/gironet\/\">GIRONET<\/a><\/li>\n<\/ul>\n<p>[\/vc_column_text][\/vc_column_inner][vc_column_inner width=&#8220;1\/2&#8243;][vc_single_image image=&#8220;5066&#8243; img_size=&#8220;full&#8220; alignment=&#8220;center&#8220;][\/vc_column_inner][\/vc_row_inner][\/vc_tta_section][vc_tta_section title=&#8220;OPTIONEN \/ ZUBEH\u00d6R&#8220; tab_id=&#8220;1663938171381-dcb55700-be8e&#8220;][vc_row_inner][vc_column_inner width=&#8220;1\/6&#8243; offset=&#8220;vc_hidden-md vc_hidden-sm vc_hidden-xs&#8220;][\/vc_column_inner][vc_column_inner offset=&#8220;vc_col-lg-8&#8243;][vc_column_text]<strong>WERKZEUGE\u00a0:<\/strong><\/p>\n<p><strong>3 Bohrerarten :<\/strong><\/p>\n<ul>\n<li><b>65 mm Durchmesser : Vorbohrung<\/b><\/li>\n<li><b>150 mm Durchmesser : Bohrung<\/b><\/li>\n<li><b>300 mm Durchmesser : Endbohrung<\/b><\/li>\n<\/ul>\n<p>[\/vc_column_text][\/vc_column_inner][vc_column_inner width=&#8220;1\/6&#8243; offset=&#8220;vc_hidden-md vc_hidden-sm vc_hidden-xs&#8220;][\/vc_column_inner][\/vc_row_inner][\/vc_tta_section][\/vc_tta_tabs][\/vc_column][\/vc_row][vc_row][vc_column][vc_column_text el_class=&#8220;gros-titre fort trait-rouge traits-gris-droite-gauche titre-gauche vc_sep_border_width_2 vc_separator wpb_content_element vc_separator_align_left vc_sep_width_100 vc_sep_pos_align_center vc_sep_color_grey vc_separator-has-text&#8220;]<\/p>\n<div class=\"vc_sep_holder vc_sep_holder_l\">\n<p class=\"vc_sep_line\" style=\"border-color: grey;\">\n<\/div>\n<h2>FALLSTUDIEN<\/h2>\n<div class=\"vc_sep_holder vc_sep_holder_r\">\n<p class=\"vc_sep_line\" style=\"border-color: grey;\">\n<\/div>\n<p>[\/vc_column_text][vc_basic_grid post_type=&#8220;fallstudie&#8220; max_items=&#8220;10&#8243; show_filter=&#8220;yes&#8220; filter_default_title=&#8220;Alle&#8220; item=&#8220;4303&#8243; grid_id=&#8220;vc_gid:1695902609129-8ce462ab-041b-6&#8243; taxonomies=&#8220;142&#8243; filter_source=&#8220;secteur&#8220;][\/vc_column][\/vc_row][vc_row][vc_column][vc_column_text el_class=&#8220;btn-retour txt-rouge&#8220;]<\/p>\n<div class=\"vc_sep_holder vc_sep_holder_l\">\n<p class=\"vc_sep_line\" style=\"border-color: grey;\"><a href=\"\/de\/trichter-und-siloreinigung-als-dienstleistung\">&lt; Trichter- und Siloreinigung als Dienstleistung<\/a><\/p>\n<\/div>\n<p>[\/vc_column_text][\/vc_column][\/vc_row]<\/p>\n","protected":false},"excerpt":{"rendered":"<p>[vc_row][vc_column css=&#8220;.vc_custom_1668767480700{margin-top: 10px !important;}&#8220;][vc_column_text el_class=&#8220;btn-retour txt-rouge&#8220;] &lt; Trichter- und Siloreinigung als Dienstleistung [\/vc_column_text][\/vc_column][\/vc_row][vc_row][vc_column][vc_empty_space][vc_column_text el_class=&#8220;gros-titre fort trait-rouge traits-gris-droite-gauche titre-centre vc_separator wpb_content_element vc_separator_align_center vc_sep_width_100 vc_sep_border_width_2 vc_sep_pos_align_center vc_separator-has-text&#8220;] DIE<span class=\"excerpt-hellip\"> [\u2026]<\/span><\/p>\n","protected":false},"author":1,"featured_media":0,"parent":0,"menu_order":26,"comment_status":"closed","ping_status":"closed","template":"single-prestations-nettoyage-silos-tremies-light.php","meta":{"footnotes":""},"class_list":["post-5063","page","type-page","status-publish","hentry"],"_links":{"self":[{"href":"https:\/\/www.standard-industrie.com\/de\/wp-json\/wp\/v2\/pages\/5063","targetHints":{"allow":["GET"]}}],"collection":[{"href":"https:\/\/www.standard-industrie.com\/de\/wp-json\/wp\/v2\/pages"}],"about":[{"href":"https:\/\/www.standard-industrie.com\/de\/wp-json\/wp\/v2\/types\/page"}],"author":[{"embeddable":true,"href":"https:\/\/www.standard-industrie.com\/de\/wp-json\/wp\/v2\/users\/1"}],"replies":[{"embeddable":true,"href":"https:\/\/www.standard-industrie.com\/de\/wp-json\/wp\/v2\/comments?post=5063"}],"version-history":[{"count":0,"href":"https:\/\/www.standard-industrie.com\/de\/wp-json\/wp\/v2\/pages\/5063\/revisions"}],"wp:attachment":[{"href":"https:\/\/www.standard-industrie.com\/de\/wp-json\/wp\/v2\/media?parent=5063"}],"curies":[{"name":"wp","href":"https:\/\/api.w.org\/{rel}","templated":true}]}}