{"id":5071,"date":"2022-12-06T14:54:00","date_gmt":"2022-12-06T13:54:00","guid":{"rendered":"https:\/\/www.standard-industrie.com\/de\/?page_id=5071"},"modified":"2025-11-05T14:14:31","modified_gmt":"2025-11-05T13:14:31","slug":"reinigung-durch-absaugung","status":"publish","type":"page","link":"https:\/\/www.standard-industrie.com\/de\/reinigung-durch-absaugung\/","title":{"rendered":"REINIGUNG DURCH ABSAUGUNG"},"content":{"rendered":"<p>[vc_row][vc_column css=&#8220;.vc_custom_1668767480700{margin-top: 10px !important;}&#8220;][vc_column_text el_class=&#8220;btn-retour txt-rouge&#8220;]<\/p>\n<div class=\"vc_sep_holder vc_sep_holder_l\">\n<p class=\"vc_sep_line\" style=\"border-color: grey;\"><a href=\"\/de\/trichter-und-siloreinigung-als-dienstleistung\">&lt; Trichter- und siloreinigung als dienstleistung<\/a><\/p>\n<\/div>\n<p>[\/vc_column_text][\/vc_column][\/vc_row][vc_row][vc_column][vc_empty_space][vc_column_text el_class=&#8220;gros-titre fort trait-rouge traits-gris-droite-gauche titre-centre vc_separator wpb_content_element vc_separator_align_center vc_sep_width_100 vc_sep_border_width_2 vc_sep_pos_align_center vc_separator-has-text&#8220;]<\/p>\n<div class=\"vc_sep_holder vc_sep_holder_l\">\n<p class=\"vc_sep_line\" style=\"border-color: grey;\">\n<\/div>\n<h2 style=\"text-align: center;\">DIE L\u00d6SUNG ZUR WIEDERGEWINNUNG UND ZUM RECYCLING DES MATERIALS<\/h2>\n<div class=\"vc_sep_holder vc_sep_holder_r\">\n<p class=\"vc_sep_line\" style=\"border-color: grey;\">\n<\/div>\n<p>[\/vc_column_text][\/vc_column][\/vc_row][vc_row el_class=&#8220;invert-block&#8220;][vc_column width=&#8220;1\/2&#8243;][vc_column_text]Industriereinigungsunternehmen \u2013 Miete Industriesauger<\/p>\n<p>Je nach abzusaugender Menge bieten wir Eins\u00e4tze anhand unserer Absaugl\u00f6sungen an, wie der<strong>\u00a0<\/strong><a title=\"GAD\" href=\"\/de\/gad\/\"><strong>GAD<\/strong><\/a>,<strong>\u00a0<a title=\"VALNET\" href=\"\/de\/valnet\/\">VALNET<\/a>\u00a0<\/strong>oder<b>\u00a0<a title=\"CAM\" href=\"\/de\/cam\/\">LKW<\/a>.\u00a0<\/b><\/p>\n<p><b>Die Vorteile unserer industriellen Absaugdienstleistung:<\/b><\/p>\n<ul>\n<li>Recycling der gereinigten Produkte<\/li>\n<li>Entsorgung im M\u00fclldepot, Big-Bag, R\u00fcckf\u00fchrung in Silos usw.<\/li>\n<\/ul>\n<p>[\/vc_column_text][vc_btn title=&#8220;BROSCH\u00dcRE&#8220; style=&#8220;custom&#8220; custom_background=&#8220;#3e5d9e&#8220; custom_text=&#8220;#ffffff&#8220; shape=&#8220;square&#8220; align=&#8220;left&#8220; i_icon_fontawesome=&#8220;fas fa-file-pdf&#8220; add_icon=&#8220;true&#8220; link=&#8220;url:https%3A%2F%2Fwww.standard-industrie.com%2Fwp-content%2Fuploads%2F2022%2F12%2FBROCHURE_VACUUM_D-16052022.pdf|target:_blank&#8220; el_class=&#8220;btn-vert btn-animation&#8220;][\/vc_column][vc_column width=&#8220;1\/2&#8243;][vc_single_image image=&#8220;5072&#8243; img_size=&#8220;full&#8220; alignment=&#8220;center&#8220;][vc_empty_space][\/vc_column][\/vc_row][vc_row el_class=&#8220;invert-block&#8220;][vc_column width=&#8220;1\/6&#8243;][\/vc_column][vc_column width=&#8220;2\/3&#8243;][vc_raw_html]JTNDZGl2JTIwc3R5bGUlM0QlMjJ0ZXh0LWFsaWduJTNBJTIwY2VudGVyJTNCJTIyJTIwY2xhc3MlM0QlMjJ5b3V0dWJlX3BsYXllciUyMiUyMHZpZGVvSUQlM0QlMjIlMjIlMjB3aWR0aCUzRCUyMjYwMCUyMiUyMGhlaWdodCUzRCUyMjQwMCUyMiUyMHRoZW1lJTNEJTIybGlnaHQlMjIlMjByZWwlM0QlMjIwJTIyJTIwY29udHJvbHMlM0QlMjIwJTIyJTIwc2hvd2luZm8lM0QlMjIwJTIyJTIwYXV0b3BsYXklM0QlMjIxJTIyJTIwbXV0ZSUzRCUyMjElMjIlMjAlMjBsb29wJTNEJTIyMSUyMiUyMGxvYWRpbmclM0QlMjIxJTIyJTNFJTNDJTJGZGl2JTNF[\/vc_raw_html][\/vc_column][vc_column width=&#8220;1\/6&#8243;][\/vc_column][\/vc_row][vc_row][vc_column][vc_tta_tabs style=&#8220;flat&#8220; shape=&#8220;square&#8220; color=&#8220;white&#8220; active_section=&#8220;1&#8243; el_class=&#8220;encart-plus-infos infos-rouge&#8220;][vc_tta_section title=&#8220;VORTEILE&#8220; tab_id=&#8220;1663937971177-be64cebd-0221&#8243;][vc_row_inner][vc_column_inner width=&#8220;1\/2&#8243;][vc_column_text]<\/p>\n<ul>\n<li>RENTABILIT\u00c4T\u00a0:\u00a0Kein Produktverlust \/ Recycling des zur\u00fcckgewonnenen Materials in den Produktionsprozess<\/li>\n<\/ul>\n<p>[\/vc_column_text][\/vc_column_inner][vc_column_inner width=&#8220;1\/2&#8243;][\/vc_column_inner][\/vc_row_inner][\/vc_tta_section][vc_tta_section title=&#8220;ZUGEH\u00d6RIGE SERVICELEISTUNGEN&#8220; tab_id=&#8220;1663938142981-6b5d81f0-143c&#8220;][vc_row_inner][vc_column_inner width=&#8220;1\/2&#8243;][vc_column_text]<\/p>\n<ul>\n<li>Technische Kontrollen &amp; Beratungen<\/li>\n<li>Lieferung des Einbauplans<\/li>\n<li>Interne &amp; externe Ausbildung (Ausbildungsinstitut STANDARD INDUSTRIE : IFSI \u2013 NR. 31 59 05660 59)<\/li>\n<li>Regelm\u00e4\u00dfige Kontrollen<\/li>\n<\/ul>\n<p>[\/vc_column_text][\/vc_column_inner][vc_column_inner width=&#8220;1\/2&#8243;][\/vc_column_inner][\/vc_row_inner][\/vc_tta_section][vc_tta_section title=&#8220;OPTIONEN \/ ZUBEH\u00d6R&#8220; tab_id=&#8220;1663938171381-dcb55700-be8e&#8220;][vc_row_inner][vc_column_inner width=&#8220;1\/6&#8243; offset=&#8220;vc_hidden-md vc_hidden-sm vc_hidden-xs&#8220;][\/vc_column_inner][vc_column_inner offset=&#8220;vc_col-lg-8&#8243;][vc_column_text]<\/p>\n<p style=\"text-align: center;\"><a title=\"NACHFRAGE NACH INFORMATIONEN\" href=\"\/de\/kontakt\/\" rel=\"noopener\">F\u00fcr weitere Informationen bitte r\u00fcckfragen<\/a><\/p>\n<p>[\/vc_column_text][\/vc_column_inner][vc_column_inner width=&#8220;1\/6&#8243; offset=&#8220;vc_hidden-md vc_hidden-sm vc_hidden-xs&#8220;][\/vc_column_inner][\/vc_row_inner][\/vc_tta_section][\/vc_tta_tabs][\/vc_column][\/vc_row][vc_row][vc_column][vc_column_text el_class=&#8220;gros-titre fort trait-rouge traits-gris-droite-gauche titre-gauche vc_sep_border_width_2 vc_separator wpb_content_element vc_separator_align_left vc_sep_width_100 vc_sep_pos_align_center vc_sep_color_grey vc_separator-has-text&#8220;]<\/p>\n<div class=\"vc_sep_holder vc_sep_holder_l\">\n<p class=\"vc_sep_line\" style=\"border-color: grey;\">\n<\/div>\n<h2>FALLSTUDIEN<\/h2>\n<div class=\"vc_sep_holder vc_sep_holder_r\">\n<p class=\"vc_sep_line\" style=\"border-color: grey;\">\n<\/div>\n<p>[\/vc_column_text][vc_basic_grid post_type=&#8220;fallstudie&#8220; max_items=&#8220;10&#8243; show_filter=&#8220;yes&#8220; filter_default_title=&#8220;Alle&#8220; item=&#8220;4303&#8243; grid_id=&#8220;vc_gid:1762348414908-cdac8e4e5a2121a8e2a7ce12ad927463-0&#8243; taxonomies=&#8220;142&#8243; filter_source=&#8220;secteur&#8220;][\/vc_column][\/vc_row][vc_row][vc_column][vc_column_text el_class=&#8220;btn-retour txt-rouge&#8220;]<\/p>\n<div class=\"vc_sep_holder vc_sep_holder_l\">\n<p class=\"vc_sep_line\" style=\"border-color: grey;\"><a href=\"\/de\/trichter-und-siloreinigung-als-dienstleistung\">&lt; Trichter- und siloreinigung als dienstleistung<\/a><\/p>\n<\/div>\n<p>[\/vc_column_text][\/vc_column][\/vc_row]<\/p>\n","protected":false},"excerpt":{"rendered":"<p>[vc_row][vc_column css=&#8220;.vc_custom_1668767480700{margin-top: 10px !important;}&#8220;][vc_column_text el_class=&#8220;btn-retour txt-rouge&#8220;] &lt; Trichter- und siloreinigung als dienstleistung [\/vc_column_text][\/vc_column][\/vc_row][vc_row][vc_column][vc_empty_space][vc_column_text el_class=&#8220;gros-titre fort trait-rouge traits-gris-droite-gauche titre-centre vc_separator wpb_content_element vc_separator_align_center vc_sep_width_100 vc_sep_border_width_2 vc_sep_pos_align_center vc_separator-has-text&#8220;] DIE<span class=\"excerpt-hellip\"> [\u2026]<\/span><\/p>\n","protected":false},"author":1,"featured_media":0,"parent":0,"menu_order":25,"comment_status":"closed","ping_status":"closed","template":"single-prestations-nettoyage-silos-tremies-light.php","meta":{"footnotes":""},"class_list":["post-5071","page","type-page","status-publish","hentry"],"_links":{"self":[{"href":"https:\/\/www.standard-industrie.com\/de\/wp-json\/wp\/v2\/pages\/5071","targetHints":{"allow":["GET"]}}],"collection":[{"href":"https:\/\/www.standard-industrie.com\/de\/wp-json\/wp\/v2\/pages"}],"about":[{"href":"https:\/\/www.standard-industrie.com\/de\/wp-json\/wp\/v2\/types\/page"}],"author":[{"embeddable":true,"href":"https:\/\/www.standard-industrie.com\/de\/wp-json\/wp\/v2\/users\/1"}],"replies":[{"embeddable":true,"href":"https:\/\/www.standard-industrie.com\/de\/wp-json\/wp\/v2\/comments?post=5071"}],"version-history":[{"count":0,"href":"https:\/\/www.standard-industrie.com\/de\/wp-json\/wp\/v2\/pages\/5071\/revisions"}],"wp:attachment":[{"href":"https:\/\/www.standard-industrie.com\/de\/wp-json\/wp\/v2\/media?parent=5071"}],"curies":[{"name":"wp","href":"https:\/\/api.w.org\/{rel}","templated":true}]}}