{"id":6118,"date":"2023-01-26T16:12:07","date_gmt":"2023-01-26T15:12:07","guid":{"rendered":"https:\/\/www.standard-industrie.com\/de\/?page_id=6118"},"modified":"2025-06-04T19:56:49","modified_gmt":"2025-06-04T18:56:49","slug":"entfernen-von-verstopfungen-oder-gipskrusten-reinigen-von-silos-und-trichtern","status":"publish","type":"page","link":"https:\/\/www.standard-industrie.com\/de\/entfernen-von-verstopfungen-oder-gipskrusten-reinigen-von-silos-und-trichtern\/","title":{"rendered":"Entfernen von Verstopfungen oder Gipskrusten, Reinigen von Silos und Trichtern"},"content":{"rendered":"<p>[vc_row][vc_column][vc_empty_space][vc_column_text el_class=&#8220;gros-titre fort trait-bleu traits-gris-droite-gauche titre-centre vc_separator wpb_content_element vc_separator_align_center vc_sep_width_100 vc_sep_border_width_2 vc_sep_pos_align_center vc_separator-has-text&#8220;]<\/p>\n<div class=\"vc_sep_holder vc_sep_holder_l\">\n<p class=\"vc_sep_line\" style=\"border-color: grey;\">\n<\/div>\n<h2 style=\"text-align: center;\">Dienstleistung zur Reinigung von Silos und Trichtern gegen Gipsablagerungen<\/h2>\n<div class=\"vc_sep_holder vc_sep_holder_r\">\n<p class=\"vc_sep_line\" style=\"border-color: grey;\">\n<\/div>\n<p>[\/vc_column_text][\/vc_column][\/vc_row][vc_row el_class=&#8220;invert-block&#8220;][vc_column width=&#8220;1\/2&#8243;][vc_column_text]Behandelte Materialien : Anhydrit, Gips<\/p>\n<p>Vorgeschlagene L\u00f6sung:<\/p>\n<p>Der um 360\u00b0 drehbare Gelenkarm des <a href=\"\/de\/gironet\/\">GIRONET<\/a> <b>beseitigt Probleme wie Verstopfungen oder die Bildung von Gipskrusten<\/b>.<\/p>\n<p>Diese L\u00f6sung entspricht den strengsten Sicherheitsnormen:\u00a0 Sie vermeidet jegliche menschliche Pr\u00e4senz im Inneren der Silos. Durch den Einsatz des GIRONET kann die Lagerkapazit\u00e4t erh\u00f6ht werden.<\/p>\n<p>Das GIRONET ist bei allen Arten von Verstopfungen, Produkten oder Lagereinheiten wirksam. Es kann eingesetzt werden, ohne die Produktion zu unterbrechen.<\/p>\n<p>R\u00fcckgewinnung des extrahierten Materials m\u00f6glich.[\/vc_column_text][vc_column_text]<strong>Referenz:<\/strong><\/p>\n<p><u>PLACOPLATRE<\/u> (Frankreich).<\/p>\n<p>Durch eindringendes Wasser bildete sich an den W\u00e4nden des Silos, in dem Gips gelagert wurde, eine Kruste. Durch die Reinigung des Silos mit einem pneumatischen GIRONET konnte die Kruste an den W\u00e4nden entfernt und die Lagerkapazit\u00e4t wiederhergestellt werden.[\/vc_column_text][\/vc_column][vc_column css_animation=&#8220;slideInRight&#8220; width=&#8220;1\/2&#8243;][vc_single_image image=&#8220;6015&#8243; img_size=&#8220;full&#8220; alignment=&#8220;center&#8220;][\/vc_column][\/vc_row][vc_row][vc_column][vc_btn title=&#8220;Kontaktieren Sie uns&#8220; style=&#8220;flat&#8220; shape=&#8220;square&#8220; color=&#8220;black&#8220; align=&#8220;center&#8220; link=&#8220;url:%2Fde%2Fkontakt%2F|title:Contact%20Standard%20industrie&#8220;][\/vc_column][\/vc_row][vc_row][vc_column][vc_empty_space][vc_column_text el_class=&#8220;gros-titre fort trait-bleu traits-gris-droite-gauche titre-centre vc_separator wpb_content_element vc_separator_align_center vc_sep_width_100 vc_sep_border_width_2 vc_sep_pos_align_center vc_separator-has-text&#8220;]<\/p>\n<div class=\"vc_sep_holder vc_sep_holder_l\">\n<p class=\"vc_sep_line\" style=\"border-color: grey;\">\n<\/div>\n<h2 style=\"text-align: center;\">AIRCHOC Luftkanonenentfernung von Gips oder Anhydrit<\/h2>\n<div class=\"vc_sep_holder vc_sep_holder_r\">\n<p class=\"vc_sep_line\" style=\"border-color: grey;\">\n<\/div>\n<p>[\/vc_column_text][\/vc_column][\/vc_row][vc_row el_class=&#8220;invert-block&#8220;][vc_column css_animation=&#8220;slideInLeft&#8220; width=&#8220;1\/2&#8243;][vc_single_image image=&#8220;6206&#8243; img_size=&#8220;full&#8220; alignment=&#8220;center&#8220;][\/vc_column][vc_column width=&#8220;1\/2&#8243;][vc_column_text]Vorgeschlagene L\u00f6sung:<\/p>\n<p>Die Installation von <a href=\"\/de\/airchoc-2\/\">AIRCHOC<\/a>-Luftkanonen an verschiedenen strategischen Punkten, d. h. an Anlagen am Anfang des Prozesses, wo der Gips noch in Pulverform vorliegt, erm\u00f6glicht die L\u00f6sung von Str\u00f6mungsproblemen sowie eine wesentlich fl\u00fcssigere Entnahme des Produkts.[\/vc_column_text][vc_column_text]<strong>Referenz:<\/strong><\/p>\n<p><u>KNAUF<\/u> (Frankreich)<\/p>\n<p><b>Gips in Silos und Rutschen<\/b> wird klebriger und damit verstopfungsanf\u00e4lliger, was die Entnahme erschwert. Deshalb entschied sich die Firma KNAUF f\u00fcr die Leistungsf\u00e4higkeit der auf ihren Anlagen platzierten AIRCHOCS. Es wurden 3 Arten von Luftkanonen installiert, je nach Beh\u00e4lter und erforderlicher Beschussfrequenz.[\/vc_column_text][\/vc_column][\/vc_row][vc_row][vc_column][vc_empty_space][vc_column_text el_class=&#8220;gros-titre fort trait-bleu traits-gris-droite-gauche titre-centre vc_separator wpb_content_element vc_separator_align_center vc_sep_width_100 vc_sep_border_width_2 vc_sep_pos_align_center vc_separator-has-text&#8220;]<\/p>\n<div class=\"vc_sep_holder vc_sep_holder_l\">\n<p class=\"vc_sep_line\" style=\"border-color: grey;\">\n<\/div>\n<h2 style=\"text-align: center;\">Industrielle Absaugl\u00f6sung f\u00fcr Gipsstaub<\/h2>\n<div class=\"vc_sep_holder vc_sep_holder_r\">\n<p class=\"vc_sep_line\" style=\"border-color: grey;\">\n<\/div>\n<p>[\/vc_column_text][\/vc_column][\/vc_row][vc_row el_class=&#8220;invert-block&#8220;][vc_column width=&#8220;1\/2&#8243;][vc_column_text]Vorgeschlagene L\u00f6sung:<\/p>\n<p>Die versetzbare Absauggruppe, die an das Absaugnetz der Fabrik angeschlossen ist, erm\u00f6glicht es, jeden schwer zug\u00e4nglichen Ort mit einer schnellen Aktionsgeschwindigkeit zu erreichen.<\/p>\n<p>+ Vielf\u00e4ltige Entleerungsm\u00f6glichkeiten dank: Container, Big-Bag, F\u00e4sser, Kipper, kontinuierliche F\u00f6rderung.[\/vc_column_text][vc_column_text]<strong>Referenz:<\/strong><\/p>\n<p><u>BPB<\/u> (Vereinigtes K\u00f6nigreich)<\/p>\n<p>Durch die Installation eines GAD mit Hochleistungs-Schallschutzgeh\u00e4use in den Produktionsbereichen werden die Staubbelastung und der L\u00e4rmpegel auf unter 81 dB gesenkt.<\/p>\n<p><u>RIGIPS<\/u> (Deutschland)<\/p>\n<p>Nach einer Vorf\u00fchrung des GAD50MVS wollte der Kunde dieses gebrauchte Ger\u00e4t erwerben, um seine Investition zu reduzieren. Installiert an seinem bestehenden Absaugnetz, erm\u00f6glicht der GAD eine regelm\u00e4\u00dfige Reinigung, um die Sicherheit der Bediener zu gew\u00e4hrleisten. Die Maschine ist an einen Vorabscheider angeschlossen. Das Material wird in Big-Bags gesammelt.<\/p>\n<p><u>SINIAT<\/u> (Frankreich)<\/p>\n<p>F\u00fcr die Reinigung seiner gesamten Fabrik entschied sich dieser Kunde angesichts der Entfernung der zahlreichen B\u00f6gen und der Art der Produkte f\u00fcr einen Hochvakuum-GAD. Die Maschine wurde mit einer Schalld\u00e4mmung versehen, da sich die Fabrik in der N\u00e4he von Wohnh\u00e4usern befindet. Der Kunde war mit der Leistung und dem Ger\u00e4uschpegel des GAD zufrieden.[\/vc_column_text][\/vc_column][vc_column css_animation=&#8220;slideInRight&#8220; width=&#8220;1\/2&#8243;][vc_single_image image=&#8220;6208&#8243; img_size=&#8220;full&#8220; alignment=&#8220;center&#8220;][\/vc_column][\/vc_row][vc_row][vc_column][vc_btn title=&#8220;Kontaktieren Sie uns&#8220; style=&#8220;flat&#8220; shape=&#8220;square&#8220; color=&#8220;black&#8220; align=&#8220;center&#8220; link=&#8220;url:%2Fde%2Fkontakt%2F|title:Contact%20Standard%20industrie&#8220;][\/vc_column][\/vc_row][vc_row][vc_column][vc_empty_space][vc_column_text el_class=&#8220;gros-titre fort trait-bleu traits-gris-droite-gauche titre-centre vc_separator wpb_content_element vc_separator_align_center vc_sep_width_100 vc_sep_border_width_2 vc_sep_pos_align_center vc_separator-has-text&#8220;]<\/p>\n<div class=\"vc_sep_holder vc_sep_holder_l\">\n<p class=\"vc_sep_line\" style=\"border-color: grey;\">\n<\/div>\n<h2 style=\"text-align: center;\">L\u00f6sung zur Abdichtung des F\u00f6rderers f\u00fcr den Transport von Rohmaterial<\/h2>\n<div class=\"vc_sep_holder vc_sep_holder_r\">\n<p class=\"vc_sep_line\" style=\"border-color: grey;\">\n<\/div>\n<p>[\/vc_column_text][\/vc_column][\/vc_row][vc_row el_class=&#8220;invert-block&#8220;][vc_column css_animation=&#8220;slideInLeft&#8220;][vc_column_text]Schlechte Wetterbedingungen k\u00f6nnen dazu f\u00fchren, dass Material von dem F\u00f6rderband am Minenausgang wegfliegt.<\/p>\n<p>Vorgeschlagene L\u00f6sung :<\/p>\n<p>Das auf dem F\u00f6rderer angebrachte LIFTUBE sorgt f\u00fcr eine Abdichtung und verhindert so, dass das Material zwischen der Wand und dem Band eingeklemmt wird. Das LIFTUBE verhindert, dass sich Material ansammelt, das langfristig zu einer Verschiebung des Bandes f\u00fchren k\u00f6nnte.[\/vc_column_text][vc_column_text]<\/p>\n<p class=\"fort\">Kostenersparnis :<\/p>\n<ul>\n<li>Reduzierung der Kosten &amp; Zeit f\u00fcr die Reinigung<\/li>\n<li>Optimierung der Extraktion von Anhydrit oder Gips.<\/li>\n<\/ul>\n<p class=\"fort\">Sicherheit :<\/p>\n<ul>\n<li>Gew\u00e4hrleistet die Sauberkeit des Standorts und damit die Sicherheit der Bediener<\/li>\n<\/ul>\n<p>Umwelt:<\/p>\n<ul>\n<li>Sicherstellung des Abbaus ohne Erzeugung von umweltsch\u00e4dlichen Staubemissionen<\/li>\n<\/ul>\n<p>[\/vc_column_text][\/vc_column][\/vc_row][vc_row][vc_column][vc_images_carousel images=&#8220;6119,6121,6122,6123,6124,6120&#8243; img_size=&#8220;full&#8220; speed=&#8220;2000&#8243; slides_per_view=&#8220;3&#8243; autoplay=&#8220;yes&#8220; hide_pagination_control=&#8220;yes&#8220;][\/vc_column][\/vc_row]<\/p>\n","protected":false},"excerpt":{"rendered":"<p>[vc_row][vc_column][vc_empty_space][vc_column_text el_class=&#8220;gros-titre fort trait-bleu traits-gris-droite-gauche titre-centre vc_separator wpb_content_element vc_separator_align_center vc_sep_width_100 vc_sep_border_width_2 vc_sep_pos_align_center vc_separator-has-text&#8220;] Dienstleistung zur Reinigung von Silos und Trichtern gegen Gipsablagerungen [\/vc_column_text][\/vc_column][\/vc_row][vc_row el_class=&#8220;invert-block&#8220;][vc_column width=&#8220;1\/2&#8243;][vc_column_text]Behandelte Materialien<span class=\"excerpt-hellip\"> [\u2026]<\/span><\/p>\n","protected":false},"author":1,"featured_media":0,"parent":0,"menu_order":0,"comment_status":"closed","ping_status":"closed","template":"","meta":{"footnotes":""},"class_list":["post-6118","page","type-page","status-publish","hentry"],"_links":{"self":[{"href":"https:\/\/www.standard-industrie.com\/de\/wp-json\/wp\/v2\/pages\/6118","targetHints":{"allow":["GET"]}}],"collection":[{"href":"https:\/\/www.standard-industrie.com\/de\/wp-json\/wp\/v2\/pages"}],"about":[{"href":"https:\/\/www.standard-industrie.com\/de\/wp-json\/wp\/v2\/types\/page"}],"author":[{"embeddable":true,"href":"https:\/\/www.standard-industrie.com\/de\/wp-json\/wp\/v2\/users\/1"}],"replies":[{"embeddable":true,"href":"https:\/\/www.standard-industrie.com\/de\/wp-json\/wp\/v2\/comments?post=6118"}],"version-history":[{"count":0,"href":"https:\/\/www.standard-industrie.com\/de\/wp-json\/wp\/v2\/pages\/6118\/revisions"}],"wp:attachment":[{"href":"https:\/\/www.standard-industrie.com\/de\/wp-json\/wp\/v2\/media?parent=6118"}],"curies":[{"name":"wp","href":"https:\/\/api.w.org\/{rel}","templated":true}]}}