{"id":6302,"date":"2023-05-04T16:14:04","date_gmt":"2023-05-04T15:14:04","guid":{"rendered":"https:\/\/www.standard-industrie.com\/de\/?page_id=6302"},"modified":"2025-06-04T19:57:32","modified_gmt":"2025-06-04T18:57:32","slug":"loesung-zum-absaugen-und-entfernen-von-holzresten","status":"publish","type":"page","link":"https:\/\/www.standard-industrie.com\/de\/loesung-zum-absaugen-und-entfernen-von-holzresten\/","title":{"rendered":"L\u00f6sung zum Absaugen und Entfernen von Holzresten"},"content":{"rendered":"<p>[vc_row][vc_column][vc_empty_space][vc_column_text el_class=&#8220;gros-titre fort trait-bleu traits-gris-droite-gauche titre-centre vc_separator wpb_content_element vc_separator_align_center vc_sep_width_100 vc_sep_border_width_2 vc_sep_pos_align_center vc_separator-has-text&#8220;]<\/p>\n<div class=\"vc_sep_holder vc_sep_holder_l\">\n<p class=\"vc_sep_line\" style=\"border-color: grey;\">\n<\/div>\n<h2 style=\"text-align: center;\">Reinigungsl\u00f6sung f\u00fcr die Holzindustrie<\/h2>\n<div class=\"vc_sep_holder vc_sep_holder_r\">\n<p class=\"vc_sep_line\" style=\"border-color: grey;\">\n<\/div>\n<p>[\/vc_column_text][\/vc_column][\/vc_row][vc_row el_class=&#8220;invert-block&#8220;][vc_column width=&#8220;1\/2&#8243;][vc_column_text]Unsere Wartungsger\u00e4te f\u00fcr S\u00e4gewerke, Schreinereien, Biomassekraftwerke, Hersteller von Zellstoff, Papier und Karton&#8230; haben es unseren Kunden in der Holzindustrie erm\u00f6glicht, ihre Betriebsbedingungen zu verbessern und einen Produktivit\u00e4tsgewinn zu erzielen.<\/p>\n<p>Standard Industrie bietet I<b>hnen L\u00f6sungen zur Reinigung mit der AIRCHOC\u00ae-Luftkanone an<\/b>. Die Vorteile:<\/p>\n<ul>\n<li>Vermeidung von Verstopfungen in Silos, Trichtern, Bunkern zur Lagerung von S\u00e4gemehl, Hackschnitzeln, Sp\u00e4nen, Eukalyptus, Olive, Zellulose, Pellets, Briketts, Granulaten, Holzasche, gepressten Biobrennstoffen&#8230;<\/li>\n<li><b>Entfernen von Materialr\u00fcckst\u00e4nden in Trichtern oder Sch\u00e4chten<\/b> (Biomassekessel f\u00fcr die Branche, Holzenergie). Zum Beispiel: Entfernung von Gew\u00f6lben, die sich an den Einf\u00fclltrichtern des Biomassekessels gebildet haben. <a href=\"https:\/\/www.standard-industrie.com\/de\/airchoc-2\/\" target=\"_blank\" rel=\"noopener\">Das Luftkanonensystem verhindert<\/a> die Bildung von Ablagerungen im Trichter mit dem Pflanzenmaterial, das dem Kessel zugef\u00fchrt wird, und tr\u00e4gt dazu bei, die B\u00fcndel der Economiser sauber zu halten.<\/li>\n<li>Geschlossene Kreislaufteile: Reinigung, Auskehren von Asche aus den B\u00fcndeln an den Economizern und am K\u00fchler.<\/li>\n<\/ul>\n<p>[\/vc_column_text][\/vc_column][vc_column css_animation=&#8220;slideInRight&#8220; width=&#8220;1\/2&#8243;][vc_single_image image=&#8220;6309&#8243; img_size=&#8220;full&#8220; alignment=&#8220;center&#8220;][\/vc_column][\/vc_row][vc_row][vc_column][vc_btn title=&#8220;kontaktieren Sie uns&#8220; style=&#8220;flat&#8220; shape=&#8220;square&#8220; color=&#8220;black&#8220; align=&#8220;center&#8220; link=&#8220;url:%2Fcontact%2F|title:Contact%20Standard%20industrie&#8220;][\/vc_column][\/vc_row][vc_row][vc_column][vc_empty_space][vc_column_text el_class=&#8220;gros-titre fort trait-bleu traits-gris-droite-gauche titre-centre vc_separator wpb_content_element vc_separator_align_center vc_sep_width_100 vc_sep_border_width_2 vc_sep_pos_align_center vc_separator-has-text&#8220;]<\/p>\n<div class=\"vc_sep_holder vc_sep_holder_l\">\n<p class=\"vc_sep_line\" style=\"border-color: grey;\">\n<\/div>\n<h2 style=\"text-align: center;\">Wir r\u00fcsten auch den Produktionsraum mit einem industriellen Vakuumreinigungssystem aus, das es Ihnen erm\u00f6glicht :<\/h2>\n<div class=\"vc_sep_holder vc_sep_holder_r\">\n<p class=\"vc_sep_line\" style=\"border-color: grey;\">\n<\/div>\n<p>[\/vc_column_text][\/vc_column][\/vc_row][vc_row el_class=&#8220;invert-block&#8220;][vc_column css_animation=&#8220;slideInLeft&#8220; width=&#8220;1\/2&#8243;][vc_single_image image=&#8220;6310&#8243; img_size=&#8220;full&#8220; alignment=&#8220;center&#8220;][\/vc_column][vc_column width=&#8220;1\/2&#8243;][vc_column_text]<\/p>\n<ul>\n<li><b>Die Ausd\u00fcnstung von Holzstaub zu reduzieren<\/b> und die Bildung von Holzstaubschichten einschr\u00e4nken.<\/li>\n<li><b>Holzstaub auf elektrischen Ger\u00e4ten zu reduzieren<\/b>, um Brandgefahr zu vermeiden, damit die Versicherungsbedingungen &#8211; Atex-Standards &#8211; eingehalten werden.<\/li>\n<li>Das Material r\u00fcckzugewinnen, um es in den Produktionskreislauf zur\u00fcckzuf\u00fchren.<\/li>\n<\/ul>\n<p>[\/vc_column_text][\/vc_column][\/vc_row][vc_row][vc_column][vc_empty_space][vc_column_text el_class=&#8220;gros-titre fort trait-bleu traits-gris-droite-gauche titre-centre vc_separator wpb_content_element vc_separator_align_center vc_sep_width_100 vc_sep_border_width_2 vc_sep_pos_align_center vc_separator-has-text&#8220;]<\/p>\n<div class=\"vc_sep_holder vc_sep_holder_l\"><\/div>\n<h2 style=\"text-align: center;\">Unser Abdichtsystem f\u00fcr Transportb\u00e4nder LIFTUBE\u00ae erm\u00f6glicht :<\/h2>\n<div class=\"vc_sep_holder vc_sep_holder_r\">\n<p class=\"vc_sep_line\" style=\"border-color: grey;\">\n<\/div>\n<p>[\/vc_column_text][\/vc_column][\/vc_row][vc_row el_class=&#8220;invert-block&#8220;][vc_column width=&#8220;1\/2&#8243;][vc_column_text]<\/p>\n<ul>\n<li><b>die Reduzierung der Feuchtigkeit<\/b>, indem Sie Ihre F\u00f6rderb\u00e4nder optimieren, die Holzpellets, S\u00e4gemehl, Pellets usw. transportieren.<\/li>\n<li><b>die Begrenzung der Emission von Holzstaub.<\/b><\/li>\n<li>die Vermeidung von Material\u00fcberl\u00e4ufen und Verluste beim Transport von Holz.<\/li>\n<\/ul>\n<p>[\/vc_column_text][\/vc_column][vc_column css_animation=&#8220;slideInRight&#8220; width=&#8220;1\/2&#8243;][vc_single_image image=&#8220;6311&#8243; img_size=&#8220;full&#8220; alignment=&#8220;center&#8220;][\/vc_column][\/vc_row][vc_row][vc_column][vc_btn title=&#8220;kontaktieren Sie uns&#8220; style=&#8220;flat&#8220; shape=&#8220;square&#8220; color=&#8220;black&#8220; align=&#8220;center&#8220; link=&#8220;url:%2Fcontact%2F|title:Contact%20Standard%20industrie&#8220;][\/vc_column][\/vc_row]<\/p>\n","protected":false},"excerpt":{"rendered":"<p>[vc_row][vc_column][vc_empty_space][vc_column_text el_class=&#8220;gros-titre fort trait-bleu traits-gris-droite-gauche titre-centre vc_separator wpb_content_element vc_separator_align_center vc_sep_width_100 vc_sep_border_width_2 vc_sep_pos_align_center vc_separator-has-text&#8220;] Reinigungsl\u00f6sung f\u00fcr die Holzindustrie [\/vc_column_text][\/vc_column][\/vc_row][vc_row el_class=&#8220;invert-block&#8220;][vc_column width=&#8220;1\/2&#8243;][vc_column_text]Unsere Wartungsger\u00e4te f\u00fcr S\u00e4gewerke, Schreinereien, Biomassekraftwerke, Hersteller<span class=\"excerpt-hellip\"> [\u2026]<\/span><\/p>\n","protected":false},"author":1,"featured_media":0,"parent":0,"menu_order":0,"comment_status":"closed","ping_status":"closed","template":"","meta":{"footnotes":""},"class_list":["post-6302","page","type-page","status-publish","hentry"],"_links":{"self":[{"href":"https:\/\/www.standard-industrie.com\/de\/wp-json\/wp\/v2\/pages\/6302","targetHints":{"allow":["GET"]}}],"collection":[{"href":"https:\/\/www.standard-industrie.com\/de\/wp-json\/wp\/v2\/pages"}],"about":[{"href":"https:\/\/www.standard-industrie.com\/de\/wp-json\/wp\/v2\/types\/page"}],"author":[{"embeddable":true,"href":"https:\/\/www.standard-industrie.com\/de\/wp-json\/wp\/v2\/users\/1"}],"replies":[{"embeddable":true,"href":"https:\/\/www.standard-industrie.com\/de\/wp-json\/wp\/v2\/comments?post=6302"}],"version-history":[{"count":0,"href":"https:\/\/www.standard-industrie.com\/de\/wp-json\/wp\/v2\/pages\/6302\/revisions"}],"wp:attachment":[{"href":"https:\/\/www.standard-industrie.com\/de\/wp-json\/wp\/v2\/media?parent=6302"}],"curies":[{"name":"wp","href":"https:\/\/api.w.org\/{rel}","templated":true}]}}