{"id":6354,"date":"2024-02-05T17:56:43","date_gmt":"2024-02-05T16:56:43","guid":{"rendered":"https:\/\/www.standard-industrie.com\/de\/?page_id=6354"},"modified":"2025-06-04T19:58:17","modified_gmt":"2025-06-04T18:58:17","slug":"reinigungs-und-entstaubungsloesungen-fuer-die-papier-und-kartonindustrie","status":"publish","type":"page","link":"https:\/\/www.standard-industrie.com\/de\/reinigungs-und-entstaubungsloesungen-fuer-die-papier-und-kartonindustrie\/","title":{"rendered":"Reinigungs und Entstaubungsl\u00f6sungen f\u00fcr die Papier- und Kartonindustrie"},"content":{"rendered":"<p>[vc_row][vc_column][vc_empty_space][vc_column_text el_class=&#8220;gros-titre fort trait-bleu traits-gris-droite-gauche titre-centre vc_separator wpb_content_element vc_separator_align_center vc_sep_width_100 vc_sep_border_width_2 vc_sep_pos_align_center vc_separator-has-text&#8220;]<\/p>\n<div class=\"vc_sep_holder vc_sep_holder_l\">\n<p class=\"vc_sep_line\" style=\"border-color: grey;\">\n<\/div>\n<h2 style=\"text-align: center;\">Reinigung f\u00fcr den Kesselsparer f\u00fcr die Papier- und Kartonindustrie<\/h2>\n<div class=\"vc_sep_holder vc_sep_holder_r\">\n<p class=\"vc_sep_line\" style=\"border-color: grey;\">\n<\/div>\n<p>[\/vc_column_text][\/vc_column][\/vc_row][vc_row content_placement=&#8220;middle&#8220; el_class=&#8220;invert-block&#8220;][vc_column width=&#8220;1\/2&#8243;][vc_column_text]Die f\u00fcr die Herstellung von Papierbrei und Schwarzlauge verwendeten Kessel m\u00fcssen einen hohen Wirkungsgrad bei der Dampferzeugung gew\u00e4hrleisten. Daher muss eine Verschmutzung an den Economisern des Kessels vermieden werden. Die <a href=\"\/de\/luftkanonen-airchoc\/\">AIRCHOC<\/a> Luftkanonen-Reinigungsl\u00f6sung wirkt direkt auf die B\u00fcndel der Kessel Economiser.[\/vc_column_text][\/vc_column][vc_column css_animation=&#8220;slideInRight&#8220; width=&#8220;1\/2&#8243;][vc_single_image image=&#8220;6355&#8243; img_size=&#8220;full&#8220; alignment=&#8220;center&#8220;][\/vc_column][\/vc_row][vc_row][vc_column][vc_btn title=&#8220;Kontaktieren Sie uns&#8220; style=&#8220;flat&#8220; shape=&#8220;square&#8220; color=&#8220;black&#8220; align=&#8220;center&#8220; link=&#8220;url:%2Fde%2Fkontakt%2F|title:Contact%20Standard%20industrie&#8220;][\/vc_column][\/vc_row][vc_row][vc_column][vc_empty_space][vc_column_text el_class=&#8220;gros-titre fort trait-bleu traits-gris-droite-gauche titre-centre vc_separator wpb_content_element vc_separator_align_center vc_sep_width_100 vc_sep_border_width_2 vc_sep_pos_align_center vc_separator-has-text&#8220;]<\/p>\n<div class=\"vc_sep_holder vc_sep_holder_l\">\n<p class=\"vc_sep_line\" style=\"border-color: grey;\">\n<\/div>\n<h2 style=\"text-align: center;\">Reinigung von Zellstofffabriken<\/h2>\n<p>[\/vc_column_text][\/vc_column][\/vc_row][vc_row content_placement=&#8220;middle&#8220; el_class=&#8220;invert-block&#8220;][vc_column css_animation=&#8220;slideInLeft&#8220; width=&#8220;1\/2&#8243;][vc_single_image image=&#8220;6356&#8243; img_size=&#8220;full&#8220; alignment=&#8220;center&#8220;][\/vc_column][vc_column width=&#8220;1\/2&#8243;][vc_column_text]Bei der <b>Herstellung von Papier und Pappe<\/b> kommt es zu <b>Ablagerungen von Zellulosestaub<\/b>.\u00a0 Dies erfordert eine regelm\u00e4\u00dfige Reinigung, die sich erheblich auf die Betriebskosten auswirkt.<\/p>\n<p><b>Industrielle Staubsaugerl\u00f6sungen f\u00fcr Papierfabriken<\/b> saugen den Staub ab, der bei der Aufbereitung des Rohstoffs entsteht. Eine netzgebundene <b>Absaugmaschine<\/b> verringert die Luftverschmutzung in Innenr\u00e4umen und gew\u00e4hrleistet die Sicherheit der Arbeiter sowie die Aufrechterhaltung der Produktivit\u00e4t der Fabrik.[\/vc_column_text][\/vc_column][\/vc_row][vc_row][vc_column][vc_empty_space][vc_column_text el_class=&#8220;gros-titre fort trait-bleu traits-gris-droite-gauche titre-centre vc_separator wpb_content_element vc_separator_align_center vc_sep_width_100 vc_sep_border_width_2 vc_sep_pos_align_center vc_separator-has-text&#8220;]<\/p>\n<div class=\"vc_sep_holder vc_sep_holder_l\">\n<p class=\"vc_sep_line\" style=\"border-color: grey;\">\n<\/div>\n<h2 style=\"text-align: center;\">Abdichtung von F\u00f6rderb\u00e4ndern f\u00fcr die Papier- und Kartonindustrie<\/h2>\n<div class=\"vc_sep_holder vc_sep_holder_r\">\n<p class=\"vc_sep_line\" style=\"border-color: grey;\">\n<\/div>\n<p>[\/vc_column_text][\/vc_column][\/vc_row][vc_row content_placement=&#8220;middle&#8220; el_class=&#8220;invert-block&#8220;][vc_column width=&#8220;1\/2&#8243;][vc_column_text]Diese sehr feinen und fl\u00fcchtigen Brennstoffe bilden viel Staub in der Umgebung, wodurch diese f\u00fcr die Bediener gef\u00e4hrlich wird. Daher ist es notwendig, die B\u00e4nder, die die alternativen Brennstoffe transportieren, abzudecken. Die <a href=\"\/de\/liftube\/\">LIFTUBE<\/a>-L\u00f6sung gew\u00e4hrleistet die Abdichtung von F\u00f6rderb\u00e4ndern, die bei der <b>Herstellung von Papier und Pappe<\/b> eingesetzt werden: F\u00f6rderb\u00e4nder f\u00fcr Holz, Altpapier, alternative Brennstoffe und Biomasse.[\/vc_column_text][\/vc_column][vc_column css_animation=&#8220;slideInRight&#8220; width=&#8220;1\/2&#8243;][vc_single_image image=&#8220;6363&#8243; img_size=&#8220;full&#8220;][\/vc_column][\/vc_row][vc_row][vc_column][vc_btn title=&#8220;Kontaktieren Sie uns&#8220; style=&#8220;flat&#8220; shape=&#8220;square&#8220; color=&#8220;black&#8220; align=&#8220;center&#8220; link=&#8220;url:https%3A%2F%2Fwww.standard-industrie.com%2Fde%2Fkontakt%2F|title:Contact%20Standard%20industrie&#8220;][\/vc_column][\/vc_row]<\/p>\n","protected":false},"excerpt":{"rendered":"<p>[vc_row][vc_column][vc_empty_space][vc_column_text el_class=&#8220;gros-titre fort trait-bleu traits-gris-droite-gauche titre-centre vc_separator wpb_content_element vc_separator_align_center vc_sep_width_100 vc_sep_border_width_2 vc_sep_pos_align_center vc_separator-has-text&#8220;] Reinigung f\u00fcr den Kesselsparer f\u00fcr die Papier- und Kartonindustrie [\/vc_column_text][\/vc_column][\/vc_row][vc_row content_placement=&#8220;middle&#8220; el_class=&#8220;invert-block&#8220;][vc_column width=&#8220;1\/2&#8243;][vc_column_text]Die<span class=\"excerpt-hellip\"> [\u2026]<\/span><\/p>\n","protected":false},"author":1,"featured_media":0,"parent":0,"menu_order":0,"comment_status":"closed","ping_status":"closed","template":"","meta":{"footnotes":""},"class_list":["post-6354","page","type-page","status-publish","hentry"],"_links":{"self":[{"href":"https:\/\/www.standard-industrie.com\/de\/wp-json\/wp\/v2\/pages\/6354","targetHints":{"allow":["GET"]}}],"collection":[{"href":"https:\/\/www.standard-industrie.com\/de\/wp-json\/wp\/v2\/pages"}],"about":[{"href":"https:\/\/www.standard-industrie.com\/de\/wp-json\/wp\/v2\/types\/page"}],"author":[{"embeddable":true,"href":"https:\/\/www.standard-industrie.com\/de\/wp-json\/wp\/v2\/users\/1"}],"replies":[{"embeddable":true,"href":"https:\/\/www.standard-industrie.com\/de\/wp-json\/wp\/v2\/comments?post=6354"}],"version-history":[{"count":0,"href":"https:\/\/www.standard-industrie.com\/de\/wp-json\/wp\/v2\/pages\/6354\/revisions"}],"wp:attachment":[{"href":"https:\/\/www.standard-industrie.com\/de\/wp-json\/wp\/v2\/media?parent=6354"}],"curies":[{"name":"wp","href":"https:\/\/api.w.org\/{rel}","templated":true}]}}