{"id":85,"date":"2014-05-20T10:58:02","date_gmt":"2014-05-20T09:58:02","guid":{"rendered":"https:\/\/www.standard-industrie.com\/de\/?page_id=85"},"modified":"2023-06-12T11:02:54","modified_gmt":"2023-06-12T10:02:54","slug":"unsere-geschichte","status":"publish","type":"page","link":"https:\/\/www.standard-industrie.com\/de\/unsere-geschichte\/","title":{"rendered":"Unsere Geschichte"},"content":{"rendered":"<p>[vc_row][vc_column][vc_empty_space][vc_column_text el_class=&#8220;gros-titre fort traits-gris-droite-gauche titre-gauche vc_sep_border_width_2 vc_separator wpb_content_element vc_separator_align_left vc_sep_width_100 vc_sep_pos_align_center vc_sep_color_grey vc_separator-has-text&#8220;]<\/p>\n<div class=\"vc_sep_holder vc_sep_holder_l\">\n<p class=\"vc_sep_line\" style=\"border-color: grey;\">\n<\/div>\n<h2>EINE ATYPISCHE IDEE: DAS PRINZIP DER WASSERSP\u00dcLUNG<\/h2>\n<div class=\"vc_sep_holder vc_sep_holder_r\">\n<p class=\"vc_sep_line\" style=\"border-color: grey;\">\n<\/div>\n<p>[\/vc_column_text][\/vc_column][\/vc_row][vc_row el_class=&#8220;invert-block&#8220;][vc_column width=&#8220;1\/2&#8243;][vc_column_text]1977 sah sich Herv\u00e9 Simo\u00ebns mit regelm\u00e4\u00dfigen Vorgaben der Materialienentsorgung in den Lagereinheiten der Silos oder Trichter konfrontiert. Damals war, um dieses Problem zu beheben, die aufblasbaren Paneele die haupts\u00e4chliche L\u00f6sung. Gewiss war dieses Prinzip effizient, jedoch nicht f\u00fcr alle Materialarten anwendbar. Zudem entstanden dadurch bedeutende Installations- und Wartungskosten sowie Schwierigkeiten bei der Instandhaltung.<\/p>\n<p>Der Ursprung der Luftkanone AIRCHOC\u00ae beruht auf dem Prinzip der Wassersp\u00fclung. Die Idee dabei war, einen Mechanismus zu entwickeln, der sich au\u00dferhalb ihres Einsatzbereichs befand, die Energie musste jedoch anders sein. In der Industrie stellt die Druckluft die am wenigsten sch\u00e4dliche und \u00fcberall, oder fast \u00fcberall, vorhandene Energie dar. .<\/p>\n<p>Mehrere Monate lang wurden Forschungsarbeiten und Tests auf Basis dieses Prinzips durchgef\u00fchrt, wobei man sich ein System mit einer sofortigen \u00d6ffnung vorstellte. Das Konzept schien vielversprechend zu sein. Dank seiner Beharrlichkeit konnte Herv\u00e9 Simo\u00ebns 1978 sein erstes Patent f\u00fcr die Luftkanone AIRCHOC\u00ae anmelden und gr\u00fcndete STANDARD INDUSTRIE International.<\/p>\n<p>Nachdem sich die Firma in Nordfrankreich befand, begann er mit seiner Akquisition zuerst in dieser Region. Die ersten Kunden, die ihm vertrauten waren damals :<\/p>\n<p>\u2013 USINOR (heute ARCELOR)<br \/>\n\u2013 SURCHISTE, von den Kohlengruben des Nord-Pas-de-Calais abstammend<br \/>\n\u2013 Die Zementwerke LAFARGE in Haubourdin<br \/>\n\u2013 VALRHONA<\/p>\n<p>Sehr schnell schon konnten dank dieser Referenzen weitere Kunden aus \u00e4hnlichen Gruppen oder T\u00e4tigkeitsbereichen gewonnen werden.<\/p>\n<p>1981 \u00fcberschreitet STANDARD INDUSTRIE International die Grenzen. Bis dahin behandelte die Firma die Anfragen aus Frankreich und setzte nun ihr Know How auch zugunsten der Zementwerke LAFARGE in MEKNES (Marokko) ein.[\/vc_column_text][\/vc_column][vc_column css_animation=&#8220;slideInRight&#8220; width=&#8220;1\/2&#8243;][vc_raw_html]JTNDZGl2JTIwY2xhc3MlM0QlMjJ5b3V0dWJlX3BsYXllciUyMiUyMHZpZGVvSUQlM0QlMjJmNkREdW12TXpjTSUyMiUyMHdpZHRoJTNEJTIyNjAwJTIyJTIwaGVpZ2h0JTNEJTIyNDAwJTIyJTIwdGhlbWUlM0QlMjJsaWdodCUyMiUyMHJlbCUzRCUyMjAlMjIlMjBjb250cm9scyUzRCUyMjAlMjIlMjBzaG93aW5mbyUzRCUyMjAlMjIlMjBhdXRvcGxheSUzRCUyMjElMjIlMjBtdXRlJTNEJTIyMSUyMiUyMCUyMGxvb3AlM0QlMjIxJTIyJTIwbG9hZGluZyUzRCUyMjElMjIlM0UlM0MlMkZkaXYlM0U=[\/vc_raw_html][vc_empty_space][\/vc_column][\/vc_row][vc_row][vc_column][vc_btn title=&#8220;Kontaktieren Sie uns&#8220; style=&#8220;flat&#8220; shape=&#8220;square&#8220; color=&#8220;black&#8220; align=&#8220;center&#8220; link=&#8220;url:%2Fde%2Fkontakt%2F|title:Contact%20Standard%20industrie&#8220;][\/vc_column][\/vc_row][vc_row][vc_column][vc_empty_space][vc_column_text el_class=&#8220;gros-titre fort traits-gris-droite-gauche titre-gauche vc_sep_border_width_2 vc_separator wpb_content_element vc_separator_align_left vc_sep_width_100 vc_sep_pos_align_center vc_sep_color_grey vc_separator-has-text&#8220;]<\/p>\n<div class=\"vc_sep_holder vc_sep_holder_l\">\n<p class=\"vc_sep_line\" style=\"border-color: grey;\">\n<\/div>\n<h2>DER AUFSCHWUNG VON STANDARD INDUSTRIE INTERNATIONAL<\/h2>\n<div class=\"vc_sep_holder vc_sep_holder_r\">\n<p class=\"vc_sep_line\" style=\"border-color: grey;\">\n<\/div>\n<p>[\/vc_column_text][\/vc_column][\/vc_row][vc_row el_class=&#8220;invert-block&#8220;][vc_column css_animation=&#8220;slideInLeft&#8220; width=&#8220;1\/2&#8243;][vc_single_image image=&#8220;4555&#8243; img_size=&#8220;full&#8220; alignment=&#8220;center&#8220;][vc_empty_space][\/vc_column][vc_column width=&#8220;1\/2&#8243;][vc_column_text]Dank der st\u00e4ndig wachsenden Expertise und seiner Marktkenntnisse entschied sich Herv\u00e9 Simo\u00ebns dann, Tochtergesellschaften in Europa niederzulassen: Spanien, Italien, Belgien, Gro\u00dfbritannien und Deutschland. Ab den 90er-Jahren erstreckte sich seine Entwicklung auf Mexiko, S\u00fcdafrika, Kanada, die USA, China und S\u00fcdost-Asien. Dann wurde in 2009 ein Verbindungsb\u00fcro in Singapur er\u00f6ffnet und in 2013 weihte eine amerikanische Tochtergesellschaft ihre 2.500 m\u00b2 neuen Betriebsr\u00e4ume ein.<\/p>\n<p>Um die Gegenwart von STANDARD INDUSTRIE International in allen L\u00e4ndern zu festigen, wurde ein Netz von Exportangestellten, verst\u00e4rkt durch die Pr\u00e4senz von Vertretern, eingerichtet. Inzwischen widmen sich nicht weniger als 7 kaufm\u00e4nnische Angestellte und 50 Vertreter den osteurop\u00e4ischen Staaten, S\u00fcdost-Asien, dem Maghreb, dem mittleren Osten und Subsahara-Afrika.[\/vc_column_text][\/vc_column][\/vc_row][vc_row][vc_column][vc_empty_space][vc_column_text el_class=&#8220;gros-titre fort traits-gris-droite-gauche titre-gauche vc_sep_border_width_2 vc_separator wpb_content_element vc_separator_align_left vc_sep_width_100 vc_sep_pos_align_center vc_sep_color_grey vc_separator-has-text&#8220;]<\/p>\n<div class=\"vc_sep_holder vc_sep_holder_l\">\n<p class=\"vc_sep_line\" style=\"border-color: grey;\">\n<\/div>\n<h2>VERSCHIEDENSTE L\u00d6SUNGEN IM DIENSTE DER SCH\u00dcTTGUT-INDUSTRIEN<\/h2>\n<div class=\"vc_sep_holder vc_sep_holder_r\">\n<p class=\"vc_sep_line\" style=\"border-color: grey;\">\n<\/div>\n<p>[\/vc_column_text][\/vc_column][\/vc_row][vc_row el_class=&#8220;invert-block&#8220;][vc_column css_animation=&#8220;none&#8220;][vc_column_text]Zus\u00e4tzlich zu ihrem geographischen Aufschwung diversifiziert STANDARD INDUSTRIE International ihre Reihe von L\u00f6sungen :<\/p>\n<ul>\n<li>Die Luftkanone AIRCHOC\u00ae entwickelt sich: verschiedene Konfigurationen, dem Bedarf jedes Kunden angepasste Beh\u00e4lterkapazit\u00e4ten, auf zahlreiche T\u00e4tigkeitsbereiche erweiterte Anwendungen usw. Die Reihe der Luftkanonen von STANDARD INDUSTRIE International, daf\u00fcr bestimmt die Anbackungs- und Anhaftungsprobleme zu l\u00f6sen, ist nun die Umfangreichste auf dem Markt.<\/li>\n<li>Zu Beginn der 90er-Jahre entwickelte STANDARD INDUSTRIE International Ausr\u00fcstungen, um Reinigungsdienstleistungen von Silos und Trichtern durchzuf\u00fchren. Damit bildeten nun der POWERNET\u00ae und der GIRONET\u00ae die Reihe \u201eReinigungsdienstleistung von Silos und Trichtern\u201c von STANDARD INDUSTRIE International.<\/li>\n<li>Ab 1995 vertrieb STANDARD INDUSTRIE International mobile Absaugger\u00e4te f\u00fcr einen Konstrukteur, der auf regionaler und nationaler Ebene f\u00fcr die Qualit\u00e4t seines Materials bekannt ist. 4 Jahre sp\u00e4ter bietet dieser Hersteller Herv\u00e9 Simo\u00ebns an, seine Firma zu kaufen. Mit dieser integrierten Expertise erweitert STANDARD INDUSTRIE International ihre T\u00e4tigkeit mit der Reihe \u201eIndustrielle Reinigung durch Absaugung\u201c.<\/li>\n<li>In 2005 entschied Herv\u00e9 Simo\u00ebns, die T\u00e4tigkeit von STANDARD INDUSTRIE International zu erweitern, indem er ein Patent erwarb, das die traditionellen F\u00f6rderb\u00e4nder optimierte. Er vermarktete diese L\u00f6sung unter der Bezeichnung LIFTUBE\u00ae und entwickelte sie im Laufe der Jahre in mehreren Versionen.<\/li>\n<\/ul>\n<p>Seit 1978 hat sich somit STANDARD INDUSTRIE International spezialisiert und auf die Entwicklung und Herstellung von Ausr\u00fcstungen diversifiziert. Ihr Ziel: Das Handling von pulverf\u00f6rmigen Produkten als Sch\u00fcttgut vollkommen sicher und umweltfreundlich zu erleichtern.<\/p>\n<p>Dank dieser Prozesse optimieren nicht weniger als 60 T\u00e4tigkeitsgebiete die Leistungen ihrer Produktionsmittel und reduzieren dabei gleichzeitig ihre Betriebs- und Wartungskosten.[\/vc_column_text][\/vc_column][\/vc_row][vc_row][vc_column][vc_btn title=&#8220;Kontaktieren Sie uns&#8220; style=&#8220;flat&#8220; shape=&#8220;square&#8220; color=&#8220;black&#8220; align=&#8220;center&#8220; link=&#8220;url:%2Fde%2Fkontakt%2F|title:Contact%20Standard%20industrie&#8220;][\/vc_column][\/vc_row]<\/p>\n","protected":false},"excerpt":{"rendered":"<p>[vc_row][vc_column][vc_empty_space][vc_column_text el_class=&#8220;gros-titre fort traits-gris-droite-gauche titre-gauche vc_sep_border_width_2 vc_separator wpb_content_element vc_separator_align_left vc_sep_width_100 vc_sep_pos_align_center vc_sep_color_grey vc_separator-has-text&#8220;] EINE ATYPISCHE IDEE: DAS PRINZIP DER WASSERSP\u00dcLUNG [\/vc_column_text][\/vc_column][\/vc_row][vc_row el_class=&#8220;invert-block&#8220;][vc_column width=&#8220;1\/2&#8243;][vc_column_text]1977 sah sich Herv\u00e9<span class=\"excerpt-hellip\"> [\u2026]<\/span><\/p>\n","protected":false},"author":1,"featured_media":0,"parent":0,"menu_order":82,"comment_status":"closed","ping_status":"closed","template":"single-standard.php","meta":{"footnotes":""},"class_list":["post-85","page","type-page","status-publish","hentry"],"_links":{"self":[{"href":"https:\/\/www.standard-industrie.com\/de\/wp-json\/wp\/v2\/pages\/85","targetHints":{"allow":["GET"]}}],"collection":[{"href":"https:\/\/www.standard-industrie.com\/de\/wp-json\/wp\/v2\/pages"}],"about":[{"href":"https:\/\/www.standard-industrie.com\/de\/wp-json\/wp\/v2\/types\/page"}],"author":[{"embeddable":true,"href":"https:\/\/www.standard-industrie.com\/de\/wp-json\/wp\/v2\/users\/1"}],"replies":[{"embeddable":true,"href":"https:\/\/www.standard-industrie.com\/de\/wp-json\/wp\/v2\/comments?post=85"}],"version-history":[{"count":0,"href":"https:\/\/www.standard-industrie.com\/de\/wp-json\/wp\/v2\/pages\/85\/revisions"}],"wp:attachment":[{"href":"https:\/\/www.standard-industrie.com\/de\/wp-json\/wp\/v2\/media?parent=85"}],"curies":[{"name":"wp","href":"https:\/\/api.w.org\/{rel}","templated":true}]}}