{"id":867,"date":"2014-06-09T13:58:32","date_gmt":"2014-06-09T12:58:32","guid":{"rendered":"https:\/\/www.standard-industrie.com\/de\/?page_id=867"},"modified":"2025-06-04T20:19:48","modified_gmt":"2025-06-04T19:19:48","slug":"industrielle-absaugung","status":"publish","type":"page","link":"https:\/\/www.standard-industrie.com\/de\/industrielle-absaugung\/","title":{"rendered":"INDUSTRIELLE ABSAUGUNG"},"content":{"rendered":"<p>[vc_row][vc_column][vc_empty_space][vc_column_text el_class=&#8220;gros-titre fort trait-jaune traits-gris-droite-gauche titre-centre vc_separator wpb_content_element vc_separator_align_center vc_sep_width_100 vc_sep_border_width_2 vc_sep_pos_align_center vc_separator-has-text&#8220;]<\/p>\n<div class=\"vc_sep_holder vc_sep_holder_l\">\n<p class=\"vc_sep_line\" style=\"border-color: grey;\">\n<\/div>\n<h2>UNSERE L\u00d6SUNGEN<\/h2>\n<div class=\"vc_sep_holder vc_sep_holder_r\">\n<p class=\"vc_sep_line\" style=\"border-color: grey;\">\n<\/div>\n<p>[\/vc_column_text][\/vc_column][\/vc_row][vc_row][vc_column width=&#8220;1\/4&#8243;][\/vc_column][vc_column width=&#8220;1\/2&#8243;][vc_column_text]Standard Industrie bietet eine umfangreiche Reihe an Produkten an, um Ihre Probleme der\u00a0<a href=\"\/de\/industrieller-reinigung\/\" target=\"_blank\" rel=\"noopener\"><b>industrieller Reinigung<\/b><\/a>\u00a0zu l\u00f6sen. Hierf\u00fcr bieten wir verschiedene Konfigurationen, die Ihrem Bedarf entsprechen, egal in welchem T\u00e4tigkeitsbereich und f\u00fcr welche Art von pulverf\u00f6rmigem Sch\u00fcttgut wie z.B. Zement, Kies, Holzsp\u00e4ne, Kohle oder Nahrungsmittel\u2026 Unsere Absaugfahrzeuge und unsere ortsfesten oder mobilen Absauganlagen sind f\u00fcr die Reinigung, das Recycling und die Absicherung Ihrer Industriestandorte bestimmt.[\/vc_column_text][vc_btn title=&#8220;BROSCH\u00dcRE HERUNTERLADEN&#8220; style=&#8220;flat&#8220; shape=&#8220;square&#8220; size=&#8220;sm&#8220; align=&#8220;center&#8220; link=&#8220;url:%2Fde%2Fwp-content%2Fuploads%2Fsites%2F10%2F2023%2F01%2FBROCHURE_VACUUM_D-16052022.pdf|target:_blank&#8220;][\/vc_column][vc_column width=&#8220;1\/4&#8243;][\/vc_column][\/vc_row][vc_row content_placement=&#8220;bottom&#8220;][vc_column width=&#8220;1\/4&#8243;][vc_single_image image=&#8220;4586&#8243; img_size=&#8220;medium&#8220; alignment=&#8220;center&#8220; onclick=&#8220;custom_link&#8220; el_class=&#8220;effect-slide-top-img-hover animation-trait-img-hover trait-jaune img-trait-titre&#8220; link=&#8220;\/de\/valnet\/&#8220; title=&#8220;VALNET&#8220;][\/vc_column][vc_column width=&#8220;1\/4&#8243;][vc_single_image image=&#8220;4588&#8243; img_size=&#8220;medium&#8220; alignment=&#8220;center&#8220; onclick=&#8220;custom_link&#8220; el_class=&#8220;effect-slide-top-img-hover animation-trait-img-hover trait-jaune img-trait-titre&#8220; link=&#8220;\/de\/uma-compact\/&#8220; title=&#8220;UMA COMPACT&#8220;][\/vc_column][vc_column width=&#8220;1\/4&#8243;][vc_single_image image=&#8220;4866&#8243; img_size=&#8220;medium&#8220; alignment=&#8220;center&#8220; onclick=&#8220;custom_link&#8220; el_class=&#8220;effect-slide-top-img-hover animation-trait-img-hover trait-jaune img-trait-titre&#8220; link=&#8220;\/de\/inc\/&#8220; title=&#8220;INC&#8220;][\/vc_column][vc_column width=&#8220;1\/4&#8243;][vc_single_image image=&#8220;4865&#8243; img_size=&#8220;medium&#8220; alignment=&#8220;center&#8220; onclick=&#8220;custom_link&#8220; el_class=&#8220;effect-slide-top-img-hover animation-trait-img-hover trait-jaune img-trait-titre&#8220; link=&#8220;\/de\/gad\/&#8220; title=&#8220;GAD&#8220;][\/vc_column][\/vc_row][vc_row content_placement=&#8220;bottom&#8220;][vc_column width=&#8220;1\/4&#8243;][vc_single_image image=&#8220;4129&#8243; img_size=&#8220;medium&#8220; alignment=&#8220;center&#8220; onclick=&#8220;custom_link&#8220; el_class=&#8220;effect-slide-top-img-hover animation-trait-img-hover trait-jaune img-trait-titre&#8220; link=&#8220;\/de\/sam\/&#8220; title=&#8220;SAM&#8220;][\/vc_column][vc_column width=&#8220;1\/4&#8243;][vc_single_image image=&#8220;4864&#8243; img_size=&#8220;medium&#8220; alignment=&#8220;center&#8220; onclick=&#8220;custom_link&#8220; el_class=&#8220;effect-slide-top-img-hover animation-trait-img-hover trait-jaune img-trait-titre&#8220; link=&#8220;\/de\/pad\/&#8220; title=&#8220;PAD&#8220;][\/vc_column][vc_column width=&#8220;1\/4&#8243;][vc_single_image image=&#8220;4867&#8243; img_size=&#8220;medium&#8220; alignment=&#8220;center&#8220; onclick=&#8220;custom_link&#8220; el_class=&#8220;effect-slide-top-img-hover animation-trait-img-hover trait-jaune img-trait-titre&#8220; link=&#8220;https:\/\/www.standard-industrie.com\/de\/vorsortierer\/&#8220; title=&#8220;VORSORTIERER&#8220;][\/vc_column][vc_column width=&#8220;1\/4&#8243;][vc_single_image image=&#8220;5984&#8243; img_size=&#8220;medium&#8220; alignment=&#8220;center&#8220; onclick=&#8220;custom_link&#8220; el_class=&#8220;effect-slide-top-img-hover&#8220; link=&#8220;\/de\/machines-daspiration-doccasion\/unsere-gebrauchten-absauganlagen\/&#8220;][\/vc_column][\/vc_row][vc_row content_placement=&#8220;bottom&#8220;][vc_column][vc_empty_space height=&#8220;30px&#8220;][\/vc_column][\/vc_row][vc_row equal_height=&#8220;yes&#8220;][vc_column css_animation=&#8220;slideInLeft&#8220; width=&#8220;1\/2&#8243;][vc_column_text el_class=&#8220;titre titre-long fort trait-jaune traits-gris-droite-gauche titre-centre vc_separator wpb_content_element vc_separator_align_center vc_sep_width_100 vc_sep_border_width_2 vc_sep_pos_align_center vc_separator-has-text&#8220;]<\/p>\n<div class=\"vc_sep_holder vc_sep_holder_l\">\n<p class=\"vc_sep_line\" style=\"border-color: grey;\">\n<\/div>\n<h2 style=\"text-align: center;\">ORTSFESTE UND MOBILE ABSAUGEINHEITEN<\/h2>\n<div class=\"vc_sep_holder vc_sep_holder_r\">\n<p class=\"vc_sep_line\" style=\"border-color: grey;\">\n<\/div>\n<p>[\/vc_column_text][vc_column_text]Mit einer Absaugkapazit\u00e4t bis 25 Tonnen\/Std. erm\u00f6glichen unsere ortsfesten und mobilen L\u00f6sungen es Ihnen, reduzierten Platzbedarf und Flexibilit\u00e4t zu verbinden, um Reinigungs- oder Pumpungsarbeiten durchzuf\u00fchren.<\/p>\n<p>&nbsp;<\/p>\n<ul>\n<li>Unser\u00a0<b><a href=\"\/de\/pad\/\">mobiler Industriestaubsauger PAD<\/a><\/b>\u00a0gew\u00e4hrleistet Ihnen Mobilit\u00e4t und Flexibilit\u00e4t an Ihren Produktionsanlagen.<\/li>\n<li>Der\u00a0<b><a href=\"\/de\/sam\/\">modulierbare und transportierbare Industriestaubsauger SAM<\/a><\/b>\u00a0ist ideal, wenn Sie eine gr\u00f6\u00dfere Sammelkapazit\u00e4t m\u00f6chten, die im Silo oder Beh\u00e4lter erfolgen kann.<\/li>\n<li>Die\u00a0<b><a href=\"\/de\/gad\/\">GAD b\u00fcrgt f\u00fcr Leistung<\/a><\/b>\u00a0(Absaugung \u00fcber gro\u00dfe Distanzen) und Mobilit\u00e4t mittels Gabelstaplertransports.<\/li>\n<li><b><a href=\"\/de\/sam\/\">SAM<\/a><\/b>\u00a0und\u00a0<strong><a href=\"https:\/\/www.standard-industrie.com\/de\/produits\/gad\/\">GAD<\/a><\/strong>\u00a0k\u00f6nnen beide als modulierbare Zentralabsauganlagen verwendet werden.<\/li>\n<li>Die\u00a0<a href=\"\/de\/inc\/\"><b>industrielle Absauganlage INC<\/b><\/a>\u00a0ist eine ortsfeste L\u00f6sung, die besonders von Industriebetrieben gefragt ist, die eine hohe Absaugleistung suchen<\/li>\n<\/ul>\n<p>[\/vc_column_text][\/vc_column][vc_column css_animation=&#8220;slideInRight&#8220; width=&#8220;1\/2&#8243;][vc_empty_space height=&#8220;50px&#8220;][vc_column_text el_class=&#8220;titre titre-long fort trait-jaune traits-gris-droite-gauche titre-centre vc_separator wpb_content_element vc_separator_align_center vc_sep_width_100 vc_sep_border_width_2 vc_sep_pos_align_center vc_separator-has-text&#8220;]<\/p>\n<div class=\"vc_sep_holder vc_sep_holder_l\">\n<p class=\"vc_sep_line\" style=\"border-color: grey;\">\n<\/div>\n<h2 style=\"text-align: center;\">ABSAUGFAHRZEUGE<\/h2>\n<div class=\"vc_sep_holder vc_sep_holder_r\">\n<p class=\"vc_sep_line\" style=\"border-color: grey;\">\n<\/div>\n<p>[\/vc_column_text][vc_column_text]Die Reihe der Absaugfahrzeuge von Standard Industrie ist wie folgt unterteilt:<\/p>\n<ul>\n<li><b><a href=\"\/de\/valnet\/\">VALNET, Absaugfahrzeug mit Silo<\/a><\/b>\u00a0in einem sehr kompakten Format, ist f\u00fcr Absaugarbeiten mittleren Umfangs (bis zu 19 Tonnen\/Std.) praktisch. Sein geringer Platzbedarf erm\u00f6glicht es, schwer zug\u00e4ngliche Zonen mit einer schnellen Aktionsgeschwindigkeit zu erreichen. Zudem ist das Handling dieses Fahrzeugs mit einem einfachen PKW-F\u00fchrerschein m\u00f6glich.<\/li>\n<li>Die\u00a0<b><a href=\"\/de\/uma-compact\/\">Absauganlage auf mobilem Fahrgestell\u00a0UMA Kompakt<\/a><\/b>\u00a0kann mit einem Gabelstapler, Lader oder landwirtschaftlichen Fahrzeug gezogen werden. In Elektro- oder Dieselversion verf\u00fcgbar. Die Reinigungskapazit\u00e4t kann bis zu 30 Tonnen\/Std. erreichen. Diese L\u00f6sung, die Leistung und Autonomie vereint, ist eine ausgezeichnete, wirtschaftliche Alternative.<\/li>\n<\/ul>\n<p>[\/vc_column_text][\/vc_column][\/vc_row][vc_row][vc_column][vc_empty_space][vc_column_text el_class=&#8220;gros-titre fort traits-gris-droite-gauche titre-centre vc_separator wpb_content_element vc_separator_align_center vc_sep_width_100 vc_sep_border_width_2 vc_sep_pos_align_center vc_separator-has-text&#8220;]<\/p>\n<div class=\"vc_sep_holder vc_sep_holder_l\">\n<p class=\"vc_sep_line\" style=\"border-color: grey;\">\n<\/div>\n<h2 style=\"text-align: center;\">VORABSCHEIDER<\/h2>\n<div class=\"vc_sep_holder vc_sep_holder_r\">\n<p class=\"vc_sep_line\" style=\"border-color: grey;\">\n<\/div>\n<p>[\/vc_column_text][\/vc_column][\/vc_row][vc_row equal_height=&#8220;yes&#8220;][vc_column offset=&#8220;vc_col-lg-6&#8243;][vc_row_inner][vc_column_inner offset=&#8220;vc_hidden-md vc_hidden-sm vc_hidden-xs&#8220;][vc_column_text]Die\u00a0<b><a href=\"https:\/\/www.standard-industrie.com\/de\/vorsortierer\/\">Vorabscheider<\/a><\/b>\u00a0von Standard Industrie, haben eine Sammelkapazit\u00e4t bis zu 7m\u00b3 und erm\u00f6glichen ein vollkommen sicheres Filtern der St\u00e4ube.<\/p>\n<p>Die Vorabscheider, kippend oder zyklonisch, sind einfach mittels Gabelstapler transportierbar, erm\u00f6glichen eine schnelle Inbetriebnahme und eine gro\u00dfe Flexibilit\u00e4t f\u00fcr das Sammeln Ihrer Produkts in Containern, Big-Bag, K\u00fcbeln, F\u00e4ssern usw.[\/vc_column_text][vc_column_text][\/vc_column_text][\/vc_column_inner][\/vc_row_inner][\/vc_column][vc_column css_animation=&#8220;slideInRight&#8220; offset=&#8220;vc_col-lg-6&#8243;][vc_row_inner][vc_column_inner][vc_single_image image=&#8220;4129&#8243; img_size=&#8220;full&#8220; alignment=&#8220;center&#8220;][\/vc_column_inner][\/vc_row_inner][\/vc_column][\/vc_row]<\/p>\n","protected":false},"excerpt":{"rendered":"<p>[vc_row][vc_column][vc_empty_space][vc_column_text el_class=&#8220;gros-titre fort trait-jaune traits-gris-droite-gauche titre-centre vc_separator wpb_content_element vc_separator_align_center vc_sep_width_100 vc_sep_border_width_2 vc_sep_pos_align_center vc_separator-has-text&#8220;] UNSERE L\u00d6SUNGEN [\/vc_column_text][\/vc_column][\/vc_row][vc_row][vc_column width=&#8220;1\/4&#8243;][\/vc_column][vc_column width=&#8220;1\/2&#8243;][vc_column_text]Standard Industrie bietet eine umfangreiche Reihe an Produkten an,<span class=\"excerpt-hellip\"> [\u2026]<\/span><\/p>\n","protected":false},"author":1,"featured_media":0,"parent":0,"menu_order":61,"comment_status":"closed","ping_status":"closed","template":"single-nettoyage-industriel-aspiration.php","meta":{"footnotes":""},"class_list":["post-867","page","type-page","status-publish","hentry"],"_links":{"self":[{"href":"https:\/\/www.standard-industrie.com\/de\/wp-json\/wp\/v2\/pages\/867","targetHints":{"allow":["GET"]}}],"collection":[{"href":"https:\/\/www.standard-industrie.com\/de\/wp-json\/wp\/v2\/pages"}],"about":[{"href":"https:\/\/www.standard-industrie.com\/de\/wp-json\/wp\/v2\/types\/page"}],"author":[{"embeddable":true,"href":"https:\/\/www.standard-industrie.com\/de\/wp-json\/wp\/v2\/users\/1"}],"replies":[{"embeddable":true,"href":"https:\/\/www.standard-industrie.com\/de\/wp-json\/wp\/v2\/comments?post=867"}],"version-history":[{"count":0,"href":"https:\/\/www.standard-industrie.com\/de\/wp-json\/wp\/v2\/pages\/867\/revisions"}],"wp:attachment":[{"href":"https:\/\/www.standard-industrie.com\/de\/wp-json\/wp\/v2\/media?parent=867"}],"curies":[{"name":"wp","href":"https:\/\/api.w.org\/{rel}","templated":true}]}}