{"id":876,"date":"2014-06-09T14:31:05","date_gmt":"2014-06-09T13:31:05","guid":{"rendered":"https:\/\/www.standard-industrie.com\/de\/?page_id=876"},"modified":"2025-06-04T20:23:22","modified_gmt":"2025-06-04T19:23:22","slug":"optimierung-der-transportbaender","status":"publish","type":"page","link":"https:\/\/www.standard-industrie.com\/de\/optimierung-der-transportbaender\/","title":{"rendered":"OPTIMIERUNG DER TRANSPORTB\u00c4NDER"},"content":{"rendered":"<p>[vc_row][vc_column][vc_empty_space][vc_column_text el_class=&#8220;gros-titre fort trait-vert traits-gris-droite-gauche titre-centre vc_separator wpb_content_element vc_separator_align_center vc_sep_width_100 vc_sep_border_width_2 vc_sep_pos_align_center vc_separator-has-text&#8220;]<\/p>\n<div class=\"vc_sep_holder vc_sep_holder_l\">\n<p class=\"vc_sep_line\" style=\"border-color: grey;\">\n<\/div>\n<h2>UNSERE L\u00d6SUNG<\/h2>\n<div class=\"vc_sep_holder vc_sep_holder_r\">\n<p class=\"vc_sep_line\" style=\"border-color: grey;\">\n<\/div>\n<p>[\/vc_column_text][\/vc_column][\/vc_row][vc_row content_placement=&#8220;bottom&#8220; css_animation=&#8220;slideInUp&#8220;][vc_column width=&#8220;1\/2&#8243;][vc_row_inner][vc_column_inner][vc_column_text]Unser\u00a0<a href=\"\/de\/liftube\/\"><b>patentiertes System<\/b>\u00a0<b>LIFTUBE\u00ae<\/b><\/a>\u00a0kanalisiert das Material und passt sich neuen oder bestehenden Transportb\u00e4ndern mit einer Bandbreite zwischen 500 und 1400 mm an.[\/vc_column_text][vc_btn title=&#8220;BROSCH\u00dcRE HERUNTERLADEN&#8220; style=&#8220;custom&#8220; custom_background=&#8220;#1a7a54&#8243; custom_text=&#8220;#ffffff&#8220; shape=&#8220;square&#8220; size=&#8220;sm&#8220; align=&#8220;center&#8220; link=&#8220;url:https%3A%2F%2Fwww.standard-industrie.com%2Fde%2Fwp-content%2Fuploads%2Fsites%2F10%2F2024%2F03%2FBROCHURE_CONVEYOR_D-28022024.pdf|target:_blank&#8220;][\/vc_column_inner][\/vc_row_inner][\/vc_column][vc_column width=&#8220;1\/2&#8243;][vc_row_inner equal_height=&#8220;yes&#8220; content_placement=&#8220;bottom&#8220; el_class=&#8220;range-5-block&#8220;][vc_column_inner width=&#8220;1\/2&#8243; offset=&#8220;vc_col-lg-4 vc_col-xs-6&#8243;][vc_single_image image=&#8220;4130&#8243; img_size=&#8220;full&#8220; onclick=&#8220;custom_link&#8220; el_class=&#8220;effect-slide-top-img-hover animation-trait-img-hover trait-vert img-trait-titre&#8220; link=&#8220;\/de\/liftube\/&#8220; title=&#8220;LIFTUBE\u00ae&#8220;][\/vc_column_inner][vc_column_inner el_class=&#8220;block-option&#8220; width=&#8220;1\/2&#8243; offset=&#8220;vc_col-lg-4 vc_col-xs-6&#8243;][\/vc_column_inner][\/vc_row_inner][\/vc_column][\/vc_row][vc_row content_placement=&#8220;bottom&#8220; css_animation=&#8220;slideInUp&#8220; disable_element=&#8220;yes&#8220;][vc_column width=&#8220;1\/2&#8243;][vc_row_inner equal_height=&#8220;yes&#8220; content_placement=&#8220;bottom&#8220; el_class=&#8220;range-5-block&#8220;][vc_column_inner width=&#8220;1\/2&#8243; offset=&#8220;vc_col-lg-4 vc_col-xs-6&#8243;][vc_single_image image=&#8220;4130&#8243; img_size=&#8220;full&#8220; onclick=&#8220;custom_link&#8220; el_class=&#8220;effect-slide-top-img-hover animation-trait-img-hover trait-vert img-trait-titre&#8220; link=&#8220;\/liftube-optimisation-convoyeur-a-bande\/&#8220; title=&#8220;LIFTUBE\u00ae&#8220;][\/vc_column_inner][vc_column_inner el_class=&#8220;block-option&#8220; width=&#8220;1\/2&#8243; offset=&#8220;vc_col-lg-4 vc_col-xs-6&#8243;][vc_column_text el_class=&#8220;txt-option margin-zero&#8220;]En option :[\/vc_column_text][vc_single_image image=&#8220;4173&#8243; img_size=&#8220;full&#8220; onclick=&#8220;custom_link&#8220; el_class=&#8220;effect-slide-top-img-hover animation-trait-img-hover trait-vert img-trait-titre&#8220; link=&#8220;\/depoussiereur\/&#8220; title=&#8220;D\u00c9POUSSI\u00c9REUR&#8220;][\/vc_column_inner][\/vc_row_inner][\/vc_column][vc_column width=&#8220;1\/2&#8243;][vc_raw_html]JTNDZGl2JTIwY2xhc3MlM0QlMjJ5b3V0dWJlX3BsYXllciUyMiUyMHZpZGVvSUQlM0QlMjJFWk9sak5vZnpKcyUyMiUyMHdpZHRoJTNEJTIyNTAwJTIyJTIwaGVpZ2h0JTNEJTIyMjUwJTIyJTIwdGhlbWUlM0QlMjJsaWdodCUyMiUyMHJlbCUzRCUyMjAlMjIlMjBjb250cm9scyUzRCUyMjAlMjIlMjBzaG93aW5mbyUzRCUyMjAlMjIlMjBhdXRvcGxheSUzRCUyMjElMjIlMjBtdXRlJTNEJTIyMSUyMiUyMCUyMGxvb3AlM0QlMjIxJTIyJTIwbG9hZGluZyUzRCUyMjElMjIlM0UlM0MlMkZkaXYlM0U=[\/vc_raw_html][\/vc_column][\/vc_row][vc_row content_placement=&#8220;bottom&#8220;][vc_column][vc_empty_space height=&#8220;30px&#8220;][\/vc_column][\/vc_row][vc_row][vc_column css_animation=&#8220;slideInLeft&#8220; width=&#8220;1\/2&#8243;][vc_column_text el_class=&#8220;titre titre-long fort trait-vert traits-gris-droite-gauche titre-centre vc_separator wpb_content_element vc_separator_align_center vc_sep_width_100 vc_sep_border_width_2 vc_sep_pos_align_center vc_separator-has-text&#8220;]<\/p>\n<div class=\"vc_sep_holder vc_sep_holder_l\">\n<p class=\"vc_sep_line\" style=\"border-color: grey;\">\n<\/div>\n<h2 style=\"text-align: center;\">REDUZIERUNG VON MATERIALVERLUSTEN UND STAUBEMISSIONEN<\/h2>\n<div class=\"vc_sep_holder vc_sep_holder_r\">\n<p class=\"vc_sep_line\" style=\"border-color: grey;\">\n<\/div>\n<p>[\/vc_column_text][vc_column_text]In bestimmten F\u00e4llen treten an Transportb\u00e4ndern Produktauslauf oder Staubemissionen auf. Dank dem <b><a href=\"\/de\/liftube\/\">Abdichtungssystem LIFTUBE\u00ae<\/a><\/b>\u00a0werden Betriebsverluste, Staubemissionen und Wartung stark reduziert.[\/vc_column_text][vc_images_carousel images=&#8220;4182,4183,4184&#8243; img_size=&#8220;medium&#8220; mode=&#8220;vertical&#8220; hide_pagination_control=&#8220;yes&#8220; wrap=&#8220;yes&#8220;][\/vc_column][vc_column css_animation=&#8220;slideInRight&#8220; width=&#8220;1\/2&#8243;][vc_empty_space height=&#8220;50px&#8220;][vc_column_text el_class=&#8220;titre titre-long fort trait-vert traits-gris-droite-gauche titre-centre vc_separator wpb_content_element vc_separator_align_center vc_sep_width_100 vc_sep_border_width_2 vc_sep_pos_align_center vc_separator-has-text&#8220;]<\/p>\n<div class=\"vc_sep_holder vc_sep_holder_l\">\n<p class=\"vc_sep_line\" style=\"border-color: grey;\">\n<\/div>\n<h2 style=\"text-align: center;\">SICHERHEIT UND HOCHLEISTUNG<\/h2>\n<div class=\"vc_sep_holder vc_sep_holder_r\">\n<p class=\"vc_sep_line\" style=\"border-color: grey;\">\n<\/div>\n<p>[\/vc_column_text][vc_column_text]Unser\u00a0<a href=\"\/de\/liftube\/\"><b>Abdichtungssystem LIFTUBE\u00ae<\/b><\/a>, auch f\u00fcr den Transport von Hochtemperaturprodukten geeignet, kann mit schwerentflammbaren Seitenfl\u00fcgeln und Zubeh\u00f6r ausgestattet werden, die Temperaturen bis zu 300\u00b0C standhalten k\u00f6nnen. Mit optionaler ATEX Zertifizierung und mit 3 Jahren Garantie erm\u00f6glicht das\u00a0<strong><a href=\"\/de\/liftube\/\">LIFTUBE\u00ae<\/a><\/strong>\u00a0Schutz bei den Aufgabestellen und reduziertes Risiko bei der Wartung.[\/vc_column_text][vc_btn title=&#8220;Kontaktieren Sie uns&#8220; style=&#8220;custom&#8220; custom_background=&#8220;#1a7a54&#8243; custom_text=&#8220;#ffffff&#8220; shape=&#8220;square&#8220; size=&#8220;sm&#8220; align=&#8220;center&#8220; link=&#8220;url:%2Fde%2FKontakt%2F&#8220;][\/vc_column][\/vc_row][vc_row disable_element=&#8220;yes&#8220;][vc_column][vc_empty_space][vc_column_text el_class=&#8220;gros-titre fort traits-gris-droite-gauche titre-centre vc_separator wpb_content_element vc_separator_align_center vc_sep_width_100 vc_sep_border_width_2 vc_sep_pos_align_center vc_separator-has-text&#8220;]<\/p>\n<div class=\"vc_sep_holder vc_sep_holder_l\">\n<p class=\"vc_sep_line\" style=\"border-color: grey;\">\n<\/div>\n<h2 style=\"text-align: center;\">La protection de l&#8217;environnement<br \/>\npar la ma\u00eetrise de l&#8217;empoussi\u00e8rement<\/h2>\n<div class=\"vc_sep_holder vc_sep_holder_r\">\n<p class=\"vc_sep_line\" style=\"border-color: grey;\">\n<\/div>\n<p>[\/vc_column_text][\/vc_column][\/vc_row][vc_row full_width=&#8220;stretch_row_content&#8220; equal_height=&#8220;yes&#8220; disable_element=&#8220;yes&#8220;][vc_column offset=&#8220;vc_col-lg-6&#8243;][vc_row_inner][vc_column_inner el_class=&#8220;special-with-1240-1533&#8243; width=&#8220;1\/3&#8243; offset=&#8220;vc_hidden-md vc_hidden-sm vc_hidden-xs&#8220;][\/vc_column_inner][vc_column_inner offset=&#8220;vc_col-lg-8&#8243;][vc_column_text]L\u2019<b>empoussi\u00e8rement<\/b>\u00a0est la\u00a0<b>pr\u00e9sence de poussi\u00e8res en suspension<\/b>\u00a0ou s\u00e9diment\u00e9es li\u00e9es au fonctionnement des exploitations et aux process de transformation dans les usines. Ces poussi\u00e8res sont susceptibles d\u2019entra\u00eener des cons\u00e9quences sur l\u2019environnement, sur les op\u00e9rateurs au sein de l\u2019usine et sur le voisinage<\/p>\n<p>L\u2019empoussi\u00e9rage d\u00e9signe la\u00a0<b>concentration de poussi\u00e8res de l\u2019atmosph\u00e8re de travail<\/b>\u00a0et est d\u00e9fini par le code du travail avec, notamment des valeurs limites d\u2019exposition professionnelle.<br \/>\nPar exemple pour les poussi\u00e8res de silice cristalline.<\/p>\n<p><strong>Comment ma\u00eetriser\u00a0l\u2019empoussi\u00e8rement et l\u2019empoussi\u00e9rage au sein du site d\u2019exploitation ou de production\u00a0?<\/strong><\/p>\n<p>Pr\u00e9venir la formation des polluants \u00e0 la sources est l\u2019attitude la plus rationnelle \u00e0 adopter que ce soit lors de la conception et de la mise en \u0153uvre des proc\u00e9d\u00e9s industriels, ou de la construction des appareils.<\/p>\n<p>Par exemple pour\u00a0<a href=\"https:\/\/www.standard-industrie.com\/de\/solution-nettoyage-industriel-mine-carriere-minerais\/\" target=\"_blank\" rel=\"noopener\"><u>les carri\u00e8res<\/u><\/a>, les principales<b>\u00a0\u00e9missions de poussi\u00e8res<\/b>\u00a0sont diffuses et dues \u00e0 l\u2019extraction avec des engins, au roulage sur les pistes, aux stocks de mat\u00e9riaux, aux tirs de mines ou au convoyage de mati\u00e8re.<\/p>\n<p><b><u>Le capotage des bandes caoutchout\u00e9es s\u2019av\u00e8re n\u00e9cessaire<\/u><\/b>\u00a0: il s\u2019agit d\u2019un mode de confinement adapt\u00e9 pour quelques points pr\u00e9cis, par exemple la protection des chutes de sables, ou pour prot\u00e9ger un convoyeur expos\u00e9 au vent.<\/p>\n<p>C\u2019est en \u00e7a que le LIFTUBE est une technique de d\u00e9poussi\u00e9rage industriel.[\/vc_column_text][vc_btn title=&#8220;Contactez-nous&#8220; style=&#8220;custom&#8220; custom_background=&#8220;#1a7a54&#8243; custom_text=&#8220;#ffffff&#8220; shape=&#8220;square&#8220; size=&#8220;sm&#8220; align=&#8220;center&#8220; link=&#8220;url:%2Fcontact%2F&#8220;][\/vc_column_inner][\/vc_row_inner][\/vc_column][vc_column css_animation=&#8220;slideInRight&#8220; css=&#8220;.vc_custom_1667566399438{background-image: url(https:\/\/www.standard-industrie.com\/de\/wp-content\/uploads\/sites\/10\/2022\/09\/LIFTUBE_Protection-du-convoyeur-dans-une-carriere-de-chaux-2.jpg?id=4236) !important;background-position: center !important;background-repeat: no-repeat !important;background-size: cover !important;}&#8220; offset=&#8220;vc_col-lg-6&#8243;][vc_row_inner][vc_column_inner][vc_empty_space height=&#8220;200px&#8220;][\/vc_column_inner][\/vc_row_inner][\/vc_column][\/vc_row]<\/p>\n","protected":false},"excerpt":{"rendered":"<p>[vc_row][vc_column][vc_empty_space][vc_column_text el_class=&#8220;gros-titre fort trait-vert traits-gris-droite-gauche titre-centre vc_separator wpb_content_element vc_separator_align_center vc_sep_width_100 vc_sep_border_width_2 vc_sep_pos_align_center vc_separator-has-text&#8220;] UNSERE L\u00d6SUNG [\/vc_column_text][\/vc_column][\/vc_row][vc_row content_placement=&#8220;bottom&#8220; css_animation=&#8220;slideInUp&#8220;][vc_column width=&#8220;1\/2&#8243;][vc_row_inner][vc_column_inner][vc_column_text]Unser\u00a0patentiertes System\u00a0LIFTUBE\u00ae\u00a0kanalisiert das Material und passt sich neuen<span class=\"excerpt-hellip\"> [\u2026]<\/span><\/p>\n","protected":false},"author":1,"featured_media":0,"parent":0,"menu_order":63,"comment_status":"closed","ping_status":"closed","template":"single-optimisation-convoyeurs-bande.php","meta":{"footnotes":""},"class_list":["post-876","page","type-page","status-publish","hentry"],"_links":{"self":[{"href":"https:\/\/www.standard-industrie.com\/de\/wp-json\/wp\/v2\/pages\/876","targetHints":{"allow":["GET"]}}],"collection":[{"href":"https:\/\/www.standard-industrie.com\/de\/wp-json\/wp\/v2\/pages"}],"about":[{"href":"https:\/\/www.standard-industrie.com\/de\/wp-json\/wp\/v2\/types\/page"}],"author":[{"embeddable":true,"href":"https:\/\/www.standard-industrie.com\/de\/wp-json\/wp\/v2\/users\/1"}],"replies":[{"embeddable":true,"href":"https:\/\/www.standard-industrie.com\/de\/wp-json\/wp\/v2\/comments?post=876"}],"version-history":[{"count":0,"href":"https:\/\/www.standard-industrie.com\/de\/wp-json\/wp\/v2\/pages\/876\/revisions"}],"wp:attachment":[{"href":"https:\/\/www.standard-industrie.com\/de\/wp-json\/wp\/v2\/media?parent=876"}],"curies":[{"name":"wp","href":"https:\/\/api.w.org\/{rel}","templated":true}]}}