{"id":882,"date":"2014-06-09T14:40:54","date_gmt":"2014-06-09T13:40:54","guid":{"rendered":"https:\/\/www.standard-industrie.com\/de\/?page_id=882"},"modified":"2025-06-04T20:23:10","modified_gmt":"2025-06-04T19:23:10","slug":"trichter-und-siloreinigung-als-dienstleistung","status":"publish","type":"page","link":"https:\/\/www.standard-industrie.com\/de\/trichter-und-siloreinigung-als-dienstleistung\/","title":{"rendered":"TRICHTER- UND SILOREINIGUNG ALS DIENSTLEISTUNG"},"content":{"rendered":"<p>[vc_row][vc_column][vc_empty_space][vc_column_text el_class=&#8220;gros-titre fort trait-bleu traits-gris-droite-gauche titre-centre vc_separator wpb_content_element vc_separator_align_center vc_sep_width_100 vc_sep_border_width_2 vc_sep_pos_align_center vc_separator-has-text&#8220;]<\/p>\n<div class=\"vc_sep_holder vc_sep_holder_l\">\n<p class=\"vc_sep_line\" style=\"border-color: grey;\">\n<\/div>\n<h2>UNSERE L\u00d6SUNGEN<\/h2>\n<div class=\"vc_sep_holder vc_sep_holder_r\">\n<p class=\"vc_sep_line\" style=\"border-color: grey;\">\n<\/div>\n<p>[\/vc_column_text][\/vc_column][\/vc_row][vc_row][vc_column width=&#8220;1\/2&#8243;][vc_column_text]Unsere Siloreinigungsdienstleistungen halten sehr strikte Sicherheitsnormen ein und erm\u00f6glichen es, jegliche menschliche Pr\u00e4senz innerhalb der Silos zu vermeiden.<\/p>\n<p>&nbsp;<\/p>\n<p>Dank unserem Know How im Bereich der Reinigung von Silos und Trichtern bieten wir Ihnen entsprechende L\u00f6sungen, die es Ihnen erm\u00f6glichen, Ihre Probleme mit Anbackungen und Anhaftungen in Ihren Silos und Trichtern zu l\u00f6sen. Tats\u00e4chlich sind zahlreiche Industriebetriebe, die Sch\u00fcttgut bearbeiten, fr\u00fcher oder sp\u00e4ter mit einem Anbackungsproblem konfrontiert. Der\u00a0 Produktaustrag wird durch die Anhaftungen und Anbackungen an den Silow\u00e4nden verhindern.<\/p>\n<p>&nbsp;<\/p>\n<p>Unsere L\u00f6sung halten sehr strikte Sicherheitsnormen ein und erm\u00f6glichen es, <a href=\"\/de\/hohenarbeiten\/\" target=\"_blank\" rel=\"noopener\"><b>H\u00f6henarbeiten<\/b><\/a>\u00a0und damit jegliche menschliche Pr\u00e4senz innerhalb der Silos zu vermeiden.[\/vc_column_text][vc_btn title=&#8220;BROSCH\u00dcRE HERUNTERLADEN&#8220; style=&#8220;custom&#8220; custom_background=&#8220;#3e5d9e&#8220; custom_text=&#8220;#ffffff&#8220; shape=&#8220;square&#8220; size=&#8220;sm&#8220; align=&#8220;center&#8220; link=&#8220;url:%2Fde%2Fwp-content%2Fuploads%2Fsites%2F10%2F2023%2F01%2FBROCHURE_CLEANING_SERVICES_D-MKT2a.pdf&#8220;][\/vc_column][vc_column width=&#8220;1\/2&#8243;][vc_row_inner][vc_column_inner width=&#8220;1\/3&#8243;][vc_single_image image=&#8220;4678&#8243; img_size=&#8220;full&#8220; onclick=&#8220;custom_link&#8220; el_class=&#8220;effect-slide-top-img-hover animation-trait-img-hover trait-bleu img-trait-titre&#8220; link=&#8220;\/de\/gironet\/&#8220; title=&#8220;GIRONET&#8220;][\/vc_column_inner][vc_column_inner width=&#8220;1\/3&#8243;][vc_single_image image=&#8220;6022&#8243; img_size=&#8220;full&#8220; onclick=&#8220;custom_link&#8220; el_class=&#8220;effect-slide-top-img-hover animation-trait-img-hover trait-bleu img-trait-titre&#8220; link=&#8220;\/de\/powernet\/&#8220; title=&#8220;POWERNET&#8220;][\/vc_column_inner][vc_column_inner width=&#8220;1\/3&#8243;][vc_single_image image=&#8220;4677&#8243; img_size=&#8220;full&#8220; onclick=&#8220;custom_link&#8220; el_class=&#8220;effect-slide-top-img-hover animation-trait-img-hover trait-bleu img-trait-titre&#8220; link=&#8220;\/de\/reinigung-durch-absaugung\/&#8220; title=&#8220;REINIGUNG DURCH ABSAUGUNG&#8220;][\/vc_column_inner][\/vc_row_inner][\/vc_column][\/vc_row][vc_row content_placement=&#8220;bottom&#8220;][vc_column][vc_empty_space height=&#8220;30px&#8220;][\/vc_column][\/vc_row][vc_row][vc_column css_animation=&#8220;slideInLeft&#8220; width=&#8220;1\/2&#8243;][vc_column_text el_class=&#8220;titre titre-long fort trait-bleu traits-gris-droite-gauche titre-centre vc_separator wpb_content_element vc_separator_align_center vc_sep_width_100 vc_sep_border_width_2 vc_sep_pos_align_center vc_separator-has-text&#8220;]<\/p>\n<div class=\"vc_sep_holder vc_sep_holder_l\">\n<p class=\"vc_sep_line\" style=\"border-color: grey;\">\n<\/div>\n<h2 style=\"text-align: center;\">AUFTRETENDE ANBACKUNGSARTEN<\/h2>\n<div class=\"vc_sep_holder vc_sep_holder_r\">\n<p class=\"vc_sep_line\" style=\"border-color: grey;\">\n<\/div>\n<p>[\/vc_column_text][vc_single_image image=&#8220;6024&#8243; img_size=&#8220;full&#8220; alignment=&#8220;center&#8220;][\/vc_column][vc_column css_animation=&#8220;slideInRight&#8220; width=&#8220;1\/2&#8243;][vc_empty_space height=&#8220;50px&#8220;][vc_column_text el_class=&#8220;titre titre-long fort trait-bleu traits-gris-droite-gauche titre-centre vc_separator wpb_content_element vc_separator_align_center vc_sep_width_100 vc_sep_border_width_2 vc_sep_pos_align_center vc_separator-has-text&#8220;]<\/p>\n<div class=\"vc_sep_holder vc_sep_holder_l\">\n<p class=\"vc_sep_line\" style=\"border-color: grey;\">\n<\/div>\n<h2 style=\"text-align: center;\">DIESE PROBLEME, VERBUNDEN MIT PRODUKTANBACKUNGEN, K\u00d6NNEN ZU FOLGENDEM F\u00dcHREN:<\/h2>\n<div class=\"vc_sep_holder vc_sep_holder_r\">\n<p class=\"vc_sep_line\" style=\"border-color: grey;\">\n<\/div>\n<p>[\/vc_column_text][vc_column_text]<\/p>\n<ul>\n<li>Produktionsstillstand<\/li>\n<li>Verringerung der Ausgabef\u00f6rdermenge<\/li>\n<li>Reduzierung der Lagerkapazit\u00e4t<\/li>\n<li>Verschmutzungen &amp; G\u00e4rungen der Produkte<\/li>\n<li>Explosionsrisiken<\/li>\n<li>Materialverlust<\/li>\n<\/ul>\n<p>[\/vc_column_text][\/vc_column][\/vc_row][vc_row][vc_column][vc_btn title=&#8220;Kontaktieren Sie uns&#8220; style=&#8220;custom&#8220; custom_background=&#8220;#3e5d9e&#8220; custom_text=&#8220;#ffffff&#8220; shape=&#8220;square&#8220; size=&#8220;sm&#8220; align=&#8220;center&#8220; link=&#8220;url:%2Fde%2Fkontakt%2F&#8220;][vc_empty_space][vc_column_text el_class=&#8220;gros-titre fort traits-gris-droite-gauche titre-centre vc_separator wpb_content_element vc_separator_align_center vc_sep_width_100 vc_sep_border_width_2 vc_sep_pos_align_center vc_separator-has-text&#8220;]<\/p>\n<div class=\"vc_sep_holder vc_sep_holder_l\">\n<p class=\"vc_sep_line\" style=\"border-color: grey;\">\n<\/div>\n<h2 style=\"text-align: center;\">Je nach Problemstellung, die eine Anbackung des Silos\/Trichters oder eine zu entfernende, nat\u00fcrliche oder zuf\u00e4llige Ablagerung betreffen kann, bieten wir Ihnen 3 Reinigungsl\u00f6sungen:<\/h2>\n<div class=\"vc_sep_holder vc_sep_holder_r\">\n<p class=\"vc_sep_line\" style=\"border-color: grey;\">\n<\/div>\n<p>[\/vc_column_text][\/vc_column][\/vc_row][vc_row equal_height=&#8220;yes&#8220;][vc_column width=&#8220;1\/3&#8243;][vc_column_text]<\/p>\n<h3>AUFL\u00d6SUNG DER BR\u00dcCKENBILDUNGEN MIT DER POWERNET L\u00d6SUNG<\/h3>\n<p>[\/vc_column_text][vc_column_text]Die Aufl\u00f6sung der Br\u00fcckenbildungen durch den\u00a0<strong><a href=\"\/de\/powernet\/\">POWERNET<\/a><\/strong>\u00a0erm\u00f6glicht es, Probleme der Br\u00fcckenbildung mittels einer vollkommen sicheren Bohrung in das angebackene Produkt zu l\u00f6sen und dessen Abfluss zu erleichtern. Die Verwendung des\u00a0<strong><a href=\"\/de\/powernet\/\">POWERNET<\/a><\/strong>\u00a0erfolgt vor einem zus\u00e4tzlichen Gironeteinsatz, wenn die Lagereinheit vollkommen verstopft ist.[\/vc_column_text][vc_single_image image=&#8220;4672&#8243; img_size=&#8220;full&#8220; alignment=&#8220;center&#8220;][\/vc_column][vc_column width=&#8220;1\/3&#8243;][vc_column_text]<\/p>\n<h3>AUFL\u00d6SUNG DER ANBACKUNGEN MIT DER GIRONET L\u00d6SUNG<\/h3>\n<p>[\/vc_column_text][vc_column_text]Der 360\u00b0 drehbare Arm des\u00a0<a href=\"\/de\/gironet\/\"><strong>GIRONET<\/strong><\/a>\u00a0erm\u00f6glicht es, Probleme der Art Kaminbildung zu l\u00f6sen. Dadurch gewinnen Sie Ihre gesamte Lagerkapazit\u00e4t vollkommen sicher und ohne St\u00f6rung Ihres Industrieprozesses zur\u00fcck. Der\u00a0<strong><a href=\"\/de\/gironet\/\">GIRONET<\/a><\/strong>\u00a0wird in verschiedenen Versionen angeboten, um sich allen Materialarten anzupassen. Versionen: Pneumatisch, ATEX Pneumatik und Hydraulisch.[\/vc_column_text][vc_single_image image=&#8220;4673&#8243; img_size=&#8220;full&#8220; alignment=&#8220;center&#8220;][\/vc_column][vc_column width=&#8220;1\/3&#8243;][vc_column_text]<\/p>\n<h3>REINIGUNGSDIENSTLEISTUNG MITTELS ABSAUGUNG<\/h3>\n<p>[\/vc_column_text][vc_column_text]Je nach abzusaugender Menge bietet Ihnen unser Team mehrere Absaugl\u00f6sungen unter den folgenden M\u00f6glichkeiten an:<\/p>\n<ul>\n<li><b><a href=\"https:\/\/www.standard-industrie.com\/de\/gad\/\">Transportierbare Absauggruppe GAD<\/a><\/b><\/li>\n<li><b><a href=\"https:\/\/www.standard-industrie.com\/de\/valnet\/\">Leichtes Absaugfahrzeug VALNET<\/a><\/b><\/li>\n<\/ul>\n<p>[\/vc_column_text][vc_single_image image=&#8220;4674&#8243; img_size=&#8220;full&#8220;][\/vc_column][\/vc_row][vc_row][vc_column][vc_btn title=&#8220;Kontaktieren Sie uns&#8220; style=&#8220;custom&#8220; custom_background=&#8220;#3e5d9e&#8220; custom_text=&#8220;#ffffff&#8220; shape=&#8220;square&#8220; size=&#8220;sm&#8220; align=&#8220;center&#8220; link=&#8220;url:%2Fde%2Fkontakt%2F&#8220;][\/vc_column][\/vc_row]<\/p>\n","protected":false},"excerpt":{"rendered":"<p>[vc_row][vc_column][vc_empty_space][vc_column_text el_class=&#8220;gros-titre fort trait-bleu traits-gris-droite-gauche titre-centre vc_separator wpb_content_element vc_separator_align_center vc_sep_width_100 vc_sep_border_width_2 vc_sep_pos_align_center vc_separator-has-text&#8220;] UNSERE L\u00d6SUNGEN [\/vc_column_text][\/vc_column][\/vc_row][vc_row][vc_column width=&#8220;1\/2&#8243;][vc_column_text]Unsere Siloreinigungsdienstleistungen halten sehr strikte Sicherheitsnormen ein und erm\u00f6glichen es,<span class=\"excerpt-hellip\"> [\u2026]<\/span><\/p>\n","protected":false},"author":1,"featured_media":0,"parent":0,"menu_order":64,"comment_status":"closed","ping_status":"closed","template":"single-prestations-nettoyage-silos-tremies.php","meta":{"footnotes":""},"class_list":["post-882","page","type-page","status-publish","hentry"],"_links":{"self":[{"href":"https:\/\/www.standard-industrie.com\/de\/wp-json\/wp\/v2\/pages\/882","targetHints":{"allow":["GET"]}}],"collection":[{"href":"https:\/\/www.standard-industrie.com\/de\/wp-json\/wp\/v2\/pages"}],"about":[{"href":"https:\/\/www.standard-industrie.com\/de\/wp-json\/wp\/v2\/types\/page"}],"author":[{"embeddable":true,"href":"https:\/\/www.standard-industrie.com\/de\/wp-json\/wp\/v2\/users\/1"}],"replies":[{"embeddable":true,"href":"https:\/\/www.standard-industrie.com\/de\/wp-json\/wp\/v2\/comments?post=882"}],"version-history":[{"count":0,"href":"https:\/\/www.standard-industrie.com\/de\/wp-json\/wp\/v2\/pages\/882\/revisions"}],"wp:attachment":[{"href":"https:\/\/www.standard-industrie.com\/de\/wp-json\/wp\/v2\/media?parent=882"}],"curies":[{"name":"wp","href":"https:\/\/api.w.org\/{rel}","templated":true}]}}