{"id":889,"date":"2014-06-09T15:27:53","date_gmt":"2014-06-09T14:27:53","guid":{"rendered":"https:\/\/www.standard-industrie.com\/de\/?page_id=889"},"modified":"2023-02-20T14:24:00","modified_gmt":"2023-02-20T13:24:00","slug":"rechtliche-hinweise","status":"publish","type":"page","link":"https:\/\/www.standard-industrie.com\/de\/rechtliche-hinweise\/","title":{"rendered":"Rechtliche Hinweise"},"content":{"rendered":"<p>[vc_row][vc_column][vc_empty_space][vc_column_text]<\/p>\n<h2>Informationen \u00fcber den Herausgeber der Website<\/h2>\n<p><strong>STANDARD INDUSTRIE<\/strong><\/p>\n<p>139-141, rue du Luxembourg &#8211; CS 50207<br \/>\n59054 Roubaix Cedex 1<br \/>\nFRANCE<\/p>\n<p>Telefon : +33 (0)3 20 28 32 32<br \/>\nFax : +33 (0)3 20 68 51 16<br \/>\nE-mail : info@www.standard-industrie.com\/de<\/p>\n<p>Eingetragen im Handels- und Gesellschaftsregister von Lille Metropole unter der Nummer 312 479 769<\/p>\n<p>S.A.S. mit einem Kapital von 1 237 600 \u20ac.<\/p>\n<p>Vorstandsvorsitzender und CEO: Herr Herv\u00e9 SIMOENS<\/p>\n<h2>Informationen \u00fcber den Betreiber der Website<\/h2>\n<p><strong>NAVAHO<br \/>\n<\/strong>41 rue de l\u2019Echiquier<br \/>\n75010 Paris<br \/>\nFRANCE<\/p>\n<p>Telefon: \u00a00825 000 412<br \/>\nE-mail : info@navaho.fr<\/p>\n<p>Eingetragen im Pariser Handels- und Gesellschaftsregister unter der Nummer 799 422 126 SASU (vereinfachte Aktiengesellschaft) mit einem einzigen Aktion\u00e4r<\/p>\n<h2>Nat\u00fcrliche Referenzierung der Seite<\/h2>\n<p>Firma: <a href=\"https:\/\/www.d2bconsulting.fr\/\">D2b Consulting<\/a>, Beratung f\u00fcr Gesch\u00e4ftsstrategie und nat\u00fcrliche Suchmaschinenoptimierung Adresse: 3, rue Louis Gattefoss\u00e9 \u2013 69800 St Priest.<\/p>\n<h2>Rechtliche Bestimmungen<\/h2>\n<p>Die auf dieser Website und im weiteren Sinne auf den Domainnamen, die Eigentum von Standard Industrie sind, verbreiteten Informationen werden zu rein informativen Zwecken bereitgestellt. Standard Industrie stellt diese Inhalte aus verschiedenen \u00fcbereinstimmenden Quellen zusammen und produziert sie. Standard Industrie haftet weder f\u00fcr die Richtigkeit und Relevanz der Inhalte noch f\u00fcr die Nutzung und Verwertung durch den Nutzer der Website. Die vollst\u00e4ndige oder teilweise Vervielf\u00e4ltigung, \u00c4nderung, Ver\u00f6ffentlichung oder Kopie der auf den Domains von Standard Industrie dargestellten Inhalte ist unabh\u00e4ngig von der Art des Verfahrens und des Mediums untersagt.<\/p>\n<h2>Ausschluss der Garantie<\/h2>\n<p>Standard Industrie bem\u00fcht sich nach besten Kr\u00e4ften, die Richtigkeit und Aktualit\u00e4t des Inhalts der Website zu gew\u00e4hrleisten. Dennoch \u00fcbernimmt Standard Industrie keine Haftung f\u00fcr Informationen, die auf oder \u00fcber die Website abgerufen werden k\u00f6nnen, insbesondere nicht f\u00fcr deren Inhalt, Vollst\u00e4ndigkeit, Genauigkeit oder Zuverl\u00e4ssigkeit. Standard Industrie gibt keine Garantien jeglicher Art, weder ausdr\u00fccklich noch stillschweigend, insbesondere nicht in Bezug auf die Unterbrechungs- oder Fehlerfreiheit des Dienstes oder die Leistungen oder Ergebnisse, die sich aus der Nutzung der Website ergeben. Die auf der Website enthaltenen Informationen k\u00f6nnen jederzeit ge\u00e4ndert werden. Standard Industrie kann nicht garantieren, dass die Informationen vollst\u00e4ndig, wahr oder aktuell sind.<\/p>\n<h2>Ausschluss der Haftung<\/h2>\n<p>Standard Industrie haftet Ihnen oder Dritten gegen\u00fcber nicht f\u00fcr direkte, indirekte oder Folgesch\u00e4den, die sich aus der Nutzung der auf der Website enthaltenen Informationen und Materialien oder anderer Inhalte, auf die Sie \u00fcber Links von der Website aus zugreifen k\u00f6nnen, ergeben. Die direkt oder indirekt verlinkten Seiten unterliegen nicht der Kontrolle von Standard Industrie. Dementsprechend \u00fcbernimmt Standard Industrie keine Verantwortung f\u00fcr die auf diesen Websites ver\u00f6ffentlichten Informationen. Links zu externen Websites werden nur als Annehmlichkeit zur Verf\u00fcgung gestellt und bedeuten keine Garantie f\u00fcr deren Inhalt.<\/p>\n<h2>Schutz der Privatsph\u00e4re<\/h2>\n<p>Die erhobenen personenbezogenen Daten sind nur f\u00fcr den internen Gebrauch bestimmt. In keinem Fall werden diese Daten an Dritte weitergegeben oder verkauft. Gem\u00e4\u00df der franz\u00f6sischen Gesetzgebung haben Sie das Recht, auf die Sie betreffenden Daten zuzugreifen, sie zu \u00e4ndern, zu berichtigen und zu l\u00f6schen. F\u00fcr jede Anfrage k\u00f6nnen Sie sich an uns wenden.<\/p>\n<h2>Bestimmungen der DSGVO<\/h2>\n<p>Standard Industrie ist der Verantwortliche f\u00fcr die Verarbeitung der auf der Website www.standard-industrie.com\/de gesammelten Daten. Der Nutzer wird insbesondere darauf hingewiesen, dass gem\u00e4\u00df dem Gesetz \u00fcber Informatik und Freiheiten vom 6. Januar 1978 in der ge\u00e4nderten Fassung und der allgemeinen Verordnung \u00fcber den Datenschutz vom 27. April 2016 die Informationen, die er \u00fcber die Formulare auf der Website von Standard Industrie \u00fcbermittelt, zur Beantwortung seiner Anfrage erforderlich sind und f\u00fcr die mit der Beantwortung seiner Anfrage beauftragten Abteilungen zum Zwecke der Nachverfolgung dieser Anfrage bestimmt sind. Gem\u00e4\u00df dem Gesetz &#8222;Informatique et Libert\u00e9s&#8220; vom 6. Januar 1978 in seiner neuesten Fassung und der Allgemeinen Datenschutzverordnung (RGPD) vom 27. April 2016 hat der Nutzer ein Recht auf Zugang, Berichtigung und L\u00f6schung, Einschr\u00e4nkung, Widerspruch und \u00dcbertragbarkeit der ihn betreffenden Informationen, das er aus\u00fcben kann, indem er sich an Standard Industrie, 139-141, rue du Luxembourg &#8211; CS 50207 &#8211; 59054 Roubaix Cedex 1 &#8211; FRANCE, oder per E-Mail an info@www.standard-industrie.com\/de wendet, wobei er im Betreff &#8222;Personenrechte&#8220; angeben und eine Kopie seines Identit\u00e4tsnachweises beif\u00fcgen muss. Sie haben auch das Recht, Richtlinien \u00fcber den Verbleib Ihrer Daten nach Ihrem Tod zu erlassen. Der Nutzer wird dar\u00fcber informiert, dass bei seinen Besuchen auf der Website www.standard-industrie.com\/de ein Cookie auf seiner Navigationssoftware installiert werden kann, sobald er seine Zustimmung dazu gegeben hat. Die auf dieser Website gesammelten Informationen werden drei Jahre lang gespeichert. Ein Cookie ist ein Datenblock, mit dem Nutzer nicht identifiziert werden k\u00f6nnen, der aber dazu dient, Informationen \u00fcber die Navigation des Nutzers auf der Website zu speichern. Der Nutzer hat unter den oben genannten Bedingungen ein Recht auf Zugang, Widerruf und \u00c4nderung der \u00fcber Cookies \u00fcbermittelten personenbezogenen Daten. Der Nutzer der Website von Standard Industrie ist verpflichtet, die Bestimmungen des ge\u00e4nderten Gesetzes \u00fcber Informatik und Freiheiten vom 6. Januar 1978 einzuhalten, dessen Verletzung strafrechtlich geahndet werden kann. Insbesondere muss er in Bezug auf die namentlichen Informationen, auf die er zugreift, jede Sammlung, jede zweckentfremdete Nutzung und generell jede Handlung unterlassen, die das Privatleben oder den Ruf von Personen beeintr\u00e4chtigen k\u00f6nnte. Verwaltung von Cookies<\/p>\n<h2>Links von und zu diesem Inhalt<\/h2>\n<p>Die Inhalte der Domains von Standard Industrie k\u00f6nnen Links zu anderen Websites oder anderen Internetinhalten enthalten, die nicht Eigentum von Standard Industrie sind. Folglich kann Standard Industrie nicht f\u00fcr diese Inhalte und die Funktionsweise dieser Websites (Cookies, Sammlung pers\u00f6nlicher Daten, &#8230;) verantwortlich gemacht werden. Es ist m\u00f6glich, Links zu Inhalten zu erstellen, die von Standard Industrie zusammengestellt oder produziert wurden. Um diese Links zum Vorteil der beiden Websites zu optimieren, kann Standard Industrie dazu veranlasst werden, eine \u00c4nderung bei der Erstellung des Links zu verlangen (Schl\u00fcsselw\u00f6rter, URL, &#8230;).<\/p>\n<h2>Copyright<\/h2>\n<p>Alle Rechte der Vervielf\u00e4ltigung und Verbreitung vorbehalten. Standard Industrie 2022.[\/vc_column_text][\/vc_column][\/vc_row]<\/p>\n","protected":false},"excerpt":{"rendered":"<p>[vc_row][vc_column][vc_empty_space][vc_column_text] Informationen \u00fcber den Herausgeber der Website STANDARD INDUSTRIE 139-141, rue du Luxembourg &#8211; CS 50207 59054 Roubaix Cedex 1 FRANCE Telefon : +33 (0)3 20<span class=\"excerpt-hellip\"> [\u2026]<\/span><\/p>\n","protected":false},"author":1,"featured_media":0,"parent":0,"menu_order":62,"comment_status":"open","ping_status":"open","template":"","meta":{"footnotes":""},"class_list":["post-889","page","type-page","status-publish","hentry"],"_links":{"self":[{"href":"https:\/\/www.standard-industrie.com\/de\/wp-json\/wp\/v2\/pages\/889","targetHints":{"allow":["GET"]}}],"collection":[{"href":"https:\/\/www.standard-industrie.com\/de\/wp-json\/wp\/v2\/pages"}],"about":[{"href":"https:\/\/www.standard-industrie.com\/de\/wp-json\/wp\/v2\/types\/page"}],"author":[{"embeddable":true,"href":"https:\/\/www.standard-industrie.com\/de\/wp-json\/wp\/v2\/users\/1"}],"replies":[{"embeddable":true,"href":"https:\/\/www.standard-industrie.com\/de\/wp-json\/wp\/v2\/comments?post=889"}],"version-history":[{"count":0,"href":"https:\/\/www.standard-industrie.com\/de\/wp-json\/wp\/v2\/pages\/889\/revisions"}],"wp:attachment":[{"href":"https:\/\/www.standard-industrie.com\/de\/wp-json\/wp\/v2\/media?parent=889"}],"curies":[{"name":"wp","href":"https:\/\/api.w.org\/{rel}","templated":true}]}}