{"id":92,"date":"2014-05-20T15:36:07","date_gmt":"2014-05-20T14:36:07","guid":{"rendered":"https:\/\/www.standard-industrie.com\/de\/?page_id=92"},"modified":"2023-01-31T15:44:56","modified_gmt":"2023-01-31T14:44:56","slug":"unser-team","status":"publish","type":"page","link":"https:\/\/www.standard-industrie.com\/de\/unser-team\/","title":{"rendered":"Unser Team"},"content":{"rendered":"<p>[vc_row][vc_column][vc_empty_space][\/vc_column][\/vc_row][vc_row el_class=&#8220;invert-block&#8220;][vc_column width=&#8220;1\/2&#8243; el_class=&#8220;partie-txt&#8220;][vc_column_text el_class=&#8220;gros-titre fort traits-gris-droite-gauche titre-gauche vc_sep_border_width_2 vc_separator wpb_content_element vc_separator_align_left vc_sep_width_100 vc_sep_pos_align_center vc_sep_color_grey vc_separator-has-text&#8220;]<\/p>\n<div class=\"vc_sep_holder vc_sep_holder_l\">\n<p class=\"vc_sep_line\" style=\"border-color: grey;\">\n<\/div>\n<h2>STANDARD INDUSTRIE INTERNATIONAL :<\/h2>\n<div class=\"vc_sep_holder vc_sep_holder_r\">\n<p class=\"vc_sep_line\" style=\"border-color: grey;\">\n<\/div>\n<p>[\/vc_column_text][vc_column_text]STANDARD INDUSTRIE International besteht aus einem motivierten, dynamischen Team, das \u00fcber Know-how und jahrelange Erfahrungen verf\u00fcgt, um Ihnen konkrete L\u00f6sungen f\u00fcr Ihre jeweiligen Probleme zu bieten.[\/vc_column_text][vc_column_text el_class=&#8220;gros-titre fort traits-gris-droite-gauche titre-gauche vc_sep_border_width_2 vc_separator wpb_content_element vc_separator_align_left vc_sep_width_100 vc_sep_pos_align_center vc_sep_color_grey vc_separator-has-text&#8220;]<\/p>\n<div class=\"vc_sep_holder vc_sep_holder_l\">\n<p class=\"vc_sep_line\" style=\"border-color: grey;\">\n<\/div>\n<h2>BERATUNG UND TECHNISCHE EMPFEHLUNGEN :<\/h2>\n<div class=\"vc_sep_holder vc_sep_holder_r\">\n<p class=\"vc_sep_line\" style=\"border-color: grey;\">\n<\/div>\n<p>[\/vc_column_text][vc_column_text]Unser technischer Mitarbeiterstab besteht aus Spezialisten im Bereich industrielle Prozesse, sie sind weltweit t\u00e4tig und stehen zu Ihrer Verf\u00fcgung, um Sie beim Einrichten und der Inbetriebnahme Ihrer Anlagen zu beraten.<br \/>\nDiese Fachleute verf\u00fcgen \u00fcber Know-how und jahrelange Erfahrungen, um anhand einer auf Ihre Anforderungen zugeschneiderte technische Studie konkrete L\u00f6sungen f\u00fcr Ihre jeweiligen Probleme beim Sch\u00fcttguthandling zu bieten.[\/vc_column_text][\/vc_column][vc_column css_animation=&#8220;slideInRight&#8220; width=&#8220;1\/2&#8243;][vc_single_image image=&#8220;5707&#8243; img_size=&#8220;full&#8220; alignment=&#8220;center&#8220;][\/vc_column][\/vc_row][vc_row][vc_column][vc_btn title=&#8220;Kontaktieren Sie uns&#8220; style=&#8220;flat&#8220; shape=&#8220;square&#8220; color=&#8220;black&#8220; align=&#8220;center&#8220; link=&#8220;url:%2Fde%2FKontakt%2F|title:Contact%20Standard%20industrie&#8220;][\/vc_column][\/vc_row][vc_row el_class=&#8220;invert-block&#8220;][vc_column css_animation=&#8220;slideInLeft&#8220; width=&#8220;1\/2&#8243;][vc_single_image image=&#8220;4593&#8243; img_size=&#8220;full&#8220; alignment=&#8220;center&#8220;][\/vc_column][vc_column width=&#8220;1\/2&#8243; el_class=&#8220;partie-txt&#8220;][vc_column_text el_class=&#8220;gros-titre fort traits-gris-droite-gauche titre-gauche vc_sep_border_width_2 vc_separator wpb_content_element vc_separator_align_left vc_sep_width_100 vc_sep_pos_align_center vc_sep_color_grey vc_separator-has-text&#8220;]<\/p>\n<div class=\"vc_sep_holder vc_sep_holder_l\">\n<p class=\"vc_sep_line\" style=\"border-color: grey;\">\n<\/div>\n<h2>MONTAGE UND INBETRIEBNAHME DURCH UNSEREN SERVICE :<\/h2>\n<div class=\"vc_sep_holder vc_sep_holder_r\">\n<p class=\"vc_sep_line\" style=\"border-color: grey;\">\n<\/div>\n<p>[\/vc_column_text][vc_column_text]Wir k\u00f6nnen die Montage, Aufsicht und die Inbetriebnahme Ihrer neuen Anlagen vornehmen. Unsere technischen Teams sind qualifiziert, um Ihre Anlagen absolut sicher zu installieren.[\/vc_column_text][vc_column_text el_class=&#8220;gros-titre fort traits-gris-droite-gauche titre-gauche vc_sep_border_width_2 vc_separator wpb_content_element vc_separator_align_left vc_sep_width_100 vc_sep_pos_align_center vc_sep_color_grey vc_separator-has-text&#8220;]<\/p>\n<div class=\"vc_sep_holder vc_sep_holder_l\">\n<p class=\"vc_sep_line\" style=\"border-color: grey;\">\n<\/div>\n<h2>KUNDENDIENST UND WARTUNGSVERTR\u00c4GE :<\/h2>\n<div class=\"vc_sep_holder vc_sep_holder_r\">\n<p class=\"vc_sep_line\" style=\"border-color: grey;\">\n<\/div>\n<p>[\/vc_column_text][vc_column_text]Wir stehen Ihnen gerne bei der Wartung Ihrer Anlagen zur Verf\u00fcgung: Diagnose und Reparatur. Dank unserer globalen Pr\u00e4sen, werden Ihre gesamten Anfragen so schnell wie m\u00f6glich bearbeitet, um umgehend handeln zu k\u00f6nnen, unabh\u00e4ngig davon, wo sich der Standort Ihres Betriebs befindet.[\/vc_column_text][\/vc_column][\/vc_row][vc_row el_class=&#8220;invert-block&#8220;][vc_column width=&#8220;1\/2&#8243; el_class=&#8220;partie-txt&#8220;][vc_column_text el_class=&#8220;gros-titre fort traits-gris-droite-gauche titre-gauche vc_sep_border_width_2 vc_separator wpb_content_element vc_separator_align_left vc_sep_width_100 vc_sep_pos_align_center vc_sep_color_grey vc_separator-has-text&#8220;]<\/p>\n<div class=\"vc_sep_holder vc_sep_holder_l\">\n<p class=\"vc_sep_line\" style=\"border-color: grey;\">\n<\/div>\n<h2>VORSCHRIFTSM\u00c4SSIGE NACHBESSERUNGEN :<\/h2>\n<div class=\"vc_sep_holder vc_sep_holder_r\">\n<p class=\"vc_sep_line\" style=\"border-color: grey;\">\n<\/div>\n<p>[\/vc_column_text][vc_column_text]Wir informieren Sie \u00fcber neu eingef\u00fchrte Gesetze und Bestimmungen, um unsere Anlagen im Sinne dieser Normen weiter zu entwickeln.[\/vc_column_text][vc_column_text el_class=&#8220;gros-titre fort traits-gris-droite-gauche titre-gauche vc_sep_border_width_2 vc_separator wpb_content_element vc_separator_align_left vc_sep_width_100 vc_sep_pos_align_center vc_sep_color_grey vc_separator-has-text&#8220;]<\/p>\n<div class=\"vc_sep_holder vc_sep_holder_l\">\n<p class=\"vc_sep_line\" style=\"border-color: grey;\">\n<\/div>\n<h2>FORTBILDUNGS :<\/h2>\n<div class=\"vc_sep_holder vc_sep_holder_r\">\n<p class=\"vc_sep_line\" style=\"border-color: grey;\">\n<\/div>\n<p>[\/vc_column_text][vc_column_text]Auf Wunsch k\u00f6nnen wir Ihr Personal f\u00fcr die neuen Anlagen in Ihrem Betrieb schulen.[\/vc_column_text][\/vc_column][vc_column css_animation=&#8220;slideInRight&#8220; width=&#8220;1\/2&#8243;][vc_single_image image=&#8220;5708&#8243; img_size=&#8220;full&#8220; alignment=&#8220;center&#8220;][\/vc_column][\/vc_row][vc_row][vc_column][vc_btn title=&#8220;Kontaktieren Sie uns&#8220; style=&#8220;flat&#8220; shape=&#8220;square&#8220; color=&#8220;black&#8220; align=&#8220;center&#8220; link=&#8220;url:%2Fde%2FKontakt%2F|title:Contact%20Standard%20industrie&#8220;][\/vc_column][\/vc_row]<\/p>\n","protected":false},"excerpt":{"rendered":"<p>[vc_row][vc_column][vc_empty_space][\/vc_column][\/vc_row][vc_row el_class=&#8220;invert-block&#8220;][vc_column width=&#8220;1\/2&#8243; el_class=&#8220;partie-txt&#8220;][vc_column_text el_class=&#8220;gros-titre fort traits-gris-droite-gauche titre-gauche vc_sep_border_width_2 vc_separator wpb_content_element vc_separator_align_left vc_sep_width_100 vc_sep_pos_align_center vc_sep_color_grey vc_separator-has-text&#8220;] STANDARD INDUSTRIE INTERNATIONAL : [\/vc_column_text][vc_column_text]STANDARD INDUSTRIE International besteht aus einem<span class=\"excerpt-hellip\"> [\u2026]<\/span><\/p>\n","protected":false},"author":1,"featured_media":0,"parent":0,"menu_order":81,"comment_status":"open","ping_status":"open","template":"single-standard.php","meta":{"footnotes":""},"class_list":["post-92","page","type-page","status-publish","hentry"],"_links":{"self":[{"href":"https:\/\/www.standard-industrie.com\/de\/wp-json\/wp\/v2\/pages\/92","targetHints":{"allow":["GET"]}}],"collection":[{"href":"https:\/\/www.standard-industrie.com\/de\/wp-json\/wp\/v2\/pages"}],"about":[{"href":"https:\/\/www.standard-industrie.com\/de\/wp-json\/wp\/v2\/types\/page"}],"author":[{"embeddable":true,"href":"https:\/\/www.standard-industrie.com\/de\/wp-json\/wp\/v2\/users\/1"}],"replies":[{"embeddable":true,"href":"https:\/\/www.standard-industrie.com\/de\/wp-json\/wp\/v2\/comments?post=92"}],"version-history":[{"count":0,"href":"https:\/\/www.standard-industrie.com\/de\/wp-json\/wp\/v2\/pages\/92\/revisions"}],"wp:attachment":[{"href":"https:\/\/www.standard-industrie.com\/de\/wp-json\/wp\/v2\/media?parent=92"}],"curies":[{"name":"wp","href":"https:\/\/api.w.org\/{rel}","templated":true}]}}