{"id":94,"date":"2014-05-20T15:36:20","date_gmt":"2014-05-20T14:36:20","guid":{"rendered":"https:\/\/www.standard-industrie.com\/de\/?page_id=94"},"modified":"2023-03-22T11:32:54","modified_gmt":"2023-03-22T10:32:54","slug":"unsere-kunden","status":"publish","type":"page","link":"https:\/\/www.standard-industrie.com\/de\/unsere-kunden\/","title":{"rendered":"Unsere Kunden"},"content":{"rendered":"<p>[vc_row][vc_column][vc_empty_space][\/vc_column][\/vc_row][vc_row][vc_column width=&#8220;1\/4&#8243;][\/vc_column][vc_column width=&#8220;1\/2&#8243;][vc_column_text]<\/p>\n<p style=\"text-align: center;\">Unsere L\u00f6sungen richten sich an alle Industriebetriebe in mehr als 90 L\u00e4ndern, die pulverf\u00f6rmige Produkte lagern und verarbeiten, d.h. an mehr als 60 Branchen, darunter: Zementfabriken, Gie\u00dfereien, Keramik- und Glasfabriken, M\u00fchlen, Lebensmittelindustrie, Stahlwerke und Eisen- und Stahlindustrie, Kalkwerke, Bergwerke und Steinbr\u00fcche, Reinigungsunternehmen, Kokereien, chemische Industrie, W\u00e4rmekraftwerke und Biomassekraftwerke, Verbrennungsanlagen, usw&#8230;<br \/>\n<strong><a href=\"https:\/\/www.standard-industrie.com\/de\/fallstudien\/\" target=\"_blank\" rel=\"noopener\">Sie k\u00f6nnen sich auch unsere Kundenf\u00e4lle ansehen<\/a><\/strong><\/p>\n<p>[\/vc_column_text][\/vc_column][vc_column width=&#8220;1\/4&#8243;][\/vc_column][\/vc_row][vc_row el_class=&#8220;invert-block&#8220;][vc_column el_class=&#8220;partie-txt rouge&#8220;][vc_basic_grid post_type=&#8220;logo_client&#8220; max_items=&#8220;200&#8243; show_filter=&#8220;yes&#8220; element_width=&#8220;3&#8243; orderby=&#8220;title&#8220; order=&#8220;ASC&#8220; filter_style=&#8220;dropdown&#8220; filter_size=&#8220;sm&#8220; item=&#8220;5372&#8243; grid_id=&#8220;vc_gid:1679481160682-0a3542d3-8568-8&#8243; filter_source=&#8220;secteur_activite&#8220; el_class=&#8220;logo-clients&#8220;][\/vc_column][\/vc_row][vc_row][vc_column][vc_btn title=&#8220;Kontaktieren Sie uns&#8220; style=&#8220;flat&#8220; shape=&#8220;square&#8220; color=&#8220;black&#8220; align=&#8220;center&#8220; link=&#8220;url:%2Fde%2Fkontakt%2F|title:Contact%20Standard%20industrie&#8220;][\/vc_column][\/vc_row]<\/p>\n","protected":false},"excerpt":{"rendered":"<p>[vc_row][vc_column][vc_empty_space][\/vc_column][\/vc_row][vc_row][vc_column width=&#8220;1\/4&#8243;][\/vc_column][vc_column width=&#8220;1\/2&#8243;][vc_column_text] Unsere L\u00f6sungen richten sich an alle Industriebetriebe in mehr als 90 L\u00e4ndern, die pulverf\u00f6rmige Produkte lagern und verarbeiten, d.h. an mehr als 60<span class=\"excerpt-hellip\"> [\u2026]<\/span><\/p>\n","protected":false},"author":1,"featured_media":0,"parent":0,"menu_order":79,"comment_status":"open","ping_status":"open","template":"single-standard.php","meta":{"footnotes":""},"class_list":["post-94","page","type-page","status-publish","hentry"],"_links":{"self":[{"href":"https:\/\/www.standard-industrie.com\/de\/wp-json\/wp\/v2\/pages\/94","targetHints":{"allow":["GET"]}}],"collection":[{"href":"https:\/\/www.standard-industrie.com\/de\/wp-json\/wp\/v2\/pages"}],"about":[{"href":"https:\/\/www.standard-industrie.com\/de\/wp-json\/wp\/v2\/types\/page"}],"author":[{"embeddable":true,"href":"https:\/\/www.standard-industrie.com\/de\/wp-json\/wp\/v2\/users\/1"}],"replies":[{"embeddable":true,"href":"https:\/\/www.standard-industrie.com\/de\/wp-json\/wp\/v2\/comments?post=94"}],"version-history":[{"count":0,"href":"https:\/\/www.standard-industrie.com\/de\/wp-json\/wp\/v2\/pages\/94\/revisions"}],"wp:attachment":[{"href":"https:\/\/www.standard-industrie.com\/de\/wp-json\/wp\/v2\/media?parent=94"}],"curies":[{"name":"wp","href":"https:\/\/api.w.org\/{rel}","templated":true}]}}