{"id":96,"date":"2014-05-20T15:36:35","date_gmt":"2014-05-20T14:36:35","guid":{"rendered":"https:\/\/www.standard-industrie.com\/de\/?page_id=96"},"modified":"2025-06-04T20:29:21","modified_gmt":"2025-06-04T19:29:21","slug":"unsere-tatigkeitsbereiche","status":"publish","type":"page","link":"https:\/\/www.standard-industrie.com\/de\/unsere-tatigkeitsbereiche\/","title":{"rendered":"UNSERE T\u00c4TIGKEITSBEREICHE"},"content":{"rendered":"<p>[vc_row][vc_column][vc_empty_space][\/vc_column][\/vc_row][vc_row][vc_column][vc_column_text el_class=&#8220;gros-titre fort traits-gris-droite-gauche titre-gauche vc_sep_border_width_2 vc_separator wpb_content_element vc_separator_align_left vc_sep_width_100 vc_sep_pos_align_center vc_sep_color_grey vc_separator-has-text&#8220;]<\/p>\n<div class=\"vc_sep_holder vc_sep_holder_l\">\n<p class=\"vc_sep_line\" style=\"border-color: grey;\">\n<\/div>\n<h2>STANDARD INDUSTRIE INTERNATIONAL<\/h2>\n<div class=\"vc_sep_holder vc_sep_holder_r\">\n<p class=\"vc_sep_line\" style=\"border-color: grey;\">\n<\/div>\n<p>[\/vc_column_text][vc_row_inner][vc_column_inner width=&#8220;1\/6&#8243;][\/vc_column_inner][vc_column_inner width=&#8220;2\/3&#8243;][vc_column_text]<\/p>\n<p style=\"text-align: center;\">STANDARD INDUSTRIE International ist seit 1978 spezialisiert auf die Entwicklung und Herstellung von Anlagen, um die Handhabung von Sch\u00fcttgut sicher und umweltgerecht zu gew\u00e4hrleisten.<\/p>\n<p style=\"text-align: center;\">Dank unserer Verfahren optimieren Sie die Leistung Ihrer Produktionsmittel und reduzieren Ihre Betriebs- und Wartungskosten.<\/p>\n<p style=\"text-align: center;\">Vier Aktivit\u00e4tsbereiche werden Ihnen geboten :<\/p>\n<p>[\/vc_column_text][\/vc_column_inner][vc_column_inner width=&#8220;1\/6&#8243;][\/vc_column_inner][\/vc_row_inner][\/vc_column][\/vc_row][vc_row el_class=&#8220;invert-block&#8220;][vc_column width=&#8220;1\/2&#8243; el_class=&#8220;partie-txt rouge&#8220;][vc_column_text el_class=&#8220;gros-titre fort traits-gris-droite-gauche titre-gauche vc_sep_border_width_2 vc_separator wpb_content_element vc_separator_align_left vc_sep_width_100 vc_sep_pos_align_center vc_sep_color_grey vc_separator-has-text trait-rouge&#8220;]<\/p>\n<div class=\"vc_sep_holder vc_sep_holder_l\">\n<p class=\"vc_sep_line\" style=\"border-color: grey;\">\n<\/div>\n<h2><a href=\"https:\/\/www.standard-industrie.com\/de\/beseitigung-der-anbackungen-und-anhaftungen\/\">BESEITIGUNG DER ANBACKUNGEN UND ANHAFTUNGEN<\/a><\/h2>\n<div class=\"vc_sep_holder vc_sep_holder_r\">\n<p class=\"vc_sep_line\" style=\"border-color: grey;\">\n<\/div>\n<p>[\/vc_column_text][vc_column_text]STANDARD INDUSTRIE International bietet Ihnen die richtige Technologie f\u00fcr die jeweilige Verstopfungsart. Dank dieser pr\u00e4ventiven L\u00f6sungen k\u00f6nnen Sie Ihre Produktivit\u00e4t optimieren, da Sie wieder \u00fcber die komplette Lagerkapazit\u00e4t verf\u00fcgen.<\/p>\n<p><strong>Produkte<\/strong><strong>\u00a0<\/strong><b>:\u00a0<a title=\"AIRCHOC\u00ae Wireless\" href=\"\/de\/airchoc-2\/\">Luftkanone AIRCHOC<sup>\u00ae\u00a0<\/sup>Wireless<\/a>\u00a0&amp;\u00a0<a title=\"MACSYS WIRELESS\" href=\"\/de\/macsys-wireless\/\">Mehrfachausgang Luftkanone MACSYS Wireless<\/a>.<\/b>[\/vc_column_text][\/vc_column][vc_column css_animation=&#8220;slideInRight&#8220; width=&#8220;1\/2&#8243;][vc_single_image image=&#8220;5876&#8243; img_size=&#8220;full&#8220; alignment=&#8220;center&#8220; onclick=&#8220;custom_link&#8220; link=&#8220;\/de\/beseitigung-der-anbackungen-und-anhaftungen\/&#8220;][\/vc_column][\/vc_row][vc_row][vc_column][vc_btn title=&#8220;Kontaktieren Sie uns&#8220; style=&#8220;flat&#8220; shape=&#8220;square&#8220; color=&#8220;black&#8220; align=&#8220;center&#8220; link=&#8220;url:%2Fde%2Fkontakt%2F|title:Contact%20Standard%20industrie&#8220;][\/vc_column][\/vc_row][vc_row el_class=&#8220;invert-block&#8220;][vc_column css_animation=&#8220;slideInLeft&#8220; width=&#8220;1\/2&#8243;][vc_single_image image=&#8220;5877&#8243; img_size=&#8220;full&#8220; alignment=&#8220;center&#8220; onclick=&#8220;custom_link&#8220; link=&#8220;https:\/\/www.standard-industrie.com\/de\/industrielle-absaugung\/&#8220;][\/vc_column][vc_column width=&#8220;1\/2&#8243; el_class=&#8220;partie-txt jaune&#8220;][vc_column_text el_class=&#8220;gros-titre fort trait-jaune traits-gris-droite-gauche titre-gauche vc_sep_border_width_2 vc_separator wpb_content_element vc_separator_align_left vc_sep_width_100 vc_sep_pos_align_center vc_sep_color_grey vc_separator-has-text&#8220;]<\/p>\n<div class=\"vc_sep_holder vc_sep_holder_l\">\n<p class=\"vc_sep_line\" style=\"border-color: grey;\">\n<\/div>\n<h2><a href=\"https:\/\/www.standard-industrie.com\/de\/industrielle-absaugung\/\">INDUSTRIELLE ABSAUGUNG<\/a><\/h2>\n<div class=\"vc_sep_holder vc_sep_holder_r\">\n<p class=\"vc_sep_line\" style=\"border-color: grey;\">\n<\/div>\n<p>[\/vc_column_text][vc_column_text]STANDARD INDUSTRIE International bietet Ihnen eine gro\u00dfe Produktpalette von industriellen Absaugl\u00f6sungen, die Ihren jeweiligen Reinigungs-, Pump- oder Recyclingsanforderungen entsprechen:\u00a0 3 bis 300 PS als elektrische betriebene, feststehende oder mobile Ausf\u00fchrung bzw. als Lastwagen.<\/p>\n<p><strong>Produkte<\/strong><strong>\u00a0<\/strong><strong>:<a title=\"VALNET\" href=\"\/de\/valnet\/\">VALNET<\/a>,\u00a0<a title=\"UMA COMPACT\" href=\"\/de\/uma-compact\/\">UMA Compact<\/a>,\u00a0<a title=\"INC\" href=\"\/de\/inc\/\">INC<\/a>,\u00a0<a title=\"GAD\" href=\"https:\/\/www.standard-industrie.com\/de\/gad\/\">GAD<\/a>,\u00a0<a title=\"SAM\" href=\"https:\/\/www.standard-industrie.com\/de\/sam\/\">SAM<\/a>,\u00a0<a title=\"PAD\" href=\"https:\/\/www.standard-industrie.com\/de\/pad\/\">PAD<\/a>,\u00a0<a title=\"PR\u00c9-S\u00c9PARATEURS-F\" href=\"https:\/\/www.standard-industrie.com\/de\/vorsortierer\/\">Vorsortierer<\/a>.<\/strong>[\/vc_column_text][\/vc_column][\/vc_row][vc_row el_class=&#8220;invert-block&#8220;][vc_column width=&#8220;1\/2&#8243; el_class=&#8220;partie-txt vert&#8220;][vc_column_text el_class=&#8220;gros-titre fort traits-gris-droite-gauche titre-gauche vc_sep_border_width_2 vc_separator wpb_content_element vc_separator_align_left vc_sep_width_100 vc_sep_pos_align_center vc_sep_color_grey vc_separator-has-text trait-vert&#8220;]<\/p>\n<div class=\"vc_sep_holder vc_sep_holder_l\">\n<p class=\"vc_sep_line\" style=\"border-color: grey;\">\n<\/div>\n<h2><a href=\"https:\/\/www.standard-industrie.com\/de\/optimierung-der-transportbaender\/\">OPTIMIERUNG DER TRANSPORTB\u00c4NDER<\/a><\/h2>\n<div class=\"vc_sep_holder vc_sep_holder_r\">\n<p class=\"vc_sep_line\" style=\"border-color: grey;\">\n<\/div>\n<p>[\/vc_column_text][vc_column_text]STANDARD INDUSTRIE International bietet ein innovatives System zur Optimierung der Dichtheit aller F\u00f6rderb\u00e4nder. Ihre Probleme mit der Sicherheit, der Staubemissionsreduzierung und Ihrer Wartungskosten k\u00f6nnen dank unseres patentierten Systems gel\u00f6st werden.<\/p>\n<p><strong>Produkte<\/strong><strong>\u00a0<\/strong><strong>:\u00a0<a title=\"LIFTUBE\u00ae\" href=\"https:\/\/www.standard-industrie.com\/de\/liftube\/\">LIFTUBE<sup>\u00ae<\/sup><\/a><\/strong>[\/vc_column_text][\/vc_column][vc_column css_animation=&#8220;slideInRight&#8220; width=&#8220;1\/2&#8243;][vc_single_image image=&#8220;5878&#8243; img_size=&#8220;full&#8220; alignment=&#8220;center&#8220; onclick=&#8220;custom_link&#8220; link=&#8220;https:\/\/www.standard-industrie.com\/de\/optimierung-der-transportbaender\/&#8220;][\/vc_column][\/vc_row][vc_row el_class=&#8220;invert-block&#8220;][vc_column css_animation=&#8220;slideInLeft&#8220; width=&#8220;1\/2&#8243;][vc_single_image image=&#8220;5879&#8243; img_size=&#8220;full&#8220; alignment=&#8220;center&#8220; onclick=&#8220;custom_link&#8220; link=&#8220;https:\/\/www.standard-industrie.com\/de\/trichter-und-siloreinigung-als-dienstleistung\/&#8220;][\/vc_column][vc_column width=&#8220;1\/2&#8243; el_class=&#8220;partie-txt bleu&#8220;][vc_column_text el_class=&#8220;gros-titre fort trait-bleu-fonce traits-gris-droite-gauche titre-gauche vc_sep_border_width_2 vc_separator wpb_content_element vc_separator_align_left vc_sep_width_100 vc_sep_pos_align_center vc_sep_color_grey vc_separator-has-text&#8220;]<\/p>\n<div class=\"vc_sep_holder vc_sep_holder_l\">\n<p class=\"vc_sep_line\" style=\"border-color: grey;\">\n<\/div>\n<h2><a href=\"https:\/\/www.standard-industrie.com\/de\/trichter-und-siloreinigung-als-dienstleistung\/\">TRICHTER- UND SILOREINIGUNG ALS DIENSTLEISTUNG<\/a><\/h2>\n<div class=\"vc_sep_holder vc_sep_holder_r\">\n<p class=\"vc_sep_line\" style=\"border-color: grey;\">\n<\/div>\n<p>[\/vc_column_text][vc_column_text]STANDARD INDUSTRIE International ist auch ein Dienstleistungsunternehmen f\u00fcr absolut sichere Reinigungs- und Absaugarbeiten von Silos und Trichtern, wobei sich keine Personen mehr ins Innere Ihrer Silos begeben m\u00fcssen.<\/p>\n<p><strong>Produkte<\/strong><strong>\u00a0<\/strong><strong>:\u00a0<a title=\"GIRONET\" href=\"https:\/\/www.standard-industrie.com\/de\/gironet\/\">GIRONET<\/a>,\u00a0<a title=\"POWERNET\" href=\"https:\/\/www.standard-industrie.com\/de\/powernet\/\">POWERNET\u00a0<\/a>\/\u00a0<a title=\"Reinigung durch absaugung\" href=\"https:\/\/www.standard-industrie.com\/de\/industrielle-absaugung\/\">Reinigung durch absaugung :\u00a0GAD, VALNET, LKW.<\/a><\/strong>[\/vc_column_text][\/vc_column][\/vc_row][vc_row el_class=&#8220;invert-block&#8220;][vc_column width=&#8220;1\/2&#8243; el_class=&#8220;partie-txt violet&#8220;][vc_column_text el_class=&#8220;gros-titre fort trait-violet traits-gris-droite-gauche titre-gauche vc_sep_border_width_2 vc_separator wpb_content_element vc_separator_align_left vc_sep_width_100 vc_sep_pos_align_center vc_sep_color_grey vc_separator-has-text&#8220;]<\/p>\n<div class=\"vc_sep_holder vc_sep_holder_l\">\n<p class=\"vc_sep_line\" style=\"border-color: grey;\">\n<\/div>\n<h2><a href=\"https:\/\/www.standard-industrie.com\/de\/transport-durchsieben-von-schuttgutern\/\">TRANSPORT DURCHSIEBEN VON SCH\u00dcTTG\u00dcTERN<\/a><\/h2>\n<div class=\"vc_sep_holder vc_sep_holder_r\">\n<p class=\"vc_sep_line\" style=\"border-color: grey;\">\n<\/div>\n<p>[\/vc_column_text][vc_column_text]Standard Industrie International bietet Ihnen weitere L\u00f6sungen f\u00fcr den Transport, das Sieben oder den Fluss von Sch\u00fcttgut an. Auf Wunsch fertigen wir Gummiformteile. Diese Produkte werden in der Industrie von Glaswaren, Keramik, D\u00fcngemitteln, Agribusiness, Chemie, Stahlwerken oder Zementwerken eingesetzt.<\/p>\n<p><strong>Produkte :\u00a0Gummischleusen, Gummibecher, Gummib\u00e4llen.<\/strong>[\/vc_column_text][\/vc_column][vc_column css_animation=&#8220;slideInRight&#8220; width=&#8220;1\/2&#8243;][vc_single_image image=&#8220;5880&#8243; img_size=&#8220;full&#8220; alignment=&#8220;center&#8220; onclick=&#8220;custom_link&#8220; link=&#8220;https:\/\/www.standard-industrie.com\/de\/transport-durchsieben-von-schuttgutern\/&#8220;][\/vc_column][\/vc_row][vc_row][vc_column][vc_btn title=&#8220;Kontaktieren Sie uns&#8220; style=&#8220;flat&#8220; shape=&#8220;square&#8220; color=&#8220;black&#8220; align=&#8220;center&#8220; link=&#8220;url:%2Fde%2Fkontakt%2F|title:Contact%20Standard%20industrie&#8220;][\/vc_column][\/vc_row]<\/p>\n","protected":false},"excerpt":{"rendered":"<p>[vc_row][vc_column][vc_empty_space][\/vc_column][\/vc_row][vc_row][vc_column][vc_column_text el_class=&#8220;gros-titre fort traits-gris-droite-gauche titre-gauche vc_sep_border_width_2 vc_separator wpb_content_element vc_separator_align_left vc_sep_width_100 vc_sep_pos_align_center vc_sep_color_grey vc_separator-has-text&#8220;] STANDARD INDUSTRIE INTERNATIONAL [\/vc_column_text][vc_row_inner][vc_column_inner width=&#8220;1\/6&#8243;][\/vc_column_inner][vc_column_inner width=&#8220;2\/3&#8243;][vc_column_text] STANDARD INDUSTRIE International ist seit 1978 spezialisiert<span class=\"excerpt-hellip\"> [\u2026]<\/span><\/p>\n","protected":false},"author":1,"featured_media":0,"parent":0,"menu_order":80,"comment_status":"closed","ping_status":"closed","template":"single-standard.php","meta":{"footnotes":""},"class_list":["post-96","page","type-page","status-publish","hentry"],"_links":{"self":[{"href":"https:\/\/www.standard-industrie.com\/de\/wp-json\/wp\/v2\/pages\/96","targetHints":{"allow":["GET"]}}],"collection":[{"href":"https:\/\/www.standard-industrie.com\/de\/wp-json\/wp\/v2\/pages"}],"about":[{"href":"https:\/\/www.standard-industrie.com\/de\/wp-json\/wp\/v2\/types\/page"}],"author":[{"embeddable":true,"href":"https:\/\/www.standard-industrie.com\/de\/wp-json\/wp\/v2\/users\/1"}],"replies":[{"embeddable":true,"href":"https:\/\/www.standard-industrie.com\/de\/wp-json\/wp\/v2\/comments?post=96"}],"version-history":[{"count":0,"href":"https:\/\/www.standard-industrie.com\/de\/wp-json\/wp\/v2\/pages\/96\/revisions"}],"wp:attachment":[{"href":"https:\/\/www.standard-industrie.com\/de\/wp-json\/wp\/v2\/media?parent=96"}],"curies":[{"name":"wp","href":"https:\/\/api.w.org\/{rel}","templated":true}]}}