{"id":4690,"date":"2022-11-17T17:05:49","date_gmt":"2022-11-17T16:05:49","guid":{"rendered":"https:\/\/www.standard-industrie.com\/en\/?page_id=4690"},"modified":"2025-06-04T17:43:05","modified_gmt":"2025-06-04T16:43:05","slug":"airchoc-air-blaster","status":"publish","type":"page","link":"https:\/\/www.standard-industrie.com\/en\/airchoc-air-blaster\/","title":{"rendered":"AIRCHOC\u00ae AIR BLASTER"},"content":{"rendered":"<p>[vc_row][vc_column css=&#8221;.vc_custom_1668767480700{margin-top: 10px !important;}&#8221;][vc_column_text el_class=&#8221;btn-retour txt-rouge&#8221;]<\/p>\n<div class=\"vc_sep_holder vc_sep_holder_l\">\n<p class=\"vc_sep_line\" style=\"border-color: grey;\"><a href=\"\/en\/blockage-build-up-removal\/\">&lt; Blockage &amp; build up removal<\/a><\/p>\n<\/div>\n<p>[\/vc_column_text][\/vc_column][\/vc_row][vc_row][vc_column][vc_empty_space][vc_column_text el_class=&#8221;gros-titre fort trait-rouge traits-gris-droite-gauche titre-centre vc_separator wpb_content_element vc_separator_align_center vc_sep_width_100 vc_sep_border_width_2 vc_sep_pos_align_center vc_separator-has-text&#8221;]<\/p>\n<div class=\"vc_sep_holder vc_sep_holder_l\">\n<p class=\"vc_sep_line\" style=\"border-color: grey;\"><\/div>\n<h2 style=\"text-align: center;\">Your answer for blockages &amp; build-ups removal<\/h2>\n<div class=\"vc_sep_holder vc_sep_holder_r\">\n<p class=\"vc_sep_line\" style=\"border-color: grey;\"><\/div>\n<p>[\/vc_column_text][\/vc_column][\/vc_row][vc_row el_class=&#8221;invert-block&#8221;][vc_column width=&#8221;1\/2&#8243;][vc_column_text]<\/p>\n<ul>\n<li><b>Air blaster<\/b>\u00a0\/\u00a0<b>air cannon AIRCHOC\u00ae<\/b> acts directly and preventively on the product<\/li>\n<li>Compressed air (from 4 to 400 L) is instantly released through a suitable outlet port<\/li>\n<li>This is equivalent to a blast<\/li>\n<\/ul>\n<p>=&gt; BLOCKAGES &amp; BUILD-UPS ARE REMOVED<\/p>\n<p>THE LARGEST\u00a0RANGE OF\u00a0<b>AIR BLASTERS<\/b>\u00a0ON THE MARKET<\/p>\n<ul>\n<li>4 to 400 L<strong>\u00a0tanks<\/strong><\/li>\n<li>50 to 200 mm nominal outlet diameter<\/li>\n<li>Suitable for high temperatures<\/li>\n<li>Available option: ATEX Zone 20<\/li>\n<li>Additional options: Automatic guillotine, Control and monitoring unit<\/li>\n<li>Over 50,000 AIRCHOC<sup>\u00ae<\/sup><b> air cannon<\/b> installations in more than\u00a090 countries<\/li>\n<\/ul>\n<p>&gt; Our whole range of air blasters\u00a0has been developed for wireless use<\/p>\n<p>&gt; All AIRCHOC\u00ae hardwired installations can be converted into wireless[\/vc_column_text][vc_btn title=&#8221;Download the brochure&#8221; style=&#8221;custom&#8221; custom_background=&#8221;#c93742&#8243; custom_text=&#8221;#ffffff&#8221; shape=&#8221;square&#8221; align=&#8221;left&#8221; i_icon_fontawesome=&#8221;fas fa-file-pdf&#8221; add_icon=&#8221;true&#8221; link=&#8221;url:http%3A%2F%2Fwww.standard-industrie.com%2Fen%2Fwp-content%2Fuploads%2Fsites%2F9%2F2022%2F12%2FBROCHURE_DECLOGGING_E-MKT5.pdf|target:_blank&#8221; el_class=&#8221;btn-vert btn-animation&#8221;][\/vc_column][vc_column width=&#8221;1\/2&#8243;][vc_column_text]<style id=\"wp_carousel_dynamic_css4703\">#sp-wp-carousel-free-id-4703 .wpcp-swiper-dots {margin: 40px 0px 0px 0px;}.wpcp-wrapper-4703 .swiper-wrapper .swiper-slide-kenburn, .wpcp-wrapper-4703 .swiper-wrapper, .wpcp-wrapper-4703 .wpcpro-row{align-items: center;}#sp-wp-carousel-free-id-4703 .wpcp-single-item {box-shadow: 0px 0px 0px 0px #dddddd;transition: all .3s;margin: 0px;}#sp-wp-carousel-free-id-4703.swiper-flip .wpcp-single-item{margin: 0!important;}#sp-wp-carousel-free-id-4703 .wpcp-single-item:hover {box-shadow: 0px 0px 0px 0px #dddddd;}#sp-wp-carousel-free-id-4703.sp-wpcp-4703 .wpcp-single-item {border: 0px none #dddddd;}#sp-wp-carousel-free-id-4703.sp-wpcp-4703 .swiper-button-prev,#sp-wp-carousel-free-id-4703.sp-wpcp-4703 .swiper-button-next,#sp-wp-carousel-free-id-4703.sp-wpcp-4703 .swiper-button-prev:hover,#sp-wp-carousel-free-id-4703.sp-wpcp-4703 .swiper-button-next:hover {background: none;border: none;font-size: 30px;}#sp-wp-carousel-free-id-4703.sp-wpcp-4703 .swiper-button-prev i,#sp-wp-carousel-free-id-4703.sp-wpcp-4703 .swiper-button-next i {color: #aaa;}#sp-wp-carousel-free-id-4703.sp-wpcp-4703 .swiper-button-prev i:hover,#sp-wp-carousel-free-id-4703.sp-wpcp-4703 .swiper-button-next i:hover {color: #c72f37;}#sp-wp-carousel-free-id-4703.sp-wpcp-4703 .wpcp-swiper-dots .swiper-pagination-bullet {background-color: #cccccc;}#sp-wp-carousel-free-id-4703.sp-wpcp-4703 .wpcp-swiper-dots .swiper-pagination-bullet.swiper-pagination-bullet-active {background-color: #c72f37;} #sp-wp-carousel-free-id-4703.sp-wpcp-4703.wpcp-image-carousel .wpcp-single-item:hover img, #sp-wp-carousel-free-id-4703.sp-wpcp-4703.wpcp-post-carousel .wpcp-single-item:hover img, #sp-wp-carousel-free-id-4703.sp-wpcp-4703.wpcp-product-carousel .wpcp-single-item:hover img{-webkit-transform: scale(1.2);-moz-transform: scale(1.2);transform: scale(1.2);}@media screen and (max-width: 479px) {#sp-wp-carousel-free-id-4703.nav-vertical-center {padding: 0;margin:0;}#sp-wp-carousel-free-id-4703.nav-vertical-center .wpcp-next-button,#sp-wp-carousel-free-id-4703.nav-vertical-center .wpcp-prev-button {display: none;}}#sp-wp-carousel-free-id-4703 .wpcpro-row>[class*=\"wpcpro-col-\"] { padding: 0 10px; padding-bottom: 20px;} #sp-wp-carousel-free-id-4703 .swiper-slide .single-item-fade:not(:last-child) { margin-right: 20px;}@media (min-width: 480px) { .wpcpro-row .wpcpro-col-sm-1 { flex: 0 0 100%; max-width: 100%; } .wpcpro-row .wpcpro-col-sm-2 { flex: 0 0 50%; max-width: 50%; } .wpcpro-row .wpcpro-col-sm-2-5 { flex: 0 0 75%; max-width: 75%; } .wpcpro-row .wpcpro-col-sm-3 { flex: 0 0 33.333%; max-width: 33.333%; } .wpcpro-row .wpcpro-col-sm-4 { flex: 0 0 25%; max-width: 25%; } .wpcpro-row .wpcpro-col-sm-5 { flex: 0 0 20%; max-width: 20%; } .wpcpro-row .wpcpro-col-sm-6 { flex: 0 0 16.66666666666667%; max-width: 16.66666666666667%; } .wpcpro-row .wpcpro-col-sm-7 { flex: 0 0 14.28571428%; max-width: 14.28571428%; } .wpcpro-row .wpcpro-col-sm-8 { flex: 0 0 12.5%; max-width: 12.5%; } } @media (max-width: 480px) { .wpcpro-row .wpcpro-col-xs-1 { flex: 0 0 100%; max-width: 100%; } .wpcpro-row .wpcpro-col-xs-2 { flex: 0 0 50%; max-width: 50%; } .wpcpro-row .wpcpro-col-xs-3 { flex: 0 0 33.222%; max-width: 33.222%; } .wpcpro-row .wpcpro-col-xs-4 { flex: 0 0 25%; max-width: 25%; } .wpcpro-row .wpcpro-col-xs-5 { flex: 0 0 20%; max-width: 20%; } .wpcpro-row .wpcpro-col-xs-6 { flex: 0 0 16.6667%; max-width: 16.6667%; } .wpcpro-row .wpcpro-col-xs-7 { flex: 0 0 14.28571428%; max-width: 14.28571428%; } .wpcpro-row .wpcpro-col-xs-8 { flex: 0 0 12.5%; max-width: 12.5%; } } @media (min-width: 736px) { .wpcpro-row .wpcpro-col-md-1 { flex: 0 0 100%; max-width: 100%; } .wpcpro-row .wpcpro-col-md-2 { flex: 0 0 50%; max-width: 50%; } .wpcpro-row .wpcpro-col-md-2-5 { flex: 0 0 75%; max-width: 75%; } .wpcpro-row .wpcpro-col-md-3 { flex: 0 0 33.333%; max-width: 33.333%; } .wpcpro-row .wpcpro-col-md-4 { flex: 0 0 25%; max-width: 25%; } .wpcpro-row .wpcpro-col-md-5 { flex: 0 0 20%; max-width: 20%; } .wpcpro-row .wpcpro-col-md-6 { flex: 0 0 16.66666666666667%; max-width: 16.66666666666667%; } .wpcpro-row .wpcpro-col-md-7 { flex: 0 0 14.28571428%; max-width: 14.28571428%; } .wpcpro-row .wpcpro-col-md-8 { flex: 0 0 12.5%; max-width: 12.5%; } } @media (min-width: 980px) { .wpcpro-row .wpcpro-col-lg-1 { flex: 0 0 100%; max-width: 100%; } .wpcpro-row .wpcpro-col-lg-2 { flex: 0 0 50%; max-width: 50%; } .wpcpro-row .wpcpro-col-lg-3 { flex: 0 0 33.222%; max-width: 33.222%; } .wpcpro-row .wpcpro-col-lg-4 { flex: 0 0 25%; max-width: 25%; } .wpcpro-row .wpcpro-col-lg-5 { flex: 0 0 20%; max-width: 20%; } .wpcpro-row .wpcpro-col-lg-6 { flex: 0 0 16.6667%; max-width: 16.6667%; } .wpcpro-row .wpcpro-col-lg-7 { flex: 0 0 14.28571428%; max-width: 14.28571428%; } .wpcpro-row .wpcpro-col-lg-8 { flex: 0 0 12.5%; max-width: 12.5%; } } @media (min-width: 1200px) { .wpcpro-row .wpcpro-col-xl-1 { flex: 0 0 100%; max-width: 100%; } .wpcpro-row .wpcpro-col-xl-2 { flex: 0 0 50%; max-width: 50%; } .wpcpro-row .wpcpro-col-xl-3 { flex: 0 0 33.22222222%; max-width: 33.22222222%; } .wpcpro-row .wpcpro-col-xl-4 { flex: 0 0 25%; max-width: 25%; } .wpcpro-row .wpcpro-col-xl-5 { flex: 0 0 20%; max-width: 20%; } .wpcpro-row .wpcpro-col-xl-6 { flex: 0 0 16.66667%; max-width: 16.66667%; } .wpcpro-row .wpcpro-col-xl-7 { flex: 0 0 14.28571428%; max-width: 14.28571428%; } .wpcpro-row .wpcpro-col-xl-8 { flex: 0 0 12.5%; max-width: 12.5%; } }<\/style><div class=\"wpcp-carousel-wrapper wpcp-wrapper-4703\">\n\t<div id=\"wpcp-preloader-4703\" class=\"wpcp-carousel-preloader\"><img decoding=\"async\" src=\"https:\/\/www.standard-industrie.com\/en\/wp-content\/plugins\/wp-carousel-free\/public\/css\/spinner.svg\" alt=\"Preloader Image\" \/><\/div>\t<div class=\"wpcp-carousel-content-wrapper\">\n\t<div id=\"sp-wp-carousel-free-id-4703\" class=\"wpcp-carousel-section sp-wpcp-4703  nav-vertical-center wpcp-image-carousel wpcp-preloader wpcp-standard\" data-swiper='{ &quot;accessibility&quot;:true, &quot;spaceBetween&quot;:20, &quot;arrows&quot;:true, &quot;freeMode&quot;: false, &quot;autoplay&quot;:true, &quot;effect&quot;: &quot;&quot;, &quot;centerMode&quot;: false, &quot;autoplaySpeed&quot;:3000, &quot;dots&quot;:true, &quot;infinite&quot;:true, &quot;speed&quot;:600, &quot;pauseOnHover&quot;:true,\n\t\t\t&quot;slidesToShow&quot;:{&quot;lg_desktop&quot;:1, &quot;desktop&quot;: 1, &quot;laptop&quot;: 1, &quot;tablet&quot;: 1, &quot;mobile&quot;: 1}, &quot;responsive&quot;:{&quot;desktop&quot;:1200, &quot;laptop&quot;: 980, &quot;tablet&quot;: 736, &quot;mobile&quot;: 480}, &quot;rtl&quot;:false, &quot;lazyLoad&quot;: &quot;false&quot;, &quot;swipe&quot;: true, &quot;draggable&quot;: true, &quot;swipeToSlide&quot;:false }' dir=\"ltr\">\n\t\t<div class=\"swiper-wrapper\">\n\t\t<div class=\"swiper-slide\">\n\t<div class=\"wpcp-single-item\">\n\t\t\t<div class=\"wpcp-slide-image\">\n\t\t<img loading=\"lazy\" decoding=\"async\" class=\"skip-lazy\" src=\"https:\/\/www.standard-industrie.com\/en\/wp-content\/uploads\/sites\/9\/2023\/05\/AIRCHOC-6-sur-silo-de-fabrication.jpg\" alt=\"AIRCHOC 6 sur silo de fabrication\" width=\"600\" height=\"800\">\t<\/div>\n\t\t<\/div>\n<\/div>\n\t<div class=\"swiper-slide\">\n\t<div class=\"wpcp-single-item\">\n\t\t\t<div class=\"wpcp-slide-image\">\n\t\t<img loading=\"lazy\" decoding=\"async\" class=\"skip-lazy\" src=\"https:\/\/www.standard-industrie.com\/en\/wp-content\/uploads\/sites\/9\/2022\/11\/AC615-electrovanne-1.jpg\" alt=\"AC615-electrovanne (1)\" width=\"800\" height=\"800\">\t<\/div>\n\t\t<\/div>\n<\/div>\n\t<div class=\"swiper-slide\">\n\t<div class=\"wpcp-single-item\">\n\t\t\t<div class=\"wpcp-slide-image\">\n\t\t<img loading=\"lazy\" decoding=\"async\" class=\"skip-lazy\" src=\"https:\/\/www.standard-industrie.com\/en\/wp-content\/uploads\/sites\/9\/2022\/11\/1-20.jpg\" alt=\"\" width=\"794\" height=\"678\">\t<\/div>\n\t\t<\/div>\n<\/div>\n\t<div class=\"swiper-slide\">\n\t<div class=\"wpcp-single-item\">\n\t\t\t<div class=\"wpcp-slide-image\">\n\t\t<img loading=\"lazy\" decoding=\"async\" class=\"skip-lazy\" src=\"https:\/\/www.standard-industrie.com\/en\/wp-content\/uploads\/sites\/9\/2022\/11\/AIRCHOC-6-range-1024x1024-1.png\" alt=\"AIRCHOC-6-range-1024x1024 (1)\" width=\"800\" height=\"800\">\t<\/div>\n\t\t<\/div>\n<\/div>\n\t<div class=\"swiper-slide\">\n\t<div class=\"wpcp-single-item\">\n\t\t\t<div class=\"wpcp-slide-image\">\n\t\t<img loading=\"lazy\" decoding=\"async\" class=\"skip-lazy\" src=\"https:\/\/www.standard-industrie.com\/en\/wp-content\/uploads\/sites\/9\/2022\/11\/airchoc_tete-1.jpg\" alt=\"airchoc_tete (1)\" width=\"800\" height=\"800\">\t<\/div>\n\t\t<\/div>\n<\/div>\n\t<div class=\"swiper-slide\">\n\t<div class=\"wpcp-single-item\">\n\t\t\t<div class=\"wpcp-slide-image\">\n\t\t<img loading=\"lazy\" decoding=\"async\" class=\"skip-lazy\" src=\"https:\/\/www.standard-industrie.com\/en\/wp-content\/uploads\/sites\/9\/2023\/11\/AC5-installe-sur-un-economiseur-vertical-a-lUTVE-LUnite-de-Traitement-et-de-Valorisation-Energetique-usine-dincineration-a-Lyon.jpg\" alt=\"AC5 install\u00e9 sur un \u00e9conomiseur vertical \u00e0 l'UTVE L'Unit\u00e9 de Traitement et de Valorisation Energ\u00e9tique (usine d'incin\u00e9ration) \u00e0 Lyon\" width=\"800\" height=\"450\">\t<\/div>\n\t\t<\/div>\n<\/div>\n\t\t\t<\/div>\n\t\t\t\t\t<div class=\"wpcp-swiper-dots swiper-pagination\"><\/div>\n\t\t\t\t<!-- If we need navigation buttons -->\n\t\t\t\t\t<div class=\"wpcp-prev-button swiper-button-prev\"><i class=\"fa fa-angle-left\"><\/i><\/div>\n\t\t\t<div class=\"wpcp-next-button swiper-button-next\"><i class=\"fa fa-angle-right\"><\/i><\/div>\n\t\t\t<\/div>\n\t<\/div>\n<\/div>\n[\/vc_column_text][vc_empty_space][\/vc_column][\/vc_row][vc_row el_class=&#8221;invert-block&#8221;][vc_column width=&#8221;1\/4&#8243;][\/vc_column][vc_column width=&#8221;1\/2&#8243;][vc_raw_html]JTNDZGl2JTIwY2xhc3MlM0QlMjJ5b3V0dWJlX3BsYXllciUyMiUyMHZpZGVvSUQlM0QlMjI0dExuRFRiYW5zTSUyMiUyMHdpZHRoJTNEJTIyNjAwJTIyJTIwaGVpZ2h0JTNEJTIyNDAwJTIyJTIwdGhlbWUlM0QlMjJsaWdodCUyMiUyMHJlbCUzRCUyMjAlMjIlMjBjb250cm9scyUzRCUyMjAlMjIlMjBzaG93aW5mbyUzRCUyMjAlMjIlMjBhdXRvcGxheSUzRCUyMjElMjIlMjBtdXRlJTNEJTIyMSUyMiUyMCUyMGxvb3AlM0QlMjIxJTIyJTIwbG9hZGluZyUzRCUyMjElMjIlM0UlM0MlMkZkaXYlM0U=[\/vc_raw_html][\/vc_column][vc_column width=&#8221;1\/4&#8243;][\/vc_column][\/vc_row][vc_row][vc_column][vc_tta_tabs style=&#8221;flat&#8221; shape=&#8221;square&#8221; color=&#8221;white&#8221; active_section=&#8221;1&#8243; el_class=&#8221;encart-plus-infos infos-rouge&#8221;][vc_tta_section title=&#8221;Advantages&#8221; tab_id=&#8221;1663937971177-be64cebd-0221&#8243;][vc_row_inner][vc_column_inner width=&#8221;1\/2&#8243;][vc_column_text]<\/p>\n<ul>\n<li>IMPACT:\u00a0Aerodynamics of the head \/ Balance between volume &amp; exit diameter<\/li>\n<li>SAFETY:\u00a0<strong>No AIRCHOC<sup>\u00ae<\/sup>\u00a0blast with air pressure drop<\/strong><\/li>\n<li>SAVINGS:\u00a0Reduced\u00a0air consumption \/only 1 single pneumatic\u00a0line \/ wireless system<\/li>\n<li>QUALITY:<\/li>\n<li>MAINTENANCE: Direct easy access to the mechanism<\/li>\n<li>RELIABILITY: Protected quick exhaust valve \/self-aligning piston<\/li>\n<li>SILENCE:\u00a0Low noise emissions<\/li>\n<\/ul>\n<p>[\/vc_column_text][\/vc_column_inner][vc_column_inner width=&#8221;1\/2&#8243;][vc_single_image image=&#8221;6548&#8243; img_size=&#8221;full&#8221; alignment=&#8221;center&#8221;][\/vc_column_inner][\/vc_row_inner][\/vc_tta_section][vc_tta_section title=&#8221;Related services&#8221; tab_id=&#8221;1663938142981-6b5d81f0-143c&#8221;][vc_row_inner][vc_column_inner width=&#8221;1\/2&#8243;][vc_column_text]<\/p>\n<ul>\n<li>Visits &amp; technical recommendations (dimensioning &amp; positioning<\/li>\n<li>Supply of the installation drawing<\/li>\n<li>We offer complete installation of our equipment if needed<\/li>\n<li>Up to 3-year warranty<\/li>\n<li>In-house &amp; external training<\/li>\n<li><a href=\"https:\/\/www.standard-industrie.com\/en\/maintenance-sav\/\" target=\"_blank\" rel=\"noopener\">After-sales service &amp; maintenance contract<\/a><\/li>\n<li>Standards compliance<\/li>\n<\/ul>\n<p>[\/vc_column_text][\/vc_column_inner][vc_column_inner width=&#8221;1\/2&#8243;][vc_single_image image=&#8221;4710&#8243; img_size=&#8221;full&#8221; alignment=&#8221;center&#8221;][\/vc_column_inner][\/vc_row_inner][\/vc_tta_section][vc_tta_section title=&#8221;Options \/ accessories&#8221; tab_id=&#8221;1663938171381-dcb55700-be8e&#8221;][vc_row_inner][vc_column_inner width=&#8221;1\/6&#8243; offset=&#8221;vc_hidden-md vc_hidden-sm vc_hidden-xs&#8221;][\/vc_column_inner][vc_column_inner offset=&#8221;vc_col-lg-8&#8243;][vc_column_text]<\/p>\n<ul>\n<li><a href=\"https:\/\/www.standard-industrie.com\/en\/nozzle-for-air-blaster-system\/\" target=\"_blank\" rel=\"noopener\">DEFLECTORS<\/a>:\u00a0Direct the air flows towards sensitive clogging zones \u2013 Steel or refractory stainless steel version<\/li>\n<li>AUTOMATIC &amp; CYCLICAL CONTROL DEVICES:\u00a0Automatically triggered AIRCHOC<sup>\u00ae<\/sup>\u00a0blasts (controls up to 128 AIRCHOC<sup>\u00ae<\/sup>)&gt;<\/li>\n<li><a href=\"https:\/\/www.standard-industrie.com\/en\/nozzle-for-air-blaster-system\/\" target=\"_blank\" rel=\"noopener\">INSULATION DEVICE<\/a>:\u00a0Secured maintenance operations: high temperature, aggressive products, back flow risk<\/li>\n<li>SAFETY DEVICE:\u00a0Safe use AIRCHOC<sup>\u00ae<\/sup>(pressure gauge, pressure relief valve, shut-off valve etc.)<\/li>\n<li>MAINTENANCE KIT: Reduced intervention time &amp; easy inventory<\/li>\n<li>STAINLESS STEEL CHAMFER PISTON:\u00a0Increased lifetime and aggressive atmospheres proof (chemicals, incineration, cement works)<\/li>\n<li>REMOTE CONTROL RAMP: Triggers AIRCHOC<sup>\u00ae<\/sup>\u00a0blasts remotely (centralised solenoid valves positioned at man\u2019s height<\/li>\n<li>PNEUMATIC DISTRIBUTOR:\u00a0Activates AIRCHOC<sup>\u00ae<\/sup>\u00a0blasts pneumatically by positive surge.<\/li>\n<\/ul>\n<p>[\/vc_column_text][\/vc_column_inner][vc_column_inner width=&#8221;1\/6&#8243; offset=&#8221;vc_hidden-md vc_hidden-sm vc_hidden-xs&#8221;][\/vc_column_inner][\/vc_row_inner][\/vc_tta_section][\/vc_tta_tabs][\/vc_column][\/vc_row][vc_row][vc_column][vc_column_text el_class=&#8221;gros-titre fort trait-rouge traits-gris-droite-gauche titre-gauche vc_sep_border_width_2 vc_separator wpb_content_element vc_separator_align_left vc_sep_width_100 vc_sep_pos_align_center vc_sep_color_grey vc_separator-has-text&#8221;]<\/p>\n<div class=\"vc_sep_holder vc_sep_holder_l\">\n<p class=\"vc_sep_line\" style=\"border-color: grey;\"><\/div>\n<h2>Case studies AIRCHOC\u00ae<\/h2>\n<div class=\"vc_sep_holder vc_sep_holder_r\">\n<p class=\"vc_sep_line\" style=\"border-color: grey;\"><\/div>\n<p>[\/vc_column_text][vc_basic_grid post_type=&#8221;case-study&#8221; max_items=&#8221;10&#8243; show_filter=&#8221;yes&#8221; item=&#8221;4303&#8243; grid_id=&#8221;vc_gid:1695901674385-e8764b69-9395-0&#8243; filter_source=&#8221;secteur&#8221; taxonomies=&#8221;165, 121&#8243;][\/vc_column][\/vc_row][vc_row][vc_column][vc_column_text el_class=&#8221;btn-retour txt-rouge&#8221;]<\/p>\n<div class=\"vc_sep_holder vc_sep_holder_l\">\n<p class=\"vc_sep_line\" style=\"border-color: grey;\"><a href=\"\/en\/blockage-build-up-removal\/\">&lt; Blockage &amp; build up removal<\/a><\/p>\n<\/div>\n<p>[\/vc_column_text][\/vc_column][\/vc_row]<\/p>\n","protected":false},"excerpt":{"rendered":"<p>[vc_row][vc_column css=&#8221;.vc_custom_1668767480700{margin-top: 10px !important;}&#8221;][vc_column_text el_class=&#8221;btn-retour txt-rouge&#8221;] &lt; Blockage &amp; build up removal [\/vc_column_text][\/vc_column][\/vc_row][vc_row][vc_column][vc_empty_space][vc_column_text el_class=&#8221;gros-titre fort trait-rouge traits-gris-droite-gauche titre-centre vc_separator wpb_content_element vc_separator_align_center vc_sep_width_100 vc_sep_border_width_2 vc_sep_pos_align_center vc_separator-has-text&#8221;] Your<span class=\"excerpt-hellip\"> [\u2026]<\/span><\/p>\n","protected":false},"author":1,"featured_media":0,"parent":0,"menu_order":8,"comment_status":"closed","ping_status":"closed","template":"single-airchoc-light.php","meta":{"footnotes":""},"class_list":["post-4690","page","type-page","status-publish","hentry"],"_links":{"self":[{"href":"https:\/\/www.standard-industrie.com\/en\/wp-json\/wp\/v2\/pages\/4690","targetHints":{"allow":["GET"]}}],"collection":[{"href":"https:\/\/www.standard-industrie.com\/en\/wp-json\/wp\/v2\/pages"}],"about":[{"href":"https:\/\/www.standard-industrie.com\/en\/wp-json\/wp\/v2\/types\/page"}],"author":[{"embeddable":true,"href":"https:\/\/www.standard-industrie.com\/en\/wp-json\/wp\/v2\/users\/1"}],"replies":[{"embeddable":true,"href":"https:\/\/www.standard-industrie.com\/en\/wp-json\/wp\/v2\/comments?post=4690"}],"version-history":[{"count":0,"href":"https:\/\/www.standard-industrie.com\/en\/wp-json\/wp\/v2\/pages\/4690\/revisions"}],"wp:attachment":[{"href":"https:\/\/www.standard-industrie.com\/en\/wp-json\/wp\/v2\/media?parent=4690"}],"curies":[{"name":"wp","href":"https:\/\/api.w.org\/{rel}","templated":true}]}}