{"id":889,"date":"2014-06-09T15:27:53","date_gmt":"2014-06-09T14:27:53","guid":{"rendered":"https:\/\/www.standard-industrie.com\/en\/?page_id=889"},"modified":"2022-12-12T11:56:56","modified_gmt":"2022-12-12T10:56:56","slug":"mentions-legales","status":"publish","type":"page","link":"https:\/\/www.standard-industrie.com\/en\/mentions-legales\/","title":{"rendered":"MENTIONS L\u00c9GALES"},"content":{"rendered":"<p>[vc_row][vc_column][vc_empty_space][vc_column_text]<\/p>\n<h2>Informations concernant l&#8217;\u00e9diteur du site<\/h2>\n<p><strong>STANDARD INDUSTRIE<\/strong><\/p>\n<p>139-141, rue du Luxembourg &#8211; CS 50207<br \/>\n59054 Roubaix Cedex 1<br \/>\nFRANCE<\/p>\n<p>T\u00e9l. : +33 (0)3 20 28 32 32<br \/>\nFax : +33 (0)3 20 68 51 16<br \/>\nE-mail : info@www.standard-industrie.com\/en<\/p>\n<p>Immatricul\u00e9e au Registre du Commerce et des Soci\u00e9t\u00e9s de Lille m\u00e9tropole sous le num\u00e9ro 312 479\u00a0769<br \/>\nS.A.S. au capital de 1 237 600 \u20ac<br \/>\nPr\u00e9sident Directeur G\u00e9n\u00e9ral : Monsieur Herv\u00e9 SIMOENS<\/p>\n<h2>Informations concernant l&#8217;h\u00e9bergeur du site<\/h2>\n<p><strong>NAVAHO<br \/>\n<\/strong>41 rue de l\u2019Echiquier<br \/>\n75010 Paris<br \/>\nFRANCE<\/p>\n<p>T\u00e9l. : 0825 000\u00a0412<br \/>\nE-mail : info@navaho.fr<\/p>\n<p>Immatricul\u00e9e au Registre du Commerce et des Soci\u00e9t\u00e9s de Paris sous le num\u00e9ro 799\u00a0422\u00a0126<br \/>\nSASU Soci\u00e9t\u00e9 par actions simplifi\u00e9es \u00e0 associ\u00e9 unique<\/p>\n<h2>R\u00e9f\u00e9rencement naturel du site<\/h2>\n<p>Soci\u00e9t\u00e9 : <a title=\"D2b Consulting\" href=\"http:\/\/www.d2bconsulting.fr\/\" target=\"_blank\" rel=\"noopener noreferrer nofollow\">D2b Consulting<\/a>, <a href=\"http:\/\/www.d2bconsulting.fr\/strategie-commerciale\/\" target=\"_blank\" rel=\"noopener noreferrer nofollow\">conseil en strat\u00e9gie commerciale<\/a> et <a href=\"http:\/\/www.d2bconsulting.fr\/referencement-naturel-site-internet\/\" target=\"_blank\" rel=\"noopener noreferrer nofollow\">r\u00e9f\u00e9rencement naturel<\/a> Adresse : 3, rue Louis Gattefoss\u00e9 \u2013 69800 St Priest.<\/p>\n<h2>Dispositions l\u00e9gales<\/h2>\n<p>Les informations diffus\u00e9es sur ce site et plus largement sur les noms de domaine propri\u00e9t\u00e9 de Standard Industrie sont fournies \u00e0 titre purement informatif. Standard Industrie compile et produit ces contenus \u00e0 partir de diff\u00e9rentes sources concordantes. Standard Industrie ne saurait \u00eatre tenu responsable de la v\u00e9racit\u00e9 et de la pertinence des contenus ni de l\u2019utilisation et de l\u2019exploitation que l\u2019utilisateur du site pourrait en faire. Toute reproduction, modification, publication, copie, totale ou partielle du contenu pr\u00e9sent\u00e9 sur les domaines de Standard Industrie, par quelque proc\u00e9d\u00e9 que ce soit et quelque soit le support est interdite.<\/p>\n<h2>Exclusion de garantie<\/h2>\n<p>Standard Industrie s\u2019efforce d\u2019assurer au mieux l\u2019exactitude et la mise \u00e0 jour du contenu du site. N\u00e9anmoins, Standard Industrie d\u00e9cline toute responsabilit\u00e9 en ce qui concerne les informations qui peuvent \u00eatre consult\u00e9es sur ou \u00e0 partir du site, en particulier le contenu, son exhaustivit\u00e9, son exactitude ou sa fiabilit\u00e9. Standard Industrie ne donne aucune garantie quelle qu\u2019elle soit, expresse ou implicite, notamment quant \u00e0 l\u2019absence d\u2019interruption ou d\u2019erreur du service ou aux performances ou r\u00e9sultats d\u00e9coulant de l\u2019utilisation du site. Les informations contenues sur le site peuvent \u00eatre modifi\u00e9es \u00e0 tout moment. Standard Industrie ne peut pas garantir que les informations sont compl\u00e8tes, v\u00e9ridiques ou actuelles.<\/p>\n<h2>Exclusion de responsabilit\u00e9<\/h2>\n<p>Standard Industrie ne pourra \u00eatre tenus responsables \u00e0 votre encontre ou \u00e0 l\u2019encontre de tout tiers pour tous dommages directs, indirects ou cons\u00e9cutifs d\u00e9coulant de l\u2019utilisation des informations et mat\u00e9riels contenus sur le site ou d\u2019autres contenus auxquels vous pourriez avoir acc\u00e8s par le biais de liens \u00e0 partir du site. Les sites reli\u00e9s directement ou indirectement ne sont pas sous le contr\u00f4le de Standard Industrie. En cons\u00e9quence, Standard Industrie n\u2019assume aucune responsabilit\u00e9 quant aux informations publi\u00e9es sur ces sites. Les liens avec des sites ext\u00e9rieurs ne sont fournis qu\u2019\u00e0 titre de commodit\u00e9 et n\u2019impliquent aucune caution quant \u00e0 leur contenu.<\/p>\n<h2>Protection de la vie priv\u00e9e<\/h2>\n<p>Les donn\u00e9es personnelles collect\u00e9es sont uniquement destin\u00e9es \u00e0 un usage interne. En aucun cas ces donn\u00e9es ne seront c\u00e9d\u00e9es ou vendues \u00e0 des tiers. Conform\u00e9ment \u00e0 la l\u00e9gislation fran\u00e7aise, vous disposez d\u2019un droit d\u2019acc\u00e8s, de modification, de rectification et de suppression des donn\u00e9es qui vous concernent. Pour toute demande, vous pouvez <a href=\"https:\/\/www.standard-industrie.com\/en\/contact\/\">nous contacter<\/a>.<\/p>\n<h2>Dispositions RGPD<\/h2>\n<p>Standard Industrie est le responsable du traitement des donn\u00e9es collect\u00e9es sur le site www.standard-industrie.com\/en. L\u2019utilisateur est notamment inform\u00e9 que conform\u00e9ment \u00e0 la loi Informatique et libert\u00e9s du 6 janvier 1978 modifi\u00e9e et au r\u00e8glement g\u00e9n\u00e9ral sur la protection des donn\u00e9es du 27 avril 2016, les informations qu\u2019il communique par les formulaires pr\u00e9sents sur le Site de Standard Industrie sont n\u00e9cessaires pour r\u00e9pondre \u00e0 sa demande et sont destin\u00e9es aux services en charge de r\u00e9pondre \u00e0 sa demande \u00e0 des fins de suivi de cette demande. Conform\u00e9ment \u00e0 la loi \u00ab Informatique et Libert\u00e9s \u00bb du 6 janvier 1978 dans sa derni\u00e8re version et au r\u00e8glement g\u00e9n\u00e9ral sur la protection des donn\u00e9es (RGPD) du 27 avril 2016, l\u2019utilisateur b\u00e9n\u00e9ficie d\u2019un droit d\u2019acc\u00e8s, de rectification et d\u2019effacement, de limitation, d&#8217;opposition et de portabilit\u00e9 des informations qui le concernent, qu\u2019il peut exercer en s\u2019adressant \u00e0 Standard Industrie, <span class=\"contact-postcode\">139-141, rue du Luxembourg &#8211; CS 50207 &#8211; 59054 Roubaix Cedex 1 &#8211; FRANCE<\/span>, ou par email \u00e0 info@www.standard-industrie.com\/en en pr\u00e9cisant dans l\u2019objet du courrier \u00ab Droit des personnes \u00bb et en joignant la copie de son justificatif d\u2019identit\u00e9. Vous b\u00e9n\u00e9ficiez \u00e9galement du droit de donner des directives sur le sort de vos donn\u00e9es apr\u00e8s votre d\u00e9c\u00e8s. L\u2019utilisateur est inform\u00e9 que lors de ses visites sur le site www.standard-industrie.com\/en, un cookie peut s\u2019installer sur son logiciel de navigation, une fois que celui-ci a donn\u00e9 son consentement. Les informations recueillies sur ce site seront conserv\u00e9es pendant une dur\u00e9e de trois ans. Le cookie est un bloc de donn\u00e9es qui ne permet pas d\u2019identifier les utilisateurs mais sert \u00e0 enregistrer des informations relatives \u00e0 la navigation de celui-ci sur le site. L\u2019utilisateur dispose d\u2019un droit d\u2019acc\u00e8s, de retrait et de modification des donn\u00e9es \u00e0 caract\u00e8re personnel communiqu\u00e9es par le biais des cookies dans les conditions indiqu\u00e9es ci-dessus. L\u2019utilisateur du site de Standard Industrie est tenu de respecter les dispositions de la loi Informatique et libert\u00e9s du 6 janvier 1978 modifi\u00e9e dont la violation est passible de sanctions p\u00e9nales. Il doit notamment s\u2019abstenir, s\u2019agissant des informations nominatives auxquelles il acc\u00e8de, de toute collecte, de toute utilisation d\u00e9tourn\u00e9e, et d\u2019une mani\u00e8re g\u00e9n\u00e9rale, de tout acte susceptible de porter atteinte \u00e0 la vie priv\u00e9e ou \u00e0 la r\u00e9putation des personnes. <u><a href=\"https:\/\/www.standard-industrie.com\/en\/politique-de-confidentialite\/\">Gestion des cookies<\/a><\/u><\/p>\n<h2>Liens depuis et vers ce contenu<\/h2>\n<p>Les contenus des domaines de Standard Industrie peuvent inclure des liens vers d\u2019autres sites ou d\u2019autres contenus internet, non propri\u00e9t\u00e9 de Standard Industrie. En cons\u00e9quence, Standard Industrie ne saurait \u00eatre tenu responsable de ces contenus et du fonctionnement de ces sites (cookies, collecte de donn\u00e9es personnelles, \u2026). Il est possible de cr\u00e9er des liens vers les contenus compil\u00e9s ou produits par Standard Industrie. Pour optimiser ces liens au b\u00e9n\u00e9fice des 2 sites, Standard Industrie pourra \u00eatre amen\u00e9 \u00e0 demander une modification dans la r\u00e9alisation du lien (mots cl\u00e9s, URL, \u2026).<\/p>\n<h2>Copyright<\/h2>\n<p>Tous droits de reproduction et de diffusion r\u00e9serv\u00e9s. \u00a9 Standard Industrie 2022.[\/vc_column_text][\/vc_column][\/vc_row]<\/p>\n","protected":false},"excerpt":{"rendered":"<p>[vc_row][vc_column][vc_empty_space][vc_column_text] Informations concernant l&#8217;\u00e9diteur du site STANDARD INDUSTRIE 139-141, rue du Luxembourg &#8211; CS 50207 59054 Roubaix Cedex 1 FRANCE T\u00e9l. : +33 (0)3 20 28<span class=\"excerpt-hellip\"> [\u2026]<\/span><\/p>\n","protected":false},"author":1,"featured_media":0,"parent":0,"menu_order":63,"comment_status":"open","ping_status":"open","template":"","meta":{"footnotes":""},"class_list":["post-889","page","type-page","status-publish","hentry"],"_links":{"self":[{"href":"https:\/\/www.standard-industrie.com\/en\/wp-json\/wp\/v2\/pages\/889","targetHints":{"allow":["GET"]}}],"collection":[{"href":"https:\/\/www.standard-industrie.com\/en\/wp-json\/wp\/v2\/pages"}],"about":[{"href":"https:\/\/www.standard-industrie.com\/en\/wp-json\/wp\/v2\/types\/page"}],"author":[{"embeddable":true,"href":"https:\/\/www.standard-industrie.com\/en\/wp-json\/wp\/v2\/users\/1"}],"replies":[{"embeddable":true,"href":"https:\/\/www.standard-industrie.com\/en\/wp-json\/wp\/v2\/comments?post=889"}],"version-history":[{"count":0,"href":"https:\/\/www.standard-industrie.com\/en\/wp-json\/wp\/v2\/pages\/889\/revisions"}],"wp:attachment":[{"href":"https:\/\/www.standard-industrie.com\/en\/wp-json\/wp\/v2\/media?parent=889"}],"curies":[{"name":"wp","href":"https:\/\/api.w.org\/{rel}","templated":true}]}}