{"id":16,"date":"2014-05-16T09:33:15","date_gmt":"2014-05-16T08:33:15","guid":{"rendered":"https:\/\/www.standard-industrie.com\/es\/?page_id=16"},"modified":"2025-06-04T21:34:15","modified_gmt":"2025-06-04T20:34:15","slug":"calidad","status":"publish","type":"page","link":"https:\/\/www.standard-industrie.com\/es\/calidad\/","title":{"rendered":"CALIDAD\/MEDIO AMBIENTE"},"content":{"rendered":"<p>[vc_row][vc_column][vc_empty_space][\/vc_column][\/vc_row][vc_row][vc_column][vc_column_text el_class=\u00bbgros-titre fort traits-gris-droite-gauche titre-gauche vc_sep_border_width_2 vc_separator wpb_content_element vc_separator_align_left vc_sep_width_100 vc_sep_pos_align_center vc_sep_color_grey vc_separator-has-text\u00bb]<\/p>\n<div class=\"vc_sep_holder vc_sep_holder_l\">\n<p class=\"vc_sep_line\" style=\"border-color: grey;\">\n<\/div>\n<h2>STANDARD INDUSTRIE INTERNATIONAL<\/h2>\n<div class=\"vc_sep_holder vc_sep_holder_r\">\n<p class=\"vc_sep_line\" style=\"border-color: grey;\">\n<\/div>\n<p>[\/vc_column_text][vc_column_text]<\/p>\n<div class=\"intro\">\n<p>Ya que la adhesi\u00f3n a un sistema de gesti\u00f3n de CSM es una fase esencial para el rendimiento\u00a0y la perdurabilidad de una empresa, hemos decidido en STANDARD INDUSTRIE,\u00a0<strong>poner en pr\u00e1ctica acciones concretas de mejora. Estas \u00faltimas vienen dictadas por nuestra pol\u00edtica de CSM.<\/strong><\/p>\n<\/div>\n<p>[\/vc_column_text][\/vc_column][\/vc_row][vc_row el_class=\u00bbinvert-block\u00bb][vc_column width=\u00bb1\/2&#8243; el_class=\u00bbpartie-txt\u00bb][vc_column_text el_class=\u00bbgros-titre fort traits-gris-droite-gauche titre-gauche vc_sep_border_width_2 vc_separator wpb_content_element vc_separator_align_left vc_sep_width_100 vc_sep_pos_align_center vc_sep_color_grey vc_separator-has-text\u00bb]<\/p>\n<div class=\"vc_sep_holder vc_sep_holder_l\">\n<p class=\"vc_sep_line\" style=\"border-color: grey;\">\n<\/div>\n<h2>CALIDAD<\/h2>\n<div class=\"vc_sep_holder vc_sep_holder_r\">\n<p class=\"vc_sep_line\" style=\"border-color: grey;\">\n<\/div>\n<p>[\/vc_column_text][vc_column_text]Nuestro objetivo. La satisfacci\u00f3n del cliente, que se traduce en<\/p>\n<ul>\n<li>presencia de proximidad<\/li>\n<li>ensayos no destructivos de nuestros productos en las diferentes fase de producci\u00f3n<\/li>\n<li>instalaci\u00f3n de una organizaci\u00f3n que permita dar una respuesta r\u00e1pida<\/li>\n<\/ul>\n<p>[\/vc_column_text][\/vc_column][vc_column css_animation=\u00bbslideInRight\u00bb width=\u00bb1\/2&#8243;][vc_single_image image=\u00bb3418&#8243; img_size=\u00bbfull\u00bb alignment=\u00bbcenter\u00bb][\/vc_column][\/vc_row][vc_row el_class=\u00bbinvert-block\u00bb][vc_column css_animation=\u00bbnone\u00bb width=\u00bb1\/2&#8243;][vc_column_text el_class=\u00bbgros-titre fort traits-gris-droite-gauche titre-gauche vc_sep_border_width_2 vc_separator wpb_content_element vc_separator_align_left vc_sep_width_100 vc_sep_pos_align_center vc_sep_color_grey vc_separator-has-text\u00bb]<\/p>\n<div class=\"vc_sep_holder vc_sep_holder_l\">\n<p class=\"vc_sep_line\" style=\"border-color: grey;\">\n<\/div>\n<h2>SEGURIDAD<\/h2>\n<div class=\"vc_sep_holder vc_sep_holder_r\">\n<p class=\"vc_sep_line\" style=\"border-color: grey;\">\n<\/div>\n<p>[\/vc_column_text][vc_column_text]Permitir el trabajo con total seguridad es nuestra prioridad, lo que significa:<\/p>\n<ul>\n<li>la fabricaci\u00f3n de equipos que faciliten las manipulaciones durante la producci\u00f3n<br \/>\no el mantenimiento (GIRONET, LIFTUBE\u00ae)<\/li>\n<li>la formaci\u00f3n de nuestros colaboradores<\/li>\n<li>la consideraci\u00f3n de la evoluci\u00f3n reglamentaria<\/li>\n<\/ul>\n<p>[\/vc_column_text][\/vc_column][vc_column width=\u00bb1\/2&#8243; el_class=\u00bbpartie-txt\u00bb][vc_column_text el_class=\u00bbgros-titre fort traits-gris-droite-gauche titre-gauche vc_sep_border_width_2 vc_separator wpb_content_element vc_separator_align_left vc_sep_width_100 vc_sep_pos_align_center vc_sep_color_grey vc_separator-has-text\u00bb]<\/p>\n<div class=\"vc_sep_holder vc_sep_holder_l\">\n<p class=\"vc_sep_line\" style=\"border-color: grey;\">\n<\/div>\n<h2>MEDIO AMBIENTE<\/h2>\n<div class=\"vc_sep_holder vc_sep_holder_r\">\n<p class=\"vc_sep_line\" style=\"border-color: grey;\">\n<\/div>\n<p>[\/vc_column_text][vc_column_text]Porque es importante conservar nuestros recursos y limitar nuestro impacto:<\/p>\n<ul>\n<li>hemos puesto en marcha un plan de gesti\u00f3n de los desechos que favorece la reutilizaci\u00f3n interna<br \/>\ny el reciclaje<\/li>\n<li>optimizamos los viajes de inspecci\u00f3n de nuestros t\u00e9cnicos y comerciales para limitar nuestras<br \/>\nemisiones de gases de efecto invernadero (GEI)<\/li>\n<\/ul>\n<p>[\/vc_column_text][\/vc_column][\/vc_row][vc_row][vc_column][vc_btn title=\u00bbCont\u00e1ctenos\u00bb style=\u00bbflat\u00bb shape=\u00bbsquare\u00bb color=\u00bbblack\u00bb align=\u00bbcenter\u00bb link=\u00bburl:https%3A%2F%2Fwww.standard-industrie.com%2Fes%2Fcontacto%2F|title:Contact%20Standard%20industrie\u00bb][\/vc_column][\/vc_row][vc_row el_class=\u00bbinvert-block\u00bb][vc_column css_animation=\u00bbslideInLeft\u00bb width=\u00bb1\/2&#8243;][vc_single_image image=\u00bb4823&#8243; img_size=\u00bbfull\u00bb alignment=\u00bbcenter\u00bb][\/vc_column][vc_column width=\u00bb1\/2&#8243; el_class=\u00bbpartie-txt\u00bb][vc_column_text el_class=\u00bbgros-titre fort traits-gris-droite-gauche titre-gauche vc_sep_border_width_2 vc_separator wpb_content_element vc_separator_align_left vc_sep_width_100 vc_sep_pos_align_center vc_sep_color_grey vc_separator-has-text\u00bb]<\/p>\n<div class=\"vc_sep_holder vc_sep_holder_l\">\n<p class=\"vc_sep_line\" style=\"border-color: grey;\">\n<\/div>\n<h2>CALIDAD \u00abMADE IN FRANCE\u00bb<\/h2>\n<div class=\"vc_sep_holder vc_sep_holder_r\">\n<p class=\"vc_sep_line\" style=\"border-color: grey;\">\n<\/div>\n<p>[\/vc_column_text][vc_column_text]Desde su creaci\u00f3n en 1978, STANDARD INDUSTRIE se apoya en el conjunto del ecosistema Hauts de France para su desarrollo y su proyecci\u00f3n internacional. Socios industriales, log\u00edsticos, financieros, escuelas y consejos nos acompa\u00f1an diariamente en la promoci\u00f3n del MADE IN FRANCE.<\/p>\n<p>Nuestros equipos, comprometidos con French Fab, dise\u00f1an, desarrollan, industrializan y venden nuestras soluciones en tecnolog\u00eda propietaria con un objetivo permanente: satisfacer a nuestros clientes y mantener nuestro liderazgo tecnol\u00f3gico.<\/p>\n<p>Guillaume GEREZ, Director General nos explica por qu\u00e9 comprar MADE IN FRANCE:<\/p>\n<p>\u00abPara una PYME exportadora, mantener el equilibrio de las relaciones comerciales se ha vuelto complejo. Entonces hay que ser simple y pragm\u00e1tico. Nuestros socios hist\u00f3ricos, en su mayor\u00eda situados a menos de 4 horas de Roubaix, nos garantizan la disponibilidad y la reactividad que necesitamos para garantizar nuestra actividad. Optimizar nuestros flujos, co-desarrollar nuestros productos de acuerdo a sus capacidades de la m\u00e1quina, gestionar los incumplimientos de la producci\u00f3n&#8230; todo esto nos permite ahorrar mucho tiempo para dedicarnos a nuestros clientes. Precisamente para nuestros clientes, sabemos que debemos seguir siendo competitivos porque nos movemos en un mercado abierto; esto debe pasar necesariamente por palancas complementarias al \u00fanico precio: las piezas de recambio en \u00abcircuito corto\u00bb o la disponibilidad de nuestros expertos t\u00e9cnicos, por ejemplo. Estamos agradecidos a los clientes que siguen fieles a nuestros productos y servicios y que comparten nuestra visi\u00f3n de un tejido industrial franc\u00e9s digitalizado, modernizado y preocupado por el medio ambiente. Invito a nuestros prospectos, que a menudo se benefician de subvenciones y otras ayudas gubernamentales, a que reconsideren su pol\u00edtica de compra para privilegiar, a un per\u00edmetro t\u00e9cnico equivalente, los productos y las ofertas MADE IN FRANCE. \u00bb[\/vc_column_text][\/vc_column][\/vc_row][vc_row][vc_column][vc_column_text]<\/p>\n<div class=\"intro\">\n<p>Por el grado de participaci\u00f3n de cada uno de nuestros colaboradores,\u00a0<strong>STANDARD INDUSTRIE\u00a0<\/strong><b>posee la certificaci\u00f3n ISO 9001 desde 1994 y ISO 45001 desde 2021.<\/b><\/p>\n<\/div>\n<p>[\/vc_column_text][\/vc_column][\/vc_row][vc_row el_class=\u00bbinvert-block\u00bb][vc_column css_animation=\u00bbslideInLeft\u00bb width=\u00bb1\/2&#8243;][vc_single_image image=\u00bb6391&#8243; img_size=\u00bbmedium\u00bb alignment=\u00bbcenter\u00bb][\/vc_column][vc_column width=\u00bb1\/2&#8243; el_class=\u00bbpartie-txt\u00bb][vc_column_text]<b>ISO 9001 :\u00a0<\/b>norma internacional de gesti\u00f3n de la calidad.\u00a0El objetivo principal es la satisfacci\u00f3n del cliente y la mejora continua.<\/p>\n<p><b>ISO 45001 :\u00a0<\/b>Norma internacional de gesti\u00f3n de la salud y la seguridad laboral.\u00a0El objetivo es obtener una mejor gesti\u00f3n de los riesgos para reducir el n\u00famero de accidentes, cumpliendo la legislaci\u00f3n y mejorando las prestaciones[\/vc_column_text][\/vc_column][\/vc_row][vc_row][vc_column][vc_column_text]<\/p>\n<h3>Nuestros productos est\u00e1n certificados seg\u00fan las gamas y nuestros mercados:<\/h3>\n<p>[\/vc_column_text][\/vc_column][\/vc_row][vc_row equal_height=\u00bbyes\u00bb][vc_column width=\u00bb1\/3&#8243;][vc_single_image image=\u00bb2328&#8243; img_size=\u00bbfull\u00bb alignment=\u00bbcenter\u00bb][vc_column_text]Este logotipo muestra que el material puede utilizarse con absoluta seguridad en una atm\u00f3sfera potencialmente explosiva, creada por la presencia de gases inflamables, vapores, nieblas o nubes de polvo combustibles.<br \/>\nLa base de la certificaci\u00f3n ATEX es la directiva europea 94\/9\/CE.[\/vc_column_text][\/vc_column][vc_column width=\u00bb1\/3&#8243;][vc_single_image image=\u00bb2330&#8243; img_size=\u00bbfull\u00bb alignment=\u00bbcenter\u00bb][vc_column_text]La marca CE certifica que el producto cumple las exigencias esenciales de seguridad definidas por la(s) directiva(s) aplicable(s).<br \/>\nLa marca CE se rige por la directiva 93\/68\/CEE del Consejo del 22 de julio de 1993.<br \/>\nEs obligatoria para comercializar un producto en la Uni\u00f3n Europea.[\/vc_column_text][\/vc_column][vc_column width=\u00bb1\/3&#8243;][vc_single_image image=\u00bb2332&#8243; img_size=\u00bbfull\u00bb alignment=\u00bbcenter\u00bb][vc_column_text]Esta marca certifica la conformidad con las exigencias de seguridad y calidad propias de Rusia.<br \/>\nEl certificado GOST R es obligatorio para cualquier tipo de mercanc\u00edas importadas en otros pa\u00edses o producidas en Rusia.[\/vc_column_text][\/vc_column][\/vc_row][vc_row equal_height=\u00bbyes\u00bb][vc_column width=\u00bb1\/3&#8243;][vc_single_image image=\u00bb4828&#8243; img_size=\u00bbfull\u00bb alignment=\u00bbcenter\u00bb][vc_column_text]El Certificado CSA lo expide la Asociaci\u00f3n Canadiense de Normalizaci\u00f3n y certifica que un producto, un procedimiento o un servicio se ha probado seg\u00fan las normas canadienses u americanas, y que cumple las exigencias de una norma CSA aplicable o de cualquier otro documento reconocido como referencia para la certificaci\u00f3n.<br \/>\nEste logotipo es reconocido en los Estados Unidos, Canad\u00e1 y en todo el mundo[\/vc_column_text][\/vc_column][vc_column width=\u00bb1\/3&#8243;][vc_single_image image=\u00bb4829&#8243; alignment=\u00bbcenter\u00bb][vc_column_text]El Certificado UL lo expide Underwriters Laboratories y certifica que ciertos productos, componentes, materiales y sistemas, cumplen con normas espec\u00edficas.<br \/>\nLas letras C y\/o U pueden acompa\u00f1ar a este logotipo y significa que el producto puede usarse en el mercado canadiense y\/o americano.[\/vc_column_text][\/vc_column][vc_column width=\u00bb1\/3&#8243;][vc_single_image image=\u00bb4830&#8243; alignment=\u00bbcenter\u00bb][vc_empty_space height=\u00bb23px\u00bb][vc_column_text]El Certificado ASME lo expide la American Society of Mechanical Engineers (Sociedad Americana de Ingenieros Mec\u00e1nicos) y certifica que los m\u00e9todos de fabricaci\u00f3n de productos cumplen con ciertas normas espec\u00edficas establecidas. Se especializan en equipos a presi\u00f3n. Permite comercializar en los Estados Unidos.[\/vc_column_text][\/vc_column][\/vc_row][vc_row][vc_column][vc_btn title=\u00bbCont\u00e1ctenos\u00bb style=\u00bbflat\u00bb shape=\u00bbsquare\u00bb color=\u00bbblack\u00bb align=\u00bbcenter\u00bb link=\u00bburl:https%3A%2F%2Fwww.standard-industrie.com%2Fes%2Fcontacto%2F|title:Contact%20Standard%20industrie\u00bb][\/vc_column][\/vc_row]<\/p>\n","protected":false},"excerpt":{"rendered":"<p>[vc_row][vc_column][vc_empty_space][\/vc_column][\/vc_row][vc_row][vc_column][vc_column_text el_class=\u00bbgros-titre fort traits-gris-droite-gauche titre-gauche vc_sep_border_width_2 vc_separator wpb_content_element vc_separator_align_left vc_sep_width_100 vc_sep_pos_align_center vc_sep_color_grey vc_separator-has-text\u00bb] STANDARD INDUSTRIE INTERNATIONAL [\/vc_column_text][vc_column_text] Ya que la adhesi\u00f3n a un sistema de gesti\u00f3n<span class=\"excerpt-hellip\"> [\u2026]<\/span><\/p>\n","protected":false},"author":1,"featured_media":0,"parent":0,"menu_order":76,"comment_status":"closed","ping_status":"closed","template":"","meta":{"footnotes":""},"class_list":["post-16","page","type-page","status-publish","hentry"],"_links":{"self":[{"href":"https:\/\/www.standard-industrie.com\/es\/wp-json\/wp\/v2\/pages\/16","targetHints":{"allow":["GET"]}}],"collection":[{"href":"https:\/\/www.standard-industrie.com\/es\/wp-json\/wp\/v2\/pages"}],"about":[{"href":"https:\/\/www.standard-industrie.com\/es\/wp-json\/wp\/v2\/types\/page"}],"author":[{"embeddable":true,"href":"https:\/\/www.standard-industrie.com\/es\/wp-json\/wp\/v2\/users\/1"}],"replies":[{"embeddable":true,"href":"https:\/\/www.standard-industrie.com\/es\/wp-json\/wp\/v2\/comments?post=16"}],"version-history":[{"count":0,"href":"https:\/\/www.standard-industrie.com\/es\/wp-json\/wp\/v2\/pages\/16\/revisions"}],"wp:attachment":[{"href":"https:\/\/www.standard-industrie.com\/es\/wp-json\/wp\/v2\/media?parent=16"}],"curies":[{"name":"wp","href":"https:\/\/api.w.org\/{rel}","templated":true}]}}