{"id":18,"date":"2014-05-16T09:33:23","date_gmt":"2014-05-16T08:33:23","guid":{"rendered":"https:\/\/www.standard-industrie.com\/es\/?page_id=18"},"modified":"2023-02-16T17:05:10","modified_gmt":"2023-02-16T16:05:10","slug":"empleo","status":"publish","type":"page","link":"https:\/\/www.standard-industrie.com\/es\/empleo\/","title":{"rendered":"EMPLEO"},"content":{"rendered":"<p>[vc_row][vc_column][vc_empty_space][\/vc_column][\/vc_row][vc_row][vc_column][vc_column_text el_class=\u00bbgros-titre fort traits-gris-droite-gauche titre-gauche vc_sep_border_width_2 vc_separator wpb_content_element vc_separator_align_left vc_sep_width_100 vc_sep_pos_align_center vc_sep_color_grey vc_separator-has-text\u00bb]<\/p>\n<div class=\"vc_sep_holder vc_sep_holder_l\">\n<p class=\"vc_sep_line\" style=\"border-color: grey;\">\n<\/div>\n<h2>CONTRATACI\u00d3N EST\u00c1NDAR INDUSTRIA INTERNACIONAL<\/h2>\n<div class=\"vc_sep_holder vc_sep_holder_r\">\n<p class=\"vc_sep_line\" style=\"border-color: grey;\">\n<\/div>\n<p>[\/vc_column_text][vc_column_text]<\/p>\n<p class=\"intro\"><strong>STANDARD INDUSTRIE International,<\/strong> l\u00edder mundial en el suministro de soluciones especializadas para los productores industriales de productos a granel (cementeras, siderurgia, centrales t\u00e9rmicas, canteras, etc.) y que tengan problemas de obstrucci\u00f3n, concreciones, limpieza o manipulaci\u00f3n, ofrece contrataci\u00f3n:<\/p>\n<p>[\/vc_column_text][\/vc_column][\/vc_row][vc_row equal_height=\u00bbyes\u00bb][vc_column width=\u00bb1\/2&#8243;][vc_column_text el_class=\u00bbgros-titre fort traits-gris-droite-gauche titre-gauche vc_sep_border_width_2 vc_separator wpb_content_element vc_separator_align_left vc_sep_width_100 vc_sep_pos_align_center vc_sep_color_grey vc_separator-has-text\u00bb]<\/p>\n<div class=\"vc_sep_holder vc_sep_holder_l\">\n<p class=\"vc_sep_line\" style=\"border-color: grey;\">\n<\/div>\n<h2>PRESENTAR MI CANDIDATURA<\/h2>\n<div class=\"vc_sep_holder vc_sep_holder_r\">\n<p class=\"vc_sep_line\" style=\"border-color: grey;\">\n<\/div>\n<p>[\/vc_column_text]\n<div class=\"wpcf7 no-js\" id=\"wpcf7-f4845-o1\" lang=\"fr-FR\" dir=\"ltr\" data-wpcf7-id=\"4845\">\n<div class=\"screen-reader-response\"><p role=\"status\" aria-live=\"polite\" aria-atomic=\"true\"><\/p> <ul><\/ul><\/div>\n<form action=\"\/es\/wp-json\/wp\/v2\/pages\/18#wpcf7-f4845-o1\" method=\"post\" class=\"wpcf7-form init\" aria-label=\"Formulaire de contact\" enctype=\"multipart\/form-data\" novalidate=\"novalidate\" data-status=\"init\">\n<fieldset class=\"hidden-fields-container\"><input type=\"hidden\" name=\"_wpcf7\" value=\"4845\" \/><input type=\"hidden\" name=\"_wpcf7_version\" value=\"6.1\" \/><input type=\"hidden\" name=\"_wpcf7_locale\" value=\"fr_FR\" \/><input type=\"hidden\" name=\"_wpcf7_unit_tag\" value=\"wpcf7-f4845-o1\" \/><input type=\"hidden\" name=\"_wpcf7_container_post\" value=\"0\" \/><input type=\"hidden\" name=\"_wpcf7_posted_data_hash\" value=\"\" \/>\n<\/fieldset>\n<div class=\"cinq\">\n\t<p><label> Su apellido*<br \/>\n<span class=\"wpcf7-form-control-wrap\" data-name=\"your-name\"><input size=\"40\" maxlength=\"400\" class=\"wpcf7-form-control wpcf7-text wpcf7-validates-as-required\" aria-required=\"true\" aria-invalid=\"false\" value=\"\" type=\"text\" name=\"your-name\" \/><\/span> <\/label>\n\t<\/p>\n<\/div>\n<div class=\"cinq\">\n\t<p><label>Su nombre*<br \/>\n<span class=\"wpcf7-form-control-wrap\" data-name=\"text-prenom\"><input size=\"40\" maxlength=\"400\" class=\"wpcf7-form-control wpcf7-text wpcf7-validates-as-required\" aria-required=\"true\" aria-invalid=\"false\" value=\"\" type=\"text\" name=\"text-prenom\" \/><\/span><\/label>\n\t<\/p>\n<\/div>\n<div class=\"cinq\">\n\t<p><label>Su tel\u00e9fono*<br \/>\n<span class=\"wpcf7-form-control-wrap\" data-name=\"tel-662\"><input size=\"40\" maxlength=\"400\" class=\"wpcf7-form-control wpcf7-tel wpcf7-validates-as-required wpcf7-text wpcf7-validates-as-tel\" aria-required=\"true\" aria-invalid=\"false\" value=\"\" type=\"tel\" name=\"tel-662\" \/><\/span><\/label>\n\t<\/p>\n<\/div>\n<div class=\"cinq\">\n\t<p><label>Pa\u00eds<br \/>\n<span class=\"wpcf7-form-control-wrap\" data-name=\"menu-pays\"><select class=\"wpcf7-form-control wpcf7-select\" aria-invalid=\"false\" name=\"menu-pays\"><option value=\"Sud\u00e1frica\">Sud\u00e1frica<\/option><option value=\"Allemagne\">Allemagne<\/option><option value=\"Alemania\">Alemania<\/option><option value=\"Canad\u00e1\">Canad\u00e1<\/option><option value=\"China\">China<\/option><option value=\"Espa\u00f1a\">Espa\u00f1a<\/option><option value=\"Estados Unidos\">Estados Unidos<\/option><option value=\"Francia\">Francia<\/option><option value=\"Italia\">Italia<\/option><option value=\"M\u00e9xico\">M\u00e9xico<\/option><option value=\"Reino Unido\">Reino Unido<\/option><option value=\"Singapur\">Singapur<\/option><\/select><\/span><\/label>\n\t<\/p>\n<\/div>\n<div class=\"cent\">\n\t<p><label> Su e-mail*<br \/>\n<span class=\"wpcf7-form-control-wrap\" data-name=\"your-email\"><input size=\"40\" maxlength=\"400\" class=\"wpcf7-form-control wpcf7-email wpcf7-validates-as-required wpcf7-text wpcf7-validates-as-email\" aria-required=\"true\" aria-invalid=\"false\" value=\"\" type=\"email\" name=\"your-email\" \/><\/span> <\/label>\n\t<\/p>\n<\/div>\n<div class=\"cent\">\n\t<p><label>Tipo de contrato<br \/>\n<span class=\"wpcf7-form-control-wrap\" data-name=\"radio-110\"><span class=\"wpcf7-form-control wpcf7-radio\"><span class=\"wpcf7-list-item first\"><label><input type=\"radio\" name=\"radio-110\" value=\"Indiferente\" checked=\"checked\" \/><span class=\"wpcf7-list-item-label\">Indiferente<\/span><\/label><\/span><span class=\"wpcf7-list-item\"><label><input type=\"radio\" name=\"radio-110\" value=\"DDC\" \/><span class=\"wpcf7-list-item-label\">DDC<\/span><\/label><\/span><span class=\"wpcf7-list-item\"><label><input type=\"radio\" name=\"radio-110\" value=\"Contrato permanente\" \/><span class=\"wpcf7-list-item-label\">Contrato permanente<\/span><\/label><\/span><span class=\"wpcf7-list-item last\"><label><input type=\"radio\" name=\"radio-110\" value=\"Pr\u00e1cticas y experiencia laboral\" \/><span class=\"wpcf7-list-item-label\">Pr\u00e1cticas y experiencia laboral<\/span><\/label><\/span><\/span><\/span><\/label>\n\t<\/p>\n<\/div>\n<div class=\"cinq\">\n\t<p><label>Canal<br \/>\n<span class=\"wpcf7-form-control-wrap\" data-name=\"menu-filiere\"><select class=\"wpcf7-form-control wpcf7-select\" aria-invalid=\"false\" name=\"menu-filiere\"><option value=\"Compras\">Compras<\/option><option value=\"Producci\u00f3n\/taller\">Producci\u00f3n\/taller<\/option><option value=\"Oficina de dise\u00f1o\">Oficina de dise\u00f1o<\/option><option value=\"Comercial\">Comercial<\/option><option value=\"Compatibilidad\">Compatibilidad<\/option><option value=\"Gesti\u00f3n\">Gesti\u00f3n<\/option><option value=\"Inform\u00e1tica\">Inform\u00e1tica<\/option><option value=\"Marketing \/ comunicaci\u00f3n\">Marketing \/ comunicaci\u00f3n<\/option><option value=\"Calidad \/ seguridad \/ medio ambiente\">Calidad \/ seguridad \/ medio ambiente<\/option><option value=\"Recursos humanos\">Recursos humanos<\/option><option value=\"Servicio postventa\">Servicio postventa<\/option><\/select><\/span><\/label>\n\t<\/p>\n<\/div>\n<div class=\"cinq\">\n\t<p><label>Reclamaciones salariales<br \/>\n<span class=\"wpcf7-form-control-wrap\" data-name=\"text-salaire\"><input size=\"40\" maxlength=\"400\" class=\"wpcf7-form-control wpcf7-text wpcf7-validates-as-required\" aria-required=\"true\" aria-invalid=\"false\" value=\"\" type=\"text\" name=\"text-salaire\" \/><\/span><\/label>\n\t<\/p>\n<\/div>\n<div class=\"cent\">\n\t<p><label> Su mensaje<br \/>\n<span class=\"wpcf7-form-control-wrap\" data-name=\"your-message\"><textarea cols=\"2\" rows=\"10\" maxlength=\"2000\" class=\"wpcf7-form-control wpcf7-textarea\" aria-invalid=\"false\" name=\"your-message\"><\/textarea><\/span> <\/label>\n\t<\/p>\n<\/div>\n<div class=\"cent\">\n\t<p><label>Su CV<br \/>\n<span class=\"wpcf7-form-control-wrap\" data-name=\"file-CV\"><input size=\"40\" class=\"wpcf7-form-control wpcf7-file wpcf7-validates-as-required\" accept=\".pdf,.jpg,.docx,.png\" aria-required=\"true\" aria-invalid=\"false\" type=\"file\" name=\"file-CV\" \/><\/span><\/label>\n\t<\/p>\n<\/div>\n<div class=\"cent\">\n\t<p><label>Su carta de presentaci\u00f3n<br \/>\n<span class=\"wpcf7-form-control-wrap\" data-name=\"file-LM\"><input size=\"40\" class=\"wpcf7-form-control wpcf7-file wpcf7-validates-as-required\" accept=\".pdf,.jpg,.docx,.png\" aria-required=\"true\" aria-invalid=\"false\" type=\"file\" name=\"file-LM\" \/><\/span><\/label>\n\t<\/p>\n<\/div>\n<div class=\"cent\">\n\t<p><span class=\"wpcf7-form-control-wrap\" data-name=\"your-consent\"><span class=\"wpcf7-form-control wpcf7-acceptance\"><span class=\"wpcf7-list-item\"><label><input type=\"checkbox\" name=\"your-consent\" value=\"1\" aria-invalid=\"false\" \/><span class=\"wpcf7-list-item-label\">Al utilizar este formulario, acepto el almacenamiento y tratamiento de mis datos por parte de este sitio web.<\/span><\/label><\/span><\/span><\/span>\n\t<\/p>\n<\/div>\n<div class=\"cent\">\n\t<p><input class=\"wpcf7-form-control wpcf7-submit has-spinner\" type=\"submit\" value=\"Solicitar en\" \/>\n\t<\/p>\n<\/div><div class=\"wpcf7-response-output\" aria-hidden=\"true\"><\/div>\n<\/form>\n<\/div>\n[\/vc_column][vc_column width=\u00bb1\/2&#8243; css=\u00bb.vc_custom_1670340262623{background-image: url(https:\/\/www.standard-industrie.com\/es\/wp-content\/uploads\/sites\/11\/2022\/12\/airchoc-nouveau-four-a-chaux-DOLOMITAS-DEL-NORTE-scaled.jpg?id=4998) !important;background-position: center !important;background-repeat: no-repeat !important;background-size: cover !important;}\u00bb][\/vc_column][\/vc_row]<\/p>\n","protected":false},"excerpt":{"rendered":"<p>[vc_row][vc_column][vc_empty_space][\/vc_column][\/vc_row][vc_row][vc_column][vc_column_text el_class=\u00bbgros-titre fort traits-gris-droite-gauche titre-gauche vc_sep_border_width_2 vc_separator wpb_content_element vc_separator_align_left vc_sep_width_100 vc_sep_pos_align_center vc_sep_color_grey vc_separator-has-text\u00bb] CONTRATACI\u00d3N EST\u00c1NDAR INDUSTRIA INTERNACIONAL [\/vc_column_text][vc_column_text] STANDARD INDUSTRIE International, l\u00edder mundial en el suministro<span class=\"excerpt-hellip\"> [\u2026]<\/span><\/p>\n","protected":false},"author":1,"featured_media":0,"parent":0,"menu_order":56,"comment_status":"open","ping_status":"open","template":"single-standard.php","meta":{"footnotes":""},"class_list":["post-18","page","type-page","status-publish","hentry"],"_links":{"self":[{"href":"https:\/\/www.standard-industrie.com\/es\/wp-json\/wp\/v2\/pages\/18","targetHints":{"allow":["GET"]}}],"collection":[{"href":"https:\/\/www.standard-industrie.com\/es\/wp-json\/wp\/v2\/pages"}],"about":[{"href":"https:\/\/www.standard-industrie.com\/es\/wp-json\/wp\/v2\/types\/page"}],"author":[{"embeddable":true,"href":"https:\/\/www.standard-industrie.com\/es\/wp-json\/wp\/v2\/users\/1"}],"replies":[{"embeddable":true,"href":"https:\/\/www.standard-industrie.com\/es\/wp-json\/wp\/v2\/comments?post=18"}],"version-history":[{"count":0,"href":"https:\/\/www.standard-industrie.com\/es\/wp-json\/wp\/v2\/pages\/18\/revisions"}],"wp:attachment":[{"href":"https:\/\/www.standard-industrie.com\/es\/wp-json\/wp\/v2\/media?parent=18"}],"curies":[{"name":"wp","href":"https:\/\/api.w.org\/{rel}","templated":true}]}}