{"id":206,"date":"2014-05-30T14:27:11","date_gmt":"2014-05-30T13:27:11","guid":{"rendered":"https:\/\/www.standard-industrie.com\/es\/?page_id=206"},"modified":"2025-06-04T21:27:09","modified_gmt":"2025-06-04T20:27:09","slug":"eliminacion-obstrucciones-concreciones","status":"publish","type":"page","link":"https:\/\/www.standard-industrie.com\/es\/eliminacion-obstrucciones-concreciones\/","title":{"rendered":"Eliminaci\u00f3n de obstrucciones y pegaduras"},"content":{"rendered":"<p>[vc_row][vc_column][vc_empty_space][vc_column_text el_class=\u00bbgros-titre fort trait-rouge traits-gris-droite-gauche titre-centre vc_separator wpb_content_element vc_separator_align_center vc_sep_width_100 vc_sep_border_width_2 vc_sep_pos_align_center vc_separator-has-text\u00bb]<\/p>\n<div class=\"vc_sep_holder vc_sep_holder_l\">\n<p class=\"vc_sep_line\" style=\"border-color: grey;\">\n<\/div>\n<h2>Nuestras soluciones<\/h2>\n<div class=\"vc_sep_holder vc_sep_holder_r\">\n<p class=\"vc_sep_line\" style=\"border-color: grey;\">\n<\/div>\n<p>[\/vc_column_text][\/vc_column][\/vc_row][vc_row][vc_column width=\u00bb1\/4&#8243;][\/vc_column][vc_column width=\u00bb1\/2&#8243;][vc_column_text]Los ca\u00f1ones de aire\u00a0<strong><a href=\"https:\/\/www.standard-industrie.com\/es\/airchoc-wireless\/\">AIRCHOC\u00ae<\/a><\/strong>\u00a0y\u00a0<strong><a href=\"https:\/\/www.standard-industrie.com\/es\/macsys-wireless\/\">MACSYS\u00ae<\/a><\/strong>\u00a0de Standard Industrie permiten responder de manera eficaz ante los problemas de taponamientos y concreciones en las unidades de almacenamiento: silos, tolvas, cubas.<\/p>\n<p>Los taponamientos y concreciones de los silos y tolvas pueden solucionarse de manera eficaz combinando potencia e innovaci\u00f3n gracias a los ca\u00f1ones de aire <strong><a href=\"https:\/\/www.standard-industrie.com\/es\/airchoc-wireless\/\">AIRCHOC\u00ae<\/a><\/strong>\u00a0y\u00a0<strong><a href=\"https:\/\/www.standard-industrie.com\/es\/macsys-wireless\/\">MACSYS\u00ae<\/a><\/strong>\u00a0de Standard Industrie.[\/vc_column_text][vc_btn title=\u00bbDescargue el cat\u00e1logo\u00bb style=\u00bbcustom\u00bb custom_background=\u00bb#c72f37&#8243; custom_text=\u00bb#ffffff\u00bb shape=\u00bbsquare\u00bb size=\u00bbsm\u00bb align=\u00bbcenter\u00bb link=\u00bburl:%2Fes%2Fwp-content%2Fuploads%2Fsites%2F11%2F2023%2F01%2FBROCHURE_DECLOGGING_S-22112022-1.pdf|target:_blank\u00bb][\/vc_column][vc_column width=\u00bb1\/4&#8243;][\/vc_column][\/vc_row][vc_row content_placement=\u00bbbottom\u00bb el_class=\u00bbrange-5-block\u00bb][vc_column width=\u00bb1\/4&#8243;][vc_single_image image=\u00bb4561&#8243; img_size=\u00bbmedium\u00bb onclick=\u00bbcustom_link\u00bb el_class=\u00bbeffect-slide-top-img-hover animation-trait-img-hover trait-rouge img-trait-titre\u00bb link=\u00bbhttps:\/\/www.standard-industrie.com\/es\/airchoc-wireless\/\u00bb title=\u00bbAIRCHOC\u00ae\u00bb][\/vc_column][vc_column width=\u00bb1\/4&#8243;][vc_single_image image=\u00bb4559&#8243; img_size=\u00bbmedium\u00bb onclick=\u00bbcustom_link\u00bb el_class=\u00bbeffect-slide-top-img-hover animation-trait-img-hover trait-rouge img-trait-titre\u00bb link=\u00bbhttps:\/\/www.standard-industrie.com\/es\/deflector\/\u00bb title=\u00bbDEFLECTOR\u00bb][\/vc_column][vc_column width=\u00bb1\/4&#8243;][vc_single_image image=\u00bb4562&#8243; img_size=\u00bbmedium\u00bb onclick=\u00bbcustom_link\u00bb el_class=\u00bbeffect-slide-top-img-hover animation-trait-img-hover trait-rouge img-trait-titre\u00bb link=\u00bbhttps:\/\/www.standard-industrie.com\/es\/macsys-wireless\/\u00bb title=\u00bbMACSYS WIRELESS\u00bb][\/vc_column][vc_column width=\u00bb1\/4&#8243; el_class=\u00bbblock-option\u00bb][vc_column_text el_class=\u00bbtxt-option margin-zero\u00bb]Opcional :[\/vc_column_text][vc_single_image image=\u00bb4569&#8243; img_size=\u00bbmedium\u00bb onclick=\u00bbcustom_link\u00bb el_class=\u00bbeffect-slide-top-img-hover animation-trait-img-hover trait-rouge img-trait-titre\u00bb link=\u00bbhttps:\/\/www.standard-industrie.com\/es\/programa-de-mantenimiento-airchoc\/\u00bb title=\u00bbPROGRAMA DE MANTENIMIENTO AIRCHOC\u00ae\u00bb][\/vc_column][\/vc_row][vc_row content_placement=\u00bbbottom\u00bb][vc_column][vc_empty_space height=\u00bb30px\u00bb][\/vc_column][\/vc_row][vc_row][vc_column css_animation=\u00bbslideInLeft\u00bb width=\u00bb1\/2&#8243;][vc_column_text el_class=\u00bbtitre titre-long fort trait-rouge traits-gris-droite-gauche titre-centre vc_separator wpb_content_element vc_separator_align_center vc_sep_width_100 vc_sep_border_width_2 vc_sep_pos_align_center vc_separator-has-text\u00bb]<\/p>\n<div class=\"vc_sep_holder vc_sep_holder_l\">\n<p class=\"vc_sep_line\" style=\"border-color: grey;\">\n<\/div>\n<h2 style=\"text-align: center;\">\u00bfC\u00d3MO FUNCIONAN LOS CA\u00d1ONES AIRCHOC\u00ae?<\/h2>\n<div class=\"vc_sep_holder vc_sep_holder_r\">\n<p class=\"vc_sep_line\" style=\"border-color: grey;\">\n<\/div>\n<p>[\/vc_column_text][vc_column_text]libera las acumulaciones de materia.<\/p>\n<p id=\"tw-target-text\" class=\"tw-data-text tw-ta tw-text-small\" dir=\"ltr\" data-placeholder=\"Traduction\"><span lang=\"es\">El tanque de ca\u00f1\u00f3n de aire est\u00e1 conectado a un compresor de aire.\u00a0<a href=\"https:\/\/www.standard-industrie.com\/es\/compresor-de-aire\/\" target=\"_blank\" rel=\"noopener\"><b>Conozca m\u00e1s sobre el compresor de aire.<\/b><\/a><\/span><\/p>\n<p>La soluci\u00f3n a los problemas de p\u00e9rdidas de existencias o de disminuci\u00f3n de la capacidad de extracci\u00f3n.<\/p>\n<p>Adem\u00e1s, el uso de un ca\u00f1\u00f3n de aire <strong><a href=\"https:\/\/www.standard-industrie.com\/es\/airchoc-wireless\/\">AIRCHOC\u00ae<\/a><\/strong>\u00a0y\u00a0<strong><a href=\"https:\/\/www.standard-industrie.com\/es\/macsys-wireless\/\">MACSYS\u00ae<\/a><\/strong>\u00a0le permite estabilizar y optimizar el proceso industrial. Cuando el descolmataje se produce demasiado tarde, puede acarrear p\u00e9rdidas de materia (solidificada, por ejemplo), contaminaciones o fermentaciones de productos e incluso una parada temporal de la producci\u00f3n.[\/vc_column_text][\/vc_column][vc_column css_animation=\u00bbslideInRight\u00bb width=\u00bb1\/2&#8243;][vc_empty_space height=\u00bb50px\u00bb][vc_column_text el_class=\u00bbtitre titre-long fort trait-rouge traits-gris-droite-gauche titre-centre vc_separator wpb_content_element vc_separator_align_center vc_sep_width_100 vc_sep_border_width_2 vc_sep_pos_align_center vc_separator-has-text\u00bb]<\/p>\n<div class=\"vc_sep_holder vc_sep_holder_l\">\n<p class=\"vc_sep_line\" style=\"border-color: grey;\">\n<\/div>\n<h2 style=\"text-align: center;\">TIPOS DE TAPONAMIENTOS:<\/h2>\n<div class=\"vc_sep_holder vc_sep_holder_r\">\n<p class=\"vc_sep_line\" style=\"border-color: grey;\">\n<\/div>\n<p>[\/vc_column_text][vc_images_carousel images=\u00bb6021,6022,6023,6024&#8243; img_size=\u00bbmedium\u00bb mode=\u00bbvertical\u00bb hide_pagination_control=\u00bbyes\u00bb wrap=\u00bbyes\u00bb][\/vc_column][\/vc_row][vc_row][vc_column width=\u00bb1\/4&#8243;][\/vc_column][vc_column width=\u00bb1\/2&#8243;][vc_column_text el_class=\u00bbgros-titre fort trait-rouge traits-gris-droite-gauche titre-centre vc_separator wpb_content_element vc_separator_align_center vc_sep_width_100 vc_sep_border_width_2 vc_sep_pos_align_center vc_separator-has-text\u00bb]<\/p>\n<div class=\"vc_sep_holder vc_sep_holder_l\">\n<p class=\"vc_sep_line\" style=\"border-color: grey;\">\n<\/div>\n<h2 style=\"text-align: center;\">TIPOSE DE CONCRECIONES<\/h2>\n<div class=\"vc_sep_holder vc_sep_holder_r\">\n<p class=\"vc_sep_line\" style=\"border-color: grey;\">\n<\/div>\n<p>[\/vc_column_text][vc_single_image image=\u00bb6020&#8243; img_size=\u00bbfull\u00bb alignment=\u00bbcenter\u00bb][\/vc_column][vc_column width=\u00bb1\/4&#8243;][\/vc_column][\/vc_row][vc_row][vc_column][vc_empty_space][vc_column_text el_class=\u00bbgros-titre fort trait-rouge traits-gris-droite-gauche titre-centre vc_separator wpb_content_element vc_separator_align_center vc_sep_width_100 vc_sep_border_width_2 vc_sep_pos_align_center vc_separator-has-text\u00bb]<\/p>\n<div class=\"vc_sep_holder vc_sep_holder_l\">\n<p class=\"vc_sep_line\" style=\"border-color: grey;\">\n<\/div>\n<h2 style=\"text-align: center;\">SEGURIDAD<\/h2>\n<div class=\"vc_sep_holder vc_sep_holder_r\">\n<p class=\"vc_sep_line\" style=\"border-color: grey;\">\n<\/div>\n<p>[\/vc_column_text][\/vc_column][\/vc_row][vc_row equal_height=\u00bbyes\u00bb][vc_column css_animation=\u00bbfadeInUp\u00bb offset=\u00bbvc_col-lg-6&#8243;][vc_row_inner][vc_column_inner offset=\u00bbvc_hidden-md vc_hidden-sm vc_hidden-xs\u00bb][vc_column_text]El <strong><a href=\"https:\/\/www.standard-industrie.com\/es\/airchoc-wireless\/\">AIRCHOC\u00ae<\/a><\/strong>\u00a0y\u00a0<strong><a href=\"https:\/\/www.standard-industrie.com\/es\/macsys-wireless\/\">MACSYS\u00ae<\/a><\/strong>, con su dep\u00f3sito galvanizado (interior y exterior) y su cabezal de fundici\u00f3n, es una soluci\u00f3n fiable con 3 a\u00f1os de garant\u00eda. \u00a0 Los ca\u00f1ones de aire de Standard Industrie, adaptados a las zonas ATEX o de alta temperatura, pueden utilizarse con muchos productos como:<\/p>\n<ul>\n<li>Carb\u00f3n, cemento, diversos minerales<\/li>\n<li>Arena de fundici\u00f3n, arena de s\u00edlice<\/li>\n<li>Productos qu\u00edmicos<\/li>\n<li>Alimentaci\u00f3n humana y animal<\/li>\n<li>Etc.<\/li>\n<\/ul>\n<p>[\/vc_column_text][vc_column_text][\/vc_column_text][\/vc_column_inner][\/vc_row_inner][\/vc_column][vc_column css_animation=\u00bbfadeInUpBig\u00bb offset=\u00bbvc_col-lg-6&#8243;][vc_row_inner][vc_column_inner][vc_column_text]<\/p>\n<h3><strong>SIN CABLES<\/strong><\/h3>\n<p>La tecnolog\u00eda inal\u00e1mbrica \u00abWireless\u00bb le permite administrar las secuencias de disparos remotos minimizando los costes de instalaci\u00f3n:<\/p>\n<ul>\n<li>A mano,\u00a0gracias a un mando a distancia inal\u00e1mbrico<\/li>\n<li>De manera autom\u00e1tica: activaci\u00f3n c\u00edclica gestionada por un software de supervisi\u00f3n<\/li>\n<\/ul>\n<p>[\/vc_column_text][vc_btn title=\u00bbM\u00e1s informaci\u00f3n\u00bb style=\u00bbcustom\u00bb custom_background=\u00bb#c72f37&#8243; custom_text=\u00bb#ffffff\u00bb shape=\u00bbsquare\u00bb size=\u00bbsm\u00bb link=\u00bburl:%2Fes%2Fwp-content%2Fuploads%2Fsites%2F11%2F2023%2F01%2FFuncionamiento_de_los_canones_de_aire_AIRCHOC_y_MACSYS_Wireless.pdf|target:_blank\u00bb][vc_column_text]<\/p>\n<h3><b>MANTENIMIENTO<\/b><\/h3>\n<p>[\/vc_column_text][vc_btn title=\u00bbDescubre los pre-requisitos para un buen funcionamiento AIRCHOC\u00ae\u00bb style=\u00bbcustom\u00bb custom_background=\u00bb#c72f37&#8243; custom_text=\u00bb#ffffff\u00bb shape=\u00bbsquare\u00bb size=\u00bbsm\u00bb link=\u00bburl:https%3A%2F%2Fwww.standard-industrie.com%2Fes%2Fmantenimiento-airchoc%2F|title:Mantenimiento%20AIRCHOC%C2%AE\u00bb][\/vc_column_inner][\/vc_row_inner][\/vc_column][\/vc_row]<\/p>\n","protected":false},"excerpt":{"rendered":"<p>[vc_row][vc_column][vc_empty_space][vc_column_text el_class=\u00bbgros-titre fort trait-rouge traits-gris-droite-gauche titre-centre vc_separator wpb_content_element vc_separator_align_center vc_sep_width_100 vc_sep_border_width_2 vc_sep_pos_align_center vc_separator-has-text\u00bb] Nuestras soluciones [\/vc_column_text][\/vc_column][\/vc_row][vc_row][vc_column width=\u00bb1\/4&#8243;][\/vc_column][vc_column width=\u00bb1\/2&#8243;][vc_column_text]Los ca\u00f1ones de aire\u00a0AIRCHOC\u00ae\u00a0y\u00a0MACSYS\u00ae\u00a0de Standard Industrie permiten responder de<span class=\"excerpt-hellip\"> [\u2026]<\/span><\/p>\n","protected":false},"author":1,"featured_media":0,"parent":0,"menu_order":57,"comment_status":"closed","ping_status":"closed","template":"single-airchoc.php","meta":{"footnotes":""},"class_list":["post-206","page","type-page","status-publish","hentry"],"_links":{"self":[{"href":"https:\/\/www.standard-industrie.com\/es\/wp-json\/wp\/v2\/pages\/206","targetHints":{"allow":["GET"]}}],"collection":[{"href":"https:\/\/www.standard-industrie.com\/es\/wp-json\/wp\/v2\/pages"}],"about":[{"href":"https:\/\/www.standard-industrie.com\/es\/wp-json\/wp\/v2\/types\/page"}],"author":[{"embeddable":true,"href":"https:\/\/www.standard-industrie.com\/es\/wp-json\/wp\/v2\/users\/1"}],"replies":[{"embeddable":true,"href":"https:\/\/www.standard-industrie.com\/es\/wp-json\/wp\/v2\/comments?post=206"}],"version-history":[{"count":0,"href":"https:\/\/www.standard-industrie.com\/es\/wp-json\/wp\/v2\/pages\/206\/revisions"}],"wp:attachment":[{"href":"https:\/\/www.standard-industrie.com\/es\/wp-json\/wp\/v2\/media?parent=206"}],"curies":[{"name":"wp","href":"https:\/\/api.w.org\/{rel}","templated":true}]}}