{"id":2088,"date":"2016-06-20T10:49:06","date_gmt":"2016-06-20T09:49:06","guid":{"rendered":"https:\/\/www.standard-industrie.com\/es\/?page_id=2088"},"modified":"2025-06-04T21:33:36","modified_gmt":"2025-06-04T20:33:36","slug":"maquinas-de-aspiracion-de-ocasion","status":"publish","type":"page","link":"https:\/\/www.standard-industrie.com\/es\/maquinas-de-aspiracion-de-ocasion\/","title":{"rendered":"M\u00e1quinas de aspiraci\u00f3n de ocasi\u00f3n"},"content":{"rendered":"<p>[vc_row][vc_column css=\u00bb.vc_custom_1668767480700{margin-top: 10px !important;}\u00bb][vc_column_text el_class=\u00bbbtn-retour txt-rouge\u00bb]<a href=\"https:\/\/www.standard-industrie.com\/es\/limpieza-industrial-por-aspiracion\/\">&lt; Limpieza industrial por aspiracion<\/a>[\/vc_column_text][\/vc_column][\/vc_row][vc_row][vc_column][vc_empty_space][vc_column_text el_class=\u00bbgros-titre fort trait-rouge traits-gris-droite-gauche titre-centre vc_separator wpb_content_element vc_separator_align_center vc_sep_width_100 vc_sep_border_width_2 vc_sep_pos_align_center vc_separator-has-text\u00bb]<\/p>\n<div class=\"vc_sep_holder vc_sep_holder_l\">\n<p class=\"vc_sep_line\" style=\"border-color: grey;\">\n<\/div>\n<h2 style=\"text-align: center;\">PAD<br \/>\nREF. PAD05ET<\/h2>\n<div class=\"vc_sep_holder vc_sep_holder_r\">\n<p class=\"vc_sep_line\" style=\"border-color: grey;\">\n<\/div>\n<p>[\/vc_column_text][\/vc_column][\/vc_row][vc_row el_class=\u00bbinvert-block\u00bb][vc_column width=\u00bb1\/2&#8243;][vc_column_text el_class=\u00bbgros-titre fort trait-rouge traits-gris-droite-gauche titre-gauche vc_sep_border_width_2 vc_separator wpb_content_element vc_separator_align_left vc_sep_width_100 vc_sep_pos_align_center vc_sep_color_grey vc_separator-has-text\u00bb]<\/p>\n<div class=\"vc_sep_holder vc_sep_holder_l\">\n<p class=\"vc_sep_line\" style=\"border-color: grey;\">\n<\/div>\n<h2>ASPIRADOR INDUSTRIAL<\/h2>\n<div class=\"vc_sep_holder vc_sep_holder_r\">\n<p class=\"vc_sep_line\" style=\"border-color: grey;\">\n<\/div>\n<p>[\/vc_column_text][vc_column_text]<b>El aspirador industrial<\/b>\u00a0sobre ruedecillas\u00a0<a href=\"\/es\/pad\/\"><strong>PAD<\/strong><\/a>\u00a0le ofrece una capacidad de aspiraci\u00f3n industrial a la vez que una movilidad en sus l\u00edneas de producci\u00f3n<\/p>\n<ul>\n<li><strong>Aplicaci\u00f3n<\/strong><strong>:\u00a0Limpieza\u00a0<\/strong><\/li>\n<li><strong>Motorizaci\u00f3n<\/strong><strong>:\u00a0El\u00e9ctrica<\/strong><\/li>\n<li><strong>Recogida<\/strong><strong>:\u00a0Contenedor<\/strong><\/li>\n<li><strong>Operarios<\/strong><strong>:\u00a0Hasta\u00a02<\/strong><\/li>\n<li><strong>Caudal de aire<\/strong><strong>:\u00a0520 m\u00b3\/hora<\/strong><\/li>\n<li><strong>Depresi\u00f3n Hasta<\/strong><strong>:\u00a02 990 mm CA<\/strong><\/li>\n<li><strong>Capacidad de recogida<\/strong><strong>:\u00a080 L<\/strong><\/li>\n<li><strong>Granulometria :\u00a0<\/strong><strong>Hasta\u00a030 mm \u00a0<\/strong><\/li>\n<li><strong>Di\u00e1metro nominal de aspiraci\u00f3n<\/strong><strong>:\u00a070 mm<\/strong><\/li>\n<\/ul>\n<p>[\/vc_column_text][vc_btn title=\u00bbCons\u00faltenos si necesita m\u00e1s informaci\u00f3n\u00bb style=\u00bbflat\u00bb shape=\u00bbsquare\u00bb align=\u00bbleft\u00bb i_icon_fontawesome=\u00bbfas fa-file-pdf\u00bb add_icon=\u00bbtrue\u00bb link=\u00bburl:%2Fes%2Fcontacto|title:Machines%20d%E2%80%99aspiration%20d%E2%80%99occasion\u00bb el_class=\u00bbbtn-vert btn-animation\u00bb][\/vc_column][vc_column width=\u00bb1\/2&#8243;][vc_single_image image=\u00bb6404&#8243; img_size=\u00bblarge\u00bb alignment=\u00bbcenter\u00bb][vc_empty_space][\/vc_column][\/vc_row][vc_row][vc_column][vc_empty_space height=\u00bb80px\u00bb][vc_column_text el_class=\u00bbgros-titre fort trait-rouge traits-gris-droite-gauche titre-centre vc_separator wpb_content_element vc_separator_align_center vc_sep_width_100 vc_sep_border_width_2 vc_sep_pos_align_center vc_separator-has-text\u00bb]<\/p>\n<div class=\"vc_sep_holder vc_sep_holder_l\">\n<p class=\"vc_sep_line\" style=\"border-color: grey;\">\n<\/div>\n<h2 style=\"text-align: center;\">PAD<br \/>\nREF. PAD07ETHF<\/h2>\n<div class=\"vc_sep_holder vc_sep_holder_r\">\n<p class=\"vc_sep_line\" style=\"border-color: grey;\">\n<\/div>\n<p>[\/vc_column_text][\/vc_column][\/vc_row][vc_row el_class=\u00bbinvert-block\u00bb][vc_column width=\u00bb1\/2&#8243;][vc_single_image image=\u00bb6405&#8243; img_size=\u00bblarge\u00bb alignment=\u00bbcenter\u00bb][vc_empty_space][\/vc_column][vc_column width=\u00bb1\/2&#8243;][vc_column_text el_class=\u00bbgros-titre fort trait-rouge traits-gris-droite-gauche titre-gauche vc_sep_border_width_2 vc_separator wpb_content_element vc_separator_align_left vc_sep_width_100 vc_sep_pos_align_center vc_sep_color_grey vc_separator-has-text\u00bb]<\/p>\n<div class=\"vc_sep_holder vc_sep_holder_l\">\n<p class=\"vc_sep_line\" style=\"border-color: grey;\">\n<\/div>\n<h2>ASPIRADOR INDUSTRIAL<\/h2>\n<div class=\"vc_sep_holder vc_sep_holder_r\">\n<p class=\"vc_sep_line\" style=\"border-color: grey;\">\n<\/div>\n<p>[\/vc_column_text][vc_column_text]<b>El aspirador industrial<\/b>\u00a0sobre ruedecillas\u00a0<a href=\"https:\/\/www.standard-industrie.com\/es\/pad\/\"><strong>PAD<\/strong><\/a>\u00a0le ofrece una capacidad de aspiraci\u00f3n industrial a la vez que una movilidad en sus l\u00edneas de producci\u00f3n<\/p>\n<ul>\n<li><strong>Aplicaci\u00f3n<\/strong><strong>:\u00a0Limpieza<\/strong><\/li>\n<li><strong>Motorizaci\u00f3n<\/strong><strong>:\u00a0El\u00e9ctrica 5,5kw<\/strong><\/li>\n<li><strong>Recogida<\/strong><strong>:\u00a0Contenedor<\/strong><\/li>\n<li><strong>Operarios<\/strong><strong>:\u00a0Hasta\u00a02<\/strong><\/li>\n<li><strong>Caudal de aire<\/strong><strong>:\u00a0672 m\u00b3\/hora<\/strong><\/li>\n<li><strong>Depresi\u00f3n Hasta<\/strong><strong>:\u00a03 100 mm CA<\/strong><\/li>\n<li><strong>Capacidad de recogida<\/strong><strong>:\u00a090 L<\/strong><\/li>\n<li><strong>Granulometr\u00eda : Hasta\u00a030 mm<\/strong><\/li>\n<li><strong>Di\u00e1metro nominal de aspiraci\u00f3n:<\/strong>\u00a0<strong>100 mm<\/strong><\/li>\n<\/ul>\n<p>[\/vc_column_text][vc_btn title=\u00bbCons\u00faltenos si necesita m\u00e1s informaci\u00f3n\u00bb style=\u00bbflat\u00bb shape=\u00bbsquare\u00bb align=\u00bbleft\u00bb i_icon_fontawesome=\u00bbfas fa-file-pdf\u00bb add_icon=\u00bbtrue\u00bb link=\u00bburl:%2Fes%2Fcontacto|title:Machines%20d%E2%80%99aspiration%20d%E2%80%99occasion\u00bb el_class=\u00bbbtn-vert btn-animation\u00bb][\/vc_column][\/vc_row][vc_row][vc_column][vc_empty_space][vc_column_text el_class=\u00bbgros-titre fort trait-rouge traits-gris-droite-gauche titre-centre vc_separator wpb_content_element vc_separator_align_center vc_sep_width_100 vc_sep_border_width_2 vc_sep_pos_align_center vc_separator-has-text\u00bb]<\/p>\n<div class=\"vc_sep_holder vc_sep_holder_l\">\n<p class=\"vc_sep_line\" style=\"border-color: grey;\">\n<\/div>\n<h2 style=\"text-align: center;\">PAD<br \/>\nREF. PAD03ET<\/h2>\n<div class=\"vc_sep_holder vc_sep_holder_r\">\n<p class=\"vc_sep_line\" style=\"border-color: grey;\">\n<\/div>\n<p>[\/vc_column_text][\/vc_column][\/vc_row][vc_row el_class=\u00bbinvert-block\u00bb][vc_column width=\u00bb1\/2&#8243;][vc_column_text el_class=\u00bbgros-titre fort trait-rouge traits-gris-droite-gauche titre-gauche vc_sep_border_width_2 vc_separator wpb_content_element vc_separator_align_left vc_sep_width_100 vc_sep_pos_align_center vc_sep_color_grey vc_separator-has-text\u00bb]<\/p>\n<div class=\"vc_sep_holder vc_sep_holder_l\">\n<p class=\"vc_sep_line\" style=\"border-color: grey;\">\n<\/div>\n<h2>ASPIRADOR INDUSTRIAL<\/h2>\n<div class=\"vc_sep_holder vc_sep_holder_r\">\n<p class=\"vc_sep_line\" style=\"border-color: grey;\">\n<\/div>\n<p>[\/vc_column_text][vc_column_text]<b>El aspirador industrial<\/b>\u00a0sobre ruedecillas\u00a0<a href=\"https:\/\/www.standard-industrie.com\/es\/pad\/\"><strong>PAD<\/strong><\/a>\u00a0le ofrece una capacidad de aspiraci\u00f3n industrial a la vez que una movilidad en sus l\u00edneas de producci\u00f3n<\/p>\n<ul>\n<li><strong>Aplicaci\u00f3n<\/strong><strong>:\u00a0Limpieza\u00a0<\/strong><\/li>\n<li><strong>Motorizaci\u00f3n<\/strong><strong>:\u00a0El\u00e9ctrica<\/strong><\/li>\n<li><strong>Recogida<\/strong><strong>:\u00a0Contenedor<\/strong><\/li>\n<li><strong>Operarios<\/strong><strong>:\u00a0Hasta\u00a02<\/strong><\/li>\n<li><strong>Caudal de aire<\/strong><strong>:\u00a0340 m\u00b3\/hora<\/strong><\/li>\n<li><strong>Depresi\u00f3n Hasta<\/strong><strong>:\u00a02 650 mm CA<\/strong><\/li>\n<li><strong>Capacidad de recogida<\/strong><strong>:\u00a080 L<\/strong><\/li>\n<li><strong>Granulometria :\u00a0<\/strong><strong>Hasta\u00a030 mm \u00a0<\/strong><\/li>\n<li><strong>Di\u00e1metro nominal de aspiraci\u00f3n<\/strong><strong>:\u00a070 mm<\/strong><\/li>\n<\/ul>\n<p>[\/vc_column_text][vc_btn title=\u00bbCons\u00faltenos si necesita m\u00e1s informaci\u00f3n\u00bb style=\u00bbflat\u00bb shape=\u00bbsquare\u00bb align=\u00bbleft\u00bb i_icon_fontawesome=\u00bbfas fa-file-pdf\u00bb add_icon=\u00bbtrue\u00bb link=\u00bburl:%2Fes%2Fcontacto|title:Machines%20d%E2%80%99aspiration%20d%E2%80%99occasion\u00bb el_class=\u00bbbtn-vert btn-animation\u00bb][\/vc_column][vc_column width=\u00bb1\/2&#8243;][vc_single_image image=\u00bb5031&#8243; img_size=\u00bblarge\u00bb alignment=\u00bbcenter\u00bb][vc_empty_space][\/vc_column][\/vc_row][vc_row][vc_column css=\u00bb.vc_custom_1668767480700{margin-top: 10px !important;}\u00bb][vc_column_text el_class=\u00bbbtn-retour txt-rouge\u00bb]<a href=\"https:\/\/www.standard-industrie.com\/es\/limpieza-industrial-por-aspiracion\/\">&lt; Limpieza industrial por aspiracion<\/a>[\/vc_column_text][\/vc_column][\/vc_row]<\/p>\n","protected":false},"excerpt":{"rendered":"<p>[vc_row][vc_column css=\u00bb.vc_custom_1668767480700{margin-top: 10px !important;}\u00bb][vc_column_text el_class=\u00bbbtn-retour txt-rouge\u00bb]&lt; Limpieza industrial por aspiracion[\/vc_column_text][\/vc_column][\/vc_row][vc_row][vc_column][vc_empty_space][vc_column_text el_class=\u00bbgros-titre fort trait-rouge traits-gris-droite-gauche titre-centre vc_separator wpb_content_element vc_separator_align_center vc_sep_width_100 vc_sep_border_width_2 vc_sep_pos_align_center vc_separator-has-text\u00bb] PAD REF. PAD05ET [\/vc_column_text][\/vc_column][\/vc_row][vc_row<span class=\"excerpt-hellip\"> [\u2026]<\/span><\/p>\n","protected":false},"author":1,"featured_media":0,"parent":0,"menu_order":70,"comment_status":"closed","ping_status":"closed","template":"single-nettoyage-industriel-aspiration-light.php","meta":{"footnotes":""},"class_list":["post-2088","page","type-page","status-publish","hentry"],"_links":{"self":[{"href":"https:\/\/www.standard-industrie.com\/es\/wp-json\/wp\/v2\/pages\/2088","targetHints":{"allow":["GET"]}}],"collection":[{"href":"https:\/\/www.standard-industrie.com\/es\/wp-json\/wp\/v2\/pages"}],"about":[{"href":"https:\/\/www.standard-industrie.com\/es\/wp-json\/wp\/v2\/types\/page"}],"author":[{"embeddable":true,"href":"https:\/\/www.standard-industrie.com\/es\/wp-json\/wp\/v2\/users\/1"}],"replies":[{"embeddable":true,"href":"https:\/\/www.standard-industrie.com\/es\/wp-json\/wp\/v2\/comments?post=2088"}],"version-history":[{"count":0,"href":"https:\/\/www.standard-industrie.com\/es\/wp-json\/wp\/v2\/pages\/2088\/revisions"}],"wp:attachment":[{"href":"https:\/\/www.standard-industrie.com\/es\/wp-json\/wp\/v2\/media?parent=2088"}],"curies":[{"name":"wp","href":"https:\/\/api.w.org\/{rel}","templated":true}]}}