{"id":2499,"date":"2017-04-20T13:15:39","date_gmt":"2017-04-20T12:15:39","guid":{"rendered":"https:\/\/www.standard-industrie.com\/es\/?page_id=2499"},"modified":"2023-03-02T14:39:57","modified_gmt":"2023-03-02T13:39:57","slug":"mantenimiento-industrial","status":"publish","type":"page","link":"https:\/\/www.standard-industrie.com\/es\/mantenimiento-industrial\/","title":{"rendered":"MANTENIMIENTO INDUSTRIAL"},"content":{"rendered":"<p>[vc_row][vc_column][vc_empty_space][\/vc_column][\/vc_row][vc_row el_class=\u00bbinvert-block\u00bb][vc_column width=\u00bb1\/2&#8243; el_class=\u00bbpartie-txt\u00bb][vc_column_text el_class=\u00bbgros-titre fort traits-gris-droite-gauche titre-gauche vc_sep_border_width_2 vc_separator wpb_content_element vc_separator_align_left vc_sep_width_100 vc_sep_pos_align_center vc_sep_color_grey vc_separator-has-text\u00bb]<\/p>\n<div class=\"vc_sep_holder vc_sep_holder_l\">\n<p class=\"vc_sep_line\" style=\"border-color: grey;\">\n<\/div>\n<h2>LOS DIFERENTES TIPOS DE MANTENIMIENTO<\/h2>\n<div class=\"vc_sep_holder vc_sep_holder_r\">\n<p class=\"vc_sep_line\" style=\"border-color: grey;\">\n<\/div>\n<p>[\/vc_column_text][vc_column_text]A diario, que hablemos de la industria o del privado, pasamos nuestros d\u00edas en colaboraci\u00f3n de diversos aparatos o m\u00e1quinas que est\u00e1n para simplificarnos la vida y ejecutar diferentes tareas en diferentes sectores.<\/p>\n<p>Al comprar estos elementos, se da una garant\u00eda fabricante\/constructor y puede extenderse por la reventa o por el distribuidor. La mayor\u00eda de la veces, estas garant\u00edas est\u00e1n centradas en los defectos de fabricaci\u00f3n y no sobre un uso cotidiano del propio objeto que en ciertos casos debe seguirse, verificarse y\/o repararse. Estas fases de verificaci\u00f3n o reparaci\u00f3n se denominan mantenimiento. La idea es tener un producto que sea funcional y que responda a la necesidad del utilizador.[\/vc_column_text][vc_column_text el_class=\u00bbgros-titre fort traits-gris-droite-gauche titre-gauche vc_sep_border_width_2 vc_separator wpb_content_element vc_separator_align_left vc_sep_width_100 vc_sep_pos_align_center vc_sep_color_grey vc_separator-has-text\u00bb]<\/p>\n<div class=\"vc_sep_holder vc_sep_holder_l\">\n<p class=\"vc_sep_line\" style=\"border-color: grey;\">\n<\/div>\n<h3>Se distinguen 3 tipos de mantenimiento:<\/h3>\n<div class=\"vc_sep_holder vc_sep_holder_r\">\n<p class=\"vc_sep_line\" style=\"border-color: grey;\">\n<\/div>\n<p>[\/vc_column_text][vc_column_text]<\/p>\n<ul>\n<li><a href=\"\/es\/mantenimiento-industrial\/mantenimiento-correctivo\/\">El mantenimiento correctivo<\/a><\/li>\n<li><a href=\"\/es\/mantenimiento-industrial\/mantenimiento-preventivo\/\">El mantenimiento preventivo<\/a><\/li>\n<li><a href=\"\/es\/mantenimiento-industrial\/mantenimiento-curativo\/\">El mantenimiento curativo<\/a><\/li>\n<\/ul>\n<p>[\/vc_column_text][\/vc_column][vc_column css_animation=\u00bbslideInRight\u00bb width=\u00bb1\/2&#8243;][vc_single_image image=\u00bb5768&#8243; img_size=\u00bbfull\u00bb alignment=\u00bbcenter\u00bb][\/vc_column][\/vc_row][vc_row][vc_column][vc_btn title=\u00bbCont\u00e1ctenos\u00bb style=\u00bbflat\u00bb shape=\u00bbsquare\u00bb color=\u00bbblack\u00bb align=\u00bbcenter\u00bb link=\u00bburl:%2Fes%2Fcontacto%2F|title:Contact%20Standard%20industrie\u00bb][\/vc_column][\/vc_row][vc_row el_class=\u00bbinvert-block\u00bb][vc_column css_animation=\u00bbzoomInLeft\u00bb width=\u00bb1\/2&#8243;][vc_single_image image=\u00bb5767&#8243; img_size=\u00bbfull\u00bb alignment=\u00bbcenter\u00bb][\/vc_column][vc_column width=\u00bb1\/2&#8243; el_class=\u00bbpartie-txt\u00bb][vc_column_text el_class=\u00bbgros-titre fort traits-gris-droite-gauche titre-gauche vc_sep_border_width_2 vc_separator wpb_content_element vc_separator_align_left vc_sep_width_100 vc_sep_pos_align_center vc_sep_color_grey vc_separator-has-text\u00bb]<\/p>\n<div class=\"vc_sep_holder vc_sep_holder_l\">\n<p class=\"vc_sep_line\" style=\"border-color: grey;\">\n<\/div>\n<h2>PERITAJE DE PROCESOS \/ AUDITOR\u00cdA<\/h2>\n<div class=\"vc_sep_holder vc_sep_holder_r\">\n<p class=\"vc_sep_line\" style=\"border-color: grey;\">\n<\/div>\n<p>[\/vc_column_text][vc_column_text]Un socio de confianza para garantizar la disponibilidad y el rendimiento de sus equipos.<\/p>\n<p><strong>AUDITOR\u00cdA<\/strong><\/p>\n<p>Las auditor\u00edas son intervenciones delicadas y precisas que proporcionan informaci\u00f3n sobre el estado de funcionamiento de una m\u00e1quina instalada en un proceso. Su objetivo es detectar anomal\u00edas y disfunciones y proponer soluciones correctivas\/de mejora adecuadas.<\/p>\n<p>Ponemos a su disposici\u00f3n las competencias y la experiencia de nuestros expertos mec\u00e1nicos y t\u00e9cnicos de proceso. Nuestra gama <strong>SI SERVICES Audit &#8211; Medium &#8211; Premium<\/strong> ofrece un conjunto de servicios para garantizar el rendimiento y la durabilidad de sus equipos Standard Industry a lo largo del tiempo.<\/p>\n<p>&nbsp;<\/p>\n<p><u>La auditor\u00eda mec\u00e1nica incluye<\/u>\u00a0:<\/p>\n<ul>\n<li>Un d\u00eda de viaje de un t\u00e9cnico<\/li>\n<li>Inspecci\u00f3n mec\u00e1nica de su equipo Standard Industrie<\/li>\n<li>Redacci\u00f3n de un informe con la lista de piezas a cambiar en los equipos que lo requieran<\/li>\n<li>Esta auditor\u00eda puede realizarse en una f\u00e1brica en funcionamiento<\/li>\n<\/ul>\n<p>&nbsp;<\/p>\n<p><u>La auditor\u00eda de procesos incluye<\/u>\u00a0:<\/p>\n<ul>\n<li>Visita de un d\u00eda de un t\u00e9cnico o ingeniero experto<\/li>\n<li>Peritaje de control y proceso de todos sus equipos Standard Industrie<\/li>\n<li>Redacci\u00f3n de un informe y de nuestras recomendaciones de mejora<\/li>\n<li>Esta evaluaci\u00f3n se realiza durante la parada de producci\u00f3n de la planta.<\/li>\n<\/ul>\n<p>[\/vc_column_text][\/vc_column][\/vc_row][vc_row][vc_column][vc_btn title=\u00bbCont\u00e1ctenos\u00bb style=\u00bbflat\u00bb shape=\u00bbsquare\u00bb color=\u00bbblack\u00bb align=\u00bbcenter\u00bb link=\u00bburl:%2Fes%2Fcontacto%2F|title:Contact%20Standard%20industrie\u00bb][\/vc_column][\/vc_row][vc_row el_class=\u00bbinvert-block\u00bb][vc_column width=\u00bb1\/2&#8243; el_class=\u00bbpartie-txt\u00bb][vc_column_text el_class=\u00bbgros-titre fort traits-gris-droite-gauche titre-gauche vc_sep_border_width_2 vc_separator wpb_content_element vc_separator_align_left vc_sep_width_100 vc_sep_pos_align_center vc_sep_color_grey vc_separator-has-text\u00bb]<\/p>\n<div class=\"vc_sep_holder vc_sep_holder_l\">\n<p class=\"vc_sep_line\" style=\"border-color: grey;\">\n<\/div>\n<h2>SERVICIOS DE MANTENIMIENTO<\/h2>\n<div class=\"vc_sep_holder vc_sep_holder_r\">\n<p class=\"vc_sep_line\" style=\"border-color: grey;\">\n<\/div>\n<p>[\/vc_column_text][vc_column_text]Los trabajos de mantenimiento deben realizarse regularmente para garantizar la disponibilidad del parque de m\u00e1quinas y, por tanto, el buen funcionamiento del proceso y la productividad, con total seguridad. Para garantizar una fiabilidad \u00f3ptima de sus equipos Standard Industrie, intervenimos y realizamos para usted el mantenimiento preventivo.<\/p>\n<ul>\n<li><strong>Suministro de piezas de desgaste<\/strong><\/li>\n<li><strong>Sustituci\u00f3n de piezas in situ por un t\u00e9cnico<\/strong><\/li>\n<\/ul>\n<p>En el marco de las operaciones de mantenimiento correctivo o reparador, Standard Industrie se compromete a tener en stock las piezas m\u00e1s corrientes y a suministrar las piezas m\u00e1s complejas lo m\u00e1s r\u00e1pidamente posible. Las existencias en consignaci\u00f3n est\u00e1n disponibles para los contratos especiales.[\/vc_column_text][\/vc_column][vc_column css_animation=\u00bbslideInRight\u00bb width=\u00bb1\/2&#8243;][vc_single_image image=\u00bb4649&#8243; img_size=\u00bbfull\u00bb alignment=\u00bbcenter\u00bb][\/vc_column][\/vc_row][vc_row][vc_column el_class=\u00bbpartie-txt\u00bb offset=\u00bbvc_col-lg-6&#8243;][vc_column_text el_class=\u00bbgros-titre fort traits-gris-droite-gauche titre-gauche vc_sep_border_width_2 vc_separator wpb_content_element vc_separator_align_left vc_sep_width_100 vc_sep_pos_align_center vc_sep_color_grey vc_separator-has-text\u00bb]<\/p>\n<div class=\"vc_sep_holder vc_sep_holder_l\">\n<p class=\"vc_sep_line\" style=\"border-color: grey;\">\n<\/div>\n<h2>ASISTENCIA T\u00c9CNICA Y MEJORA CONTINUA<\/h2>\n<div class=\"vc_sep_holder vc_sep_holder_r\">\n<p class=\"vc_sep_line\" style=\"border-color: grey;\">\n<\/div>\n<p>[\/vc_column_text][vc_raw_html]JTNDcCUzRVNpJTIwdGllbmUlMjB1biUyMGNvbnRyYXRvJTNBJTIwbm9zJTIwY29tcHJvbWV0ZW1vcyUyMGElMjBvZnJlY2VybGUlMjBhc2lzdGVuY2lhJTIwdGVsZWYlQzMlQjNuaWNhJTIwcGFyYSUyMHRvZGFzJTIwc3VzJTIwc29saWNpdHVkZXMuJTNDJTJGcCUzRSUwQSUzQ3VsJTNFJTBBJTNDbGklM0VQYXJhJTIwcG9uZXJzZSUyMGVuJTIwY29udGFjdG8lMjBjb24lMjBudWVzdHJvJTIwc2VydmljaW8lMjB0JUMzJUE5Y25pY28lMkMlMjB1dGlsaWNlJTIwZWwlMjBmb3JtdWxhcmlvJTIwZGUlMjBjb250YWN0byUzQyUyRmxpJTNFJTBBJTNDJTJGdWwlM0U=[\/vc_raw_html][\/vc_column][vc_column css_animation=\u00bbnone\u00bb offset=\u00bbvc_col-lg-6&#8243;][vc_column_text el_class=\u00bbgros-titre fort traits-gris-droite-gauche titre-gauche vc_sep_border_width_2 vc_separator wpb_content_element vc_separator_align_left vc_sep_width_100 vc_sep_pos_align_center vc_sep_color_grey vc_separator-has-text\u00bb]<\/p>\n<div class=\"vc_sep_holder vc_sep_holder_l\">\n<p class=\"vc_sep_line\" style=\"border-color: grey;\">\n<\/div>\n<h2>NUESTROS CONTRATOS<\/h2>\n<div class=\"vc_sep_holder vc_sep_holder_r\">\n<p class=\"vc_sep_line\" style=\"border-color: grey;\">\n<\/div>\n<p>[\/vc_column_text][vc_tta_tabs active_section=\u00bb1&#8243; el_class=\u00bbcontrats\u00bb][vc_tta_section title=\u00bbAUDIT +\u00bb tab_id=\u00bb1670860325937-06597ae2-d1a2&#8243;][vc_row_inner el_class=\u00bbrange-contrat\u00bb][vc_column_inner width=\u00bb1\/2&#8243;][vc_column_text]Duraci\u00f3n[\/vc_column_text][\/vc_column_inner][vc_column_inner width=\u00bb1\/2&#8243;][vc_column_text]3 a\u00f1os[\/vc_column_text][\/vc_column_inner][\/vc_row_inner][vc_row_inner el_class=\u00bbrange-contrat\u00bb][vc_column_inner width=\u00bb1\/2&#8243;][vc_column_text]Auditor\u00eda mec\u00e1nica[\/vc_column_text][\/vc_column_inner][vc_column_inner width=\u00bb1\/2&#8243;][vc_column_text]2x al a\u00f1o[\/vc_column_text][\/vc_column_inner][\/vc_row_inner][vc_row_inner el_class=\u00bbrange-contrat\u00bb][vc_column_inner width=\u00bb1\/2&#8243;][vc_column_text]AUDITOR\u00cdA<br \/>\nMejora continua[\/vc_column_text][\/vc_column_inner][vc_column_inner width=\u00bb1\/2&#8243;][vc_column_text]1x al a\u00f1o[\/vc_column_text][\/vc_column_inner][\/vc_row_inner][vc_row_inner el_class=\u00bbrange-contrat\u00bb][vc_column_inner width=\u00bb1\/2&#8243;][vc_column_text]Asistencia t\u00e9cnica y mejora[\/vc_column_text][\/vc_column_inner][vc_column_inner width=\u00bb1\/2&#8243;][vc_column_text]2x media jornada al a\u00f1o &#8211; reuni\u00f3n t\u00e9cnica in situ[\/vc_column_text][\/vc_column_inner][\/vc_row_inner][\/vc_tta_section][vc_tta_section title=\u00bbMEDIUM\u00bb tab_id=\u00bb1670860855016-19c3c1a4-976d\u00bb][vc_row_inner el_class=\u00bbrange-contrat\u00bb][vc_column_inner width=\u00bb1\/2&#8243;][vc_column_text]Duraci\u00f3n[\/vc_column_text][\/vc_column_inner][vc_column_inner width=\u00bb1\/2&#8243;][vc_column_text]3 a\u00f1os[\/vc_column_text][\/vc_column_inner][\/vc_row_inner][vc_row_inner el_class=\u00bbrange-contrat\u00bb][vc_column_inner width=\u00bb1\/2&#8243;][vc_column_text]Mantenimiento preventivo[\/vc_column_text][\/vc_column_inner][vc_column_inner width=\u00bb1\/2&#8243;][vc_column_text]4x al a\u00f1o<br \/>\n<em>Se adapta a las especificidades de la instalaci\u00f3n<\/em>[\/vc_column_text][\/vc_column_inner][\/vc_row_inner][vc_row_inner el_class=\u00bbrange-contrat\u00bb][vc_column_inner width=\u00bb1\/2&#8243;][vc_column_text]piezas de desgaste<br \/>\n(seg\u00fan lista definida &#8211; nivel I)[\/vc_column_text][\/vc_column_inner][vc_column_inner width=\u00bb1\/2&#8243;][vc_column_text]Facturaci\u00f3n adicional &#8211; Lista de precios fija especial con un plazo de entrega de 6 meses. Pedido directo para ahorrar dinero (sin necesidad de pedir presupuesto).[\/vc_column_text][\/vc_column_inner][\/vc_row_inner][vc_row_inner el_class=\u00bbrange-contrat\u00bb][vc_column_inner width=\u00bb1\/2&#8243;][vc_column_text]Piezas de recambio y otros<br \/>\n(seg\u00fan lista definida &#8211; nivel II)[\/vc_column_text][\/vc_column_inner][vc_column_inner width=\u00bb1\/2&#8243;][vc_column_text]Facturaci\u00f3n adicional: lista especial de precios fijos con un plazo de entrega de 6 meses. Pedido directo para ahorrar dinero (no es necesario pedir presupuesto en esos 6 meses).[\/vc_column_text][\/vc_column_inner][\/vc_row_inner][\/vc_tta_section][vc_tta_section title=\u00bbMEDIUM +\u00bb tab_id=\u00bb1670860924446-311ca341-ac50&#8243;][vc_row_inner el_class=\u00bbrange-contrat\u00bb][vc_column_inner width=\u00bb1\/2&#8243;][vc_column_text]Duraci\u00f3n[\/vc_column_text][\/vc_column_inner][vc_column_inner width=\u00bb1\/2&#8243;][vc_column_text]3 a\u00f1os[\/vc_column_text][\/vc_column_inner][\/vc_row_inner][vc_row_inner el_class=\u00bbrange-contrat\u00bb][vc_column_inner width=\u00bb1\/2&#8243;][vc_column_text]Mantenimiento preventivo[\/vc_column_text][\/vc_column_inner][vc_column_inner width=\u00bb1\/2&#8243;][vc_column_text]4x al a\u00f1o<br \/>\n<em>Se adapta a las especificidades de la instalaci\u00f3n<\/em>[\/vc_column_text][\/vc_column_inner][\/vc_row_inner][vc_row_inner el_class=\u00bbrange-contrat\u00bb][vc_column_inner width=\u00bb1\/2&#8243;][vc_column_text]piezas de desgaste<br \/>\n(seg\u00fan lista definida &#8211; nivel I)[\/vc_column_text][\/vc_column_inner][vc_column_inner width=\u00bb1\/2&#8243;][vc_column_text]Incluye[\/vc_column_text][\/vc_column_inner][\/vc_row_inner][vc_row_inner el_class=\u00bbrange-contrat\u00bb][vc_column_inner width=\u00bb1\/2&#8243;][vc_column_text]Piezas de recambio y otros<br \/>\n(seg\u00fan lista definida &#8211; nivel II)[\/vc_column_text][\/vc_column_inner][vc_column_inner width=\u00bb1\/2&#8243;][vc_column_text]Facturaci\u00f3n adicional: lista especial de precios fijos con un plazo de entrega de 6 meses. Pedido directo para ahorrar dinero (no es necesario pedir presupuesto en esos 6 meses).[\/vc_column_text][\/vc_column_inner][\/vc_row_inner][\/vc_tta_section][vc_tta_section title=\u00bbPREMIUM\u00bb tab_id=\u00bb1670860994029-bc1c4d32-4ed2&#8243;][vc_row_inner el_class=\u00bbrange-contrat\u00bb][vc_column_inner width=\u00bb1\/2&#8243;][vc_column_text]Duraci\u00f3n[\/vc_column_text][\/vc_column_inner][vc_column_inner width=\u00bb1\/2&#8243;][vc_column_text]3 a\u00f1os[\/vc_column_text][\/vc_column_inner][\/vc_row_inner][vc_row_inner el_class=\u00bbrange-contrat\u00bb][vc_column_inner width=\u00bb1\/2&#8243;][vc_column_text]Mantenimiento preventivo[\/vc_column_text][\/vc_column_inner][vc_column_inner width=\u00bb1\/2&#8243;][vc_column_text]4x al a\u00f1o<br \/>\n<em>Se adapta a las especificidades de la instalaci\u00f3n<\/em>[\/vc_column_text][\/vc_column_inner][\/vc_row_inner][vc_row_inner el_class=\u00bbrange-contrat\u00bb][vc_column_inner width=\u00bb1\/2&#8243;][vc_column_text]piezas de desgaste<br \/>\n(seg\u00fan lista definida &#8211; nivel I)[\/vc_column_text][\/vc_column_inner][vc_column_inner width=\u00bb1\/2&#8243;][vc_column_text]Incluye[\/vc_column_text][\/vc_column_inner][\/vc_row_inner][vc_row_inner el_class=\u00bbrange-contrat\u00bb][vc_column_inner width=\u00bb1\/2&#8243;][vc_column_text]Piezas de recambio<br \/>\n(seg\u00fan lista definida)[\/vc_column_text][\/vc_column_inner][vc_column_inner width=\u00bb1\/2&#8243;][vc_column_text]Incluye[\/vc_column_text][\/vc_column_inner][\/vc_row_inner][vc_row_inner el_class=\u00bbrange-contrat\u00bb][vc_column_inner width=\u00bb1\/2&#8243;][vc_column_text]Piezas de recambio y otros<br \/>\n(seg\u00fan lista definida &#8211; nivel II)[\/vc_column_text][\/vc_column_inner][vc_column_inner width=\u00bb1\/2&#8243;][vc_column_text]Facturaci\u00f3n adicional: lista especial de precios fijos con un plazo de entrega de 6 meses. Pedido directo para ahorrar dinero (no es necesario pedir presupuesto en esos 6 meses).[\/vc_column_text][\/vc_column_inner][\/vc_row_inner][vc_row_inner el_class=\u00bbrange-contrat\u00bb][vc_column_inner width=\u00bb1\/2&#8243;][vc_column_text]Stock en consignaci\u00f3n[\/vc_column_text][\/vc_column_inner][vc_column_inner width=\u00bb1\/2&#8243;][vc_column_text]posible[\/vc_column_text][\/vc_column_inner][\/vc_row_inner][vc_row_inner el_class=\u00bbrange-contrat\u00bb][vc_column_inner width=\u00bb1\/2&#8243;][vc_column_text]Conversi\u00f3n en AIRCHOC AC6[\/vc_column_text][\/vc_column_inner][vc_column_inner width=\u00bb1\/2&#8243;][vc_column_text]Incluido (% por definir)[\/vc_column_text][\/vc_column_inner][\/vc_row_inner][\/vc_tta_section][\/vc_tta_tabs][\/vc_column][\/vc_row][vc_row][vc_column][vc_btn title=\u00bbCont\u00e1ctenos\u00bb style=\u00bbflat\u00bb shape=\u00bbsquare\u00bb color=\u00bbblack\u00bb align=\u00bbcenter\u00bb link=\u00bburl:%2Fes%2Fcontacto%2F|title:Contact%20Standard%20industrie\u00bb][\/vc_column][\/vc_row]<\/p>\n","protected":false},"excerpt":{"rendered":"<p>[vc_row][vc_column][vc_empty_space][\/vc_column][\/vc_row][vc_row el_class=\u00bbinvert-block\u00bb][vc_column width=\u00bb1\/2&#8243; el_class=\u00bbpartie-txt\u00bb][vc_column_text el_class=\u00bbgros-titre fort traits-gris-droite-gauche titre-gauche vc_sep_border_width_2 vc_separator wpb_content_element vc_separator_align_left vc_sep_width_100 vc_sep_pos_align_center vc_sep_color_grey vc_separator-has-text\u00bb] LOS DIFERENTES TIPOS DE MANTENIMIENTO [\/vc_column_text][vc_column_text]A diario, que hablemos de<span class=\"excerpt-hellip\"> [\u2026]<\/span><\/p>\n","protected":false},"author":1,"featured_media":0,"parent":0,"menu_order":47,"comment_status":"closed","ping_status":"closed","template":"","meta":{"footnotes":""},"class_list":["post-2499","page","type-page","status-publish","hentry"],"_links":{"self":[{"href":"https:\/\/www.standard-industrie.com\/es\/wp-json\/wp\/v2\/pages\/2499","targetHints":{"allow":["GET"]}}],"collection":[{"href":"https:\/\/www.standard-industrie.com\/es\/wp-json\/wp\/v2\/pages"}],"about":[{"href":"https:\/\/www.standard-industrie.com\/es\/wp-json\/wp\/v2\/types\/page"}],"author":[{"embeddable":true,"href":"https:\/\/www.standard-industrie.com\/es\/wp-json\/wp\/v2\/users\/1"}],"replies":[{"embeddable":true,"href":"https:\/\/www.standard-industrie.com\/es\/wp-json\/wp\/v2\/comments?post=2499"}],"version-history":[{"count":0,"href":"https:\/\/www.standard-industrie.com\/es\/wp-json\/wp\/v2\/pages\/2499\/revisions"}],"wp:attachment":[{"href":"https:\/\/www.standard-industrie.com\/es\/wp-json\/wp\/v2\/media?parent=2499"}],"curies":[{"name":"wp","href":"https:\/\/api.w.org\/{rel}","templated":true}]}}