{"id":2506,"date":"2017-04-20T13:29:15","date_gmt":"2017-04-20T12:29:15","guid":{"rendered":"https:\/\/www.standard-industrie.com\/es\/?page_id=2506"},"modified":"2025-06-04T21:24:23","modified_gmt":"2025-06-04T20:24:23","slug":"mantenimiento-curativo","status":"publish","type":"page","link":"https:\/\/www.standard-industrie.com\/es\/mantenimiento-industrial\/mantenimiento-curativo\/","title":{"rendered":"EL MANTENIMIENTO CURATIVO"},"content":{"rendered":"<p>[vc_row][vc_column][vc_empty_space][\/vc_column][\/vc_row][vc_row el_class=\u00bbinvert-block\u00bb][vc_column width=\u00bb1\/2&#8243; el_class=\u00bbpartie-txt\u00bb][vc_column_text el_class=\u00bbgros-titre fort traits-gris-droite-gauche titre-gauche vc_sep_border_width_2 vc_separator wpb_content_element vc_separator_align_left vc_sep_width_100 vc_sep_pos_align_center vc_sep_color_grey vc_separator-has-text\u00bb]<\/p>\n<div class=\"vc_sep_holder vc_sep_holder_l\">\n<p class=\"vc_sep_line\" style=\"border-color: grey;\">\n<\/div>\n<h2>\u00bfQu\u00e9 es el mantenimiento curativo?<\/h2>\n<div class=\"vc_sep_holder vc_sep_holder_r\">\n<p class=\"vc_sep_line\" style=\"border-color: grey;\">\n<\/div>\n<p>[\/vc_column_text][vc_column_text]Contrariamente al\u00a0<a href=\"\/es\/mantenimiento-industrial\/mantenimiento-correctivo\/\">mantenimiento correctivo paliativo<\/a>, que como recordatorio, consiste en reparar un equipo provisionalmente, el mantenimiento curativo se aplica cuando una m\u00e1quina o una instalaci\u00f3n est\u00e1 averiada y no puede repararse. En este caso, hay que cambiar el material parcialmente o en su integridad. Es posible que este mantenimiento curativo ocurra tras un mantenimiento preventivo curativo.<\/p>\n<p>En el marco del\u00a0<b>mantenimiento curativo<\/b>, no se especifica si el material defectuoso molesta o no el proceso en su totalidad. Puede tratarse de una reparaci\u00f3n menor o mayor.<br \/>\nPor ejemplo una secadora cuya resistencia est\u00e1 fuera de servicio ya no seca. Entonces hay que intervenir y cambiar la resistencia con el fin de restablecer la funci\u00f3n principal del material. Una bici que tiene una rueda pinchada y que se hubiera reparado con un parche (mantenimiento correctivo paliativo) y que vuelve a reventar, se cambia: es el mantenimiento curativo.[\/vc_column_text][vc_btn title=\u00bbCont\u00e1ctenos\u00bb style=\u00bbflat\u00bb shape=\u00bbsquare\u00bb color=\u00bbblack\u00bb align=\u00bbcenter\u00bb link=\u00bburl:%2Fes%2Fcontacto%2F|title:Contact%20Standard%20industrie\u00bb][\/vc_column][vc_column css_animation=\u00bbslideInRight\u00bb width=\u00bb1\/2&#8243;][vc_single_image image=\u00bb2525&#8243; img_size=\u00bbfull\u00bb alignment=\u00bbcenter\u00bb][\/vc_column][\/vc_row][vc_row el_class=\u00bbinvert-block\u00bb][vc_column css_animation=\u00bbnone\u00bb][vc_column_text el_class=\u00bbgros-titre fort traits-gris-droite-gauche titre-gauche vc_sep_border_width_2 vc_separator wpb_content_element vc_separator_align_left vc_sep_width_100 vc_sep_pos_align_center vc_sep_color_grey vc_separator-has-text\u00bb]<\/p>\n<div class=\"vc_sep_holder vc_sep_holder_l\">\n<p class=\"vc_sep_line\" style=\"border-color: grey;\">\n<\/div>\n<h2>Mantenimiento curativo en la industria<\/h2>\n<div class=\"vc_sep_holder vc_sep_holder_r\">\n<p class=\"vc_sep_line\" style=\"border-color: grey;\">\n<\/div>\n<p>[\/vc_column_text][vc_column_text]En la industria puede tratarse de un silo o de una tolva equipada de una v\u00e1lvula guillotina para la extracci\u00f3n. Si esta v\u00e1lvula se bloquea debido a la corrosi\u00f3n o est\u00e1 deformada por un golpe ya no permite dosificar la salida del producto. Habr\u00e1 que cambiarla con el fin de restablecer la extracci\u00f3n del silo para la alimentaci\u00f3n del proceso.<br \/>\nTambi\u00e9n podemos coger como ejemplo otro caso como un transportador de cintas cuya cinta ya ha sido reparada (eventualmente grapada de nuevo, vulcanizada de nuevo) que se rasga otra vez en lo ancho o en lo largo debido a un desplazamiento de la cinta por ejemplo, deber\u00e1 sustituirse ya que habr\u00e1 sido demasiado reparada o habr\u00e1 soportado demasiados da\u00f1os para continuar a utilizarla.<\/p>\n<p>El mantenimiento curativo puede asimilarse a la\u00a0<b>reparaci\u00f3n de material defectuoso<\/b>\u00a0o da\u00f1ado. Este \u00faltimo puede estar asociado a otros mantenimientos:\u00a0<a href=\"\/es\/mantenimiento-industrial\/mantenimiento-preventivo\/\">mantenimiento preventivo<\/a>\u00a0o correctivo. Generalmente est\u00e1 relacionado con el\u00a0<b>desahucio de una m\u00e1quina<\/b>\u00a0o de un componente de \u00e9sta.[\/vc_column_text][\/vc_column][\/vc_row]<\/p>\n","protected":false},"excerpt":{"rendered":"<p>[vc_row][vc_column][vc_empty_space][\/vc_column][\/vc_row][vc_row el_class=\u00bbinvert-block\u00bb][vc_column width=\u00bb1\/2&#8243; el_class=\u00bbpartie-txt\u00bb][vc_column_text el_class=\u00bbgros-titre fort traits-gris-droite-gauche titre-gauche vc_sep_border_width_2 vc_separator wpb_content_element vc_separator_align_left vc_sep_width_100 vc_sep_pos_align_center vc_sep_color_grey vc_separator-has-text\u00bb] \u00bfQu\u00e9 es el mantenimiento curativo? [\/vc_column_text][vc_column_text]Contrariamente al\u00a0mantenimiento correctivo paliativo, que<span class=\"excerpt-hellip\"> [\u2026]<\/span><\/p>\n","protected":false},"author":1,"featured_media":0,"parent":2499,"menu_order":48,"comment_status":"closed","ping_status":"closed","template":"","meta":{"footnotes":""},"class_list":["post-2506","page","type-page","status-publish","hentry"],"_links":{"self":[{"href":"https:\/\/www.standard-industrie.com\/es\/wp-json\/wp\/v2\/pages\/2506","targetHints":{"allow":["GET"]}}],"collection":[{"href":"https:\/\/www.standard-industrie.com\/es\/wp-json\/wp\/v2\/pages"}],"about":[{"href":"https:\/\/www.standard-industrie.com\/es\/wp-json\/wp\/v2\/types\/page"}],"author":[{"embeddable":true,"href":"https:\/\/www.standard-industrie.com\/es\/wp-json\/wp\/v2\/users\/1"}],"replies":[{"embeddable":true,"href":"https:\/\/www.standard-industrie.com\/es\/wp-json\/wp\/v2\/comments?post=2506"}],"version-history":[{"count":0,"href":"https:\/\/www.standard-industrie.com\/es\/wp-json\/wp\/v2\/pages\/2506\/revisions"}],"up":[{"embeddable":true,"href":"https:\/\/www.standard-industrie.com\/es\/wp-json\/wp\/v2\/pages\/2499"}],"wp:attachment":[{"href":"https:\/\/www.standard-industrie.com\/es\/wp-json\/wp\/v2\/media?parent=2506"}],"curies":[{"name":"wp","href":"https:\/\/api.w.org\/{rel}","templated":true}]}}