{"id":2886,"date":"2018-04-05T10:15:55","date_gmt":"2018-04-05T09:15:55","guid":{"rendered":"https:\/\/www.standard-industrie.com\/es\/?page_id=2886"},"modified":"2025-06-04T21:22:39","modified_gmt":"2025-06-04T20:22:39","slug":"la-limpieza-industrial","status":"publish","type":"page","link":"https:\/\/www.standard-industrie.com\/es\/la-limpieza-industrial\/","title":{"rendered":"La limpieza industrial"},"content":{"rendered":"<p>[vc_row][vc_column css=\u00bb.vc_custom_1668767480700{margin-top: 10px !important;}\u00bb][vc_column_text el_class=\u00bbbtn-retour txt-rouge\u00bb]<\/p>\n<div class=\"vc_sep_holder vc_sep_holder_l\">\n<p class=\"vc_sep_line\" style=\"border-color: grey;\"><a href=\"\/es\/limpieza-industrial-por-aspiracion\/\">&lt; Limpieza industrial por aspiracion<\/a><\/p>\n<\/div>\n<p>[\/vc_column_text][\/vc_column][\/vc_row][vc_row][vc_column][vc_empty_space][vc_column_text el_class=\u00bbgros-titre fort trait-rouge traits-gris-droite-gauche titre-centre vc_separator wpb_content_element vc_separator_align_center vc_sep_width_100 vc_sep_border_width_2 vc_sep_pos_align_center vc_separator-has-text\u00bb]<\/p>\n<div class=\"vc_sep_holder vc_sep_holder_l\">\n<p class=\"vc_sep_line\" style=\"border-color: grey;\">\n<\/div>\n<h2 style=\"text-align: center;\">\u00bfQU\u00c9 ES LA LIMPIEZA INDUSTRIAL?<\/h2>\n<div class=\"vc_sep_holder vc_sep_holder_r\">\n<p class=\"vc_sep_line\" style=\"border-color: grey;\">\n<\/div>\n<p>[\/vc_column_text][\/vc_column][\/vc_row][vc_row el_class=\u00bbinvert-block\u00bb][vc_column width=\u00bb1\/2&#8243;][vc_column_text]Es necesario distinguir las diferentes empresas de limpieza con el fin de perfeccionar este sector. Ciertas empresas de limpieza se especializan en la limpieza de locales o hasta en su mantenimiento en el marco de la desinfecci\u00f3n o descontaminaci\u00f3n por ejemplo : empresas de higiene o de servicios de limpieza. Otras se especializan en la limpieza de recipientes o de alfombras, estas ser\u00e1n m\u00e1s integradas en el sector denominado terciario. Estas contratan agentes de limpieza cuya misi\u00f3n es efectuar la limpieza de los locales.<\/p>\n<p>A pesar de ser asimiladas a la limpieza industrial, estas empresas de limpieza contin\u00faan, sin embargo, alejadas de la limpieza industrial propiamente dicha.<\/p>\n<p>De hecho, la limpieza industrial se orienta hacia\u00a0<a href=\"\/es\/nuestra-actividad\/\" target=\"_blank\" rel=\"noopener\"><b>la limpieza de sitios industriales<\/b>.<\/a>\u00a0ver la parte agro-alimentaria y otros sectores de actividad cercanos a la industria. Estas pueden especializarse en la limpieza tras un siniestro por ejemplo y utilizar\u00e1n herramientas de limpieza profesional tales como los limpiadores a vapor, las herramientas de despolvoreo si la f\u00e1brica afectada posee silos.\u00a0 A veces el<a href=\"\/es\/eliminacion-obstrucciones-concreciones\/\" target=\"_blank\" rel=\"noopener\"><b>\u00a0aire comprimido ser\u00e1 necesario para que las herramientas de despolvoreo funcionen<\/b>\u00a0<\/a>o de granallado. Otras se inscriben en el sector de limpieza industrial puro, aquel que las industrias exigen para una limpieza cotidiana.[\/vc_column_text][\/vc_column][vc_column width=\u00bb1\/2&#8243;][vc_single_image image=\u00bb5101&#8243; img_size=\u00bbfull\u00bb alignment=\u00bbcenter\u00bb][\/vc_column][\/vc_row][vc_row][vc_column][vc_empty_space][vc_column_text el_class=\u00bbgros-titre fort trait-rouge traits-gris-droite-gauche titre-centre vc_separator wpb_content_element vc_separator_align_center vc_sep_width_100 vc_sep_border_width_2 vc_sep_pos_align_center vc_separator-has-text\u00bb]<\/p>\n<div class=\"vc_sep_holder vc_sep_holder_l\">\n<p class=\"vc_sep_line\" style=\"border-color: grey;\">\n<\/div>\n<h2 style=\"text-align: center;\">\u00bfQU\u00c9 M\u00c1QUINA UTILIZAR PARA LA LIMPIEZA INDUSTRIAL?<\/h2>\n<div class=\"vc_sep_holder vc_sep_holder_r\">\n<p class=\"vc_sep_line\" style=\"border-color: grey;\">\n<\/div>\n<p>[\/vc_column_text][\/vc_column][\/vc_row][vc_row el_class=\u00bbinvert-block\u00bb][vc_column width=\u00bb1\/4&#8243;][\/vc_column][vc_column width=\u00bb1\/2&#8243;][vc_column_text]Para responder a los clientes, estos actores de la limpieza industrial deber\u00e1n, \u00a0en ciertos casos, \u00a0equiparse de m\u00e1quinas de aspiraci\u00f3n que van desde la peque\u00f1a aspiradora m\u00f3vil hasta\u00a0<b><a href=\"https:\/\/www.standard-industrie.com\/it\/pulizia-industriale-con-aspirazione\/\" target=\"_blank\" rel=\"noopener\">el cami\u00f3n de aspiraci\u00f3n<\/a><\/b><\/p>\n<p>La gama de estos equipos de aspiraci\u00f3n es muy vasta y ciertas empresas se especializan en esta \u00e1rea.\u00a0 El mercado de la limpieza industrial es creciente y estricto.\u00a0 Adem\u00e1s, los equipos de limpieza deben responder, hoy en d\u00eda a las exigentes requisitos de las f\u00e1bricas en materia de resultados.\u00a0 Para una limpieza m\u00e1s r\u00e1pida y eficaz,\u00a0<a href=\"\/es\/limpieza-industrial-por-aspiracion\/\" target=\"_blank\" rel=\"noopener\"><b>los equipos de aspiraci\u00f3n<\/b><\/a>\u00a0ofrecen soluciones adaptadas a las necesidades espec\u00edficas de la limpieza industrial. Cuanto m\u00e1s grande es la f\u00e1brica m\u00e1s consecuente ser\u00e1 la necesidad en materia de limpieza industrial y de rendimiento exigido. A tal fin, las f\u00e1bricas se equipan directamente con un cami\u00f3n de aspiraci\u00f3n, que estar\u00e1 a disposici\u00f3n de los operadores de las empresas exteriores de limpieza, y exigir\u00e1n que su empresa de limpieza se equipe con un cami\u00f3n de aspiraci\u00f3n.[\/vc_column_text][\/vc_column][vc_column width=\u00bb1\/4&#8243;][\/vc_column][\/vc_row][vc_row][vc_column css=\u00bb.vc_custom_1668767480700{margin-top: 10px !important;}\u00bb][vc_column_text el_class=\u00bbbtn-retour txt-rouge\u00bb]<\/p>\n<div class=\"vc_sep_holder vc_sep_holder_l\">\n<p class=\"vc_sep_line\" style=\"border-color: grey;\"><a href=\"\/es\/limpieza-industrial-por-aspiracion\/\">&lt; Limpieza industrial por aspiracion<\/a><\/p>\n<\/div>\n<p>[\/vc_column_text][\/vc_column][\/vc_row]<\/p>\n","protected":false},"excerpt":{"rendered":"<p>[vc_row][vc_column css=\u00bb.vc_custom_1668767480700{margin-top: 10px !important;}\u00bb][vc_column_text el_class=\u00bbbtn-retour txt-rouge\u00bb] &lt; Limpieza industrial por aspiracion [\/vc_column_text][\/vc_column][\/vc_row][vc_row][vc_column][vc_empty_space][vc_column_text el_class=\u00bbgros-titre fort trait-rouge traits-gris-droite-gauche titre-centre vc_separator wpb_content_element vc_separator_align_center vc_sep_width_100 vc_sep_border_width_2 vc_sep_pos_align_center vc_separator-has-text\u00bb] \u00bfQU\u00c9 ES<span class=\"excerpt-hellip\"> [\u2026]<\/span><\/p>\n","protected":false},"author":1,"featured_media":0,"parent":0,"menu_order":44,"comment_status":"closed","ping_status":"closed","template":"single-nettoyage-industriel-aspiration.php","meta":{"footnotes":""},"class_list":["post-2886","page","type-page","status-publish","hentry"],"_links":{"self":[{"href":"https:\/\/www.standard-industrie.com\/es\/wp-json\/wp\/v2\/pages\/2886","targetHints":{"allow":["GET"]}}],"collection":[{"href":"https:\/\/www.standard-industrie.com\/es\/wp-json\/wp\/v2\/pages"}],"about":[{"href":"https:\/\/www.standard-industrie.com\/es\/wp-json\/wp\/v2\/types\/page"}],"author":[{"embeddable":true,"href":"https:\/\/www.standard-industrie.com\/es\/wp-json\/wp\/v2\/users\/1"}],"replies":[{"embeddable":true,"href":"https:\/\/www.standard-industrie.com\/es\/wp-json\/wp\/v2\/comments?post=2886"}],"version-history":[{"count":0,"href":"https:\/\/www.standard-industrie.com\/es\/wp-json\/wp\/v2\/pages\/2886\/revisions"}],"wp:attachment":[{"href":"https:\/\/www.standard-industrie.com\/es\/wp-json\/wp\/v2\/media?parent=2886"}],"curies":[{"name":"wp","href":"https:\/\/api.w.org\/{rel}","templated":true}]}}