{"id":2904,"date":"2018-04-05T13:10:00","date_gmt":"2018-04-05T12:10:00","guid":{"rendered":"https:\/\/www.standard-industrie.com\/es\/?page_id=2904"},"modified":"2025-06-04T21:23:35","modified_gmt":"2025-06-04T20:23:35","slug":"compresor-de-aire","status":"publish","type":"page","link":"https:\/\/www.standard-industrie.com\/es\/compresor-de-aire\/","title":{"rendered":"Compresor de aire"},"content":{"rendered":"<p>[vc_row][vc_column css=\u00bb.vc_custom_1668767480700{margin-top: 10px !important;}\u00bb][vc_column_text el_class=\u00bbbtn-retour txt-rouge\u00bb]<\/p>\n<div class=\"vc_sep_holder vc_sep_holder_l\">\n<p class=\"vc_sep_line\" style=\"border-color: grey;\"><a href=\"\/elimination-colmatages-concretions\/\">&lt; Eliminaci\u00f3n de obstrucciones y pegaduras<\/a><\/p>\n<\/div>\n<p>[\/vc_column_text][\/vc_column][\/vc_row][vc_row][vc_column][vc_empty_space][vc_column_text el_class=\u00bbgros-titre fort trait-rouge traits-gris-droite-gauche titre-centre vc_separator wpb_content_element vc_separator_align_center vc_sep_width_100 vc_sep_border_width_2 vc_sep_pos_align_center vc_separator-has-text\u00bb]<\/p>\n<div class=\"vc_sep_holder vc_sep_holder_l\">\n<p class=\"vc_sep_line\" style=\"border-color: grey;\">\n<\/div>\n<h2 style=\"text-align: center;\">Funcionamiento, inter\u00e9s y uso<\/h2>\n<div class=\"vc_sep_holder vc_sep_holder_r\">\n<p class=\"vc_sep_line\" style=\"border-color: grey;\">\n<\/div>\n<p>[\/vc_column_text][\/vc_column][\/vc_row][vc_row el_class=\u00bbinvert-block\u00bb][vc_column width=\u00bb1\/2&#8243;][vc_column_text]La selecci\u00f3n de un compresor de aire se realiza tomando en cuenta :<\/p>\n<ul>\n<li>El uso del aire comprimido, pero tambi\u00e9n sus principios<\/li>\n<li>Su funcionamiento: motorizaci\u00f3n, potencia, capacidad, etc.<\/li>\n<\/ul>\n<p><em><strong>Existen dos tipos de mecanismos de compresor, los compresores de tornillos y los compresores de pist\u00f3n.\u00a0 Los dos son \u00fatiles para compresores profesionales y personales.<\/strong><\/em>[\/vc_column_text][\/vc_column][vc_column width=\u00bb1\/2&#8243;][vc_single_image image=\u00bb5096&#8243; img_size=\u00bbmedium\u00bb alignment=\u00bbcenter\u00bb][vc_empty_space][\/vc_column][\/vc_row][vc_row][vc_column css_animation=\u00bbslideInLeft\u00bb width=\u00bb1\/2&#8243;][vc_column_text el_class=\u00bbtitre titre-long fort trait-rouge traits-gris-droite-gauche titre-centre vc_separator wpb_content_element vc_separator_align_center vc_sep_width_100 vc_sep_border_width_2 vc_sep_pos_align_center vc_separator-has-text\u00bb]<\/p>\n<div class=\"vc_sep_holder vc_sep_holder_l\">\n<p class=\"vc_sep_line\" style=\"border-color: grey;\">\n<\/div>\n<h2 style=\"text-align: center;\">COMPRESORES DE TORNILLOS: EL MAS COM\u00daN PERO TAMBI\u00c9N EL MAS CARO<\/h2>\n<div class=\"vc_sep_holder vc_sep_holder_r\">\n<p class=\"vc_sep_line\" style=\"border-color: grey;\">\n<\/div>\n<p>[\/vc_column_text][vc_column_text]El compresor de tornillo es el sistema utilizado por el gran p\u00fablico. La compresi\u00f3n del aire se efectua por la rotaci\u00f3n de los dos rotores de tornillos; De un lado, el compresor aspira el aire por rotaci\u00f3n de los tornillos, del otro lado el aire es expulsado bajo presi\u00f3n. La peque\u00f1a talla de los compresores de tornillos facilitan su uso, particularmente para los compresores port\u00e1tiles o compresores in\u00e1lambricos (ejemplo: inflar los neum\u00e1ticos de coches) Estos son tambi\u00e9n los mas caros del mercado. Su elevado precio puede conducir a los compradores a escoger compresores usados para disminuir la factura.[\/vc_column_text][\/vc_column][vc_column css_animation=\u00bbslideInRight\u00bb width=\u00bb1\/2&#8243;][vc_empty_space height=\u00bb50px\u00bb][vc_column_text el_class=\u00bbtitre titre-long fort trait-rouge traits-gris-droite-gauche titre-centre vc_separator wpb_content_element vc_separator_align_center vc_sep_width_100 vc_sep_border_width_2 vc_sep_pos_align_center vc_separator-has-text\u00bb]<\/p>\n<div class=\"vc_sep_holder vc_sep_holder_l\">\n<p class=\"vc_sep_line\" style=\"border-color: grey;\">\n<\/div>\n<h2 style=\"text-align: center;\">COMPRESOR DE PIST\u00d3N : SOBRETODO EN LA INDUSTRIA, PARTICULARMENTE PARA EL GAS<\/h2>\n<div class=\"vc_sep_holder vc_sep_holder_r\">\n<p class=\"vc_sep_line\" style=\"border-color: grey;\">\n<\/div>\n<p>[\/vc_column_text][vc_column_text]<em><strong>El tipo de alimentaci\u00f3n del motor impacta el funcionamiento y el uso de los compresores. Se distinguen dos tipos de motores: el\u00e9ctricos o t\u00e9rmicos.<\/strong><\/em>[\/vc_column_text][\/vc_column][\/vc_row][vc_row][vc_column css_animation=\u00bbslideInLeft\u00bb width=\u00bb1\/2&#8243;][vc_column_text el_class=\u00bbtitre titre-long fort trait-rouge traits-gris-droite-gauche titre-centre vc_separator wpb_content_element vc_separator_align_center vc_sep_width_100 vc_sep_border_width_2 vc_sep_pos_align_center vc_separator-has-text\u00bb]<\/p>\n<div class=\"vc_sep_holder vc_sep_holder_l\">\n<p class=\"vc_sep_line\" style=\"border-color: grey;\">\n<\/div>\n<h2 style=\"text-align: center;\">COMPRESOR EL\u00c9CTRICO: EL MAS SIMPLE<\/h2>\n<div class=\"vc_sep_holder vc_sep_holder_r\">\n<p class=\"vc_sep_line\" style=\"border-color: grey;\">\n<\/div>\n<p>[\/vc_column_text][vc_column_text]El modelo mas barato y con un pr\u00e1ctico uso es el compresor el\u00e9ctrico Sin embargo, no puede ser utilizado en una construcci\u00f3n De hecho, debe estar conectado permanentemente a una alimentaci\u00f3n sector.<\/p>\n<p>El compresor el\u00e9ctrico sirve por ejemplo en trabajos como :<\/p>\n<ul>\n<li>Arenado: pistola de arenado<\/li>\n<li>Pintura: aer\u00f3grafo y pistola de pintura<\/li>\n<li>Inflado: Vaporizador v\u00eda una r\u00e1pida conexi\u00f3n<\/li>\n<\/ul>\n<p>[\/vc_column_text][\/vc_column][vc_column css_animation=\u00bbslideInRight\u00bb width=\u00bb1\/2&#8243;][vc_empty_space height=\u00bb50px\u00bb][vc_column_text el_class=\u00bbtitre titre-long fort trait-rouge traits-gris-droite-gauche titre-centre vc_separator wpb_content_element vc_separator_align_center vc_sep_width_100 vc_sep_border_width_2 vc_sep_pos_align_center vc_separator-has-text\u00bb]<\/p>\n<div class=\"vc_sep_holder vc_sep_holder_l\">\n<p class=\"vc_sep_line\" style=\"border-color: grey;\">\n<\/div>\n<h2 style=\"text-align: center;\">COMPRESOR T\u00c9RMICO: EL MODELO DE LOS PROFESIONALES<\/h2>\n<div class=\"vc_sep_holder vc_sep_holder_r\">\n<p class=\"vc_sep_line\" style=\"border-color: grey;\">\n<\/div>\n<p>[\/vc_column_text][vc_column_text]El compresor t\u00e9rmico esta destinado particularmente para uso profesional. Extrae su energ\u00eda de un carburante, combustible o gasoil Es por lo tanto m\u00e1s caro que el compresor el\u00e9ctrico. Sin embargo es mas potente. Como no necesita toma corriente para funcionar, es mucho m\u00e1s m\u00f3vil.[\/vc_column_text][\/vc_column][\/vc_row][vc_row][vc_column css_animation=\u00bbslideInLeft\u00bb width=\u00bb1\/2&#8243;][vc_column_text el_class=\u00bbtitre titre-long fort trait-rouge traits-gris-droite-gauche titre-centre vc_separator wpb_content_element vc_separator_align_center vc_sep_width_100 vc_sep_border_width_2 vc_sep_pos_align_center vc_separator-has-text\u00bb]<\/p>\n<div class=\"vc_sep_holder vc_sep_holder_l\">\n<p class=\"vc_sep_line\" style=\"border-color: grey;\">\n<\/div>\n<h2 style=\"text-align: center;\">COMPRESORES ESPEC\u00cdFICOS: SILENCIOSO O SIN ACEITE<\/h2>\n<div class=\"vc_sep_holder vc_sep_holder_r\">\n<p class=\"vc_sep_line\" style=\"border-color: grey;\">\n<\/div>\n<p>[\/vc_column_text][vc_column_text]Los compresores est\u00e1n compuestos de inconvenientes. Ciertos compresores fueron dise\u00f1ados para mejorar la calidad del uso de aparatos as\u00ed como de su confort:<\/p>\n<ul>\n<li>Compresor silencioso: para no molestar a los vecinos pero tambi\u00e9n para proteger la audici\u00f3n de los usuarios.<\/li>\n<li>Compresor sin aceite: para reducir el desperdicio y el costo de uso<\/li>\n<\/ul>\n<p>[\/vc_column_text][\/vc_column][vc_column css_animation=\u00bbslideInRight\u00bb width=\u00bb1\/2&#8243;][vc_empty_space height=\u00bb50px\u00bb][vc_column_text el_class=\u00bbtitre titre-long fort trait-rouge traits-gris-droite-gauche titre-centre vc_separator wpb_content_element vc_separator_align_center vc_sep_width_100 vc_sep_border_width_2 vc_sep_pos_align_center vc_separator-has-text\u00bb]<\/p>\n<div class=\"vc_sep_holder vc_sep_holder_l\">\n<p class=\"vc_sep_line\" style=\"border-color: grey;\">\n<\/div>\n<h2 style=\"text-align: center;\">SISTEMA DE SEGURIDAD<\/h2>\n<div class=\"vc_sep_holder vc_sep_holder_r\">\n<p class=\"vc_sep_line\" style=\"border-color: grey;\">\n<\/div>\n<p>[\/vc_column_text][vc_column_text]Un tanque\/dep\u00f3sito de compresor puede ser un elemento peligroso ya que est\u00e1 sometido a altas presiones. Afortunadamente, varios sistemas permiten mantener una seguridad \u00f3ptima: man\u00f3metro conectado a una v\u00e1lvula de seguridad v\u00eda una cableado en T, v\u00e1lvula de purga, etc.[\/vc_column_text][\/vc_column][\/vc_row][vc_row][vc_column][vc_empty_space][vc_column_text el_class=\u00bbgros-titre fort trait-rouge traits-gris-droite-gauche titre-centre vc_separator wpb_content_element vc_separator_align_center vc_sep_width_100 vc_sep_border_width_2 vc_sep_pos_align_center vc_separator-has-text\u00bb]<\/p>\n<div class=\"vc_sep_holder vc_sep_holder_l\">\n<p class=\"vc_sep_line\" style=\"border-color: grey;\">\n<\/div>\n<h2 style=\"text-align: center;\">Aplicaci\u00f3n de compresores de aire de STANDARD INDUSTRIA<\/h2>\n<div class=\"vc_sep_holder vc_sep_holder_r\">\n<p class=\"vc_sep_line\" style=\"border-color: grey;\">\n<\/div>\n<p>[\/vc_column_text][\/vc_column][\/vc_row][vc_row el_class=\u00bbinvert-block\u00bb][vc_column width=\u00bb1\/2&#8243;][vc_column_text]Para Standard Industria Internacional, los compresores son un elemento esencial del proceso de limpieza y desatasco de silos, tolvas, filtros, etc. De hecho, el aire comprimido se usa:<\/p>\n<p>\u2013 para los dep\u00f3sitos de nuestra gama Airchoc de pistolas de aire AIRCHOC \u00ae<br \/>\n\u2013\u00a0para nuestras m\u00e1quinas de limpieza de silos y tolvas\u00a0<a href=\"\/es\/gironet\/\" target=\"_blank\" rel=\"noopener\"><strong>Gironet<\/strong><\/a>,\u00a0y nuestras m\u00e1quinas de perforaci\u00f3n\u00a0<a href=\"\/es\/powernet\/\" target=\"_blank\" rel=\"noopener\"><strong>Powernet<\/strong><\/a><br \/>\n\u2013\u00a0igualmente en\u00a0<a href=\"\/es\/limpieza-industrial-por-aspiracion\/\" target=\"_blank\" rel=\"noopener\"><b>nuestras aspiradoras (despolvoreo de filtros)<\/b><\/a>.<\/p>\n<p>Generalmente, nuestros clientes, ya tienen un compresor en funcionamiento para toda la f\u00e1brica. Pero tambi\u00e9n tenemos la posibilidad de determinar la potencia necesaria para nuevas instalaciones y establecer nuevas redes de aire para satisfacer las necesidades inducidas por nuestras pistolas, por ejemplo.<\/p>\n<p>La conexi\u00f3n entre el compresor y su dep\u00f3sito se realiza mediante una tuber\u00eda r\u00edgida de acero o acero inoxidable, cuyos di\u00e1metros pueden variar de acuerdo con la potencia deseada.<\/p>\n<p><em><strong>Aqu\u00ed un ejemplo de instalaci\u00f3n de compresor\u00a0:<\/strong><\/em>[\/vc_column_text][\/vc_column][vc_column width=\u00bb1\/2&#8243;][vc_single_image image=\u00bb6275&#8243; img_size=\u00bbfull\u00bb alignment=\u00bbcenter\u00bb][vc_empty_space][\/vc_column][\/vc_row][vc_row][vc_column][vc_column_text el_class=\u00bbbtn-retour txt-rouge\u00bb]<\/p>\n<div class=\"vc_sep_holder vc_sep_holder_l\">\n<p class=\"vc_sep_line\" style=\"border-color: grey;\"><a href=\"\/elimination-colmatages-concretions\/\">&lt; Eliminaci\u00f3n de obstrucciones y pegaduras<\/a><\/p>\n<\/div>\n<p>[\/vc_column_text][\/vc_column][\/vc_row]<\/p>\n","protected":false},"excerpt":{"rendered":"<p>[vc_row][vc_column css=\u00bb.vc_custom_1668767480700{margin-top: 10px !important;}\u00bb][vc_column_text el_class=\u00bbbtn-retour txt-rouge\u00bb] &lt; Eliminaci\u00f3n de obstrucciones y pegaduras [\/vc_column_text][\/vc_column][\/vc_row][vc_row][vc_column][vc_empty_space][vc_column_text el_class=\u00bbgros-titre fort trait-rouge traits-gris-droite-gauche titre-centre vc_separator wpb_content_element vc_separator_align_center vc_sep_width_100 vc_sep_border_width_2 vc_sep_pos_align_center vc_separator-has-text\u00bb] Funcionamiento,<span class=\"excerpt-hellip\"> [\u2026]<\/span><\/p>\n","protected":false},"author":1,"featured_media":0,"parent":0,"menu_order":46,"comment_status":"closed","ping_status":"closed","template":"single-airchoc.php","meta":{"footnotes":""},"class_list":["post-2904","page","type-page","status-publish","hentry"],"_links":{"self":[{"href":"https:\/\/www.standard-industrie.com\/es\/wp-json\/wp\/v2\/pages\/2904","targetHints":{"allow":["GET"]}}],"collection":[{"href":"https:\/\/www.standard-industrie.com\/es\/wp-json\/wp\/v2\/pages"}],"about":[{"href":"https:\/\/www.standard-industrie.com\/es\/wp-json\/wp\/v2\/types\/page"}],"author":[{"embeddable":true,"href":"https:\/\/www.standard-industrie.com\/es\/wp-json\/wp\/v2\/users\/1"}],"replies":[{"embeddable":true,"href":"https:\/\/www.standard-industrie.com\/es\/wp-json\/wp\/v2\/comments?post=2904"}],"version-history":[{"count":0,"href":"https:\/\/www.standard-industrie.com\/es\/wp-json\/wp\/v2\/pages\/2904\/revisions"}],"wp:attachment":[{"href":"https:\/\/www.standard-industrie.com\/es\/wp-json\/wp\/v2\/media?parent=2904"}],"curies":[{"name":"wp","href":"https:\/\/api.w.org\/{rel}","templated":true}]}}