{"id":2930,"date":"2018-04-05T14:17:23","date_gmt":"2018-04-05T13:17:23","guid":{"rendered":"https:\/\/www.standard-industrie.com\/es\/?page_id=2930"},"modified":"2025-06-04T21:22:00","modified_gmt":"2025-06-04T20:22:00","slug":"mantenimiento-airchoc","status":"publish","type":"page","link":"https:\/\/www.standard-industrie.com\/es\/mantenimiento-airchoc\/","title":{"rendered":"Mantenimiento AIRCHOC\u00ae"},"content":{"rendered":"<p>[vc_row][vc_column css=\u00bb.vc_custom_1668767480700{margin-top: 10px !important;}\u00bb][vc_column_text el_class=\u00bbbtn-retour txt-rouge\u00bb]<\/p>\n<div class=\"vc_sep_holder vc_sep_holder_l\">\n<p class=\"vc_sep_line\" style=\"border-color: grey;\"><a href=\"\/elimination-colmatages-concretions\/\">&lt; Eliminaci\u00f3n de obstrucciones y pegaduras<\/a><\/p>\n<\/div>\n<p>[\/vc_column_text][\/vc_column][\/vc_row][vc_row][vc_column][vc_empty_space][vc_column_text el_class=\u00bbgros-titre fort trait-rouge traits-gris-droite-gauche titre-centre vc_separator wpb_content_element vc_separator_align_center vc_sep_width_100 vc_sep_border_width_2 vc_sep_pos_align_center vc_separator-has-text\u00bb]<\/p>\n<div class=\"vc_sep_holder vc_sep_holder_l\">\n<p class=\"vc_sep_line\" style=\"border-color: grey;\">\n<\/div>\n<h2 style=\"text-align: center;\">EL MANTENIMIENTO DE DEP\u00d3SITOS DE NUESTRAS CA\u00d1ONES DE AIRE AIRCHOC\u00ae<\/h2>\n<div class=\"vc_sep_holder vc_sep_holder_r\">\n<p class=\"vc_sep_line\" style=\"border-color: grey;\">\n<\/div>\n<p>[\/vc_column_text][\/vc_column][\/vc_row][vc_row el_class=\u00bbinvert-block\u00bb][vc_column width=\u00bb1\/2&#8243;][vc_column_text]<\/p>\n<h3>Para intervenir en un ca\u00f1on de aire <a href=\"\/es\/airchoc-wireless\/\">AIRCHOC\u00ae<\/a>, se debe :<\/h3>\n<ul>\n<li>Cerrar la v\u00e1lvula de aire del grupo en cuesti\u00f3n y posiblemente otros grupos en el \u00e1rea de trabajo<\/li>\n<li>Desconectar el suministro individual de la\u00a0pistola de aire Airchoc\u00ae\u00a0(v\u00e1lvula de cierre \/ aislamiento)<\/li>\n<li>Activar manualmente y verificar el disparo de la\u00a0pistola de aire\u00a0(si es posible, consultar las indicaciones)<\/li>\n<li>Abrir la v\u00e1lvula de drenaje del dep\u00f3sito para eliminar la condensaci\u00f3n debido a bajadas de temperatura y aumentos de presi\u00f3n<\/li>\n<li>Repetir la operaci\u00f3n en toda la flota de\u00a0ca\u00f1on de aire Airchoc\u00ae\u00a0en el \u00e1rea antes de todo desmantelamiento.<\/li>\n<\/ul>\n<h3>Pre-requisito de buen funcionamiento de un ca\u00f1on AIRCHOC\u00ae :<\/h3>\n<ul>\n<li>Presi\u00f3n de aire suficiente<\/li>\n<li>Aire limpio<\/li>\n<li>V\u00e1lvula de alimentaci\u00f3n y de purga<\/li>\n<li>Abrazadera de suspensi\u00f3n<\/li>\n<li>Electricidad, tensi\u00f3n<\/li>\n<\/ul>\n<h3>Pre-requisito para una buena <a href=\"\/es\/eliminacion-obstrucciones-concreciones\/\">eliminaci\u00f3n de un atascamiento<\/a> :<\/h3>\n<ul>\n<li>Compresor con presi\u00f3n de aire suficiente (con tornillo o pist\u00f3n)<\/li>\n<li><a href=\"\/es\/deflector\/\" target=\"_blank\" rel=\"noopener\">Instalaci\u00f3n de deflectores<\/a><\/li>\n<li>Control\/frecuencia de tiro<\/li>\n<\/ul>\n<p>[\/vc_column_text][\/vc_column][vc_column width=\u00bb1\/2&#8243;][vc_single_image image=\u00bb5089&#8243; img_size=\u00bbfull\u00bb alignment=\u00bbcenter\u00bb][vc_empty_space][\/vc_column][\/vc_row][vc_row][vc_column][vc_column_text el_class=\u00bbbtn-retour txt-rouge\u00bb]<\/p>\n<div class=\"vc_sep_holder vc_sep_holder_l\">\n<p class=\"vc_sep_line\" style=\"border-color: grey;\"><a href=\"\/elimination-colmatages-concretions\/\">&lt; Eliminaci\u00f3n de obstrucciones y pegaduras<\/a><\/p>\n<\/div>\n<p>[\/vc_column_text][\/vc_column][\/vc_row]<\/p>\n","protected":false},"excerpt":{"rendered":"<p>[vc_row][vc_column css=\u00bb.vc_custom_1668767480700{margin-top: 10px !important;}\u00bb][vc_column_text el_class=\u00bbbtn-retour txt-rouge\u00bb] &lt; Eliminaci\u00f3n de obstrucciones y pegaduras [\/vc_column_text][\/vc_column][\/vc_row][vc_row][vc_column][vc_empty_space][vc_column_text el_class=\u00bbgros-titre fort trait-rouge traits-gris-droite-gauche titre-centre vc_separator wpb_content_element vc_separator_align_center vc_sep_width_100 vc_sep_border_width_2 vc_sep_pos_align_center vc_separator-has-text\u00bb] EL<span class=\"excerpt-hellip\"> [\u2026]<\/span><\/p>\n","protected":false},"author":1,"featured_media":0,"parent":0,"menu_order":43,"comment_status":"closed","ping_status":"closed","template":"single-airchoc.php","meta":{"footnotes":""},"class_list":["post-2930","page","type-page","status-publish","hentry"],"_links":{"self":[{"href":"https:\/\/www.standard-industrie.com\/es\/wp-json\/wp\/v2\/pages\/2930","targetHints":{"allow":["GET"]}}],"collection":[{"href":"https:\/\/www.standard-industrie.com\/es\/wp-json\/wp\/v2\/pages"}],"about":[{"href":"https:\/\/www.standard-industrie.com\/es\/wp-json\/wp\/v2\/types\/page"}],"author":[{"embeddable":true,"href":"https:\/\/www.standard-industrie.com\/es\/wp-json\/wp\/v2\/users\/1"}],"replies":[{"embeddable":true,"href":"https:\/\/www.standard-industrie.com\/es\/wp-json\/wp\/v2\/comments?post=2930"}],"version-history":[{"count":0,"href":"https:\/\/www.standard-industrie.com\/es\/wp-json\/wp\/v2\/pages\/2930\/revisions"}],"wp:attachment":[{"href":"https:\/\/www.standard-industrie.com\/es\/wp-json\/wp\/v2\/media?parent=2930"}],"curies":[{"name":"wp","href":"https:\/\/api.w.org\/{rel}","templated":true}]}}