{"id":2957,"date":"2018-04-06T10:04:55","date_gmt":"2018-04-06T09:04:55","guid":{"rendered":"https:\/\/www.standard-industrie.com\/es\/?page_id=2957"},"modified":"2025-06-04T21:20:42","modified_gmt":"2025-06-04T20:20:42","slug":"nuestras-instalaciones","status":"publish","type":"page","link":"https:\/\/www.standard-industrie.com\/es\/nuestras-instalaciones\/","title":{"rendered":"NUESTRAS INSTALACIONES"},"content":{"rendered":"<p>[vc_row][vc_column][vc_empty_space][\/vc_column][\/vc_row][vc_row][vc_column][vc_column_text el_class=\u00bbgros-titre fort traits-gris-droite-gauche titre-gauche vc_sep_border_width_2 vc_separator wpb_content_element vc_separator_align_left vc_sep_width_100 vc_sep_pos_align_center vc_sep_color_grey vc_separator-has-text\u00bb]<\/p>\n<div class=\"vc_sep_holder vc_sep_holder_l\">\n<p class=\"vc_sep_line\" style=\"border-color: grey;\">\n<\/div>\n<h2>STANDARD INDUSTRIE INTERNATIONAL<\/h2>\n<div class=\"vc_sep_holder vc_sep_holder_r\">\n<p class=\"vc_sep_line\" style=\"border-color: grey;\">\n<\/div>\n<p>[\/vc_column_text][\/vc_column][\/vc_row][vc_row][vc_column width=\u00bb1\/4&#8243;][\/vc_column][vc_column width=\u00bb1\/2&#8243;][vc_column_text]Standard Industria Internacional desarrolla equipos que facilitan el\u00a0almacenamiento, el\u00a0flujo, el\u00a0transporte y la\u00a0limpieza\u00a0de los\u00a0productos pulverulentos\u00a0y\u00a0a granel.<br \/>\nNuestra empresa ofrece las siguientes instalaciones:[\/vc_column_text][\/vc_column][vc_column width=\u00bb1\/4&#8243;][\/vc_column][\/vc_row][vc_row el_class=\u00bbinvert-block\u00bb][vc_column width=\u00bb1\/2&#8243; el_class=\u00bbpartie-txt\u00bb][vc_column_text el_class=\u00bbgros-titre fort traits-gris-droite-gauche titre-gauche vc_sep_border_width_2 vc_separator wpb_content_element vc_separator_align_left vc_sep_width_100 vc_sep_pos_align_center vc_sep_color_grey vc_separator-has-text\u00bb]<\/p>\n<div class=\"vc_sep_holder vc_sep_holder_l\">\n<p class=\"vc_sep_line\" style=\"border-color: grey;\">\n<\/div>\n<h2>1- Instalaci\u00f3n de ca\u00f1\u00f3n de aire en silos y tolvas<\/h2>\n<div class=\"vc_sep_holder vc_sep_holder_r\">\n<p class=\"vc_sep_line\" style=\"border-color: grey;\">\n<\/div>\n<p>[\/vc_column_text][vc_column_text]Primeramente, se posiciona como l\u00edder del\u00a0des-colmatado, particularmente de los\u00a0silos\u00a0y\u00a0tolvas\u00a0gracias a su producto principal, el\u00a0ca\u00f1\u00f3n de aire AIRCHOC, cuya patente fue registrada hace casi 40 a\u00f1os. Comprometida con la innovaci\u00f3n, luego dise\u00f1\u00f3 el MACSYS, un\u00a0ca\u00f1\u00f3n de aire comprimido\u00a0con m\u00faltiples cabezales, perfectamente adaptado para los puntos calientes y los accesos dif\u00edciles. Para satisfacer mejor las necesidades de sus clientes, la empresa ha desarrollado una versi\u00f3n inal\u00e1mbrica, llamada Wireless. Adaptable al\u00a0ca\u00f1on de aire\u00a0AIRCHOC\u00ae y a MACSYS\u00ae, este concepto innovador excluye, como su nombre indica, la instalaci\u00f3n de canaleta de cables. Gracias a una caja y a un control remoto, es posible pilotar a distancia hasta 128 ca\u00f1ones de aire para una seguridad \u00f3ptima.<\/p>\n<p>En la actualidad, nuestra multinacional ofrece la mas amplia gama de ca\u00f1ones de aire en el mercado.<\/p>\n<p>El principio de estas soluciones es simple: un volumen de aire comprimido que varia entre 1 y 400 litros es liberado de manera instant\u00e1nea. El efecto alcanzado corresponde a una\u00a0deflagraci\u00f3n\u00a0causada por la distensi\u00f3n del\u00a0aire comprimido. La onda de choque hacia el producto permite el flujo de la materia.[\/vc_column_text][vc_column_text]<strong>Las \u00e1reas de aplicaci\u00f3n son m\u00faltiples AIRCHOC\u00ae es la soluci\u00f3n a los problemas de [\/vc_column_text][vc_column_text]<\/p>\n<ul>\n<li>Obstrucci\u00f3n de la tolva en cantera<\/li>\n<li>B\u00f3vedas y chimeneas de tolvas\u00a0de polvos en f\u00e1bricas de procesamiento de\u00a0desechos metal\u00fargicos<\/li>\n<li>B\u00f3vedas y\u00a0chimeneas de tolvas\u00a0de esquisto en las f\u00e1bricas de\u00a0ladrillos<\/li>\n<li>Obstrucci\u00f3n de la entrada-cicl\u00f3n del conducto de aire\u00a0en f\u00e1bricas de\u00a0reciclaje de met\u00e1licos<\/li>\n<li>Mantenimiento de\u00a0silos de pesaje en cristaler\u00eda<\/li>\n<li>Concreciones en la entrada del horno en f\u00e1bricas de cemento<\/li>\n<li>Bloqueos derivados del\u00a0c\u00famulo de polvo\u00a0en las\u00a0f\u00e1bricas de cemento<\/li>\n<li>Colmataci\u00f3n del silo\u00a0de alimentaci\u00f3n de minerales en mina<\/li>\n<\/ul>\n<p>[\/vc_column_text][vc_column_text]<\/p>\n<ul>\n<li>\n<ul>\n<li>Flujo de la materia\u00a0despu\u00e9s de la combusti\u00f3n en el horno de cal<\/li>\n<li>Colmataci\u00f3n de arena, sensible a la humedad en acer\u00edas<\/li>\n<li>Limpieza de los conductos de alimentaci\u00f3n de la\u00a0caldera biomasa<\/li>\n<li>Acumulaci\u00f3n de las cenizas\u00a0en la\u00a0caldera de incineraci\u00f3n\u00a0a la altura de las superficies de convecci\u00f3n y de los intercambiadores t\u00e9rmicos (AIRCHOC\u00a0 sustituye el soplador de holl\u00edn)<\/li>\n<\/ul>\n<p>El\u00a0ca\u00f1on a aire AIRCHOC\u00ae\u00a0disfruta de una reputaci\u00f3n mundial debido a que ha demostrado su eficacia en el mercado a granel en los \u00faltimos cuarenta a\u00f1os.<\/li>\n<\/ul>\n<p>[\/vc_column_text][\/vc_column][vc_column css_animation=\u00bbslideInRight\u00bb width=\u00bb1\/2&#8243;][vc_single_image image=\u00bb5717&#8243; img_size=\u00bbfull\u00bb alignment=\u00bbcenter\u00bb][vc_single_image image=\u00bb4247&#8243; img_size=\u00bbfull\u00bb alignment=\u00bbcenter\u00bb][\/vc_column][\/vc_row][vc_row][vc_column width=\u00bb1\/2&#8243;][vc_btn title=\u00bbVer los estudios de caso\u00bb style=\u00bbflat\u00bb shape=\u00bbsquare\u00bb color=\u00bbblack\u00bb align=\u00bbcenter\u00bb link=\u00bburl:%2Fes%2Festudio-de-caso%2F|title:Contact%20Standard%20industrie\u00bb][\/vc_column][vc_column width=\u00bb1\/2&#8243;][vc_btn title=\u00bbCont\u00e1ctenos\u00bb style=\u00bbflat\u00bb shape=\u00bbsquare\u00bb color=\u00bbblack\u00bb align=\u00bbcenter\u00bb link=\u00bburl:%2Fes%2Fcontacto%2F|title:Contact%20Standard%20industrie\u00bb][\/vc_column][\/vc_row][vc_row el_class=\u00bbinvert-block\u00bb][vc_column css_animation=\u00bbslideInLeft\u00bb width=\u00bb1\/2&#8243;][vc_single_image image=\u00bb4649&#8243; img_size=\u00bbfull\u00bb alignment=\u00bbcenter\u00bb][\/vc_column][vc_column width=\u00bb1\/2&#8243; el_class=\u00bbpartie-txt\u00bb][vc_column_text el_class=\u00bbgros-titre fort traits-gris-droite-gauche titre-gauche vc_sep_border_width_2 vc_separator wpb_content_element vc_separator_align_left vc_sep_width_100 vc_sep_pos_align_center vc_sep_color_grey vc_separator-has-text\u00bb]<\/p>\n<div class=\"vc_sep_holder vc_sep_holder_l\">\n<p class=\"vc_sep_line\" style=\"border-color: grey;\">\n<\/div>\n<h2>2- Instalaci\u00f3n de sistema de protecci\u00f3n de cinta transportadora<\/h2>\n<div class=\"vc_sep_holder vc_sep_holder_r\">\n<p class=\"vc_sep_line\" style=\"border-color: grey;\">\n<\/div>\n<p>[\/vc_column_text][vc_column_text]Standard Industrie International tambi\u00e9n desarroll\u00f3 el\u00a0<a href=\"\/es\/sistema-liftube\/\" target=\"_blank\" rel=\"noopener\"><strong>LIFTUBE\u00ae<\/strong><\/a>\u00a0: una soluci\u00f3n eficaz para las cintas transportadoras con el objetivo de optimizar su impermeabilidad y seguridad. Este sistema asegura una reducci\u00f3n de las emisiones de polvo, perdida de materias, de tiempo de mantenimiento y garantiza la seguridad de los operadores. Disponible en versiones est\u00e1ndares y gran anchura, el LIFTUBE puede beneficiar de equipos espec\u00edficos que se adaptan a los entornos alimenticios, alta temperatura, ATEX zona 21, o inflamables.<\/p>\n<p><span class=\"fort\">Esta soluci\u00f3n esta adaptada al transporte de materia en diferentes actividades :<\/span><\/p>\n<ul>\n<li>Transportador de caliza en cantera<\/li>\n<li>Transportador de carb\u00f3n en central t\u00e9rmica<\/li>\n<li>Transportador de cal apagada en f\u00e1brica de cal<\/li>\n<li>Transportador de clinker de cemento, de yeso en cementera<\/li>\n<li>Transportador de desechos en f\u00e1brica de reciclaje de metales<\/li>\n<li>Transportador de carbonato en laboratorios qu\u00edmicos<\/li>\n<li>Transportador de vidrios en cristaler\u00edas<\/li>\n<li>Transporte de combustible alternativo<\/li>\n<li>Transporte de arena<\/li>\n<\/ul>\n<p>[\/vc_column_text][vc_btn title=\u00bbVer los estudios de caso\u00bb style=\u00bbflat\u00bb shape=\u00bbsquare\u00bb color=\u00bbblack\u00bb align=\u00bbcenter\u00bb link=\u00bburl:%2Fes%2Festudio-de-caso%2F|title:Contact%20Standard%20industrie\u00bb][\/vc_column][\/vc_row][vc_row el_class=\u00bbinvert-block\u00bb][vc_column width=\u00bb1\/2&#8243; el_class=\u00bbpartie-txt\u00bb][vc_column_text el_class=\u00bbgros-titre fort traits-gris-droite-gauche titre-gauche vc_sep_border_width_2 vc_separator wpb_content_element vc_separator_align_left vc_sep_width_100 vc_sep_pos_align_center vc_sep_color_grey vc_separator-has-text\u00bb]<\/p>\n<div class=\"vc_sep_holder vc_sep_holder_l\">\n<p class=\"vc_sep_line\" style=\"border-color: grey;\">\n<\/div>\n<h2>3- Instalaci\u00f3n de sistema de aspiraci\u00f3n industrial<\/h2>\n<div class=\"vc_sep_holder vc_sep_holder_r\">\n<p class=\"vc_sep_line\" style=\"border-color: grey;\">\n<\/div>\n<p>[\/vc_column_text][vc_column_text]Standard Industria Internacional es igualmente dise\u00f1adora y fabricante de los equipos para\u00a0<a href=\"\/es\/limpieza-industrial-por-aspiracion\/\" target=\"_blank\" rel=\"noopener\"><b>limpieza industrial con aspiraci\u00f3n<\/b><\/a>. Su conocimiento t\u00e9cnico y su conocimiento de los procesos industriales, completados por un estudio personalizado, le permiten aportar las mejores respuestas t\u00e9cnicas y econ\u00f3micas a las aplicaciones encontradas garantizando al mismo tiempo un entorno saludable a los operadores.<\/p>\n<p>Standard Industrie International propone todas las configuraciones: unidad m\u00f3vil o camiones, el\u00e9ctrico o gasoil, de 5 a 300CV, con un d\u00e9bito de hasta 7500m<sup>3<\/sup>\/h,\u00a0<strong>cualesquiera que sean sus necesidades de limpieza :<\/strong><\/p>\n<ul>\n<li>Limpieza de las instalaciones de fabricaci\u00f3n de fertilizantes con Unidad m\u00f3vil de aspiraci\u00f3n<\/li>\n<li>Aspiraci\u00f3n de cantera de caliza con cami\u00f3n de aspiraci\u00f3n<\/li>\n<li>Aspiraci\u00f3n de cenizas vol\u00e1tiles en incineraci\u00f3n<\/li>\n<li>Aspiraci\u00f3n y descarga de cemento y clinker en cementera<\/li>\n<li>Aspiraci\u00f3n de pellets de madera con un GAD Grupo de Aspiraci\u00f3n Desplazable en centrales t\u00e9rmicas.<\/li>\n<li>Aspiraci\u00f3n de arena con un PAD Aspirador Industrial en cristaler\u00eda.<\/li>\n<li>Limpieza de talleres de trituraci\u00f3n de clinker, silos y transportadores en cementeras.<\/li>\n<li>Limpieza y reciclaje de cemento con una central de aspiraci\u00f3n desplazable.<\/li>\n<\/ul>\n<p>[\/vc_column_text][vc_btn title=\u00bbVer los estudios de caso\u00bb style=\u00bbflat\u00bb shape=\u00bbsquare\u00bb color=\u00bbblack\u00bb align=\u00bbcenter\u00bb link=\u00bburl:%2Fes%2Festudio-de-caso%2F|title:Contact%20Standard%20industrie\u00bb][\/vc_column][vc_column css_animation=\u00bbslideInRight\u00bb width=\u00bb1\/2&#8243;][vc_single_image image=\u00bb5714&#8243; img_size=\u00bbfull\u00bb alignment=\u00bbcenter\u00bb][\/vc_column][\/vc_row][vc_row el_class=\u00bbinvert-block\u00bb][vc_column css_animation=\u00bbslideInLeft\u00bb width=\u00bb1\/2&#8243;][vc_single_image image=\u00bb4094&#8243; img_size=\u00bbfull\u00bb alignment=\u00bbcenter\u00bb][\/vc_column][vc_column width=\u00bb1\/2&#8243; el_class=\u00bbpartie-txt\u00bb][vc_column_text el_class=\u00bbgros-titre fort traits-gris-droite-gauche titre-gauche vc_sep_border_width_2 vc_separator wpb_content_element vc_separator_align_left vc_sep_width_100 vc_sep_pos_align_center vc_sep_color_grey vc_separator-has-text\u00bb]<\/p>\n<div class=\"vc_sep_holder vc_sep_holder_l\">\n<p class=\"vc_sep_line\" style=\"border-color: grey;\">\n<\/div>\n<h2>4- Servicio de limpieza de unidad de almacenamiento<\/h2>\n<div class=\"vc_sep_holder vc_sep_holder_r\">\n<p class=\"vc_sep_line\" style=\"border-color: grey;\">\n<\/div>\n<p>[\/vc_column_text][vc_column_text]En fin, Standard Industria Internacional ofrece\u00a0<a href=\"\/es\/prestaciones-limpieza-silos-tolvas\/\" target=\"_blank\" rel=\"noopener\"><b>servicios de limpieza y des-colmatado<\/b><\/a>, de\u00a0unidades de almacenamiento\u00a0gracias al\u00a0<a href=\"\/es\/powernet-limpieza-de-silos-industriales\/\" target=\"_blank\" rel=\"noopener\"><strong>POWERNET<\/strong><\/a>\u00a0y al\u00a0<a href=\"\/es\/gironet\/\" target=\"_blank\" rel=\"noopener\"><strong>GIRONET<\/strong><\/a>. Estos dos productos, disponibles en versiones neum\u00e1ticas o hidr\u00e1ulicas, y eficaces para todo tipo de\u00a0colmataci\u00f3n, productos o unidades de almacenamiento, pueden ser utilizadas sin interrupci\u00f3n de producci\u00f3n. Esta limpieza mec\u00e1nica\u00a0se realiza con toda seguridad ya que excluye las intervenciones humanas en el interior de\u00a0silos y tolvas. Adem\u00e1s, gracias al uso de aire comprimido y de una carcasa de aluminio alrededor del motor, se evitan todos los riesgos de detonaci\u00f3n. De esta forma, el cliente recupera r\u00e1pidamente la totalidad de su capacidad de almacenamiento garantizando al mismo tiempo una seguridad \u00f3ptima de sus operadores.<\/p>\n<p><strong>Aqu\u00ed algunos ejemplos de intervenciones :<\/strong><\/p>\n<ul>\n<li>Limpieza de un reactor en f\u00e1brica de incineraci\u00f3n<\/li>\n<li>Limpieza de silo de carbonato de sodio en cristaler\u00eda<\/li>\n<li>Eliminaci\u00f3n de una corteza de materia en las paredes del silo de almacenamiento de yeso.<\/li>\n<li>Limpieza de tolvas de harinas de cereales<\/li>\n<li>Limpieza de tolva de carb\u00f3n en siderurgia<\/li>\n<\/ul>\n<p>&nbsp;<\/p>\n<p><a href=\"\/es\/nuestra-historia\/\" target=\"_blank\" rel=\"noopener\"><strong>Standard Industria Internacional<\/strong><\/a>\u00a0se impuso como uno de los l\u00edderes de la manutenci\u00f3n a granel a escala mundial. De esta forma, esta empresa de origen franc\u00e9s interviene en sectores de actividades muy variados como las cementeras, centrales t\u00e9rmicas, siderurgia, minas, canteras, etc., con el objetivo de aportar todas las soluciones necesarias relacionadas con el mantenimiento, recuperaci\u00f3n de las capacidades de producci\u00f3n, entorno de trabajo y seguridad.[\/vc_column_text][vc_btn title=\u00bbVer los estudios de caso\u00bb style=\u00bbflat\u00bb shape=\u00bbsquare\u00bb color=\u00bbblack\u00bb align=\u00bbcenter\u00bb link=\u00bburl:%2Fes%2Festudio-de-caso%2F|title:Contact%20Standard%20industrie\u00bb][\/vc_column][\/vc_row][vc_row][vc_column width=\u00bb1\/2&#8243;][vc_btn title=\u00bbCont\u00e1ctenos\u00bb style=\u00bbflat\u00bb shape=\u00bbsquare\u00bb color=\u00bbblack\u00bb align=\u00bbcenter\u00bb link=\u00bburl:%2Fes%2Fcontacto%2F|title:Contact%20Standard%20industrie\u00bb][\/vc_column][vc_column width=\u00bb1\/2&#8243;][\/vc_column][\/vc_row]<\/p>\n","protected":false},"excerpt":{"rendered":"<p>[vc_row][vc_column][vc_empty_space][\/vc_column][\/vc_row][vc_row][vc_column][vc_column_text el_class=\u00bbgros-titre fort traits-gris-droite-gauche titre-gauche vc_sep_border_width_2 vc_separator wpb_content_element vc_separator_align_left vc_sep_width_100 vc_sep_pos_align_center vc_sep_color_grey vc_separator-has-text\u00bb] STANDARD INDUSTRIE INTERNATIONAL [\/vc_column_text][\/vc_column][\/vc_row][vc_row][vc_column width=\u00bb1\/4&#8243;][\/vc_column][vc_column width=\u00bb1\/2&#8243;][vc_column_text]Standard Industria Internacional desarrolla equipos que facilitan el\u00a0almacenamiento,<span class=\"excerpt-hellip\"> [\u2026]<\/span><\/p>\n","protected":false},"author":1,"featured_media":0,"parent":0,"menu_order":42,"comment_status":"closed","ping_status":"closed","template":"","meta":{"footnotes":""},"class_list":["post-2957","page","type-page","status-publish","hentry"],"_links":{"self":[{"href":"https:\/\/www.standard-industrie.com\/es\/wp-json\/wp\/v2\/pages\/2957","targetHints":{"allow":["GET"]}}],"collection":[{"href":"https:\/\/www.standard-industrie.com\/es\/wp-json\/wp\/v2\/pages"}],"about":[{"href":"https:\/\/www.standard-industrie.com\/es\/wp-json\/wp\/v2\/types\/page"}],"author":[{"embeddable":true,"href":"https:\/\/www.standard-industrie.com\/es\/wp-json\/wp\/v2\/users\/1"}],"replies":[{"embeddable":true,"href":"https:\/\/www.standard-industrie.com\/es\/wp-json\/wp\/v2\/comments?post=2957"}],"version-history":[{"count":0,"href":"https:\/\/www.standard-industrie.com\/es\/wp-json\/wp\/v2\/pages\/2957\/revisions"}],"wp:attachment":[{"href":"https:\/\/www.standard-industrie.com\/es\/wp-json\/wp\/v2\/media?parent=2957"}],"curies":[{"name":"wp","href":"https:\/\/api.w.org\/{rel}","templated":true}]}}