{"id":3024,"date":"2018-05-23T15:43:59","date_gmt":"2018-05-23T14:43:59","guid":{"rendered":"https:\/\/www.standard-industrie.com\/es\/?page_id=3024"},"modified":"2023-02-08T10:50:17","modified_gmt":"2023-02-08T09:50:17","slug":"politica-de-confidencialidad","status":"publish","type":"page","link":"https:\/\/www.standard-industrie.com\/es\/politica-de-confidencialidad\/","title":{"rendered":"POL\u00cdTICA DE CONFIDENCIALIDAD"},"content":{"rendered":"<p>[vc_row][vc_column][vc_empty_space][vc_column_text]<\/p>\n<h1>Gestion des cookies \u2013 Charte de confidentialit\u00e9<\/h1>\n<p>Nous prenons votre vie priv\u00e9e tr\u00e8s au s\u00e9rieux !<\/p>\n<p>Merci d\u2019utiliser nos sites Web et nos services. Comme vous, nous croyons que l\u2019int\u00e9grit\u00e9 personnelle est importante et nous prenons votre vie priv\u00e9e au s\u00e9rieux. Cette charte de confidentialit\u00e9 est pertinente pour toute personne physique partageant ses donn\u00e9es personnelles directement ou indirectement avec Standard Industrie en visitant nos sites Web ou en utilisant nos services.<\/p>\n<p>Standard Industrie est une soci\u00e9t\u00e9 \u00e9tablie en France et, en tant que telle, nous adh\u00e9rons \u00e0 la l\u00e9gislation fran\u00e7aise sur la protection des informations personnelles (1998: 204) qui applique la Directive sur la protection des donn\u00e9es europ\u00e9ennes 95\/46\/EC.<\/p>\n<p>Notre si\u00e8ge social est situ\u00e9 au 139 -141 rue du Luxembourg<br \/>\nCS 50207<br \/>\n59054 ROUBAIX Cedex 1<br \/>\nFRANCE.<\/p>\n<p>N\u2019h\u00e9sitez pas \u00e0 nous faire part de vos questions ou pr\u00e9occupations en mati\u00e8re de protection des donn\u00e9es, \u00e0 l\u2019adresse suivante : info@www.standard-industrie.com\/es.<\/p>\n<p>Dans cette charte de confidentialit\u00e9, nous expliquons quels types de donn\u00e9es personnelles sont susceptible d\u2019\u00eatre trait\u00e9 et dans quelle finalit\u00e9. Nous expliquons \u00e9galement les choix que vous avez par rapport \u00e0 notre traitement et la fa\u00e7on dont vous pouvez en apprendre davantage sur notre traitement et sur vos droits.<\/p>\n<h2>PORT\u00c9E DE LA CHARTE DE CONFIDENTIALIT\u00c9<\/h2>\n<p>Veuillez noter que cette charte de confidentialit\u00e9 concerne le traitement des donn\u00e9es personnelles dont Standard Industrie est le Responsable de Traitement, c\u2019est-\u00e0-dire dans les cas o\u00f9 Standard Industrie a d\u00e9cid\u00e9 des finalit\u00e9s et des moyens de traitement.<\/p>\n<p>Pour \u00e9viter toute ambigu\u00eft\u00e9, cette Charte de confidentialit\u00e9 ne concerne aucun traitement de donn\u00e9es personnelles que Standard Industrie peut effectuer en tant que Sous-Traitant d\u00e9coulant de votre utilisation de nos services.<\/p>\n<p>Pour obtenir plus d\u2019informations sur la fa\u00e7on dont nos services, peuvent \u00eatre utilis\u00e9s pour faciliter vos traitements de donn\u00e9es personnelles, et sur les responsabilit\u00e9s et les engagements de Standard Industrie en relation avec ceux-ci, veuillez vous r\u00e9f\u00e9rer aux conditions applicables.<\/p>\n<h2>DONN\u00c9ES PERSONNELLES TRAIT\u00c9ES<\/h2>\n<p>Les donn\u00e9es personnelles d\u00e9signent les donn\u00e9es qui vous identifient en tant que personne physique. Nous pouvons \u00eatre amen\u00e9 \u00e0 traiter les types de donn\u00e9es personnelles suivants vous concernant :<\/p>\n<p>Vos coordonn\u00e9es incluant votre nom, l\u2019adresse courriel et le num\u00e9ro de t\u00e9l\u00e9phone<br \/>\nInformations utilisateur, par exemple, si vous vous connectez \u00e0 notre service ou visitez nos sites internet. Ces informations peuvent comprendre le num\u00e9ro IP, le type de p\u00e9riph\u00e9rique et le navigateur, fuseau horaire, situation g\u00e9ographique, ainsi que vos int\u00e9r\u00eat et pr\u00e9f\u00e9rences des informations sur la fa\u00e7on dont vous interagissez avec nos services, par exemple sur les fonctionnalit\u00e9s utilis\u00e9es et les boutons cliqu\u00e9s<br \/>\nAutres informations que nous recevons \u00e0 travers vos contacts<\/p>\n<h2>FINALIT\u00c9S DE TRAITEMENT<\/h2>\n<p>Nous traitons vos donn\u00e9es personnelles pour les finalit\u00e9s suivantes :<\/p>\n<p>Fournir nos services conform\u00e9ment aux conditions applicables<br \/>\nAdministrer la relation d\u2019affaires avec vous et le client de Standard Industrie que vous repr\u00e9sentez<br \/>\nD\u00e9velopper et am\u00e9liorer nos services<br \/>\nAfin de fournir des informations et des offres aux clients de Standard Industrie actuels ou potentiels sur nos services par des parties tierces s\u00e9lectionn\u00e9s. Pour \u00e9viter toute ambigu\u00eft\u00e9, tout mat\u00e9riel de marketing distribu\u00e9 \u00e0 l\u2019aide de vos donn\u00e9es personnelles vous est envoy\u00e9 en tant que repr\u00e9sentant de client actuel ou potentiel de Standard Industrie et non \u00e0 vous en tant que personne priv\u00e9e.<\/p>\n<h2>PARTAGE AVEC DES TIERS ET TRANSFERT VERS LES PAYS TIERS<\/h2>\n<p>Nous pouvons partager des donn\u00e9es personnelles avec des tiers aux fins expliqu\u00e9es ci-dessus. Pour \u00e9viter tout doute, nous ne partagerons pas de donn\u00e9es personnelles avec des tiers de mani\u00e8re \u00e0 ce que ces tiers utilisent des donn\u00e9es personnelles \u00e0 des fins de marketing direct en relation avec vous en tant que particulier, mais uniquement avec vous en tant que repr\u00e9sentant de client actuel ou potentiel de Standard Industrie.<\/p>\n<p>Nous pouvons transf\u00e9rer des donn\u00e9es personnelles dans un pays en dehors de l\u2019EEE, mais nous devrons alors tout d\u2019abord obtenir votre consentement ou veiller \u00e0 ce que le transfert soit l\u00e9gal et s\u00e9curitaire en prenant d\u2019autres dispositions.<\/p>\n<p>Comme expliqu\u00e9 ci-dessus, n\u2019oubliez pas que cette charte de confidentialit\u00e9 ne concerne aucun traitement de donn\u00e9es pour lequel vous pourriez \u00eatre responsable \u00e0 la suite de l\u2019utilisation de nos services. Vous, ou la partie que vous repr\u00e9sentez, \u00eates toujours responsables de votre traitement des donn\u00e9es personnelles conform\u00e9ment \u00e0 la loi en vigueur.<\/p>\n<h2>VOS DROITS<\/h2>\n<p>Il est de notre obligation de traiter des \u00e9l\u00e9ments personnels pr\u00e9cis, pertinents et n\u00e9cessaires tout en tenant compte de nos finalit\u00e9s l\u00e9gitimes. Il est de votre droit de nous contr\u00f4ler.<br \/>\nPour mettre \u00e0 jour les donn\u00e9es personnelles que nous traitons vous concernant, veuillez nous contacter sur info@www.standard-industrie.com\/es. Pour recevoir gratuitement un extrait de donn\u00e9es personnelles que nous traitons vous concernant, envoyez-nous une lettre sign\u00e9e \u00e0 l\u2019adresse de Standard Industrie.<\/p>\n<h3>Gestion des cookies<\/h3>\n<p>Nous utilisons des cookies pour diff\u00e9rentes raisons. Vous pouvez \u00e0 tout moment revenir sur vos choix en cliquant sur l&#8217;ic\u00f4ne en bas \u00e0 droite des pages.<br \/>\nCookies n\u00e9cessaires au bon fonctionnement du site<\/p>\n<p>Ces cookies permettent essentiellement de d\u00e9tecter les pourriels et am\u00e9liorer la s\u00e9curit\u00e9 du site, dont les donn\u00e9es sont stock\u00e9es en France. Ils sont obligatoires pour le fonctionnement du site et n&#8217;incluent pas de donn\u00e9es personnelles exploitables.<br \/>\nCookies de mesure de trafic<\/p>\n<p>Deux types de cookies sont utilis\u00e9es, un premier type pour un suivi anonymis\u00e9 (donn\u00e9es stock\u00e9es en France via l&#8217;outil Matomo) et l&#8217;autre pour un suivi via l&#8217;outil Google Analytics (donn\u00e9es stock\u00e9es aux Etats-Unis), qui peut \u00eatre activ\u00e9 ou non selon votre choix.<\/p>\n<h3>Cookies de pr\u00e9f\u00e9rences<\/h3>\n<p>Ces cookies sont utilis\u00e9s pour vous pr\u00e9senter des contenus pertinents par rapport \u00e0 vos habitudes de navigation.<br \/>\nCes cookies sont en particulier utilis\u00e9s par Youtube (donn\u00e9es stock\u00e9es aux Etats-Unis) pour le suivi des vid\u00e9os consult\u00e9es.<\/p>\n<p><iframe loading=\"lazy\" style=\"border: 0; height: 200px; width: 100%;\" src=\"https:\/\/analytics.d2bconsulting.fr\/index.php?module=CoreAdminHome&amp;action=optOut&amp;language=fr&amp;backgroundColor=ffffff&amp;fontColor=&amp;fontSize=15px&amp;fontFamily='Open Sans', sans-serif\" width=\"300\" height=\"150\"><\/iframe><\/p>\n<h2>Dispositions RGPD<\/h2>\n<p>La soci\u00e9t\u00e9 Standard Industrie est le responsable du traitement des donn\u00e9es collect\u00e9es sur le site www.standard-industrie.com\/es.<\/p>\n<p>L\u2019utilisateur est notamment inform\u00e9 que conform\u00e9ment \u00e0 l\u2019article 32 de la loi Informatique et libert\u00e9s du 6 janvier 1978 modifi\u00e9e, les informations qu\u2019il communique par les formulaires pr\u00e9sents sur le Site de Standard Industrie sont n\u00e9cessaires pour r\u00e9pondre \u00e0 sa demande et sont destin\u00e9es aux services en charge de r\u00e9pondre \u00e0 sa demande \u00e0 des fins de suivi de cette demande.<\/p>\n<p>Conform\u00e9ment aux dispositions des articles 39 et 40 de la loi \u00ab Informatique et Libert\u00e9s \u00bb du 6 janvier 1978 modifi\u00e9e en 2004, l\u2019utilisateur b\u00e9n\u00e9ficie d\u2019un droit d\u2019acc\u00e8s, de rectification, de mise \u00e0 jour et d\u2019effacement des informations qui le concernent, qu\u2019il peut exercer en s\u2019adressant \u00e0 Standard Industrie &#8211; 139 -141 rue du Luxembourg<br \/>\nCS 50207 &#8211; 59054 ROUBAIX Cedex 1 &#8211; FRANCE, en pr\u00e9cisant dans l\u2019objet du courrier \u00ab Droit des personnes \u00bb et en joignant la copie de son justificatif d\u2019identit\u00e9.<\/p>\n<p>Vous b\u00e9n\u00e9ficiez \u00e9galement du droit de donner des directives sur le sort de vos donn\u00e9es apr\u00e8s votre d\u00e9c\u00e8s.<\/p>\n<p>Conform\u00e9ment aux dispositions de l\u2019article 38 de la loi \u00ab Informatique et Libert\u00e9s \u00bb du 6 janvier 1978 modifi\u00e9e en 2004, l\u2019utilisateur peut \u00e9galement s\u2019opposer, pour des motifs l\u00e9gitimes \u00e0 ce que ses donn\u00e9es fassent l\u2019objet d\u2019un traitement et sans motif et sans frais, \u00e0 ce que ses donn\u00e9es soient utilis\u00e9es \u00e0 des fins de prospection commerciale.<\/p>\n<p>L\u2019utilisateur est inform\u00e9 que lors de ses visites sur le site www.standard-industrie.com\/es, un cookie peut s\u2019installer automatiquement sur son logiciel de navigation.<\/p>\n<p>Les informations recueillies sur ce site seront conserv\u00e9es pendant une dur\u00e9e de trois ans.<\/p>\n<p>Le cookie est un bloc de donn\u00e9es qui ne permet pas d\u2019identifier les utilisateurs mais sert \u00e0 enregistrer des informations relatives \u00e0 la navigation de celui-ci sur le site. Le param\u00e9trage du logiciel de navigation permet d\u2019informer de la pr\u00e9sence de cookie et \u00e9ventuellement, de la refuser de la mani\u00e8re d\u00e9crite \u00e0 l\u2019adresse suivante www.cnil.fr.<\/p>\n<p>L\u2019utilisateur dispose d\u2019un droit d\u2019acc\u00e8s, de retrait et de modification des donn\u00e9es \u00e0 caract\u00e8re personnel communiqu\u00e9es par le biais des cookies dans les conditions indiqu\u00e9es ci-dessus.<\/p>\n<p>L\u2019utilisateur du site de Standard Industrie est tenu de respecter les dispositions de la loi Informatique et libert\u00e9s du 6 janvier 1978 modifi\u00e9e dont la violation est passible de sanctions p\u00e9nales. Il doit notamment s\u2019abstenir, s\u2019agissant des informations nominatives auxquelles il acc\u00e8de, de toute collecte, de toute utilisation d\u00e9tourn\u00e9e, et d\u2019une mani\u00e8re g\u00e9n\u00e9rale, de tout acte susceptible de porter atteinte \u00e0 la vie priv\u00e9e ou \u00e0 la r\u00e9putation des personnes.[\/vc_column_text][\/vc_column][\/vc_row]<\/p>\n","protected":false},"excerpt":{"rendered":"<p>[vc_row][vc_column][vc_empty_space][vc_column_text] Gestion des cookies \u2013 Charte de confidentialit\u00e9 Nous prenons votre vie priv\u00e9e tr\u00e8s au s\u00e9rieux ! Merci d\u2019utiliser nos sites Web et nos services. Comme<span class=\"excerpt-hellip\"> [\u2026]<\/span><\/p>\n","protected":false},"author":1,"featured_media":0,"parent":0,"menu_order":52,"comment_status":"closed","ping_status":"closed","template":"","meta":{"footnotes":""},"class_list":["post-3024","page","type-page","status-publish","hentry"],"_links":{"self":[{"href":"https:\/\/www.standard-industrie.com\/es\/wp-json\/wp\/v2\/pages\/3024","targetHints":{"allow":["GET"]}}],"collection":[{"href":"https:\/\/www.standard-industrie.com\/es\/wp-json\/wp\/v2\/pages"}],"about":[{"href":"https:\/\/www.standard-industrie.com\/es\/wp-json\/wp\/v2\/types\/page"}],"author":[{"embeddable":true,"href":"https:\/\/www.standard-industrie.com\/es\/wp-json\/wp\/v2\/users\/1"}],"replies":[{"embeddable":true,"href":"https:\/\/www.standard-industrie.com\/es\/wp-json\/wp\/v2\/comments?post=3024"}],"version-history":[{"count":0,"href":"https:\/\/www.standard-industrie.com\/es\/wp-json\/wp\/v2\/pages\/3024\/revisions"}],"wp:attachment":[{"href":"https:\/\/www.standard-industrie.com\/es\/wp-json\/wp\/v2\/media?parent=3024"}],"curies":[{"name":"wp","href":"https:\/\/api.w.org\/{rel}","templated":true}]}}